{"id":32266,"date":"2021-03-12T08:45:34","date_gmt":"2021-03-12T07:45:34","guid":{"rendered":"https:\/\/melegbait.com\/?page_id=32266"},"modified":"2026-02-25T23:38:06","modified_gmt":"2026-02-25T22:38:06","slug":"politika-privatnosti","status":"publish","type":"page","link":"https:\/\/melegbait.com\/en\/politika-privatnosti\/","title":{"rendered":"Privacy policy"},"content":{"rendered":"<p>[et_pb_section fb_built=&#8220;1&#8243; _builder_version=&#8220;4.7.7&#8243; _module_preset=&#8220;default&#8220;][et_pb_row _builder_version=&#8220;4.7.7&#8243; _module_preset=&#8220;default&#8220;][et_pb_column _builder_version=&#8220;4.7.7&#8243; _module_preset=&#8220;default&#8220; type=&#8220;4_4&#8243;][et_pb_text _builder_version=&#8220;4.7.7&#8243; _module_preset=&#8220;default&#8220; header_font=&#8220;|700|||||||&#8220; header_font_size=&#8220;36px&#8220; header_text_shadow_style=&#8220;preset4&#8243; header_text_shadow_vertical_length=&#8220;0.05em&#8220; header_text_shadow_color=&#8220;#8d99ae&#8220; hover_enabled=&#8220;0&#8243; sticky_enabled=&#8220;0&#8243;]<\/p>\n<h1>POLITIKA PRIVATNOSTI<\/h1>\n<p>[\/et_pb_text][et_pb_text _builder_version=&#8220;4.7.7&#8243; _module_preset=&#8220;default&#8220; hover_enabled=&#8220;0&#8243; sticky_enabled=&#8220;0&#8243;]<\/p>\n<p><b>Meleg bait<\/b>\u00a0is committed to providing the protection of customers' personal data by collecting only necessary and basic information about customers\/users that is required to fulfill our obligations. We inform customers about the manner in which the collected data is used and regularly provide them with the option to choose how their data is used, including the ability to decide whether or not their name should be removed from the lists used for marketing campaigns. All customer data is strictly kept and only accessible to employees who require the data to perform their job duties.<\/p>\n<p>All employees in\u00a0<b>Meleg bait\u00a0<\/b>and business partners are responsible for adhering to the principles of privacy protection.<\/p>\n<p>POLITIKA PRIVATNOSTI<\/p>\n<p>Ovaj dokument predstavlja Politiku privatnosti (u daljem tekstu: Politika) internet<br \/>\nportala:<br \/>\nhttps:\/\/melegbait.com\/, koji je u vlasni\u0161tvu privrednog dru\u0161tva M Baits International<br \/>\nd.o.o. Ka\u0107.<br \/>\nNa osnovu odredaba Zakona o za\u0161titi podataka o li\u010dnosti Republike Srbije (\u201eSlu\u017ebeni<br \/>\nglasnik RS\u201c, br. 87\/2018 \u2013 u daljem tekstu: Zakon), privredno dru\u0161tvo M Baits<br \/>\nInternational d.o.o. Ka\u0107 usvaja ovu Politiku.<br \/>\nPolitika ima informativni karakter i slu\u017ei ispunjavanju obaveze transparentnosti<br \/>\nrukovaoca u skladu sa Zakonom. Korisnik je u obavezi da se upozna sa sadr\u017eajem ove<br \/>\nPolitike pre kori\u0161\u0107enja usluga internet portala, odnosno pre unosa podataka za kupovinu<br \/>\nrobe.<br \/>\nUgovorni odnos u vezi sa obradom podataka o li\u010dnosti nastaje u trenutku naru\u010divanja<br \/>\nrobe, kada se od korisnika prikupljaju podaci neophodni za zaklju\u010denje i izvr\u0161enje<br \/>\nugovora o kupoprodaji.<br \/>\nU slu\u010daju pote\u0161ko\u0107a u razumevanju Politike ili ostvarivanju prava garantovanih<br \/>\nZakonom, korisnik se mo\u017ee obratiti rukovaocu putem kontakt-podataka navedenih u<br \/>\nGlavi II ove Politike.<br \/>\nI Predmet politike<br \/>\nPolitika ima za cilj da, u skladu sa \u010dlanovima 23. i 24. Zakona, korisniku pru\u017ei sve<br \/>\nrelevantne informacije o na\u010dinu, svrsi, pravnom osnovu i obimu obrade podataka o<br \/>\nli\u010dnosti, kao i o pravima korisnika u vezi sa tom obradom.<br \/>\nII Kontakt podaci rukovaoca<br \/>\nRukovalac podataka o li\u010dnosti:<br \/>\nM Baits International d.o.o. Ka\u0107<br \/>\nMati\u010dni broj: 21365289<br \/>\nAtar 41,\u00a021100,\u00a0Ka\u0107,\u00a0Srbija<br \/>\nInternet portal:<\/p>\n<blockquote class=\"wp-embedded-content\" data-secret=\"CF4qFBGNV5\"><p><a href=\"https:\/\/melegbait.com\/en\/\">Homepage<\/a><\/p><\/blockquote>\n<p><iframe loading=\"lazy\" class=\"wp-embedded-content\" sandbox=\"allow-scripts\" security=\"restricted\" style=\"position: absolute; visibility: hidden;\" title=\"&#8220;Naslovna&#8221; &#8212; Meleg bait\" src=\"https:\/\/melegbait.com\/embed\/#?secret=DQtT0XI7qN#?secret=CF4qFBGNV5\" data-secret=\"CF4qFBGNV5\" width=\"600\" height=\"338\" frameborder=\"0\" marginwidth=\"0\" marginheight=\"0\" scrolling=\"no\"><\/iframe><br \/>\nKontakt podaci:<\/p>\n<p>E-mail: mbaitsint@gmail.com<br \/>\nPhone:<em> +381<\/em>63593823<br \/>\nRukovalac nije imenovao lice za za\u0161titu podataka o li\u010dnosti, jer za to ne postoji zakonska<br \/>\nobaveza u smislu \u010dlana 56. Zakona.<br \/>\nIII Vrste podataka o li\u010dnosti koji se obra\u0111uju<br \/>\nPrilikom pristupa internet portalu prikupljaju se podaci putem kola\u010di\u0107a, \u0161to je ure\u0111eno<br \/>\nposebnim dokumentom \u2013 Politikom kola\u010di\u0107a.<br \/>\nPrilikom izvr\u0161enja narud\u017ebine, rukovalac prikuplja slede\u0107e podatke:<br \/>\n&#8211; ime i prezime<br \/>\n&#8211; ulica i ku\u0107ni broj<br \/>\n&#8211; grad<br \/>\n&#8211; dr\u017eava (ukoliko je re\u010d o inostranstvu)<br \/>\n&#8211; broj telefona<br \/>\n&#8211; e-mail adresa<br \/>\n&#8211; opciono: dodatna adresa za isporuku<br \/>\nPodaci o li\u010dnosti se prikupljaju isklju\u010divo u obimu neophodnom za obradu narud\u017ebine,<br \/>\nisporuku robe i komunikaciju sa korisnikom.<br \/>\nIV Svrha i pravni osnov obrade<br \/>\nPodaci o li\u010dnosti korisnika obra\u0111uju se u slede\u0107e svrhe:<br \/>\n1. Zaklju\u010denje i izvr\u0161enje ugovora o kupoprodaji, isporuka naru\u010dene robe i postupanje po<br \/>\nreklamacijama.<br \/>\nPravni osnov: izvr\u0161enje ugovora u skladu sa \u010dlanom 12. stav 1. ta\u010dka 2) Zakona, kao i<br \/>\nispunjavanje zakonskih obaveza rukovaoca.<br \/>\n2. Slanje promotivnih i informativnih poruka (newsletter).<br \/>\nPravni osnov: pristanak lica na koje se podaci odnose u skladu sa \u010dlanom 12. stav 1. ta\u010dka<br \/>\n1) Zakona.<br \/>\nPristanak se daje dobrovoljno, posebnom afirmativnom radnjom, uno\u0161enjem e-mail<br \/>\nadrese u formular za prijavu na newsletter.<\/p>\n<p>Korisnik mo\u017ee u svakom trenutku povu\u0107i pristanak za prijem newslettera putem opcije za<br \/>\nodjavu ili obra\u0107anjem rukovaocu.<br \/>\nV Prenos podataka tre\u0107im licima i van Republike Srbije<br \/>\nPodaci o li\u010dnosti korisnika dostavljaju se kurirskim slu\u017ebama radi isporuke naru\u010dene<br \/>\nrobe, isklju\u010divo u obimu neophodnom za izvr\u0161enje isporuke.<br \/>\nPojedini podaci mogu biti dostavljeni nadle\u017enim dr\u017eavnim organima kada je to propisano<br \/>\nzakonom ili neophodno radi ostvarivanja ili za\u0161tite pravnih zahteva.<br \/>\nPodaci se mogu prenositi van Republike Srbije u slu\u010dajevima isporuke robe korisnicima u<br \/>\ninostranstvu ili kori\u0161\u0107enja usluga pru\u017ealaca usluga sa sedi\u0161tem van Republike Srbije, uz<br \/>\nprimenu odgovaraju\u0107ih mera za\u0161tite u skladu sa Zakonom.<br \/>\nVI Prava lica na koje se podaci odnose<br \/>\nU skladu sa Zakonom, korisnik ima slede\u0107a prava:<br \/>\n&#8211; pravo na informisanje o obradi<br \/>\n&#8211; pravo na pristup podacima<br \/>\n&#8211; pravo na ispravku i dopunu<br \/>\n&#8211; pravo na brisanje podataka<br \/>\n&#8211; pravo na ograni\u010denje obrade<br \/>\n&#8211; pravo na prenosivost podataka<br \/>\n&#8211; pravo na prigovor<br \/>\n&#8211; pravo da se na njega ne odnosi odluka doneta isklju\u010divo na osnovu automatizovane<br \/>\nobrade<br \/>\nKorisnik ima pravo da podnese pritu\u017ebu Povereniku za informacije od javnog zna\u010daja i<br \/>\nza\u0161titu podataka o li\u010dnosti Republike Srbije.<br \/>\nRukovalac ne vr\u0161i automatizovano dono\u0161enje odluka niti profilisanje korisnika.<br \/>\nVII Period \u010duvanja podataka<br \/>\nPodaci o li\u010dnosti \u010duvaju se:<br \/>\n&#8211; tokom trajanja ugovornog odnosa (isporuka I protek roka za reklamaciju)<\/p>\n<p>&#8211; nakon toga u rokovima propisanim zakonima koji ure\u0111uju obligacione, poreske i<br \/>\nra\u010dunovodstvene obaveze<br \/>\n&#8211; du\u017ee, ukoliko je to neophodno radi ostvarivanja ili za\u0161tite pravnih zahteva<br \/>\nVIII Mere za\u0161tite podataka o li\u010dnosti<br \/>\nRukovalac obra\u0111uje podatke zakonito, po\u0161teno i transparentno i primenjuje odgovaraju\u0107e<br \/>\ntehni\u010dke i organizacione mere za\u0161tite.<br \/>\nPapirna dokumentacija \u010duva se u zaklju\u010danim prostorijama sa ograni\u010denim pristupom,<br \/>\ndok su elektronski podaci za\u0161ti\u0107eni lozinkama i dostupni isklju\u010divo ovla\u0161\u0107enim licima.<br \/>\nIX Zavr\u0161ne odredbe<br \/>\nU slu\u010daju obrade podataka lica iz Evropske unije, rukovalac \u0107e primenjivati relevantne<br \/>\nodredbe Op\u0161te uredbe o za\u0161titi podataka (GDPR), u meri u kojoj je to primenjivo.<\/p>\n<p>[\/et_pb_text][\/et_pb_column][\/et_pb_row][\/et_pb_section]<\/p>","protected":false},"excerpt":{"rendered":"<p>POLITIKA PRIVATNOSTI Meleg bait\u00a0obavezuje se da\u00a0 pru\u017ei za\u0161titu li\u010dnih podataka kupaca, na na\u010din da prikuplja samo nu\u017ene, osnovne podatke o kupcima\/korisnicima koji su potrebni za ispunjenje na\u0161ih obaveza; informi\u0161e kupce o na\u010dinu kori\u0161\u0107enja prikupljenih podataka, redovno daje kupcima mogu\u0107nost izbora o upotrebi njihovih podataka, uklju\u010duju\u0107i mogu\u0107nost odluke \u017eele li ili ne da se njihovo ime [&hellip;]<\/p>","protected":false},"author":1,"featured_media":0,"parent":0,"menu_order":0,"comment_status":"closed","ping_status":"closed","template":"","meta":{"_et_pb_use_builder":"on","_et_pb_old_content":"","_et_gb_content_width":"","footnotes":""},"class_list":["post-32266","page","type-page","status-publish","hentry"],"yoast_head":"<!-- This site is optimized with the Yoast SEO plugin v26.9 - https:\/\/yoast.com\/product\/yoast-seo-wordpress\/ -->\n<title>Politika privatnosti - Meleg bait<\/title>\n<meta name=\"robots\" content=\"index, follow, max-snippet:-1, max-image-preview:large, max-video-preview:-1\" \/>\n<link rel=\"canonical\" href=\"https:\/\/melegbait.com\/en\/politika-privatnosti\/\" \/>\n<meta property=\"og:locale\" content=\"en_GB\" \/>\n<meta property=\"og:type\" content=\"article\" \/>\n<meta property=\"og:title\" content=\"Politika privatnosti - Meleg bait\" \/>\n<meta property=\"og:description\" content=\"POLITIKA PRIVATNOSTI Meleg bait\u00a0obavezuje se da\u00a0 pru\u017ei za\u0161titu li\u010dnih podataka kupaca, na na\u010din da prikuplja samo nu\u017ene, osnovne podatke o kupcima\/korisnicima koji su potrebni za ispunjenje na\u0161ih obaveza; informi\u0161e kupce o na\u010dinu kori\u0161\u0107enja prikupljenih podataka, redovno daje kupcima mogu\u0107nost izbora o upotrebi njihovih podataka, uklju\u010duju\u0107i mogu\u0107nost odluke \u017eele li ili ne da se njihovo ime [&hellip;]\" \/>\n<meta property=\"og:url\" content=\"https:\/\/melegbait.com\/en\/politika-privatnosti\/\" \/>\n<meta property=\"og:site_name\" content=\"Meleg bait\" \/>\n<meta property=\"article:publisher\" content=\"https:\/\/www.facebook.com\/MelegBait\" \/>\n<meta property=\"article:modified_time\" content=\"2026-02-25T22:38:06+00:00\" \/>\n<meta name=\"twitter:card\" content=\"summary_large_image\" \/>\n<meta name=\"twitter:label1\" content=\"Estimated reading time\" \/>\n\t<meta name=\"twitter:data1\" content=\"9 minutes\" \/>\n<script type=\"application\/ld+json\" class=\"yoast-schema-graph\">{\"@context\":\"https:\/\/schema.org\",\"@graph\":[{\"@type\":\"WebPage\",\"@id\":\"https:\/\/melegbait.com\/politika-privatnosti\/\",\"url\":\"https:\/\/melegbait.com\/politika-privatnosti\/\",\"name\":\"Politika privatnosti - Meleg bait\",\"isPartOf\":{\"@id\":\"https:\/\/melegbait.com\/#website\"},\"datePublished\":\"2021-03-12T07:45:34+00:00\",\"dateModified\":\"2026-02-25T22:38:06+00:00\",\"breadcrumb\":{\"@id\":\"https:\/\/melegbait.com\/politika-privatnosti\/#breadcrumb\"},\"inLanguage\":\"en-GB\",\"potentialAction\":[{\"@type\":\"ReadAction\",\"target\":[\"https:\/\/melegbait.com\/politika-privatnosti\/\"]}]},{\"@type\":\"BreadcrumbList\",\"@id\":\"https:\/\/melegbait.com\/politika-privatnosti\/#breadcrumb\",\"itemListElement\":[{\"@type\":\"ListItem\",\"position\":1,\"name\":\"Home\",\"item\":\"https:\/\/melegbait.com\/\"},{\"@type\":\"ListItem\",\"position\":2,\"name\":\"Politika privatnosti\"}]},{\"@type\":\"WebSite\",\"@id\":\"https:\/\/melegbait.com\/#website\",\"url\":\"https:\/\/melegbait.com\/\",\"name\":\"Meleg bait\",\"description\":\"Meleg bait\",\"publisher\":{\"@id\":\"https:\/\/melegbait.com\/#organization\"},\"potentialAction\":[{\"@type\":\"SearchAction\",\"target\":{\"@type\":\"EntryPoint\",\"urlTemplate\":\"https:\/\/melegbait.com\/?s={search_term_string}\"},\"query-input\":{\"@type\":\"PropertyValueSpecification\",\"valueRequired\":true,\"valueName\":\"search_term_string\"}}],\"inLanguage\":\"en-GB\"},{\"@type\":\"Organization\",\"@id\":\"https:\/\/melegbait.com\/#organization\",\"name\":\"Meleg Baits\",\"url\":\"https:\/\/melegbait.com\/\",\"logo\":{\"@type\":\"ImageObject\",\"inLanguage\":\"en-GB\",\"@id\":\"https:\/\/melegbait.com\/#\/schema\/logo\/image\/\",\"url\":\"https:\/\/melegbait.com\/wp-content\/uploads\/2021\/02\/mblogo.jpg\",\"contentUrl\":\"https:\/\/melegbait.com\/wp-content\/uploads\/2021\/02\/mblogo.jpg\",\"width\":250,\"height\":250,\"caption\":\"Meleg Baits\"},\"image\":{\"@id\":\"https:\/\/melegbait.com\/#\/schema\/logo\/image\/\"},\"sameAs\":[\"https:\/\/www.facebook.com\/MelegBait\"]}]}<\/script>\n<!-- \/ Yoast SEO plugin. -->","yoast_head_json":{"title":"Politika privatnosti - Meleg bait","robots":{"index":"index","follow":"follow","max-snippet":"max-snippet:-1","max-image-preview":"max-image-preview:large","max-video-preview":"max-video-preview:-1"},"canonical":"https:\/\/melegbait.com\/en\/politika-privatnosti\/","og_locale":"en_GB","og_type":"article","og_title":"Politika privatnosti - Meleg bait","og_description":"POLITIKA PRIVATNOSTI Meleg bait\u00a0obavezuje se da\u00a0 pru\u017ei za\u0161titu li\u010dnih podataka kupaca, na na\u010din da prikuplja samo nu\u017ene, osnovne podatke o kupcima\/korisnicima koji su potrebni za ispunjenje na\u0161ih obaveza; informi\u0161e kupce o na\u010dinu kori\u0161\u0107enja prikupljenih podataka, redovno daje kupcima mogu\u0107nost izbora o upotrebi njihovih podataka, uklju\u010duju\u0107i mogu\u0107nost odluke \u017eele li ili ne da se njihovo ime [&hellip;]","og_url":"https:\/\/melegbait.com\/en\/politika-privatnosti\/","og_site_name":"Meleg bait","article_publisher":"https:\/\/www.facebook.com\/MelegBait","article_modified_time":"2026-02-25T22:38:06+00:00","twitter_card":"summary_large_image","twitter_misc":{"Estimated reading time":"9 minutes"},"schema":{"@context":"https:\/\/schema.org","@graph":[{"@type":"WebPage","@id":"https:\/\/melegbait.com\/politika-privatnosti\/","url":"https:\/\/melegbait.com\/politika-privatnosti\/","name":"Politika privatnosti - Meleg bait","isPartOf":{"@id":"https:\/\/melegbait.com\/#website"},"datePublished":"2021-03-12T07:45:34+00:00","dateModified":"2026-02-25T22:38:06+00:00","breadcrumb":{"@id":"https:\/\/melegbait.com\/politika-privatnosti\/#breadcrumb"},"inLanguage":"en-GB","potentialAction":[{"@type":"ReadAction","target":["https:\/\/melegbait.com\/politika-privatnosti\/"]}]},{"@type":"BreadcrumbList","@id":"https:\/\/melegbait.com\/politika-privatnosti\/#breadcrumb","itemListElement":[{"@type":"ListItem","position":1,"name":"Home","item":"https:\/\/melegbait.com\/"},{"@type":"ListItem","position":2,"name":"Politika privatnosti"}]},{"@type":"WebSite","@id":"https:\/\/melegbait.com\/#website","url":"https:\/\/melegbait.com\/","name":"Meleg bait","description":"Meleg bait","publisher":{"@id":"https:\/\/melegbait.com\/#organization"},"potentialAction":[{"@type":"SearchAction","target":{"@type":"EntryPoint","urlTemplate":"https:\/\/melegbait.com\/?s={search_term_string}"},"query-input":{"@type":"PropertyValueSpecification","valueRequired":true,"valueName":"search_term_string"}}],"inLanguage":"en-GB"},{"@type":"Organization","@id":"https:\/\/melegbait.com\/#organization","name":"Meleg Baits","url":"https:\/\/melegbait.com\/","logo":{"@type":"ImageObject","inLanguage":"en-GB","@id":"https:\/\/melegbait.com\/#\/schema\/logo\/image\/","url":"https:\/\/melegbait.com\/wp-content\/uploads\/2021\/02\/mblogo.jpg","contentUrl":"https:\/\/melegbait.com\/wp-content\/uploads\/2021\/02\/mblogo.jpg","width":250,"height":250,"caption":"Meleg Baits"},"image":{"@id":"https:\/\/melegbait.com\/#\/schema\/logo\/image\/"},"sameAs":["https:\/\/www.facebook.com\/MelegBait"]}]}},"_links":{"self":[{"href":"https:\/\/melegbait.com\/en\/wp-json\/wp\/v2\/pages\/32266","targetHints":{"allow":["GET"]}}],"collection":[{"href":"https:\/\/melegbait.com\/en\/wp-json\/wp\/v2\/pages"}],"about":[{"href":"https:\/\/melegbait.com\/en\/wp-json\/wp\/v2\/types\/page"}],"author":[{"embeddable":true,"href":"https:\/\/melegbait.com\/en\/wp-json\/wp\/v2\/users\/1"}],"replies":[{"embeddable":true,"href":"https:\/\/melegbait.com\/en\/wp-json\/wp\/v2\/comments?post=32266"}],"version-history":[{"count":4,"href":"https:\/\/melegbait.com\/en\/wp-json\/wp\/v2\/pages\/32266\/revisions"}],"predecessor-version":[{"id":35346,"href":"https:\/\/melegbait.com\/en\/wp-json\/wp\/v2\/pages\/32266\/revisions\/35346"}],"wp:attachment":[{"href":"https:\/\/melegbait.com\/en\/wp-json\/wp\/v2\/media?parent=32266"}],"curies":[{"name":"wp","href":"https:\/\/api.w.org\/{rel}","templated":true}]}}