{"id":32270,"date":"2021-03-12T10:29:20","date_gmt":"2021-03-12T09:29:20","guid":{"rendered":"https:\/\/melegbait.com\/?page_id=32270"},"modified":"2026-02-25T23:12:01","modified_gmt":"2026-02-25T22:12:01","slug":"uslovi-koriscenja","status":"publish","type":"page","link":"https:\/\/melegbait.com\/en\/uslovi-koriscenja\/","title":{"rendered":"Op\u0161ti uslovi prodaje"},"content":{"rendered":"<p>[et_pb_section fb_built=&#8220;1&#8243; _builder_version=&#8220;4.7.7&#8243; _module_preset=&#8220;default&#8220;][et_pb_row _builder_version=&#8220;4.7.7&#8243; _module_preset=&#8220;default&#8220;][et_pb_column _builder_version=&#8220;4.7.7&#8243; _module_preset=&#8220;default&#8220; type=&#8220;4_4&#8243;][et_pb_text _builder_version=&#8220;4.7.7&#8243; _module_preset=&#8220;default&#8220; header_font=&#8220;|700|||||||&#8220; header_font_size=&#8220;42px&#8220; header_text_shadow_style=&#8220;preset4&#8243; header_text_shadow_vertical_length=&#8220;0.05em&#8220; header_text_shadow_color=&#8220;#8d99ae&#8220; hover_enabled=&#8220;0&#8243; sticky_enabled=&#8220;0&#8243;]<\/p>\n<h1>Op\u0161ti uslovi prodaje<\/h1>\n<p>[\/et_pb_text][et_pb_text _builder_version=&#8220;4.7.7&#8243; _module_preset=&#8220;default&#8220; hover_enabled=&#8220;0&#8243; sticky_enabled=&#8220;0&#8243;]<\/p>\n<p style=\"text-align: justify;\">\n<p>I Uvodni deo<br \/>\nOvim Op\u0161tim uslovima prodaje (u daljem tekstu: Uslovi) ure\u0111uju se uslovi kupovine putem<br \/>\ninterneta, na\u010din poru\u010divanja i pla\u0107anja robe, uslovi i rokovi isporuke, kao i prava kupaca u<br \/>\nvezi sa reklamacijama i odustankom od ugovora.<br \/>\nKori\u0161\u0107enjem internet portala https:\/\/melegbait.com\/ i potvrdom porud\u017ebine, kupac<br \/>\npotvr\u0111uje da je upoznat sa ovim Uslovima i da ih u potpunosti prihvata.<br \/>\nInternet prodavnica na portalu https:\/\/melegbait.com\/ u vlasni\u0161tvu je privrednog dru\u0161tva:<br \/>\nM Baits International d.o.o. Ka\u0107<br \/>\nMati\u010dni broj: 21365289<br \/>\nAtar 41, Ka\u0107<br \/>\nPravna forma: dru\u0161tvo sa ograni\u010denom odgovorno\u0161\u0107u<br \/>\nProdavac zadr\u017eava pravo izmene ovih Uslova, koje \u0107e biti objavljene na internet portalu.<br \/>\nII Definicije<br \/>\nProdavac \u2013 M Baits International d.o.o. Ka\u0107<br \/>\nKupac \u2013 svako fizi\u010dko ili pravno lice koje izvr\u0161i porud\u017ebinu putem internet portala.<br \/>\nInternet portal \u2013 https:\/\/melegbait.com\/<br \/>\nRoba \u2013 proizvodi dostupni u ponudi Prodavca.<br \/>\nKurirska slu\u017eba \u2013 kurirska slu\u017eba koju anga\u017euje Prodavac.<br \/>\nIII Cene<br \/>\nSve cene izra\u017eene su u dinarima (RSD) i uklju\u010duju PDV, osim ako nije druga\u010dije nazna\u010deno.<br \/>\nTro\u0161kovi dostave nisu ura\u010dunati u cenu proizvoda i prikazuju se prilikom zavr\u0161etka<br \/>\nporud\u017ebine.<br \/>\nIV Na\u010din pla\u0107anja<br \/>\nPla\u0107anje se vr\u0161i:<\/p>\n<p>1. Pla\u0107anjem pouze\u0107em \u2013 gotovinom prilikom preuzimanja po\u0161iljke.<br \/>\n2. Uplatom na ra\u010dun Prodavca pre slanja robe.<br \/>\nV Poru\u010divanje robe<br \/>\nKupac bira proizvode na internet portalu, dodaje ih u korpu i unosi potrebne podatke:<br \/>\n&#8211; ime i prezime<br \/>\n&#8211; adresa isporuke<br \/>\n&#8211; grad i po\u0161tanski broj<br \/>\n&#8211; broj telefona<br \/>\n&#8211; e-mail adresa<br \/>\nKupac dobija potvrdu porud\u017ebine putem e-maila.<br \/>\nVI Na\u010din, uslovi i rokovi isporuke<br \/>\nIsporuka se vr\u0161i putem kurirske slu\u017ebe na adresu koju je kupac naveo.<br \/>\nRoba se \u0161alje u roku od 1 do 3 radna dana od prijema porud\u017ebine ili uplate.<br \/>\nKupac je du\u017ean da prilikom preuzimanja proveri paket i prijavi eventualna o\u0161te\u0107enja.<br \/>\nTro\u0161kove ponovne isporuke snosi kupac ako isporuka nije mogu\u0107a zbog neta\u010dnih podataka<br \/>\nili nedostupnosti kupca.<br \/>\nVII Saobraznost robe i reklamacije<br \/>\nProdavac odgovara za saobraznost robe u skladu sa Zakonom o za\u0161titi potro\u0161a\u010da.<br \/>\nReklamacija se mo\u017ee podneti:<br \/>\nE-mail: mbaitsint@gmail.com<br \/>\nPhone:\u00a0 <em>\u00a0+38163593823<\/em><br \/>\nKupac je du\u017ean da uz reklamaciju prilo\u017ei ra\u010dun ili drugi dokaz o kupovini.<br \/>\nVIII Pravo na odustanak od ugovora<br \/>\nKupac ima pravo da odustane od ugovora u roku od 14 dana od prijema robe.<br \/>\nKupac je du\u017ean da vrati robu u roku od 14 dana od slanja izjave o odustanku.<br \/>\nTro\u0161kove vra\u0107anja robe snosi kupac.<\/p>\n<p>Roba mora biti nekori\u0161\u0107ena, neo\u0161te\u0107ena i u originalnom pakovanju.<br \/>\nProdavac vr\u0161i povra\u0107aj sredstava u roku od 14 dana od prijema robe ili dokaza o slanju<br \/>\nrobe.<br \/>\nIX Odgovornost<br \/>\nProdavac ne snosi odgovornost za:<br \/>\n&#8211; pogre\u0161no unete podatke kupca<br \/>\n&#8211; ka\u0161njenja uzrokovana kurirskom slu\u017ebom<br \/>\n&#8211; tro\u0161kove kori\u0161\u0107enja interneta ili telefona<br \/>\nX Zavr\u0161ne odredbe<br \/>\nNa sve odnose izme\u0111u prodavca i kupca primenjuju se va\u017ee\u0107i propisi Republike Srbije.<br \/>\nU slu\u010daju spora nadle\u017ean je sud prema sedi\u0161tu Prodavca.<\/p>","protected":false},"excerpt":{"rendered":"<p>Op\u0161ti uslovi prodaje I Uvodni deo Ovim Op\u0161tim uslovima prodaje (u daljem tekstu: Uslovi) ure\u0111uju se uslovi kupovine putem interneta, na\u010din poru\u010divanja i pla\u0107anja robe, uslovi i rokovi isporuke, kao i prava kupaca u vezi sa reklamacijama i odustankom od ugovora. Kori\u0161\u0107enjem internet portala https:\/\/melegbait.com\/ i potvrdom porud\u017ebine, kupac potvr\u0111uje da je upoznat sa ovim [&hellip;]<\/p>","protected":false},"author":1,"featured_media":0,"parent":0,"menu_order":0,"comment_status":"closed","ping_status":"closed","template":"","meta":{"_et_pb_use_builder":"on","_et_pb_old_content":"","_et_gb_content_width":"","footnotes":""},"class_list":["post-32270","page","type-page","status-publish","hentry"],"yoast_head":"<!-- This site is optimized with the Yoast SEO plugin v26.9 - https:\/\/yoast.com\/product\/yoast-seo-wordpress\/ -->\n<title>Op\u0161ti uslovi prodaje - Meleg bait<\/title>\n<meta name=\"robots\" content=\"index, follow, max-snippet:-1, max-image-preview:large, max-video-preview:-1\" \/>\n<link rel=\"canonical\" href=\"https:\/\/melegbait.com\/en\/uslovi-koriscenja\/\" \/>\n<meta property=\"og:locale\" content=\"en_GB\" \/>\n<meta property=\"og:type\" content=\"article\" \/>\n<meta property=\"og:title\" content=\"Op\u0161ti uslovi prodaje - Meleg bait\" \/>\n<meta property=\"og:description\" content=\"Op\u0161ti uslovi prodaje I Uvodni deo Ovim Op\u0161tim uslovima prodaje (u daljem tekstu: Uslovi) ure\u0111uju se uslovi kupovine putem interneta, na\u010din poru\u010divanja i pla\u0107anja robe, uslovi i rokovi isporuke, kao i prava kupaca u vezi sa reklamacijama i odustankom od ugovora. Kori\u0161\u0107enjem internet portala https:\/\/melegbait.com\/ i potvrdom porud\u017ebine, kupac potvr\u0111uje da je upoznat sa ovim [&hellip;]\" \/>\n<meta property=\"og:url\" content=\"https:\/\/melegbait.com\/en\/uslovi-koriscenja\/\" \/>\n<meta property=\"og:site_name\" content=\"Meleg bait\" \/>\n<meta property=\"article:publisher\" content=\"https:\/\/www.facebook.com\/MelegBait\" \/>\n<meta property=\"article:modified_time\" content=\"2026-02-25T22:12:01+00:00\" \/>\n<meta name=\"twitter:card\" content=\"summary_large_image\" \/>\n<meta name=\"twitter:label1\" content=\"Estimated reading time\" \/>\n\t<meta name=\"twitter:data1\" content=\"3 minutes\" \/>\n<script type=\"application\/ld+json\" class=\"yoast-schema-graph\">{\"@context\":\"https:\/\/schema.org\",\"@graph\":[{\"@type\":\"WebPage\",\"@id\":\"https:\/\/melegbait.com\/uslovi-koriscenja\/\",\"url\":\"https:\/\/melegbait.com\/uslovi-koriscenja\/\",\"name\":\"Op\u0161ti uslovi prodaje - Meleg bait\",\"isPartOf\":{\"@id\":\"https:\/\/melegbait.com\/#website\"},\"datePublished\":\"2021-03-12T09:29:20+00:00\",\"dateModified\":\"2026-02-25T22:12:01+00:00\",\"breadcrumb\":{\"@id\":\"https:\/\/melegbait.com\/uslovi-koriscenja\/#breadcrumb\"},\"inLanguage\":\"en-GB\",\"potentialAction\":[{\"@type\":\"ReadAction\",\"target\":[\"https:\/\/melegbait.com\/uslovi-koriscenja\/\"]}]},{\"@type\":\"BreadcrumbList\",\"@id\":\"https:\/\/melegbait.com\/uslovi-koriscenja\/#breadcrumb\",\"itemListElement\":[{\"@type\":\"ListItem\",\"position\":1,\"name\":\"Home\",\"item\":\"https:\/\/melegbait.com\/\"},{\"@type\":\"ListItem\",\"position\":2,\"name\":\"Op\u0161ti uslovi prodaje\"}]},{\"@type\":\"WebSite\",\"@id\":\"https:\/\/melegbait.com\/#website\",\"url\":\"https:\/\/melegbait.com\/\",\"name\":\"Meleg bait\",\"description\":\"Meleg bait\",\"publisher\":{\"@id\":\"https:\/\/melegbait.com\/#organization\"},\"potentialAction\":[{\"@type\":\"SearchAction\",\"target\":{\"@type\":\"EntryPoint\",\"urlTemplate\":\"https:\/\/melegbait.com\/?s={search_term_string}\"},\"query-input\":{\"@type\":\"PropertyValueSpecification\",\"valueRequired\":true,\"valueName\":\"search_term_string\"}}],\"inLanguage\":\"en-GB\"},{\"@type\":\"Organization\",\"@id\":\"https:\/\/melegbait.com\/#organization\",\"name\":\"Meleg Baits\",\"url\":\"https:\/\/melegbait.com\/\",\"logo\":{\"@type\":\"ImageObject\",\"inLanguage\":\"en-GB\",\"@id\":\"https:\/\/melegbait.com\/#\/schema\/logo\/image\/\",\"url\":\"https:\/\/melegbait.com\/wp-content\/uploads\/2021\/02\/mblogo.jpg\",\"contentUrl\":\"https:\/\/melegbait.com\/wp-content\/uploads\/2021\/02\/mblogo.jpg\",\"width\":250,\"height\":250,\"caption\":\"Meleg Baits\"},\"image\":{\"@id\":\"https:\/\/melegbait.com\/#\/schema\/logo\/image\/\"},\"sameAs\":[\"https:\/\/www.facebook.com\/MelegBait\"]}]}<\/script>\n<!-- \/ Yoast SEO plugin. -->","yoast_head_json":{"title":"Op\u0161ti uslovi prodaje - Meleg bait","robots":{"index":"index","follow":"follow","max-snippet":"max-snippet:-1","max-image-preview":"max-image-preview:large","max-video-preview":"max-video-preview:-1"},"canonical":"https:\/\/melegbait.com\/en\/uslovi-koriscenja\/","og_locale":"en_GB","og_type":"article","og_title":"Op\u0161ti uslovi prodaje - Meleg bait","og_description":"Op\u0161ti uslovi prodaje I Uvodni deo Ovim Op\u0161tim uslovima prodaje (u daljem tekstu: Uslovi) ure\u0111uju se uslovi kupovine putem interneta, na\u010din poru\u010divanja i pla\u0107anja robe, uslovi i rokovi isporuke, kao i prava kupaca u vezi sa reklamacijama i odustankom od ugovora. Kori\u0161\u0107enjem internet portala https:\/\/melegbait.com\/ i potvrdom porud\u017ebine, kupac potvr\u0111uje da je upoznat sa ovim [&hellip;]","og_url":"https:\/\/melegbait.com\/en\/uslovi-koriscenja\/","og_site_name":"Meleg bait","article_publisher":"https:\/\/www.facebook.com\/MelegBait","article_modified_time":"2026-02-25T22:12:01+00:00","twitter_card":"summary_large_image","twitter_misc":{"Estimated reading time":"3 minutes"},"schema":{"@context":"https:\/\/schema.org","@graph":[{"@type":"WebPage","@id":"https:\/\/melegbait.com\/uslovi-koriscenja\/","url":"https:\/\/melegbait.com\/uslovi-koriscenja\/","name":"Op\u0161ti uslovi prodaje - Meleg bait","isPartOf":{"@id":"https:\/\/melegbait.com\/#website"},"datePublished":"2021-03-12T09:29:20+00:00","dateModified":"2026-02-25T22:12:01+00:00","breadcrumb":{"@id":"https:\/\/melegbait.com\/uslovi-koriscenja\/#breadcrumb"},"inLanguage":"en-GB","potentialAction":[{"@type":"ReadAction","target":["https:\/\/melegbait.com\/uslovi-koriscenja\/"]}]},{"@type":"BreadcrumbList","@id":"https:\/\/melegbait.com\/uslovi-koriscenja\/#breadcrumb","itemListElement":[{"@type":"ListItem","position":1,"name":"Home","item":"https:\/\/melegbait.com\/"},{"@type":"ListItem","position":2,"name":"Op\u0161ti uslovi prodaje"}]},{"@type":"WebSite","@id":"https:\/\/melegbait.com\/#website","url":"https:\/\/melegbait.com\/","name":"Meleg bait","description":"Meleg bait","publisher":{"@id":"https:\/\/melegbait.com\/#organization"},"potentialAction":[{"@type":"SearchAction","target":{"@type":"EntryPoint","urlTemplate":"https:\/\/melegbait.com\/?s={search_term_string}"},"query-input":{"@type":"PropertyValueSpecification","valueRequired":true,"valueName":"search_term_string"}}],"inLanguage":"en-GB"},{"@type":"Organization","@id":"https:\/\/melegbait.com\/#organization","name":"Meleg Baits","url":"https:\/\/melegbait.com\/","logo":{"@type":"ImageObject","inLanguage":"en-GB","@id":"https:\/\/melegbait.com\/#\/schema\/logo\/image\/","url":"https:\/\/melegbait.com\/wp-content\/uploads\/2021\/02\/mblogo.jpg","contentUrl":"https:\/\/melegbait.com\/wp-content\/uploads\/2021\/02\/mblogo.jpg","width":250,"height":250,"caption":"Meleg Baits"},"image":{"@id":"https:\/\/melegbait.com\/#\/schema\/logo\/image\/"},"sameAs":["https:\/\/www.facebook.com\/MelegBait"]}]}},"_links":{"self":[{"href":"https:\/\/melegbait.com\/en\/wp-json\/wp\/v2\/pages\/32270","targetHints":{"allow":["GET"]}}],"collection":[{"href":"https:\/\/melegbait.com\/en\/wp-json\/wp\/v2\/pages"}],"about":[{"href":"https:\/\/melegbait.com\/en\/wp-json\/wp\/v2\/types\/page"}],"author":[{"embeddable":true,"href":"https:\/\/melegbait.com\/en\/wp-json\/wp\/v2\/users\/1"}],"replies":[{"embeddable":true,"href":"https:\/\/melegbait.com\/en\/wp-json\/wp\/v2\/comments?post=32270"}],"version-history":[{"count":5,"href":"https:\/\/melegbait.com\/en\/wp-json\/wp\/v2\/pages\/32270\/revisions"}],"predecessor-version":[{"id":35340,"href":"https:\/\/melegbait.com\/en\/wp-json\/wp\/v2\/pages\/32270\/revisions\/35340"}],"wp:attachment":[{"href":"https:\/\/melegbait.com\/en\/wp-json\/wp\/v2\/media?parent=32270"}],"curies":[{"name":"wp","href":"https:\/\/api.w.org\/{rel}","templated":true}]}}