{"id":30932,"date":"2020-11-23T13:46:46","date_gmt":"2020-11-23T12:46:46","guid":{"rendered":"https:\/\/melegbait.com\/?post_type=product&#038;p=30932"},"modified":"2023-06-24T13:19:35","modified_gmt":"2023-06-24T12:19:35","slug":"wafters-8mm-mp","status":"publish","type":"product","link":"https:\/\/melegbait.com\/en\/product\/wafters-8mm-mp\/","title":{"rendered":"Wafters 8mm &#8211; MP"},"content":{"rendered":"<p>In the attacked waters (by fishermen), it happens that carp begin to avoid the classic forms of bait. That's where Wafter enters the scene. Visually different can give you an advantage in fishing. It is made of the highest quality ingredients, which give the fish a clear signal that it is food. In their production, we use only natural ingredients that do not harm fish one hundred percent. Wafter is a popular bait for method feeder fishing. The specificity of these pellets is that they swim, but very weakly so that they will not lift the hook from the bottom but will only vibrate and sway at the bottom causing the fish to take action. With the addition of our flavor with attractors, we got top quality.<\/p>","protected":false},"excerpt":{"rendered":"<p>Na napadnutim vodama (od strane ribolovaca), de\u0161ava se da \u0161aran po\u010dne da izbegava klasi\u010dne oblike mamaca. Tu na scenu stupa nas Wafter. Vizuelno druga\u010diji mo\u017ee vam doneti prednost u ribolovu. Izra\u0111en je od najkvalitetnijih sastojaka, koje ribi daju jasan signal da je to hrana. U njihovoj izradi koristimo samo prirodne sastojke koji stoprocentno ne \u0161tete [&hellip;]<\/p>","protected":false},"featured_media":30849,"comment_status":"open","ping_status":"closed","template":"","meta":{"_et_pb_use_builder":"","_et_pb_old_content":"","_et_gb_content_width":""},"product_brand":[],"product_cat":[47,51],"product_tag":[],"class_list":{"0":"post-30932","1":"product","2":"type-product","3":"status-publish","4":"has-post-thumbnail","6":"product_cat-feeder-i-match","7":"product_cat-wafters-8mm","9":"first","10":"instock","11":"taxable","12":"shipping-taxable","13":"purchasable","14":"product-type-simple"},"yoast_head":"<!-- This site is optimized with the Yoast SEO plugin v26.9 - https:\/\/yoast.com\/product\/yoast-seo-wordpress\/ -->\n<title>Wafters 8mm - MP - Meleg bait<\/title>\n<meta name=\"robots\" content=\"index, follow, max-snippet:-1, max-image-preview:large, max-video-preview:-1\" \/>\n<link rel=\"canonical\" href=\"https:\/\/melegbait.com\/en\/product\/wafters-8mm-mp\/\" \/>\n<meta property=\"og:locale\" content=\"en_GB\" \/>\n<meta property=\"og:type\" content=\"article\" \/>\n<meta property=\"og:title\" content=\"Wafters 8mm - MP - Meleg bait\" \/>\n<meta property=\"og:description\" content=\"Na napadnutim vodama (od strane ribolovaca), de\u0161ava se da \u0161aran po\u010dne da izbegava klasi\u010dne oblike mamaca. Tu na scenu stupa nas Wafter. Vizuelno druga\u010diji mo\u017ee vam doneti prednost u ribolovu. Izra\u0111en je od najkvalitetnijih sastojaka, koje ribi daju jasan signal da je to hrana. U njihovoj izradi koristimo samo prirodne sastojke koji stoprocentno ne \u0161tete [&hellip;]\" \/>\n<meta property=\"og:url\" content=\"https:\/\/melegbait.com\/en\/product\/wafters-8mm-mp\/\" \/>\n<meta property=\"og:site_name\" content=\"Meleg bait\" \/>\n<meta property=\"article:publisher\" content=\"https:\/\/www.facebook.com\/MelegBait\" \/>\n<meta property=\"article:modified_time\" content=\"2023-06-24T12:19:35+00:00\" \/>\n<meta property=\"og:image\" content=\"https:\/\/melegbait.com\/wp-content\/uploads\/2020\/11\/wafters-mp.jpg\" \/>\n\t<meta property=\"og:image:width\" content=\"600\" \/>\n\t<meta property=\"og:image:height\" content=\"800\" \/>\n\t<meta property=\"og:image:type\" content=\"image\/jpeg\" \/>\n<meta name=\"twitter:card\" content=\"summary_large_image\" \/>\n<meta name=\"twitter:label1\" content=\"Estimated reading time\" \/>\n\t<meta name=\"twitter:data1\" content=\"1 minute\" \/>\n<script type=\"application\/ld+json\" class=\"yoast-schema-graph\">{\"@context\":\"https:\/\/schema.org\",\"@graph\":[{\"@type\":\"WebPage\",\"@id\":\"https:\/\/melegbait.com\/product\/wafters-8mm-mp\/\",\"url\":\"https:\/\/melegbait.com\/product\/wafters-8mm-mp\/\",\"name\":\"Wafters 8mm - MP - Meleg bait\",\"isPartOf\":{\"@id\":\"https:\/\/melegbait.com\/#website\"},\"primaryImageOfPage\":{\"@id\":\"https:\/\/melegbait.com\/product\/wafters-8mm-mp\/#primaryimage\"},\"image\":{\"@id\":\"https:\/\/melegbait.com\/product\/wafters-8mm-mp\/#primaryimage\"},\"thumbnailUrl\":\"https:\/\/melegbait.com\/wp-content\/uploads\/2020\/11\/wafters-mp.jpg\",\"datePublished\":\"2020-11-23T12:46:46+00:00\",\"dateModified\":\"2023-06-24T12:19:35+00:00\",\"breadcrumb\":{\"@id\":\"https:\/\/melegbait.com\/product\/wafters-8mm-mp\/#breadcrumb\"},\"inLanguage\":\"en-GB\",\"potentialAction\":[{\"@type\":\"ReadAction\",\"target\":[\"https:\/\/melegbait.com\/product\/wafters-8mm-mp\/\"]}]},{\"@type\":\"ImageObject\",\"inLanguage\":\"en-GB\",\"@id\":\"https:\/\/melegbait.com\/product\/wafters-8mm-mp\/#primaryimage\",\"url\":\"https:\/\/melegbait.com\/wp-content\/uploads\/2020\/11\/wafters-mp.jpg\",\"contentUrl\":\"https:\/\/melegbait.com\/wp-content\/uploads\/2020\/11\/wafters-mp.jpg\",\"width\":600,\"height\":800},{\"@type\":\"BreadcrumbList\",\"@id\":\"https:\/\/melegbait.com\/product\/wafters-8mm-mp\/#breadcrumb\",\"itemListElement\":[{\"@type\":\"ListItem\",\"position\":1,\"name\":\"Home\",\"item\":\"https:\/\/melegbait.com\/\"},{\"@type\":\"ListItem\",\"position\":2,\"name\":\"Shop\",\"item\":\"https:\/\/melegbait.com\/shop\/\"},{\"@type\":\"ListItem\",\"position\":3,\"name\":\"Wafters 8mm &#8211; MP\"}]},{\"@type\":\"WebSite\",\"@id\":\"https:\/\/melegbait.com\/#website\",\"url\":\"https:\/\/melegbait.com\/\",\"name\":\"Meleg bait\",\"description\":\"Meleg bait\",\"publisher\":{\"@id\":\"https:\/\/melegbait.com\/#organization\"},\"potentialAction\":[{\"@type\":\"SearchAction\",\"target\":{\"@type\":\"EntryPoint\",\"urlTemplate\":\"https:\/\/melegbait.com\/?s={search_term_string}\"},\"query-input\":{\"@type\":\"PropertyValueSpecification\",\"valueRequired\":true,\"valueName\":\"search_term_string\"}}],\"inLanguage\":\"en-GB\"},{\"@type\":\"Organization\",\"@id\":\"https:\/\/melegbait.com\/#organization\",\"name\":\"Meleg Baits\",\"url\":\"https:\/\/melegbait.com\/\",\"logo\":{\"@type\":\"ImageObject\",\"inLanguage\":\"en-GB\",\"@id\":\"https:\/\/melegbait.com\/#\/schema\/logo\/image\/\",\"url\":\"https:\/\/melegbait.com\/wp-content\/uploads\/2021\/02\/mblogo.jpg\",\"contentUrl\":\"https:\/\/melegbait.com\/wp-content\/uploads\/2021\/02\/mblogo.jpg\",\"width\":250,\"height\":250,\"caption\":\"Meleg Baits\"},\"image\":{\"@id\":\"https:\/\/melegbait.com\/#\/schema\/logo\/image\/\"},\"sameAs\":[\"https:\/\/www.facebook.com\/MelegBait\"]}]}<\/script>\n<!-- \/ Yoast SEO plugin. -->","yoast_head_json":{"title":"Wafters 8mm - MP - Meleg bait","robots":{"index":"index","follow":"follow","max-snippet":"max-snippet:-1","max-image-preview":"max-image-preview:large","max-video-preview":"max-video-preview:-1"},"canonical":"https:\/\/melegbait.com\/en\/product\/wafters-8mm-mp\/","og_locale":"en_GB","og_type":"article","og_title":"Wafters 8mm - MP - Meleg bait","og_description":"Na napadnutim vodama (od strane ribolovaca), de\u0161ava se da \u0161aran po\u010dne da izbegava klasi\u010dne oblike mamaca. Tu na scenu stupa nas Wafter. Vizuelno druga\u010diji mo\u017ee vam doneti prednost u ribolovu. Izra\u0111en je od najkvalitetnijih sastojaka, koje ribi daju jasan signal da je to hrana. U njihovoj izradi koristimo samo prirodne sastojke koji stoprocentno ne \u0161tete [&hellip;]","og_url":"https:\/\/melegbait.com\/en\/product\/wafters-8mm-mp\/","og_site_name":"Meleg bait","article_publisher":"https:\/\/www.facebook.com\/MelegBait","article_modified_time":"2023-06-24T12:19:35+00:00","og_image":[{"width":600,"height":800,"url":"https:\/\/melegbait.com\/wp-content\/uploads\/2020\/11\/wafters-mp.jpg","type":"image\/jpeg"}],"twitter_card":"summary_large_image","twitter_misc":{"Estimated reading time":"1 minute"},"schema":{"@context":"https:\/\/schema.org","@graph":[{"@type":"WebPage","@id":"https:\/\/melegbait.com\/product\/wafters-8mm-mp\/","url":"https:\/\/melegbait.com\/product\/wafters-8mm-mp\/","name":"Wafters 8mm - MP - Meleg bait","isPartOf":{"@id":"https:\/\/melegbait.com\/#website"},"primaryImageOfPage":{"@id":"https:\/\/melegbait.com\/product\/wafters-8mm-mp\/#primaryimage"},"image":{"@id":"https:\/\/melegbait.com\/product\/wafters-8mm-mp\/#primaryimage"},"thumbnailUrl":"https:\/\/melegbait.com\/wp-content\/uploads\/2020\/11\/wafters-mp.jpg","datePublished":"2020-11-23T12:46:46+00:00","dateModified":"2023-06-24T12:19:35+00:00","breadcrumb":{"@id":"https:\/\/melegbait.com\/product\/wafters-8mm-mp\/#breadcrumb"},"inLanguage":"en-GB","potentialAction":[{"@type":"ReadAction","target":["https:\/\/melegbait.com\/product\/wafters-8mm-mp\/"]}]},{"@type":"ImageObject","inLanguage":"en-GB","@id":"https:\/\/melegbait.com\/product\/wafters-8mm-mp\/#primaryimage","url":"https:\/\/melegbait.com\/wp-content\/uploads\/2020\/11\/wafters-mp.jpg","contentUrl":"https:\/\/melegbait.com\/wp-content\/uploads\/2020\/11\/wafters-mp.jpg","width":600,"height":800},{"@type":"BreadcrumbList","@id":"https:\/\/melegbait.com\/product\/wafters-8mm-mp\/#breadcrumb","itemListElement":[{"@type":"ListItem","position":1,"name":"Home","item":"https:\/\/melegbait.com\/"},{"@type":"ListItem","position":2,"name":"Shop","item":"https:\/\/melegbait.com\/shop\/"},{"@type":"ListItem","position":3,"name":"Wafters 8mm &#8211; MP"}]},{"@type":"WebSite","@id":"https:\/\/melegbait.com\/#website","url":"https:\/\/melegbait.com\/","name":"Meleg bait","description":"Meleg bait","publisher":{"@id":"https:\/\/melegbait.com\/#organization"},"potentialAction":[{"@type":"SearchAction","target":{"@type":"EntryPoint","urlTemplate":"https:\/\/melegbait.com\/?s={search_term_string}"},"query-input":{"@type":"PropertyValueSpecification","valueRequired":true,"valueName":"search_term_string"}}],"inLanguage":"en-GB"},{"@type":"Organization","@id":"https:\/\/melegbait.com\/#organization","name":"Meleg Baits","url":"https:\/\/melegbait.com\/","logo":{"@type":"ImageObject","inLanguage":"en-GB","@id":"https:\/\/melegbait.com\/#\/schema\/logo\/image\/","url":"https:\/\/melegbait.com\/wp-content\/uploads\/2021\/02\/mblogo.jpg","contentUrl":"https:\/\/melegbait.com\/wp-content\/uploads\/2021\/02\/mblogo.jpg","width":250,"height":250,"caption":"Meleg Baits"},"image":{"@id":"https:\/\/melegbait.com\/#\/schema\/logo\/image\/"},"sameAs":["https:\/\/www.facebook.com\/MelegBait"]}]}},"_links":{"self":[{"href":"https:\/\/melegbait.com\/en\/wp-json\/wp\/v2\/product\/30932","targetHints":{"allow":["GET"]}}],"collection":[{"href":"https:\/\/melegbait.com\/en\/wp-json\/wp\/v2\/product"}],"about":[{"href":"https:\/\/melegbait.com\/en\/wp-json\/wp\/v2\/types\/product"}],"replies":[{"embeddable":true,"href":"https:\/\/melegbait.com\/en\/wp-json\/wp\/v2\/comments?post=30932"}],"wp:featuredmedia":[{"embeddable":true,"href":"https:\/\/melegbait.com\/en\/wp-json\/wp\/v2\/media\/30849"}],"wp:attachment":[{"href":"https:\/\/melegbait.com\/en\/wp-json\/wp\/v2\/media?parent=30932"}],"wp:term":[{"taxonomy":"product_brand","embeddable":true,"href":"https:\/\/melegbait.com\/en\/wp-json\/wp\/v2\/product_brand?post=30932"},{"taxonomy":"product_cat","embeddable":true,"href":"https:\/\/melegbait.com\/en\/wp-json\/wp\/v2\/product_cat?post=30932"},{"taxonomy":"product_tag","embeddable":true,"href":"https:\/\/melegbait.com\/en\/wp-json\/wp\/v2\/product_tag?post=30932"}],"curies":[{"name":"wp","href":"https:\/\/api.w.org\/{rel}","templated":true}]}}