{"id":30943,"date":"2020-11-23T15:46:21","date_gmt":"2020-11-23T14:46:21","guid":{"rendered":"https:\/\/melegbait.com\/?post_type=product&#038;p=30943"},"modified":"2024-03-04T15:59:12","modified_gmt":"2024-03-04T14:59:12","slug":"soft-method-mix-sweet-spice","status":"publish","type":"product","link":"https:\/\/melegbait.com\/en\/product\/soft-method-mix-sweet-spice\/","title":{"rendered":"Soft method mix &#8211; Sweet Spice"},"content":{"rendered":"<p>Soft Method Mix comes about after many requests from people who have used our Soft pellets, to make something special for them. The task was to make method mix a powdered food, as attractive and moist as Soft Pellet. We managed!\nWe've created a food that works really fast and has particles that lift and release within 15 seconds as the food starts to melt.\n-Sweet Spice is a special and new recipe, it is made completely differently. Biscuits were used in combination with fish proteins with the addition of melted sweetener and natural spices from seeds. By adding amino acids to Multi Amino, we achieve the effect of a safe signal for the fish's needs for vitamins and minerals.<\/p>","protected":false},"excerpt":{"rendered":"<p>Soft Method Mix nastaje nakon mnogo zahteva ljudi koji su koristili na\u0161e Soft pelete, da napravimo ne\u0161to posebno za njih. Zadatak je bio da method mix bude pra\u0161kasta hrana, jednako atraktivna i vla\u017ena kao Soft Pellet. Uspeli smo! Napravili smo hranu koja zaista brzo radi i pri tom ima \u010destice koje se podi\u017eu i koje [&hellip;]<\/p>","protected":false},"featured_media":30824,"comment_status":"open","ping_status":"closed","template":"","meta":{"_et_pb_use_builder":"","_et_pb_old_content":"","_et_gb_content_width":""},"product_brand":[],"product_cat":[47,49],"product_tag":[],"class_list":{"0":"post-30943","1":"product","2":"type-product","3":"status-publish","4":"has-post-thumbnail","6":"product_cat-feeder-i-match","7":"product_cat-soft-method-mix","9":"first","10":"instock","11":"taxable","12":"shipping-taxable","13":"purchasable","14":"product-type-simple"},"yoast_head":"<!-- This site is optimized with the Yoast SEO plugin v26.9 - https:\/\/yoast.com\/product\/yoast-seo-wordpress\/ -->\n<title>Soft method mix - Sweet Spice - Meleg bait<\/title>\n<meta name=\"robots\" content=\"index, follow, max-snippet:-1, max-image-preview:large, max-video-preview:-1\" \/>\n<link rel=\"canonical\" href=\"https:\/\/melegbait.com\/en\/product\/soft-method-mix-sweet-spice\/\" \/>\n<meta property=\"og:locale\" content=\"en_GB\" \/>\n<meta property=\"og:type\" content=\"article\" \/>\n<meta property=\"og:title\" content=\"Soft method mix - Sweet Spice - Meleg bait\" \/>\n<meta property=\"og:description\" content=\"Soft Method Mix nastaje nakon mnogo zahteva ljudi koji su koristili na\u0161e Soft pelete, da napravimo ne\u0161to posebno za njih. Zadatak je bio da method mix bude pra\u0161kasta hrana, jednako atraktivna i vla\u017ena kao Soft Pellet. Uspeli smo! Napravili smo hranu koja zaista brzo radi i pri tom ima \u010destice koje se podi\u017eu i koje [&hellip;]\" \/>\n<meta property=\"og:url\" content=\"https:\/\/melegbait.com\/en\/product\/soft-method-mix-sweet-spice\/\" \/>\n<meta property=\"og:site_name\" content=\"Meleg bait\" \/>\n<meta property=\"article:publisher\" content=\"https:\/\/www.facebook.com\/MelegBait\" \/>\n<meta property=\"article:modified_time\" content=\"2024-03-04T14:59:12+00:00\" \/>\n<meta property=\"og:image\" content=\"https:\/\/melegbait.com\/wp-content\/uploads\/2020\/11\/sweet-spice-soft-method-mix.jpg\" \/>\n\t<meta property=\"og:image:width\" content=\"600\" \/>\n\t<meta property=\"og:image:height\" content=\"800\" \/>\n\t<meta property=\"og:image:type\" content=\"image\/jpeg\" \/>\n<meta name=\"twitter:card\" content=\"summary_large_image\" \/>\n<meta name=\"twitter:label1\" content=\"Estimated reading time\" \/>\n\t<meta name=\"twitter:data1\" content=\"1 minute\" \/>\n<script type=\"application\/ld+json\" class=\"yoast-schema-graph\">{\"@context\":\"https:\/\/schema.org\",\"@graph\":[{\"@type\":\"WebPage\",\"@id\":\"https:\/\/melegbait.com\/product\/soft-method-mix-sweet-spice\/\",\"url\":\"https:\/\/melegbait.com\/product\/soft-method-mix-sweet-spice\/\",\"name\":\"Soft method mix - Sweet Spice - Meleg bait\",\"isPartOf\":{\"@id\":\"https:\/\/melegbait.com\/#website\"},\"primaryImageOfPage\":{\"@id\":\"https:\/\/melegbait.com\/product\/soft-method-mix-sweet-spice\/#primaryimage\"},\"image\":{\"@id\":\"https:\/\/melegbait.com\/product\/soft-method-mix-sweet-spice\/#primaryimage\"},\"thumbnailUrl\":\"https:\/\/melegbait.com\/wp-content\/uploads\/2020\/11\/sweet-spice-soft-method-mix.jpg\",\"datePublished\":\"2020-11-23T14:46:21+00:00\",\"dateModified\":\"2024-03-04T14:59:12+00:00\",\"breadcrumb\":{\"@id\":\"https:\/\/melegbait.com\/product\/soft-method-mix-sweet-spice\/#breadcrumb\"},\"inLanguage\":\"en-GB\",\"potentialAction\":[{\"@type\":\"ReadAction\",\"target\":[\"https:\/\/melegbait.com\/product\/soft-method-mix-sweet-spice\/\"]}]},{\"@type\":\"ImageObject\",\"inLanguage\":\"en-GB\",\"@id\":\"https:\/\/melegbait.com\/product\/soft-method-mix-sweet-spice\/#primaryimage\",\"url\":\"https:\/\/melegbait.com\/wp-content\/uploads\/2020\/11\/sweet-spice-soft-method-mix.jpg\",\"contentUrl\":\"https:\/\/melegbait.com\/wp-content\/uploads\/2020\/11\/sweet-spice-soft-method-mix.jpg\",\"width\":600,\"height\":800},{\"@type\":\"BreadcrumbList\",\"@id\":\"https:\/\/melegbait.com\/product\/soft-method-mix-sweet-spice\/#breadcrumb\",\"itemListElement\":[{\"@type\":\"ListItem\",\"position\":1,\"name\":\"Home\",\"item\":\"https:\/\/melegbait.com\/\"},{\"@type\":\"ListItem\",\"position\":2,\"name\":\"Shop\",\"item\":\"https:\/\/melegbait.com\/shop\/\"},{\"@type\":\"ListItem\",\"position\":3,\"name\":\"Soft method mix &#8211; Sweet Spice\"}]},{\"@type\":\"WebSite\",\"@id\":\"https:\/\/melegbait.com\/#website\",\"url\":\"https:\/\/melegbait.com\/\",\"name\":\"Meleg bait\",\"description\":\"Meleg bait\",\"publisher\":{\"@id\":\"https:\/\/melegbait.com\/#organization\"},\"potentialAction\":[{\"@type\":\"SearchAction\",\"target\":{\"@type\":\"EntryPoint\",\"urlTemplate\":\"https:\/\/melegbait.com\/?s={search_term_string}\"},\"query-input\":{\"@type\":\"PropertyValueSpecification\",\"valueRequired\":true,\"valueName\":\"search_term_string\"}}],\"inLanguage\":\"en-GB\"},{\"@type\":\"Organization\",\"@id\":\"https:\/\/melegbait.com\/#organization\",\"name\":\"Meleg Baits\",\"url\":\"https:\/\/melegbait.com\/\",\"logo\":{\"@type\":\"ImageObject\",\"inLanguage\":\"en-GB\",\"@id\":\"https:\/\/melegbait.com\/#\/schema\/logo\/image\/\",\"url\":\"https:\/\/melegbait.com\/wp-content\/uploads\/2021\/02\/mblogo.jpg\",\"contentUrl\":\"https:\/\/melegbait.com\/wp-content\/uploads\/2021\/02\/mblogo.jpg\",\"width\":250,\"height\":250,\"caption\":\"Meleg Baits\"},\"image\":{\"@id\":\"https:\/\/melegbait.com\/#\/schema\/logo\/image\/\"},\"sameAs\":[\"https:\/\/www.facebook.com\/MelegBait\"]}]}<\/script>\n<!-- \/ Yoast SEO plugin. -->","yoast_head_json":{"title":"Soft method mix - Sweet Spice - Meleg bait","robots":{"index":"index","follow":"follow","max-snippet":"max-snippet:-1","max-image-preview":"max-image-preview:large","max-video-preview":"max-video-preview:-1"},"canonical":"https:\/\/melegbait.com\/en\/product\/soft-method-mix-sweet-spice\/","og_locale":"en_GB","og_type":"article","og_title":"Soft method mix - Sweet Spice - Meleg bait","og_description":"Soft Method Mix nastaje nakon mnogo zahteva ljudi koji su koristili na\u0161e Soft pelete, da napravimo ne\u0161to posebno za njih. Zadatak je bio da method mix bude pra\u0161kasta hrana, jednako atraktivna i vla\u017ena kao Soft Pellet. Uspeli smo! Napravili smo hranu koja zaista brzo radi i pri tom ima \u010destice koje se podi\u017eu i koje [&hellip;]","og_url":"https:\/\/melegbait.com\/en\/product\/soft-method-mix-sweet-spice\/","og_site_name":"Meleg bait","article_publisher":"https:\/\/www.facebook.com\/MelegBait","article_modified_time":"2024-03-04T14:59:12+00:00","og_image":[{"width":600,"height":800,"url":"https:\/\/melegbait.com\/wp-content\/uploads\/2020\/11\/sweet-spice-soft-method-mix.jpg","type":"image\/jpeg"}],"twitter_card":"summary_large_image","twitter_misc":{"Estimated reading time":"1 minute"},"schema":{"@context":"https:\/\/schema.org","@graph":[{"@type":"WebPage","@id":"https:\/\/melegbait.com\/product\/soft-method-mix-sweet-spice\/","url":"https:\/\/melegbait.com\/product\/soft-method-mix-sweet-spice\/","name":"Soft method mix - Sweet Spice - Meleg bait","isPartOf":{"@id":"https:\/\/melegbait.com\/#website"},"primaryImageOfPage":{"@id":"https:\/\/melegbait.com\/product\/soft-method-mix-sweet-spice\/#primaryimage"},"image":{"@id":"https:\/\/melegbait.com\/product\/soft-method-mix-sweet-spice\/#primaryimage"},"thumbnailUrl":"https:\/\/melegbait.com\/wp-content\/uploads\/2020\/11\/sweet-spice-soft-method-mix.jpg","datePublished":"2020-11-23T14:46:21+00:00","dateModified":"2024-03-04T14:59:12+00:00","breadcrumb":{"@id":"https:\/\/melegbait.com\/product\/soft-method-mix-sweet-spice\/#breadcrumb"},"inLanguage":"en-GB","potentialAction":[{"@type":"ReadAction","target":["https:\/\/melegbait.com\/product\/soft-method-mix-sweet-spice\/"]}]},{"@type":"ImageObject","inLanguage":"en-GB","@id":"https:\/\/melegbait.com\/product\/soft-method-mix-sweet-spice\/#primaryimage","url":"https:\/\/melegbait.com\/wp-content\/uploads\/2020\/11\/sweet-spice-soft-method-mix.jpg","contentUrl":"https:\/\/melegbait.com\/wp-content\/uploads\/2020\/11\/sweet-spice-soft-method-mix.jpg","width":600,"height":800},{"@type":"BreadcrumbList","@id":"https:\/\/melegbait.com\/product\/soft-method-mix-sweet-spice\/#breadcrumb","itemListElement":[{"@type":"ListItem","position":1,"name":"Home","item":"https:\/\/melegbait.com\/"},{"@type":"ListItem","position":2,"name":"Shop","item":"https:\/\/melegbait.com\/shop\/"},{"@type":"ListItem","position":3,"name":"Soft method mix &#8211; Sweet Spice"}]},{"@type":"WebSite","@id":"https:\/\/melegbait.com\/#website","url":"https:\/\/melegbait.com\/","name":"Meleg bait","description":"Meleg bait","publisher":{"@id":"https:\/\/melegbait.com\/#organization"},"potentialAction":[{"@type":"SearchAction","target":{"@type":"EntryPoint","urlTemplate":"https:\/\/melegbait.com\/?s={search_term_string}"},"query-input":{"@type":"PropertyValueSpecification","valueRequired":true,"valueName":"search_term_string"}}],"inLanguage":"en-GB"},{"@type":"Organization","@id":"https:\/\/melegbait.com\/#organization","name":"Meleg Baits","url":"https:\/\/melegbait.com\/","logo":{"@type":"ImageObject","inLanguage":"en-GB","@id":"https:\/\/melegbait.com\/#\/schema\/logo\/image\/","url":"https:\/\/melegbait.com\/wp-content\/uploads\/2021\/02\/mblogo.jpg","contentUrl":"https:\/\/melegbait.com\/wp-content\/uploads\/2021\/02\/mblogo.jpg","width":250,"height":250,"caption":"Meleg Baits"},"image":{"@id":"https:\/\/melegbait.com\/#\/schema\/logo\/image\/"},"sameAs":["https:\/\/www.facebook.com\/MelegBait"]}]}},"_links":{"self":[{"href":"https:\/\/melegbait.com\/en\/wp-json\/wp\/v2\/product\/30943","targetHints":{"allow":["GET"]}}],"collection":[{"href":"https:\/\/melegbait.com\/en\/wp-json\/wp\/v2\/product"}],"about":[{"href":"https:\/\/melegbait.com\/en\/wp-json\/wp\/v2\/types\/product"}],"replies":[{"embeddable":true,"href":"https:\/\/melegbait.com\/en\/wp-json\/wp\/v2\/comments?post=30943"}],"wp:featuredmedia":[{"embeddable":true,"href":"https:\/\/melegbait.com\/en\/wp-json\/wp\/v2\/media\/30824"}],"wp:attachment":[{"href":"https:\/\/melegbait.com\/en\/wp-json\/wp\/v2\/media?parent=30943"}],"wp:term":[{"taxonomy":"product_brand","embeddable":true,"href":"https:\/\/melegbait.com\/en\/wp-json\/wp\/v2\/product_brand?post=30943"},{"taxonomy":"product_cat","embeddable":true,"href":"https:\/\/melegbait.com\/en\/wp-json\/wp\/v2\/product_cat?post=30943"},{"taxonomy":"product_tag","embeddable":true,"href":"https:\/\/melegbait.com\/en\/wp-json\/wp\/v2\/product_tag?post=30943"}],"curies":[{"name":"wp","href":"https:\/\/api.w.org\/{rel}","templated":true}]}}