{"id":30953,"date":"2020-11-23T16:17:52","date_gmt":"2020-11-23T15:17:52","guid":{"rendered":"https:\/\/melegbait.com\/?post_type=product&#038;p=30953"},"modified":"2024-03-04T15:59:47","modified_gmt":"2024-03-04T14:59:47","slug":"soft-pellets-special-m1","status":"publish","type":"product","link":"https:\/\/melegbait.com\/en\/product\/soft-pellets-special-m1\/","title":{"rendered":"Soft pellets &#8211; Special M1"},"content":{"rendered":"<p>Soft Pellet is a ready-made product for fishing and ready to use. It contains all the necessary amino acids and hunger triggers and does not need to be added to it. It is very easy to use and does not stain the utensils. The Soft Pellet is made and specially designed for Method Feeder and Match fishing, but has also performed extremely well in Carp fishing where the Soft Pellet can be added to PVA netting.\nAll pellets from the Meleg Bait range are low in protein and easily digestible. They can be used equally during all four seasons.\n-M1 is a product that we have developed for 25 years in collaboration with Tony Mills, which bears the family initials M1 as Meleg 1. It is one of the first products that did not leave the fish indifferent as well as the people who used it. Many companies have tried to copy it, but apart from the name they have failed to create a product like our original M1.<\/p>","protected":false},"excerpt":{"rendered":"<p>Soft Pellet je ve\u0107 pripremljen proizvod za ribolov i spreman za kori\u0161\u0107enje. Sadr\u017ei sve potrebne amino kiseline i izaziva\u010de gladi i u njega nije potrebno dodavati vodu. Koristi se vrlo lako i ne prlja pribor. Soft pellet je napravljen i posebno dizajniran za Method Feeder i Match ribolov, ali se izuzetno dobro pokazao i u [&hellip;]<\/p>","protected":false},"featured_media":30819,"comment_status":"open","ping_status":"closed","template":"","meta":{"_et_pb_use_builder":"","_et_pb_old_content":"","_et_gb_content_width":""},"product_brand":[],"product_cat":[47,48],"product_tag":[],"class_list":{"0":"post-30953","1":"product","2":"type-product","3":"status-publish","4":"has-post-thumbnail","6":"product_cat-feeder-i-match","7":"product_cat-soft-pellets","9":"first","10":"instock","11":"taxable","12":"shipping-taxable","13":"purchasable","14":"product-type-simple"},"yoast_head":"<!-- This site is optimized with the Yoast SEO plugin v26.9 - https:\/\/yoast.com\/product\/yoast-seo-wordpress\/ -->\n<title>Soft pellets - Special M1 - Meleg bait<\/title>\n<meta name=\"robots\" content=\"index, follow, max-snippet:-1, max-image-preview:large, max-video-preview:-1\" \/>\n<link rel=\"canonical\" href=\"https:\/\/melegbait.com\/en\/product\/soft-pellets-special-m1\/\" \/>\n<meta property=\"og:locale\" content=\"en_GB\" \/>\n<meta property=\"og:type\" content=\"article\" \/>\n<meta property=\"og:title\" content=\"Soft pellets - Special M1 - Meleg bait\" \/>\n<meta property=\"og:description\" content=\"Soft Pellet je ve\u0107 pripremljen proizvod za ribolov i spreman za kori\u0161\u0107enje. Sadr\u017ei sve potrebne amino kiseline i izaziva\u010de gladi i u njega nije potrebno dodavati vodu. Koristi se vrlo lako i ne prlja pribor. Soft pellet je napravljen i posebno dizajniran za Method Feeder i Match ribolov, ali se izuzetno dobro pokazao i u [&hellip;]\" \/>\n<meta property=\"og:url\" content=\"https:\/\/melegbait.com\/en\/product\/soft-pellets-special-m1\/\" \/>\n<meta property=\"og:site_name\" content=\"Meleg bait\" \/>\n<meta property=\"article:publisher\" content=\"https:\/\/www.facebook.com\/MelegBait\" \/>\n<meta property=\"article:modified_time\" content=\"2024-03-04T14:59:47+00:00\" \/>\n<meta property=\"og:image\" content=\"https:\/\/melegbait.com\/wp-content\/uploads\/2020\/11\/special-m1-soft-pellets.jpg\" \/>\n\t<meta property=\"og:image:width\" content=\"600\" \/>\n\t<meta property=\"og:image:height\" content=\"800\" \/>\n\t<meta property=\"og:image:type\" content=\"image\/jpeg\" \/>\n<meta name=\"twitter:card\" content=\"summary_large_image\" \/>\n<meta name=\"twitter:label1\" content=\"Estimated reading time\" \/>\n\t<meta name=\"twitter:data1\" content=\"1 minute\" \/>\n<script type=\"application\/ld+json\" class=\"yoast-schema-graph\">{\"@context\":\"https:\/\/schema.org\",\"@graph\":[{\"@type\":\"WebPage\",\"@id\":\"https:\/\/melegbait.com\/product\/soft-pellets-special-m1\/\",\"url\":\"https:\/\/melegbait.com\/product\/soft-pellets-special-m1\/\",\"name\":\"Soft pellets - Special M1 - Meleg bait\",\"isPartOf\":{\"@id\":\"https:\/\/melegbait.com\/#website\"},\"primaryImageOfPage\":{\"@id\":\"https:\/\/melegbait.com\/product\/soft-pellets-special-m1\/#primaryimage\"},\"image\":{\"@id\":\"https:\/\/melegbait.com\/product\/soft-pellets-special-m1\/#primaryimage\"},\"thumbnailUrl\":\"https:\/\/melegbait.com\/wp-content\/uploads\/2020\/11\/special-m1-soft-pellets.jpg\",\"datePublished\":\"2020-11-23T15:17:52+00:00\",\"dateModified\":\"2024-03-04T14:59:47+00:00\",\"breadcrumb\":{\"@id\":\"https:\/\/melegbait.com\/product\/soft-pellets-special-m1\/#breadcrumb\"},\"inLanguage\":\"en-GB\",\"potentialAction\":[{\"@type\":\"ReadAction\",\"target\":[\"https:\/\/melegbait.com\/product\/soft-pellets-special-m1\/\"]}]},{\"@type\":\"ImageObject\",\"inLanguage\":\"en-GB\",\"@id\":\"https:\/\/melegbait.com\/product\/soft-pellets-special-m1\/#primaryimage\",\"url\":\"https:\/\/melegbait.com\/wp-content\/uploads\/2020\/11\/special-m1-soft-pellets.jpg\",\"contentUrl\":\"https:\/\/melegbait.com\/wp-content\/uploads\/2020\/11\/special-m1-soft-pellets.jpg\",\"width\":600,\"height\":800},{\"@type\":\"BreadcrumbList\",\"@id\":\"https:\/\/melegbait.com\/product\/soft-pellets-special-m1\/#breadcrumb\",\"itemListElement\":[{\"@type\":\"ListItem\",\"position\":1,\"name\":\"Home\",\"item\":\"https:\/\/melegbait.com\/\"},{\"@type\":\"ListItem\",\"position\":2,\"name\":\"Shop\",\"item\":\"https:\/\/melegbait.com\/shop\/\"},{\"@type\":\"ListItem\",\"position\":3,\"name\":\"Soft pellets &#8211; Special M1\"}]},{\"@type\":\"WebSite\",\"@id\":\"https:\/\/melegbait.com\/#website\",\"url\":\"https:\/\/melegbait.com\/\",\"name\":\"Meleg bait\",\"description\":\"Meleg bait\",\"publisher\":{\"@id\":\"https:\/\/melegbait.com\/#organization\"},\"potentialAction\":[{\"@type\":\"SearchAction\",\"target\":{\"@type\":\"EntryPoint\",\"urlTemplate\":\"https:\/\/melegbait.com\/?s={search_term_string}\"},\"query-input\":{\"@type\":\"PropertyValueSpecification\",\"valueRequired\":true,\"valueName\":\"search_term_string\"}}],\"inLanguage\":\"en-GB\"},{\"@type\":\"Organization\",\"@id\":\"https:\/\/melegbait.com\/#organization\",\"name\":\"Meleg Baits\",\"url\":\"https:\/\/melegbait.com\/\",\"logo\":{\"@type\":\"ImageObject\",\"inLanguage\":\"en-GB\",\"@id\":\"https:\/\/melegbait.com\/#\/schema\/logo\/image\/\",\"url\":\"https:\/\/melegbait.com\/wp-content\/uploads\/2021\/02\/mblogo.jpg\",\"contentUrl\":\"https:\/\/melegbait.com\/wp-content\/uploads\/2021\/02\/mblogo.jpg\",\"width\":250,\"height\":250,\"caption\":\"Meleg Baits\"},\"image\":{\"@id\":\"https:\/\/melegbait.com\/#\/schema\/logo\/image\/\"},\"sameAs\":[\"https:\/\/www.facebook.com\/MelegBait\"]}]}<\/script>\n<!-- \/ Yoast SEO plugin. -->","yoast_head_json":{"title":"Soft pellets - Special M1 - Meleg bait","robots":{"index":"index","follow":"follow","max-snippet":"max-snippet:-1","max-image-preview":"max-image-preview:large","max-video-preview":"max-video-preview:-1"},"canonical":"https:\/\/melegbait.com\/en\/product\/soft-pellets-special-m1\/","og_locale":"en_GB","og_type":"article","og_title":"Soft pellets - Special M1 - Meleg bait","og_description":"Soft Pellet je ve\u0107 pripremljen proizvod za ribolov i spreman za kori\u0161\u0107enje. Sadr\u017ei sve potrebne amino kiseline i izaziva\u010de gladi i u njega nije potrebno dodavati vodu. Koristi se vrlo lako i ne prlja pribor. Soft pellet je napravljen i posebno dizajniran za Method Feeder i Match ribolov, ali se izuzetno dobro pokazao i u [&hellip;]","og_url":"https:\/\/melegbait.com\/en\/product\/soft-pellets-special-m1\/","og_site_name":"Meleg bait","article_publisher":"https:\/\/www.facebook.com\/MelegBait","article_modified_time":"2024-03-04T14:59:47+00:00","og_image":[{"width":600,"height":800,"url":"https:\/\/melegbait.com\/wp-content\/uploads\/2020\/11\/special-m1-soft-pellets.jpg","type":"image\/jpeg"}],"twitter_card":"summary_large_image","twitter_misc":{"Estimated reading time":"1 minute"},"schema":{"@context":"https:\/\/schema.org","@graph":[{"@type":"WebPage","@id":"https:\/\/melegbait.com\/product\/soft-pellets-special-m1\/","url":"https:\/\/melegbait.com\/product\/soft-pellets-special-m1\/","name":"Soft pellets - Special M1 - Meleg bait","isPartOf":{"@id":"https:\/\/melegbait.com\/#website"},"primaryImageOfPage":{"@id":"https:\/\/melegbait.com\/product\/soft-pellets-special-m1\/#primaryimage"},"image":{"@id":"https:\/\/melegbait.com\/product\/soft-pellets-special-m1\/#primaryimage"},"thumbnailUrl":"https:\/\/melegbait.com\/wp-content\/uploads\/2020\/11\/special-m1-soft-pellets.jpg","datePublished":"2020-11-23T15:17:52+00:00","dateModified":"2024-03-04T14:59:47+00:00","breadcrumb":{"@id":"https:\/\/melegbait.com\/product\/soft-pellets-special-m1\/#breadcrumb"},"inLanguage":"en-GB","potentialAction":[{"@type":"ReadAction","target":["https:\/\/melegbait.com\/product\/soft-pellets-special-m1\/"]}]},{"@type":"ImageObject","inLanguage":"en-GB","@id":"https:\/\/melegbait.com\/product\/soft-pellets-special-m1\/#primaryimage","url":"https:\/\/melegbait.com\/wp-content\/uploads\/2020\/11\/special-m1-soft-pellets.jpg","contentUrl":"https:\/\/melegbait.com\/wp-content\/uploads\/2020\/11\/special-m1-soft-pellets.jpg","width":600,"height":800},{"@type":"BreadcrumbList","@id":"https:\/\/melegbait.com\/product\/soft-pellets-special-m1\/#breadcrumb","itemListElement":[{"@type":"ListItem","position":1,"name":"Home","item":"https:\/\/melegbait.com\/"},{"@type":"ListItem","position":2,"name":"Shop","item":"https:\/\/melegbait.com\/shop\/"},{"@type":"ListItem","position":3,"name":"Soft pellets &#8211; Special M1"}]},{"@type":"WebSite","@id":"https:\/\/melegbait.com\/#website","url":"https:\/\/melegbait.com\/","name":"Meleg bait","description":"Meleg bait","publisher":{"@id":"https:\/\/melegbait.com\/#organization"},"potentialAction":[{"@type":"SearchAction","target":{"@type":"EntryPoint","urlTemplate":"https:\/\/melegbait.com\/?s={search_term_string}"},"query-input":{"@type":"PropertyValueSpecification","valueRequired":true,"valueName":"search_term_string"}}],"inLanguage":"en-GB"},{"@type":"Organization","@id":"https:\/\/melegbait.com\/#organization","name":"Meleg Baits","url":"https:\/\/melegbait.com\/","logo":{"@type":"ImageObject","inLanguage":"en-GB","@id":"https:\/\/melegbait.com\/#\/schema\/logo\/image\/","url":"https:\/\/melegbait.com\/wp-content\/uploads\/2021\/02\/mblogo.jpg","contentUrl":"https:\/\/melegbait.com\/wp-content\/uploads\/2021\/02\/mblogo.jpg","width":250,"height":250,"caption":"Meleg Baits"},"image":{"@id":"https:\/\/melegbait.com\/#\/schema\/logo\/image\/"},"sameAs":["https:\/\/www.facebook.com\/MelegBait"]}]}},"_links":{"self":[{"href":"https:\/\/melegbait.com\/en\/wp-json\/wp\/v2\/product\/30953","targetHints":{"allow":["GET"]}}],"collection":[{"href":"https:\/\/melegbait.com\/en\/wp-json\/wp\/v2\/product"}],"about":[{"href":"https:\/\/melegbait.com\/en\/wp-json\/wp\/v2\/types\/product"}],"replies":[{"embeddable":true,"href":"https:\/\/melegbait.com\/en\/wp-json\/wp\/v2\/comments?post=30953"}],"wp:featuredmedia":[{"embeddable":true,"href":"https:\/\/melegbait.com\/en\/wp-json\/wp\/v2\/media\/30819"}],"wp:attachment":[{"href":"https:\/\/melegbait.com\/en\/wp-json\/wp\/v2\/media?parent=30953"}],"wp:term":[{"taxonomy":"product_brand","embeddable":true,"href":"https:\/\/melegbait.com\/en\/wp-json\/wp\/v2\/product_brand?post=30953"},{"taxonomy":"product_cat","embeddable":true,"href":"https:\/\/melegbait.com\/en\/wp-json\/wp\/v2\/product_cat?post=30953"},{"taxonomy":"product_tag","embeddable":true,"href":"https:\/\/melegbait.com\/en\/wp-json\/wp\/v2\/product_tag?post=30953"}],"curies":[{"name":"wp","href":"https:\/\/api.w.org\/{rel}","templated":true}]}}