{"id":30956,"date":"2020-11-23T16:27:19","date_gmt":"2020-11-23T15:27:19","guid":{"rendered":"https:\/\/melegbait.com\/?post_type=product&#038;p=30956"},"modified":"2023-05-19T22:22:28","modified_gmt":"2023-05-19T21:22:28","slug":"red-salmon-oil","status":"publish","type":"product","link":"https:\/\/melegbait.com\/en\/product\/red-salmon-oil\/","title":{"rendered":"Red Salmon Oil"},"content":{"rendered":"<p>Red Salmon Oil is a characteristic and strong salmon oil. A significant energy supplement for\neach fish, meat and spicy mix, in doses of 15 to 35 ml. The best results of Red Salmon Oil are\nobtained in transitional seasons (over 20\u00b0C) by adding up to 25ml, and in the summer period\n(over 30\u00b0C - June, July, August) up to 30-35ml in boilie mix per kilogram. In winter it should be\navoided because it is not a winter oil. Meleg Bait Red Salmon Oil gives fish protein and it is a very\ngood signal for large specimens of carp. With a rich amount of Omega 3 and Omega 6 fatty\nacid, this oil has significant nutritional value, making it an efficient natural attractor. Red Salmon\nOil is very interesting in combination with Meleg Baits C.S.L. pellets. Pellets should be overflowed\nand left to stand for 24 hours before use.Packaging 300ml.<\/p>","protected":false},"excerpt":{"rendered":"<p>Red Salmon Oil je ulje karakteristi\u010dne i jake arome lososa. Zna\u010dajan je energetski dodatak za svaki riblji, mesni i za\u010dinski miks, u dozama od 15 do 35ml. Najbolje rezultate Red Salmon Oil posti\u017ee u prelaznim godi\u0161njim dobima (preko 20\u00b0C) dodavanjem do 25ml, a u letnjem periodu (preko 30\u00b0C \u2013 jun, jul, avgust) do 30-35ml na [&hellip;]<\/p>","protected":false},"featured_media":30817,"comment_status":"open","ping_status":"closed","template":"","meta":{"_et_pb_use_builder":"","_et_pb_old_content":"","_et_gb_content_width":""},"product_brand":[],"product_cat":[31,42],"product_tag":[],"class_list":{"0":"post-30956","1":"product","2":"type-product","3":"status-publish","4":"has-post-thumbnail","6":"product_cat-carp","7":"product_cat-ulja","9":"first","10":"instock","11":"taxable","12":"shipping-taxable","13":"purchasable","14":"product-type-simple"},"yoast_head":"<!-- This site is optimized with the Yoast SEO plugin v26.9 - https:\/\/yoast.com\/product\/yoast-seo-wordpress\/ -->\n<title>Red Salmon Oil - Meleg bait<\/title>\n<meta name=\"robots\" content=\"index, follow, max-snippet:-1, max-image-preview:large, max-video-preview:-1\" \/>\n<link rel=\"canonical\" href=\"https:\/\/melegbait.com\/en\/product\/red-salmon-oil\/\" \/>\n<meta property=\"og:locale\" content=\"en_GB\" \/>\n<meta property=\"og:type\" content=\"article\" \/>\n<meta property=\"og:title\" content=\"Red Salmon Oil - Meleg bait\" \/>\n<meta property=\"og:description\" content=\"Red Salmon Oil je ulje karakteristi\u010dne i jake arome lososa. Zna\u010dajan je energetski dodatak za svaki riblji, mesni i za\u010dinski miks, u dozama od 15 do 35ml. Najbolje rezultate Red Salmon Oil posti\u017ee u prelaznim godi\u0161njim dobima (preko 20\u00b0C) dodavanjem do 25ml, a u letnjem periodu (preko 30\u00b0C \u2013 jun, jul, avgust) do 30-35ml na [&hellip;]\" \/>\n<meta property=\"og:url\" content=\"https:\/\/melegbait.com\/en\/product\/red-salmon-oil\/\" \/>\n<meta property=\"og:site_name\" content=\"Meleg bait\" \/>\n<meta property=\"article:publisher\" content=\"https:\/\/www.facebook.com\/MelegBait\" \/>\n<meta property=\"article:modified_time\" content=\"2023-05-19T21:22:28+00:00\" \/>\n<meta property=\"og:image\" content=\"https:\/\/melegbait.com\/wp-content\/uploads\/2020\/11\/red-salmon-oil.jpg\" \/>\n\t<meta property=\"og:image:width\" content=\"600\" \/>\n\t<meta property=\"og:image:height\" content=\"800\" \/>\n\t<meta property=\"og:image:type\" content=\"image\/jpeg\" \/>\n<meta name=\"twitter:card\" content=\"summary_large_image\" \/>\n<meta name=\"twitter:label1\" content=\"Estimated reading time\" \/>\n\t<meta name=\"twitter:data1\" content=\"1 minute\" \/>\n<script type=\"application\/ld+json\" class=\"yoast-schema-graph\">{\"@context\":\"https:\/\/schema.org\",\"@graph\":[{\"@type\":\"WebPage\",\"@id\":\"https:\/\/melegbait.com\/product\/red-salmon-oil\/\",\"url\":\"https:\/\/melegbait.com\/product\/red-salmon-oil\/\",\"name\":\"Red Salmon Oil - Meleg bait\",\"isPartOf\":{\"@id\":\"https:\/\/melegbait.com\/#website\"},\"primaryImageOfPage\":{\"@id\":\"https:\/\/melegbait.com\/product\/red-salmon-oil\/#primaryimage\"},\"image\":{\"@id\":\"https:\/\/melegbait.com\/product\/red-salmon-oil\/#primaryimage\"},\"thumbnailUrl\":\"https:\/\/melegbait.com\/wp-content\/uploads\/2020\/11\/red-salmon-oil.jpg\",\"datePublished\":\"2020-11-23T15:27:19+00:00\",\"dateModified\":\"2023-05-19T21:22:28+00:00\",\"breadcrumb\":{\"@id\":\"https:\/\/melegbait.com\/product\/red-salmon-oil\/#breadcrumb\"},\"inLanguage\":\"en-GB\",\"potentialAction\":[{\"@type\":\"ReadAction\",\"target\":[\"https:\/\/melegbait.com\/product\/red-salmon-oil\/\"]}]},{\"@type\":\"ImageObject\",\"inLanguage\":\"en-GB\",\"@id\":\"https:\/\/melegbait.com\/product\/red-salmon-oil\/#primaryimage\",\"url\":\"https:\/\/melegbait.com\/wp-content\/uploads\/2020\/11\/red-salmon-oil.jpg\",\"contentUrl\":\"https:\/\/melegbait.com\/wp-content\/uploads\/2020\/11\/red-salmon-oil.jpg\",\"width\":600,\"height\":800},{\"@type\":\"BreadcrumbList\",\"@id\":\"https:\/\/melegbait.com\/product\/red-salmon-oil\/#breadcrumb\",\"itemListElement\":[{\"@type\":\"ListItem\",\"position\":1,\"name\":\"Home\",\"item\":\"https:\/\/melegbait.com\/\"},{\"@type\":\"ListItem\",\"position\":2,\"name\":\"Shop\",\"item\":\"https:\/\/melegbait.com\/shop\/\"},{\"@type\":\"ListItem\",\"position\":3,\"name\":\"Red Salmon Oil\"}]},{\"@type\":\"WebSite\",\"@id\":\"https:\/\/melegbait.com\/#website\",\"url\":\"https:\/\/melegbait.com\/\",\"name\":\"Meleg bait\",\"description\":\"Meleg bait\",\"publisher\":{\"@id\":\"https:\/\/melegbait.com\/#organization\"},\"potentialAction\":[{\"@type\":\"SearchAction\",\"target\":{\"@type\":\"EntryPoint\",\"urlTemplate\":\"https:\/\/melegbait.com\/?s={search_term_string}\"},\"query-input\":{\"@type\":\"PropertyValueSpecification\",\"valueRequired\":true,\"valueName\":\"search_term_string\"}}],\"inLanguage\":\"en-GB\"},{\"@type\":\"Organization\",\"@id\":\"https:\/\/melegbait.com\/#organization\",\"name\":\"Meleg Baits\",\"url\":\"https:\/\/melegbait.com\/\",\"logo\":{\"@type\":\"ImageObject\",\"inLanguage\":\"en-GB\",\"@id\":\"https:\/\/melegbait.com\/#\/schema\/logo\/image\/\",\"url\":\"https:\/\/melegbait.com\/wp-content\/uploads\/2021\/02\/mblogo.jpg\",\"contentUrl\":\"https:\/\/melegbait.com\/wp-content\/uploads\/2021\/02\/mblogo.jpg\",\"width\":250,\"height\":250,\"caption\":\"Meleg Baits\"},\"image\":{\"@id\":\"https:\/\/melegbait.com\/#\/schema\/logo\/image\/\"},\"sameAs\":[\"https:\/\/www.facebook.com\/MelegBait\"]}]}<\/script>\n<!-- \/ Yoast SEO plugin. -->","yoast_head_json":{"title":"Red Salmon Oil - Meleg bait","robots":{"index":"index","follow":"follow","max-snippet":"max-snippet:-1","max-image-preview":"max-image-preview:large","max-video-preview":"max-video-preview:-1"},"canonical":"https:\/\/melegbait.com\/en\/product\/red-salmon-oil\/","og_locale":"en_GB","og_type":"article","og_title":"Red Salmon Oil - Meleg bait","og_description":"Red Salmon Oil je ulje karakteristi\u010dne i jake arome lososa. Zna\u010dajan je energetski dodatak za svaki riblji, mesni i za\u010dinski miks, u dozama od 15 do 35ml. Najbolje rezultate Red Salmon Oil posti\u017ee u prelaznim godi\u0161njim dobima (preko 20\u00b0C) dodavanjem do 25ml, a u letnjem periodu (preko 30\u00b0C \u2013 jun, jul, avgust) do 30-35ml na [&hellip;]","og_url":"https:\/\/melegbait.com\/en\/product\/red-salmon-oil\/","og_site_name":"Meleg bait","article_publisher":"https:\/\/www.facebook.com\/MelegBait","article_modified_time":"2023-05-19T21:22:28+00:00","og_image":[{"width":600,"height":800,"url":"https:\/\/melegbait.com\/wp-content\/uploads\/2020\/11\/red-salmon-oil.jpg","type":"image\/jpeg"}],"twitter_card":"summary_large_image","twitter_misc":{"Estimated reading time":"1 minute"},"schema":{"@context":"https:\/\/schema.org","@graph":[{"@type":"WebPage","@id":"https:\/\/melegbait.com\/product\/red-salmon-oil\/","url":"https:\/\/melegbait.com\/product\/red-salmon-oil\/","name":"Red Salmon Oil - Meleg bait","isPartOf":{"@id":"https:\/\/melegbait.com\/#website"},"primaryImageOfPage":{"@id":"https:\/\/melegbait.com\/product\/red-salmon-oil\/#primaryimage"},"image":{"@id":"https:\/\/melegbait.com\/product\/red-salmon-oil\/#primaryimage"},"thumbnailUrl":"https:\/\/melegbait.com\/wp-content\/uploads\/2020\/11\/red-salmon-oil.jpg","datePublished":"2020-11-23T15:27:19+00:00","dateModified":"2023-05-19T21:22:28+00:00","breadcrumb":{"@id":"https:\/\/melegbait.com\/product\/red-salmon-oil\/#breadcrumb"},"inLanguage":"en-GB","potentialAction":[{"@type":"ReadAction","target":["https:\/\/melegbait.com\/product\/red-salmon-oil\/"]}]},{"@type":"ImageObject","inLanguage":"en-GB","@id":"https:\/\/melegbait.com\/product\/red-salmon-oil\/#primaryimage","url":"https:\/\/melegbait.com\/wp-content\/uploads\/2020\/11\/red-salmon-oil.jpg","contentUrl":"https:\/\/melegbait.com\/wp-content\/uploads\/2020\/11\/red-salmon-oil.jpg","width":600,"height":800},{"@type":"BreadcrumbList","@id":"https:\/\/melegbait.com\/product\/red-salmon-oil\/#breadcrumb","itemListElement":[{"@type":"ListItem","position":1,"name":"Home","item":"https:\/\/melegbait.com\/"},{"@type":"ListItem","position":2,"name":"Shop","item":"https:\/\/melegbait.com\/shop\/"},{"@type":"ListItem","position":3,"name":"Red Salmon Oil"}]},{"@type":"WebSite","@id":"https:\/\/melegbait.com\/#website","url":"https:\/\/melegbait.com\/","name":"Meleg bait","description":"Meleg bait","publisher":{"@id":"https:\/\/melegbait.com\/#organization"},"potentialAction":[{"@type":"SearchAction","target":{"@type":"EntryPoint","urlTemplate":"https:\/\/melegbait.com\/?s={search_term_string}"},"query-input":{"@type":"PropertyValueSpecification","valueRequired":true,"valueName":"search_term_string"}}],"inLanguage":"en-GB"},{"@type":"Organization","@id":"https:\/\/melegbait.com\/#organization","name":"Meleg Baits","url":"https:\/\/melegbait.com\/","logo":{"@type":"ImageObject","inLanguage":"en-GB","@id":"https:\/\/melegbait.com\/#\/schema\/logo\/image\/","url":"https:\/\/melegbait.com\/wp-content\/uploads\/2021\/02\/mblogo.jpg","contentUrl":"https:\/\/melegbait.com\/wp-content\/uploads\/2021\/02\/mblogo.jpg","width":250,"height":250,"caption":"Meleg Baits"},"image":{"@id":"https:\/\/melegbait.com\/#\/schema\/logo\/image\/"},"sameAs":["https:\/\/www.facebook.com\/MelegBait"]}]}},"_links":{"self":[{"href":"https:\/\/melegbait.com\/en\/wp-json\/wp\/v2\/product\/30956","targetHints":{"allow":["GET"]}}],"collection":[{"href":"https:\/\/melegbait.com\/en\/wp-json\/wp\/v2\/product"}],"about":[{"href":"https:\/\/melegbait.com\/en\/wp-json\/wp\/v2\/types\/product"}],"replies":[{"embeddable":true,"href":"https:\/\/melegbait.com\/en\/wp-json\/wp\/v2\/comments?post=30956"}],"wp:featuredmedia":[{"embeddable":true,"href":"https:\/\/melegbait.com\/en\/wp-json\/wp\/v2\/media\/30817"}],"wp:attachment":[{"href":"https:\/\/melegbait.com\/en\/wp-json\/wp\/v2\/media?parent=30956"}],"wp:term":[{"taxonomy":"product_brand","embeddable":true,"href":"https:\/\/melegbait.com\/en\/wp-json\/wp\/v2\/product_brand?post=30956"},{"taxonomy":"product_cat","embeddable":true,"href":"https:\/\/melegbait.com\/en\/wp-json\/wp\/v2\/product_cat?post=30956"},{"taxonomy":"product_tag","embeddable":true,"href":"https:\/\/melegbait.com\/en\/wp-json\/wp\/v2\/product_tag?post=30956"}],"curies":[{"name":"wp","href":"https:\/\/api.w.org\/{rel}","templated":true}]}}