{"id":30963,"date":"2020-11-23T16:50:06","date_gmt":"2020-11-23T15:50:06","guid":{"rendered":"https:\/\/melegbait.com\/?post_type=product&#038;p=30963"},"modified":"2023-06-24T13:42:31","modified_gmt":"2023-06-24T12:42:31","slug":"feeder-pellet-four-season","status":"publish","type":"product","link":"https:\/\/melegbait.com\/en\/product\/feeder-pellet-four-season\/","title":{"rendered":"Feeder Pellet &#8211; Four Season"},"content":{"rendered":"<p>Four Season is a new generation product. It consists of 4 types of pellets. Delicate mixture of\nfruit, meat, \"spice\" and pellets with cream base. Specificity, apart from a wide range of aromas\nand nutrients, each of the four types of pellets has a different melting point and behaves\ndifferently. The timing is precise - while one type quickly dissolves in water, others need more\ntime, and while some of the pellets are stuck to the bottom, the part rises and a real vertical\npillar rich in hunger-strikers that keep the fish right on your bait. The possibilities are unlimited,\nused in PVA grids, in spod mixes, can be placed with slings and feeders. Feeder fishing is\nphenomenal as the primary baiting food and can be combined with ground baits.<\/p>","protected":false},"excerpt":{"rendered":"<p>Four Season je proizvod nove generacije. Sastavljen je od 4 vrste peleta. Delikatna me\u0161avina vo\u0107nih, mesnih, \u201espice\u201d i peleta sa krem osnovom. Specifi\u010dnost, osim \u0161irokog spektra aroma i hranljivih materija, je to \u0161to svaka od \u010detiri vrste peleta ima druga\u010diji ta\u010dku topljenja i druga\u010dije se pona\u0161a. Tajming je precizan &#8211; dok se jedna vrsta brzo [&hellip;]<\/p>","protected":false},"featured_media":30800,"comment_status":"open","ping_status":"closed","template":"","meta":{"_et_pb_use_builder":"","_et_pb_old_content":"","_et_gb_content_width":""},"product_brand":[],"product_cat":[31,44,47,50],"product_tag":[],"class_list":{"0":"post-30963","1":"product","2":"type-product","3":"status-publish","4":"has-post-thumbnail","6":"product_cat-carp","7":"product_cat-pellet","8":"product_cat-feeder-i-match","9":"product_cat-feeder-pellets","11":"first","12":"instock","13":"taxable","14":"shipping-taxable","15":"purchasable","16":"product-type-simple"},"yoast_head":"<!-- This site is optimized with the Yoast SEO plugin v26.9 - https:\/\/yoast.com\/product\/yoast-seo-wordpress\/ -->\n<title>Feeder Pellet - Four Season - Meleg bait<\/title>\n<meta name=\"robots\" content=\"index, follow, max-snippet:-1, max-image-preview:large, max-video-preview:-1\" \/>\n<link rel=\"canonical\" href=\"https:\/\/melegbait.com\/en\/product\/feeder-pellet-four-season\/\" \/>\n<meta property=\"og:locale\" content=\"en_GB\" \/>\n<meta property=\"og:type\" content=\"article\" \/>\n<meta property=\"og:title\" content=\"Feeder Pellet - Four Season - Meleg bait\" \/>\n<meta property=\"og:description\" content=\"Four Season je proizvod nove generacije. Sastavljen je od 4 vrste peleta. Delikatna me\u0161avina vo\u0107nih, mesnih, \u201espice\u201d i peleta sa krem osnovom. Specifi\u010dnost, osim \u0161irokog spektra aroma i hranljivih materija, je to \u0161to svaka od \u010detiri vrste peleta ima druga\u010diji ta\u010dku topljenja i druga\u010dije se pona\u0161a. Tajming je precizan &#8211; dok se jedna vrsta brzo [&hellip;]\" \/>\n<meta property=\"og:url\" content=\"https:\/\/melegbait.com\/en\/product\/feeder-pellet-four-season\/\" \/>\n<meta property=\"og:site_name\" content=\"Meleg bait\" \/>\n<meta property=\"article:publisher\" content=\"https:\/\/www.facebook.com\/MelegBait\" \/>\n<meta property=\"article:modified_time\" content=\"2023-06-24T12:42:31+00:00\" \/>\n<meta property=\"og:image\" content=\"https:\/\/melegbait.com\/wp-content\/uploads\/2020\/11\/feeder-pellet-four-season.jpg\" \/>\n\t<meta property=\"og:image:width\" content=\"600\" \/>\n\t<meta property=\"og:image:height\" content=\"800\" \/>\n\t<meta property=\"og:image:type\" content=\"image\/jpeg\" \/>\n<meta name=\"twitter:card\" content=\"summary_large_image\" \/>\n<meta name=\"twitter:label1\" content=\"Estimated reading time\" \/>\n\t<meta name=\"twitter:data1\" content=\"1 minute\" \/>\n<script type=\"application\/ld+json\" class=\"yoast-schema-graph\">{\"@context\":\"https:\/\/schema.org\",\"@graph\":[{\"@type\":\"WebPage\",\"@id\":\"https:\/\/melegbait.com\/product\/feeder-pellet-four-season\/\",\"url\":\"https:\/\/melegbait.com\/product\/feeder-pellet-four-season\/\",\"name\":\"Feeder Pellet - Four Season - Meleg bait\",\"isPartOf\":{\"@id\":\"https:\/\/melegbait.com\/#website\"},\"primaryImageOfPage\":{\"@id\":\"https:\/\/melegbait.com\/product\/feeder-pellet-four-season\/#primaryimage\"},\"image\":{\"@id\":\"https:\/\/melegbait.com\/product\/feeder-pellet-four-season\/#primaryimage\"},\"thumbnailUrl\":\"https:\/\/melegbait.com\/wp-content\/uploads\/2020\/11\/feeder-pellet-four-season.jpg\",\"datePublished\":\"2020-11-23T15:50:06+00:00\",\"dateModified\":\"2023-06-24T12:42:31+00:00\",\"breadcrumb\":{\"@id\":\"https:\/\/melegbait.com\/product\/feeder-pellet-four-season\/#breadcrumb\"},\"inLanguage\":\"en-GB\",\"potentialAction\":[{\"@type\":\"ReadAction\",\"target\":[\"https:\/\/melegbait.com\/product\/feeder-pellet-four-season\/\"]}]},{\"@type\":\"ImageObject\",\"inLanguage\":\"en-GB\",\"@id\":\"https:\/\/melegbait.com\/product\/feeder-pellet-four-season\/#primaryimage\",\"url\":\"https:\/\/melegbait.com\/wp-content\/uploads\/2020\/11\/feeder-pellet-four-season.jpg\",\"contentUrl\":\"https:\/\/melegbait.com\/wp-content\/uploads\/2020\/11\/feeder-pellet-four-season.jpg\",\"width\":600,\"height\":800},{\"@type\":\"BreadcrumbList\",\"@id\":\"https:\/\/melegbait.com\/product\/feeder-pellet-four-season\/#breadcrumb\",\"itemListElement\":[{\"@type\":\"ListItem\",\"position\":1,\"name\":\"Home\",\"item\":\"https:\/\/melegbait.com\/\"},{\"@type\":\"ListItem\",\"position\":2,\"name\":\"Shop\",\"item\":\"https:\/\/melegbait.com\/shop\/\"},{\"@type\":\"ListItem\",\"position\":3,\"name\":\"Feeder Pellet &#8211; Four Season\"}]},{\"@type\":\"WebSite\",\"@id\":\"https:\/\/melegbait.com\/#website\",\"url\":\"https:\/\/melegbait.com\/\",\"name\":\"Meleg bait\",\"description\":\"Meleg bait\",\"publisher\":{\"@id\":\"https:\/\/melegbait.com\/#organization\"},\"potentialAction\":[{\"@type\":\"SearchAction\",\"target\":{\"@type\":\"EntryPoint\",\"urlTemplate\":\"https:\/\/melegbait.com\/?s={search_term_string}\"},\"query-input\":{\"@type\":\"PropertyValueSpecification\",\"valueRequired\":true,\"valueName\":\"search_term_string\"}}],\"inLanguage\":\"en-GB\"},{\"@type\":\"Organization\",\"@id\":\"https:\/\/melegbait.com\/#organization\",\"name\":\"Meleg Baits\",\"url\":\"https:\/\/melegbait.com\/\",\"logo\":{\"@type\":\"ImageObject\",\"inLanguage\":\"en-GB\",\"@id\":\"https:\/\/melegbait.com\/#\/schema\/logo\/image\/\",\"url\":\"https:\/\/melegbait.com\/wp-content\/uploads\/2021\/02\/mblogo.jpg\",\"contentUrl\":\"https:\/\/melegbait.com\/wp-content\/uploads\/2021\/02\/mblogo.jpg\",\"width\":250,\"height\":250,\"caption\":\"Meleg Baits\"},\"image\":{\"@id\":\"https:\/\/melegbait.com\/#\/schema\/logo\/image\/\"},\"sameAs\":[\"https:\/\/www.facebook.com\/MelegBait\"]}]}<\/script>\n<!-- \/ Yoast SEO plugin. -->","yoast_head_json":{"title":"Feeder Pellet - Four Season - Meleg bait","robots":{"index":"index","follow":"follow","max-snippet":"max-snippet:-1","max-image-preview":"max-image-preview:large","max-video-preview":"max-video-preview:-1"},"canonical":"https:\/\/melegbait.com\/en\/product\/feeder-pellet-four-season\/","og_locale":"en_GB","og_type":"article","og_title":"Feeder Pellet - Four Season - Meleg bait","og_description":"Four Season je proizvod nove generacije. Sastavljen je od 4 vrste peleta. Delikatna me\u0161avina vo\u0107nih, mesnih, \u201espice\u201d i peleta sa krem osnovom. Specifi\u010dnost, osim \u0161irokog spektra aroma i hranljivih materija, je to \u0161to svaka od \u010detiri vrste peleta ima druga\u010diji ta\u010dku topljenja i druga\u010dije se pona\u0161a. Tajming je precizan &#8211; dok se jedna vrsta brzo [&hellip;]","og_url":"https:\/\/melegbait.com\/en\/product\/feeder-pellet-four-season\/","og_site_name":"Meleg bait","article_publisher":"https:\/\/www.facebook.com\/MelegBait","article_modified_time":"2023-06-24T12:42:31+00:00","og_image":[{"width":600,"height":800,"url":"https:\/\/melegbait.com\/wp-content\/uploads\/2020\/11\/feeder-pellet-four-season.jpg","type":"image\/jpeg"}],"twitter_card":"summary_large_image","twitter_misc":{"Estimated reading time":"1 minute"},"schema":{"@context":"https:\/\/schema.org","@graph":[{"@type":"WebPage","@id":"https:\/\/melegbait.com\/product\/feeder-pellet-four-season\/","url":"https:\/\/melegbait.com\/product\/feeder-pellet-four-season\/","name":"Feeder Pellet - Four Season - Meleg bait","isPartOf":{"@id":"https:\/\/melegbait.com\/#website"},"primaryImageOfPage":{"@id":"https:\/\/melegbait.com\/product\/feeder-pellet-four-season\/#primaryimage"},"image":{"@id":"https:\/\/melegbait.com\/product\/feeder-pellet-four-season\/#primaryimage"},"thumbnailUrl":"https:\/\/melegbait.com\/wp-content\/uploads\/2020\/11\/feeder-pellet-four-season.jpg","datePublished":"2020-11-23T15:50:06+00:00","dateModified":"2023-06-24T12:42:31+00:00","breadcrumb":{"@id":"https:\/\/melegbait.com\/product\/feeder-pellet-four-season\/#breadcrumb"},"inLanguage":"en-GB","potentialAction":[{"@type":"ReadAction","target":["https:\/\/melegbait.com\/product\/feeder-pellet-four-season\/"]}]},{"@type":"ImageObject","inLanguage":"en-GB","@id":"https:\/\/melegbait.com\/product\/feeder-pellet-four-season\/#primaryimage","url":"https:\/\/melegbait.com\/wp-content\/uploads\/2020\/11\/feeder-pellet-four-season.jpg","contentUrl":"https:\/\/melegbait.com\/wp-content\/uploads\/2020\/11\/feeder-pellet-four-season.jpg","width":600,"height":800},{"@type":"BreadcrumbList","@id":"https:\/\/melegbait.com\/product\/feeder-pellet-four-season\/#breadcrumb","itemListElement":[{"@type":"ListItem","position":1,"name":"Home","item":"https:\/\/melegbait.com\/"},{"@type":"ListItem","position":2,"name":"Shop","item":"https:\/\/melegbait.com\/shop\/"},{"@type":"ListItem","position":3,"name":"Feeder Pellet &#8211; Four Season"}]},{"@type":"WebSite","@id":"https:\/\/melegbait.com\/#website","url":"https:\/\/melegbait.com\/","name":"Meleg bait","description":"Meleg bait","publisher":{"@id":"https:\/\/melegbait.com\/#organization"},"potentialAction":[{"@type":"SearchAction","target":{"@type":"EntryPoint","urlTemplate":"https:\/\/melegbait.com\/?s={search_term_string}"},"query-input":{"@type":"PropertyValueSpecification","valueRequired":true,"valueName":"search_term_string"}}],"inLanguage":"en-GB"},{"@type":"Organization","@id":"https:\/\/melegbait.com\/#organization","name":"Meleg Baits","url":"https:\/\/melegbait.com\/","logo":{"@type":"ImageObject","inLanguage":"en-GB","@id":"https:\/\/melegbait.com\/#\/schema\/logo\/image\/","url":"https:\/\/melegbait.com\/wp-content\/uploads\/2021\/02\/mblogo.jpg","contentUrl":"https:\/\/melegbait.com\/wp-content\/uploads\/2021\/02\/mblogo.jpg","width":250,"height":250,"caption":"Meleg Baits"},"image":{"@id":"https:\/\/melegbait.com\/#\/schema\/logo\/image\/"},"sameAs":["https:\/\/www.facebook.com\/MelegBait"]}]}},"_links":{"self":[{"href":"https:\/\/melegbait.com\/en\/wp-json\/wp\/v2\/product\/30963","targetHints":{"allow":["GET"]}}],"collection":[{"href":"https:\/\/melegbait.com\/en\/wp-json\/wp\/v2\/product"}],"about":[{"href":"https:\/\/melegbait.com\/en\/wp-json\/wp\/v2\/types\/product"}],"replies":[{"embeddable":true,"href":"https:\/\/melegbait.com\/en\/wp-json\/wp\/v2\/comments?post=30963"}],"wp:featuredmedia":[{"embeddable":true,"href":"https:\/\/melegbait.com\/en\/wp-json\/wp\/v2\/media\/30800"}],"wp:attachment":[{"href":"https:\/\/melegbait.com\/en\/wp-json\/wp\/v2\/media?parent=30963"}],"wp:term":[{"taxonomy":"product_brand","embeddable":true,"href":"https:\/\/melegbait.com\/en\/wp-json\/wp\/v2\/product_brand?post=30963"},{"taxonomy":"product_cat","embeddable":true,"href":"https:\/\/melegbait.com\/en\/wp-json\/wp\/v2\/product_cat?post=30963"},{"taxonomy":"product_tag","embeddable":true,"href":"https:\/\/melegbait.com\/en\/wp-json\/wp\/v2\/product_tag?post=30963"}],"curies":[{"name":"wp","href":"https:\/\/api.w.org\/{rel}","templated":true}]}}