{"id":30965,"date":"2020-11-23T16:58:29","date_gmt":"2020-11-23T15:58:29","guid":{"rendered":"https:\/\/melegbait.com\/?post_type=product&#038;p=30965"},"modified":"2024-03-04T15:54:27","modified_gmt":"2024-03-04T14:54:27","slug":"carp-special-pellets-r1","status":"publish","type":"product","link":"https:\/\/melegbait.com\/en\/product\/carp-special-pellets-r1\/","title":{"rendered":"Carp Special Pellets &#8211; R1"},"content":{"rendered":"<p>R1 Pellets is different in many ways from other pellets. Their chemical composition has\nchanged. In previous pellet products, we had a demand from fishermen too change melting\nperiod. The R1 pellet is quite different, because it effectively releases the attractors for 12 hours\nin the water. The unique flav-lock process allows slow release of attractors in order to make the\nmost prolonged carp provoke. With this pellet, it is ideal to use the PVA bag, mesh, in\ncombination with the Qenzyme boilie R1. You will wonder at how fast the carp finds this presented\nbait.<\/p>","protected":false},"excerpt":{"rendered":"<p>R1 Pellets razlikuju se po mnogo \u010demu od ostalih peleta. Njihov hemijski sastav je promenjen. U predhodnim proizvodima peleta smo imali zahtev od strane ribolovaca da se tope velikom brzinom. R1 pelet je sasvim druga\u010diji, jer 12 sati u vodi efektivno ispu\u0161ta primamljiva\u010de. Jedinstvenim flav-lok procesom omogu\u0107eno je sporo oticanje primamljiva\u010da u cilju \u0161to dugotrajnijeg [&hellip;]<\/p>","protected":false},"featured_media":30751,"comment_status":"open","ping_status":"closed","template":"","meta":{"_et_pb_use_builder":"","_et_pb_old_content":"","_et_gb_content_width":""},"product_brand":[],"product_cat":[31,44,50],"product_tag":[],"class_list":{"0":"post-30965","1":"product","2":"type-product","3":"status-publish","4":"has-post-thumbnail","6":"product_cat-carp","7":"product_cat-pellet","8":"product_cat-feeder-pellets","10":"first","11":"instock","12":"taxable","13":"shipping-taxable","14":"purchasable","15":"product-type-simple"},"yoast_head":"<!-- This site is optimized with the Yoast SEO plugin v26.9 - https:\/\/yoast.com\/product\/yoast-seo-wordpress\/ -->\n<title>Carp Special Pellets - R1 - Meleg bait<\/title>\n<meta name=\"robots\" content=\"index, follow, max-snippet:-1, max-image-preview:large, max-video-preview:-1\" \/>\n<link rel=\"canonical\" href=\"https:\/\/melegbait.com\/en\/product\/carp-special-pellets-r1\/\" \/>\n<meta property=\"og:locale\" content=\"en_GB\" \/>\n<meta property=\"og:type\" content=\"article\" \/>\n<meta property=\"og:title\" content=\"Carp Special Pellets - R1 - Meleg bait\" \/>\n<meta property=\"og:description\" content=\"R1 Pellets razlikuju se po mnogo \u010demu od ostalih peleta. Njihov hemijski sastav je promenjen. U predhodnim proizvodima peleta smo imali zahtev od strane ribolovaca da se tope velikom brzinom. R1 pelet je sasvim druga\u010diji, jer 12 sati u vodi efektivno ispu\u0161ta primamljiva\u010de. Jedinstvenim flav-lok procesom omogu\u0107eno je sporo oticanje primamljiva\u010da u cilju \u0161to dugotrajnijeg [&hellip;]\" \/>\n<meta property=\"og:url\" content=\"https:\/\/melegbait.com\/en\/product\/carp-special-pellets-r1\/\" \/>\n<meta property=\"og:site_name\" content=\"Meleg bait\" \/>\n<meta property=\"article:publisher\" content=\"https:\/\/www.facebook.com\/MelegBait\" \/>\n<meta property=\"article:modified_time\" content=\"2024-03-04T14:54:27+00:00\" \/>\n<meta property=\"og:image\" content=\"https:\/\/melegbait.com\/wp-content\/uploads\/2020\/11\/carp-special-r1-pellets.jpg\" \/>\n\t<meta property=\"og:image:width\" content=\"600\" \/>\n\t<meta property=\"og:image:height\" content=\"800\" \/>\n\t<meta property=\"og:image:type\" content=\"image\/jpeg\" \/>\n<meta name=\"twitter:card\" content=\"summary_large_image\" \/>\n<meta name=\"twitter:label1\" content=\"Estimated reading time\" \/>\n\t<meta name=\"twitter:data1\" content=\"1 minute\" \/>\n<script type=\"application\/ld+json\" class=\"yoast-schema-graph\">{\"@context\":\"https:\/\/schema.org\",\"@graph\":[{\"@type\":\"WebPage\",\"@id\":\"https:\/\/melegbait.com\/product\/carp-special-pellets-r1\/\",\"url\":\"https:\/\/melegbait.com\/product\/carp-special-pellets-r1\/\",\"name\":\"Carp Special Pellets - R1 - Meleg bait\",\"isPartOf\":{\"@id\":\"https:\/\/melegbait.com\/#website\"},\"primaryImageOfPage\":{\"@id\":\"https:\/\/melegbait.com\/product\/carp-special-pellets-r1\/#primaryimage\"},\"image\":{\"@id\":\"https:\/\/melegbait.com\/product\/carp-special-pellets-r1\/#primaryimage\"},\"thumbnailUrl\":\"https:\/\/melegbait.com\/wp-content\/uploads\/2020\/11\/carp-special-r1-pellets.jpg\",\"datePublished\":\"2020-11-23T15:58:29+00:00\",\"dateModified\":\"2024-03-04T14:54:27+00:00\",\"breadcrumb\":{\"@id\":\"https:\/\/melegbait.com\/product\/carp-special-pellets-r1\/#breadcrumb\"},\"inLanguage\":\"en-GB\",\"potentialAction\":[{\"@type\":\"ReadAction\",\"target\":[\"https:\/\/melegbait.com\/product\/carp-special-pellets-r1\/\"]}]},{\"@type\":\"ImageObject\",\"inLanguage\":\"en-GB\",\"@id\":\"https:\/\/melegbait.com\/product\/carp-special-pellets-r1\/#primaryimage\",\"url\":\"https:\/\/melegbait.com\/wp-content\/uploads\/2020\/11\/carp-special-r1-pellets.jpg\",\"contentUrl\":\"https:\/\/melegbait.com\/wp-content\/uploads\/2020\/11\/carp-special-r1-pellets.jpg\",\"width\":600,\"height\":800},{\"@type\":\"BreadcrumbList\",\"@id\":\"https:\/\/melegbait.com\/product\/carp-special-pellets-r1\/#breadcrumb\",\"itemListElement\":[{\"@type\":\"ListItem\",\"position\":1,\"name\":\"Home\",\"item\":\"https:\/\/melegbait.com\/\"},{\"@type\":\"ListItem\",\"position\":2,\"name\":\"Shop\",\"item\":\"https:\/\/melegbait.com\/shop\/\"},{\"@type\":\"ListItem\",\"position\":3,\"name\":\"Carp Special Pellets &#8211; R1\"}]},{\"@type\":\"WebSite\",\"@id\":\"https:\/\/melegbait.com\/#website\",\"url\":\"https:\/\/melegbait.com\/\",\"name\":\"Meleg bait\",\"description\":\"Meleg bait\",\"publisher\":{\"@id\":\"https:\/\/melegbait.com\/#organization\"},\"potentialAction\":[{\"@type\":\"SearchAction\",\"target\":{\"@type\":\"EntryPoint\",\"urlTemplate\":\"https:\/\/melegbait.com\/?s={search_term_string}\"},\"query-input\":{\"@type\":\"PropertyValueSpecification\",\"valueRequired\":true,\"valueName\":\"search_term_string\"}}],\"inLanguage\":\"en-GB\"},{\"@type\":\"Organization\",\"@id\":\"https:\/\/melegbait.com\/#organization\",\"name\":\"Meleg Baits\",\"url\":\"https:\/\/melegbait.com\/\",\"logo\":{\"@type\":\"ImageObject\",\"inLanguage\":\"en-GB\",\"@id\":\"https:\/\/melegbait.com\/#\/schema\/logo\/image\/\",\"url\":\"https:\/\/melegbait.com\/wp-content\/uploads\/2021\/02\/mblogo.jpg\",\"contentUrl\":\"https:\/\/melegbait.com\/wp-content\/uploads\/2021\/02\/mblogo.jpg\",\"width\":250,\"height\":250,\"caption\":\"Meleg Baits\"},\"image\":{\"@id\":\"https:\/\/melegbait.com\/#\/schema\/logo\/image\/\"},\"sameAs\":[\"https:\/\/www.facebook.com\/MelegBait\"]}]}<\/script>\n<!-- \/ Yoast SEO plugin. -->","yoast_head_json":{"title":"Carp Special Pellets - R1 - Meleg bait","robots":{"index":"index","follow":"follow","max-snippet":"max-snippet:-1","max-image-preview":"max-image-preview:large","max-video-preview":"max-video-preview:-1"},"canonical":"https:\/\/melegbait.com\/en\/product\/carp-special-pellets-r1\/","og_locale":"en_GB","og_type":"article","og_title":"Carp Special Pellets - R1 - Meleg bait","og_description":"R1 Pellets razlikuju se po mnogo \u010demu od ostalih peleta. Njihov hemijski sastav je promenjen. U predhodnim proizvodima peleta smo imali zahtev od strane ribolovaca da se tope velikom brzinom. R1 pelet je sasvim druga\u010diji, jer 12 sati u vodi efektivno ispu\u0161ta primamljiva\u010de. Jedinstvenim flav-lok procesom omogu\u0107eno je sporo oticanje primamljiva\u010da u cilju \u0161to dugotrajnijeg [&hellip;]","og_url":"https:\/\/melegbait.com\/en\/product\/carp-special-pellets-r1\/","og_site_name":"Meleg bait","article_publisher":"https:\/\/www.facebook.com\/MelegBait","article_modified_time":"2024-03-04T14:54:27+00:00","og_image":[{"width":600,"height":800,"url":"https:\/\/melegbait.com\/wp-content\/uploads\/2020\/11\/carp-special-r1-pellets.jpg","type":"image\/jpeg"}],"twitter_card":"summary_large_image","twitter_misc":{"Estimated reading time":"1 minute"},"schema":{"@context":"https:\/\/schema.org","@graph":[{"@type":"WebPage","@id":"https:\/\/melegbait.com\/product\/carp-special-pellets-r1\/","url":"https:\/\/melegbait.com\/product\/carp-special-pellets-r1\/","name":"Carp Special Pellets - R1 - Meleg bait","isPartOf":{"@id":"https:\/\/melegbait.com\/#website"},"primaryImageOfPage":{"@id":"https:\/\/melegbait.com\/product\/carp-special-pellets-r1\/#primaryimage"},"image":{"@id":"https:\/\/melegbait.com\/product\/carp-special-pellets-r1\/#primaryimage"},"thumbnailUrl":"https:\/\/melegbait.com\/wp-content\/uploads\/2020\/11\/carp-special-r1-pellets.jpg","datePublished":"2020-11-23T15:58:29+00:00","dateModified":"2024-03-04T14:54:27+00:00","breadcrumb":{"@id":"https:\/\/melegbait.com\/product\/carp-special-pellets-r1\/#breadcrumb"},"inLanguage":"en-GB","potentialAction":[{"@type":"ReadAction","target":["https:\/\/melegbait.com\/product\/carp-special-pellets-r1\/"]}]},{"@type":"ImageObject","inLanguage":"en-GB","@id":"https:\/\/melegbait.com\/product\/carp-special-pellets-r1\/#primaryimage","url":"https:\/\/melegbait.com\/wp-content\/uploads\/2020\/11\/carp-special-r1-pellets.jpg","contentUrl":"https:\/\/melegbait.com\/wp-content\/uploads\/2020\/11\/carp-special-r1-pellets.jpg","width":600,"height":800},{"@type":"BreadcrumbList","@id":"https:\/\/melegbait.com\/product\/carp-special-pellets-r1\/#breadcrumb","itemListElement":[{"@type":"ListItem","position":1,"name":"Home","item":"https:\/\/melegbait.com\/"},{"@type":"ListItem","position":2,"name":"Shop","item":"https:\/\/melegbait.com\/shop\/"},{"@type":"ListItem","position":3,"name":"Carp Special Pellets &#8211; R1"}]},{"@type":"WebSite","@id":"https:\/\/melegbait.com\/#website","url":"https:\/\/melegbait.com\/","name":"Meleg bait","description":"Meleg bait","publisher":{"@id":"https:\/\/melegbait.com\/#organization"},"potentialAction":[{"@type":"SearchAction","target":{"@type":"EntryPoint","urlTemplate":"https:\/\/melegbait.com\/?s={search_term_string}"},"query-input":{"@type":"PropertyValueSpecification","valueRequired":true,"valueName":"search_term_string"}}],"inLanguage":"en-GB"},{"@type":"Organization","@id":"https:\/\/melegbait.com\/#organization","name":"Meleg Baits","url":"https:\/\/melegbait.com\/","logo":{"@type":"ImageObject","inLanguage":"en-GB","@id":"https:\/\/melegbait.com\/#\/schema\/logo\/image\/","url":"https:\/\/melegbait.com\/wp-content\/uploads\/2021\/02\/mblogo.jpg","contentUrl":"https:\/\/melegbait.com\/wp-content\/uploads\/2021\/02\/mblogo.jpg","width":250,"height":250,"caption":"Meleg Baits"},"image":{"@id":"https:\/\/melegbait.com\/#\/schema\/logo\/image\/"},"sameAs":["https:\/\/www.facebook.com\/MelegBait"]}]}},"_links":{"self":[{"href":"https:\/\/melegbait.com\/en\/wp-json\/wp\/v2\/product\/30965","targetHints":{"allow":["GET"]}}],"collection":[{"href":"https:\/\/melegbait.com\/en\/wp-json\/wp\/v2\/product"}],"about":[{"href":"https:\/\/melegbait.com\/en\/wp-json\/wp\/v2\/types\/product"}],"replies":[{"embeddable":true,"href":"https:\/\/melegbait.com\/en\/wp-json\/wp\/v2\/comments?post=30965"}],"wp:featuredmedia":[{"embeddable":true,"href":"https:\/\/melegbait.com\/en\/wp-json\/wp\/v2\/media\/30751"}],"wp:attachment":[{"href":"https:\/\/melegbait.com\/en\/wp-json\/wp\/v2\/media?parent=30965"}],"wp:term":[{"taxonomy":"product_brand","embeddable":true,"href":"https:\/\/melegbait.com\/en\/wp-json\/wp\/v2\/product_brand?post=30965"},{"taxonomy":"product_cat","embeddable":true,"href":"https:\/\/melegbait.com\/en\/wp-json\/wp\/v2\/product_cat?post=30965"},{"taxonomy":"product_tag","embeddable":true,"href":"https:\/\/melegbait.com\/en\/wp-json\/wp\/v2\/product_tag?post=30965"}],"curies":[{"name":"wp","href":"https:\/\/api.w.org\/{rel}","templated":true}]}}