{"id":30967,"date":"2020-11-23T17:00:34","date_gmt":"2020-11-23T16:00:34","guid":{"rendered":"https:\/\/melegbait.com\/?post_type=product&#038;p=30967"},"modified":"2024-03-04T15:54:12","modified_gmt":"2024-03-04T14:54:12","slug":"carp-special-pellets-f1-copy","status":"publish","type":"product","link":"https:\/\/melegbait.com\/en\/product\/carp-special-pellets-f1-copy\/","title":{"rendered":"Carp Special Pellets &#8211; M1"},"content":{"rendered":"<p>M1 is a product that we have been developing in collaboration with Tony Mills for 25 years. It bears the family initials M1, which stand for Meleg 1. It is one of the first products that has not left fish or the people who have used it indifferent. Many companies have tried to create the same product, but apart from the name, they have not been able to create a product like our original M1.<\/p>","protected":false},"excerpt":{"rendered":"<p>M1 je proizvod koji smo razvijali 25 godina u saradnji sa Tony Mills-om, koji nosi porodi\u010dne incijale M1 kao Meleg 1. To je jedan od prvih proizvoda koji nije ostavio ribu ravnodu\u0161nom kao ni ljude koji su ga koristili. Mnoge firme su pokusale da naprave isti, ali osim imena nije im po\u0161lo za rukom da [&hellip;]<\/p>","protected":false},"featured_media":30750,"comment_status":"open","ping_status":"closed","template":"","meta":{"_et_pb_use_builder":"","_et_pb_old_content":"","_et_gb_content_width":""},"product_brand":[],"product_cat":[31,44,50],"product_tag":[],"class_list":{"0":"post-30967","1":"product","2":"type-product","3":"status-publish","4":"has-post-thumbnail","6":"product_cat-carp","7":"product_cat-pellet","8":"product_cat-feeder-pellets","10":"first","11":"instock","12":"taxable","13":"shipping-taxable","14":"purchasable","15":"product-type-simple"},"yoast_head":"<!-- This site is optimized with the Yoast SEO plugin v26.9 - https:\/\/yoast.com\/product\/yoast-seo-wordpress\/ -->\n<title>Carp Special Pellets - M1 - Meleg bait<\/title>\n<meta name=\"robots\" content=\"index, follow, max-snippet:-1, max-image-preview:large, max-video-preview:-1\" \/>\n<link rel=\"canonical\" href=\"https:\/\/melegbait.com\/en\/product\/carp-special-pellets-f1-copy\/\" \/>\n<meta property=\"og:locale\" content=\"en_GB\" \/>\n<meta property=\"og:type\" content=\"article\" \/>\n<meta property=\"og:title\" content=\"Carp Special Pellets - M1 - Meleg bait\" \/>\n<meta property=\"og:description\" content=\"M1 je proizvod koji smo razvijali 25 godina u saradnji sa Tony Mills-om, koji nosi porodi\u010dne incijale M1 kao Meleg 1. To je jedan od prvih proizvoda koji nije ostavio ribu ravnodu\u0161nom kao ni ljude koji su ga koristili. Mnoge firme su pokusale da naprave isti, ali osim imena nije im po\u0161lo za rukom da [&hellip;]\" \/>\n<meta property=\"og:url\" content=\"https:\/\/melegbait.com\/en\/product\/carp-special-pellets-f1-copy\/\" \/>\n<meta property=\"og:site_name\" content=\"Meleg bait\" \/>\n<meta property=\"article:publisher\" content=\"https:\/\/www.facebook.com\/MelegBait\" \/>\n<meta property=\"article:modified_time\" content=\"2024-03-04T14:54:12+00:00\" \/>\n<meta property=\"og:image\" content=\"https:\/\/melegbait.com\/wp-content\/uploads\/2020\/11\/carp-special-m1-pellets.jpg\" \/>\n\t<meta property=\"og:image:width\" content=\"600\" \/>\n\t<meta property=\"og:image:height\" content=\"800\" \/>\n\t<meta property=\"og:image:type\" content=\"image\/jpeg\" \/>\n<meta name=\"twitter:card\" content=\"summary_large_image\" \/>\n<meta name=\"twitter:label1\" content=\"Estimated reading time\" \/>\n\t<meta name=\"twitter:data1\" content=\"1 minute\" \/>\n<script type=\"application\/ld+json\" class=\"yoast-schema-graph\">{\"@context\":\"https:\/\/schema.org\",\"@graph\":[{\"@type\":\"WebPage\",\"@id\":\"https:\/\/melegbait.com\/product\/carp-special-pellets-f1-copy\/\",\"url\":\"https:\/\/melegbait.com\/product\/carp-special-pellets-f1-copy\/\",\"name\":\"Carp Special Pellets - M1 - Meleg bait\",\"isPartOf\":{\"@id\":\"https:\/\/melegbait.com\/#website\"},\"primaryImageOfPage\":{\"@id\":\"https:\/\/melegbait.com\/product\/carp-special-pellets-f1-copy\/#primaryimage\"},\"image\":{\"@id\":\"https:\/\/melegbait.com\/product\/carp-special-pellets-f1-copy\/#primaryimage\"},\"thumbnailUrl\":\"https:\/\/melegbait.com\/wp-content\/uploads\/2020\/11\/carp-special-m1-pellets.jpg\",\"datePublished\":\"2020-11-23T16:00:34+00:00\",\"dateModified\":\"2024-03-04T14:54:12+00:00\",\"breadcrumb\":{\"@id\":\"https:\/\/melegbait.com\/product\/carp-special-pellets-f1-copy\/#breadcrumb\"},\"inLanguage\":\"en-GB\",\"potentialAction\":[{\"@type\":\"ReadAction\",\"target\":[\"https:\/\/melegbait.com\/product\/carp-special-pellets-f1-copy\/\"]}]},{\"@type\":\"ImageObject\",\"inLanguage\":\"en-GB\",\"@id\":\"https:\/\/melegbait.com\/product\/carp-special-pellets-f1-copy\/#primaryimage\",\"url\":\"https:\/\/melegbait.com\/wp-content\/uploads\/2020\/11\/carp-special-m1-pellets.jpg\",\"contentUrl\":\"https:\/\/melegbait.com\/wp-content\/uploads\/2020\/11\/carp-special-m1-pellets.jpg\",\"width\":600,\"height\":800},{\"@type\":\"BreadcrumbList\",\"@id\":\"https:\/\/melegbait.com\/product\/carp-special-pellets-f1-copy\/#breadcrumb\",\"itemListElement\":[{\"@type\":\"ListItem\",\"position\":1,\"name\":\"Home\",\"item\":\"https:\/\/melegbait.com\/\"},{\"@type\":\"ListItem\",\"position\":2,\"name\":\"Shop\",\"item\":\"https:\/\/melegbait.com\/shop\/\"},{\"@type\":\"ListItem\",\"position\":3,\"name\":\"Carp Special Pellets &#8211; M1\"}]},{\"@type\":\"WebSite\",\"@id\":\"https:\/\/melegbait.com\/#website\",\"url\":\"https:\/\/melegbait.com\/\",\"name\":\"Meleg bait\",\"description\":\"Meleg bait\",\"publisher\":{\"@id\":\"https:\/\/melegbait.com\/#organization\"},\"potentialAction\":[{\"@type\":\"SearchAction\",\"target\":{\"@type\":\"EntryPoint\",\"urlTemplate\":\"https:\/\/melegbait.com\/?s={search_term_string}\"},\"query-input\":{\"@type\":\"PropertyValueSpecification\",\"valueRequired\":true,\"valueName\":\"search_term_string\"}}],\"inLanguage\":\"en-GB\"},{\"@type\":\"Organization\",\"@id\":\"https:\/\/melegbait.com\/#organization\",\"name\":\"Meleg Baits\",\"url\":\"https:\/\/melegbait.com\/\",\"logo\":{\"@type\":\"ImageObject\",\"inLanguage\":\"en-GB\",\"@id\":\"https:\/\/melegbait.com\/#\/schema\/logo\/image\/\",\"url\":\"https:\/\/melegbait.com\/wp-content\/uploads\/2021\/02\/mblogo.jpg\",\"contentUrl\":\"https:\/\/melegbait.com\/wp-content\/uploads\/2021\/02\/mblogo.jpg\",\"width\":250,\"height\":250,\"caption\":\"Meleg Baits\"},\"image\":{\"@id\":\"https:\/\/melegbait.com\/#\/schema\/logo\/image\/\"},\"sameAs\":[\"https:\/\/www.facebook.com\/MelegBait\"]}]}<\/script>\n<!-- \/ Yoast SEO plugin. -->","yoast_head_json":{"title":"Carp Special Pellets - M1 - Meleg bait","robots":{"index":"index","follow":"follow","max-snippet":"max-snippet:-1","max-image-preview":"max-image-preview:large","max-video-preview":"max-video-preview:-1"},"canonical":"https:\/\/melegbait.com\/en\/product\/carp-special-pellets-f1-copy\/","og_locale":"en_GB","og_type":"article","og_title":"Carp Special Pellets - M1 - Meleg bait","og_description":"M1 je proizvod koji smo razvijali 25 godina u saradnji sa Tony Mills-om, koji nosi porodi\u010dne incijale M1 kao Meleg 1. To je jedan od prvih proizvoda koji nije ostavio ribu ravnodu\u0161nom kao ni ljude koji su ga koristili. Mnoge firme su pokusale da naprave isti, ali osim imena nije im po\u0161lo za rukom da [&hellip;]","og_url":"https:\/\/melegbait.com\/en\/product\/carp-special-pellets-f1-copy\/","og_site_name":"Meleg bait","article_publisher":"https:\/\/www.facebook.com\/MelegBait","article_modified_time":"2024-03-04T14:54:12+00:00","og_image":[{"width":600,"height":800,"url":"https:\/\/melegbait.com\/wp-content\/uploads\/2020\/11\/carp-special-m1-pellets.jpg","type":"image\/jpeg"}],"twitter_card":"summary_large_image","twitter_misc":{"Estimated reading time":"1 minute"},"schema":{"@context":"https:\/\/schema.org","@graph":[{"@type":"WebPage","@id":"https:\/\/melegbait.com\/product\/carp-special-pellets-f1-copy\/","url":"https:\/\/melegbait.com\/product\/carp-special-pellets-f1-copy\/","name":"Carp Special Pellets - M1 - Meleg bait","isPartOf":{"@id":"https:\/\/melegbait.com\/#website"},"primaryImageOfPage":{"@id":"https:\/\/melegbait.com\/product\/carp-special-pellets-f1-copy\/#primaryimage"},"image":{"@id":"https:\/\/melegbait.com\/product\/carp-special-pellets-f1-copy\/#primaryimage"},"thumbnailUrl":"https:\/\/melegbait.com\/wp-content\/uploads\/2020\/11\/carp-special-m1-pellets.jpg","datePublished":"2020-11-23T16:00:34+00:00","dateModified":"2024-03-04T14:54:12+00:00","breadcrumb":{"@id":"https:\/\/melegbait.com\/product\/carp-special-pellets-f1-copy\/#breadcrumb"},"inLanguage":"en-GB","potentialAction":[{"@type":"ReadAction","target":["https:\/\/melegbait.com\/product\/carp-special-pellets-f1-copy\/"]}]},{"@type":"ImageObject","inLanguage":"en-GB","@id":"https:\/\/melegbait.com\/product\/carp-special-pellets-f1-copy\/#primaryimage","url":"https:\/\/melegbait.com\/wp-content\/uploads\/2020\/11\/carp-special-m1-pellets.jpg","contentUrl":"https:\/\/melegbait.com\/wp-content\/uploads\/2020\/11\/carp-special-m1-pellets.jpg","width":600,"height":800},{"@type":"BreadcrumbList","@id":"https:\/\/melegbait.com\/product\/carp-special-pellets-f1-copy\/#breadcrumb","itemListElement":[{"@type":"ListItem","position":1,"name":"Home","item":"https:\/\/melegbait.com\/"},{"@type":"ListItem","position":2,"name":"Shop","item":"https:\/\/melegbait.com\/shop\/"},{"@type":"ListItem","position":3,"name":"Carp Special Pellets &#8211; M1"}]},{"@type":"WebSite","@id":"https:\/\/melegbait.com\/#website","url":"https:\/\/melegbait.com\/","name":"Meleg bait","description":"Meleg bait","publisher":{"@id":"https:\/\/melegbait.com\/#organization"},"potentialAction":[{"@type":"SearchAction","target":{"@type":"EntryPoint","urlTemplate":"https:\/\/melegbait.com\/?s={search_term_string}"},"query-input":{"@type":"PropertyValueSpecification","valueRequired":true,"valueName":"search_term_string"}}],"inLanguage":"en-GB"},{"@type":"Organization","@id":"https:\/\/melegbait.com\/#organization","name":"Meleg Baits","url":"https:\/\/melegbait.com\/","logo":{"@type":"ImageObject","inLanguage":"en-GB","@id":"https:\/\/melegbait.com\/#\/schema\/logo\/image\/","url":"https:\/\/melegbait.com\/wp-content\/uploads\/2021\/02\/mblogo.jpg","contentUrl":"https:\/\/melegbait.com\/wp-content\/uploads\/2021\/02\/mblogo.jpg","width":250,"height":250,"caption":"Meleg Baits"},"image":{"@id":"https:\/\/melegbait.com\/#\/schema\/logo\/image\/"},"sameAs":["https:\/\/www.facebook.com\/MelegBait"]}]}},"_links":{"self":[{"href":"https:\/\/melegbait.com\/en\/wp-json\/wp\/v2\/product\/30967","targetHints":{"allow":["GET"]}}],"collection":[{"href":"https:\/\/melegbait.com\/en\/wp-json\/wp\/v2\/product"}],"about":[{"href":"https:\/\/melegbait.com\/en\/wp-json\/wp\/v2\/types\/product"}],"replies":[{"embeddable":true,"href":"https:\/\/melegbait.com\/en\/wp-json\/wp\/v2\/comments?post=30967"}],"wp:featuredmedia":[{"embeddable":true,"href":"https:\/\/melegbait.com\/en\/wp-json\/wp\/v2\/media\/30750"}],"wp:attachment":[{"href":"https:\/\/melegbait.com\/en\/wp-json\/wp\/v2\/media?parent=30967"}],"wp:term":[{"taxonomy":"product_brand","embeddable":true,"href":"https:\/\/melegbait.com\/en\/wp-json\/wp\/v2\/product_brand?post=30967"},{"taxonomy":"product_cat","embeddable":true,"href":"https:\/\/melegbait.com\/en\/wp-json\/wp\/v2\/product_cat?post=30967"},{"taxonomy":"product_tag","embeddable":true,"href":"https:\/\/melegbait.com\/en\/wp-json\/wp\/v2\/product_tag?post=30967"}],"curies":[{"name":"wp","href":"https:\/\/api.w.org\/{rel}","templated":true}]}}