{"id":31015,"date":"2020-11-25T15:00:17","date_gmt":"2020-11-25T14:00:17","guid":{"rendered":"https:\/\/melegbait.com\/?post_type=product&#038;p=31015"},"modified":"2025-06-24T12:47:20","modified_gmt":"2025-06-24T11:47:20","slug":"high-energy-feeder-carp-special","status":"publish","type":"product","link":"https:\/\/melegbait.com\/en\/product\/high-energy-feeder-carp-special\/","title":{"rendered":"Extreme Groundbait Feeder: Carp Special 1kg"},"content":{"rendered":"<div align=\"justify\">A large part of the components we use in making this food is used in the making of boilie. We\nput an imperative on quality. We have succeeded in finding such an attitude of strawberries and\nshells and components that the carp immediately recognizes as its natural food.\nBecause of its compactness it can be used equally on lakes and rivers 3KG.<\/div>","protected":false},"excerpt":{"rendered":"<p>Carp Special je rezultat dugogodi\u0161njeg iztra\u017eivanja i rada na\u0161eg istra\u017eiva\u010dkog centra. Ovaj High Energy Feeder isti\u010du komponente kao \u0161to su konoplja, mleveno niger seme i bra\u0161no secer\u0107a koj su na kraju za\u010dinjeni sa Strawberry Lotus aromom. \u010cim dodate vodu u Carp Special i krenete me\u0161ati, oseti\u0107ete miris koji \u0107e Vas uveriti u snagu ovog proizvoda. [&hellip;]<\/p>","protected":false},"featured_media":31016,"comment_status":"open","ping_status":"closed","template":"","meta":{"_et_pb_use_builder":"","_et_pb_old_content":"","_et_gb_content_width":""},"product_brand":[],"product_cat":[31,46,47,52],"product_tag":[],"class_list":{"0":"post-31015","1":"product","2":"type-product","3":"status-publish","4":"has-post-thumbnail","6":"product_cat-carp","7":"product_cat-ground-bait","8":"product_cat-feeder-i-match","9":"product_cat-ground-bait-feeder-i-match","11":"first","12":"outofstock","13":"taxable","14":"shipping-taxable","15":"purchasable","16":"product-type-simple"},"yoast_head":"<!-- This site is optimized with the Yoast SEO plugin v26.9 - https:\/\/yoast.com\/product\/yoast-seo-wordpress\/ -->\n<title>Extreme Groundbait Feeder: Carp Special 1kg - Meleg bait<\/title>\n<meta name=\"robots\" content=\"index, follow, max-snippet:-1, max-image-preview:large, max-video-preview:-1\" \/>\n<link rel=\"canonical\" href=\"https:\/\/melegbait.com\/en\/product\/high-energy-feeder-carp-special\/\" \/>\n<meta property=\"og:locale\" content=\"en_GB\" \/>\n<meta property=\"og:type\" content=\"article\" \/>\n<meta property=\"og:title\" content=\"Extreme Groundbait Feeder: Carp Special 1kg - Meleg bait\" \/>\n<meta property=\"og:description\" content=\"Carp Special je rezultat dugogodi\u0161njeg iztra\u017eivanja i rada na\u0161eg istra\u017eiva\u010dkog centra. Ovaj High Energy Feeder isti\u010du komponente kao \u0161to su konoplja, mleveno niger seme i bra\u0161no secer\u0107a koj su na kraju za\u010dinjeni sa Strawberry Lotus aromom. \u010cim dodate vodu u Carp Special i krenete me\u0161ati, oseti\u0107ete miris koji \u0107e Vas uveriti u snagu ovog proizvoda. [&hellip;]\" \/>\n<meta property=\"og:url\" content=\"https:\/\/melegbait.com\/en\/product\/high-energy-feeder-carp-special\/\" \/>\n<meta property=\"og:site_name\" content=\"Meleg bait\" \/>\n<meta property=\"article:publisher\" content=\"https:\/\/www.facebook.com\/MelegBait\" \/>\n<meta property=\"article:modified_time\" content=\"2025-06-24T11:47:20+00:00\" \/>\n<meta property=\"og:image\" content=\"https:\/\/melegbait.com\/wp-content\/uploads\/2020\/11\/groundbait-carp.jpg\" \/>\n\t<meta property=\"og:image:width\" content=\"435\" \/>\n\t<meta property=\"og:image:height\" content=\"450\" \/>\n\t<meta property=\"og:image:type\" content=\"image\/jpeg\" \/>\n<meta name=\"twitter:card\" content=\"summary_large_image\" \/>\n<meta name=\"twitter:label1\" content=\"Estimated reading time\" \/>\n\t<meta name=\"twitter:data1\" content=\"1 minute\" \/>\n<script type=\"application\/ld+json\" class=\"yoast-schema-graph\">{\"@context\":\"https:\/\/schema.org\",\"@graph\":[{\"@type\":\"WebPage\",\"@id\":\"https:\/\/melegbait.com\/product\/high-energy-feeder-carp-special\/\",\"url\":\"https:\/\/melegbait.com\/product\/high-energy-feeder-carp-special\/\",\"name\":\"Extreme Groundbait Feeder: Carp Special 1kg - Meleg bait\",\"isPartOf\":{\"@id\":\"https:\/\/melegbait.com\/#website\"},\"primaryImageOfPage\":{\"@id\":\"https:\/\/melegbait.com\/product\/high-energy-feeder-carp-special\/#primaryimage\"},\"image\":{\"@id\":\"https:\/\/melegbait.com\/product\/high-energy-feeder-carp-special\/#primaryimage\"},\"thumbnailUrl\":\"https:\/\/melegbait.com\/wp-content\/uploads\/2020\/11\/groundbait-carp.jpg\",\"datePublished\":\"2020-11-25T14:00:17+00:00\",\"dateModified\":\"2025-06-24T11:47:20+00:00\",\"breadcrumb\":{\"@id\":\"https:\/\/melegbait.com\/product\/high-energy-feeder-carp-special\/#breadcrumb\"},\"inLanguage\":\"en-GB\",\"potentialAction\":[{\"@type\":\"ReadAction\",\"target\":[\"https:\/\/melegbait.com\/product\/high-energy-feeder-carp-special\/\"]}]},{\"@type\":\"ImageObject\",\"inLanguage\":\"en-GB\",\"@id\":\"https:\/\/melegbait.com\/product\/high-energy-feeder-carp-special\/#primaryimage\",\"url\":\"https:\/\/melegbait.com\/wp-content\/uploads\/2020\/11\/groundbait-carp.jpg\",\"contentUrl\":\"https:\/\/melegbait.com\/wp-content\/uploads\/2020\/11\/groundbait-carp.jpg\",\"width\":435,\"height\":450},{\"@type\":\"BreadcrumbList\",\"@id\":\"https:\/\/melegbait.com\/product\/high-energy-feeder-carp-special\/#breadcrumb\",\"itemListElement\":[{\"@type\":\"ListItem\",\"position\":1,\"name\":\"Home\",\"item\":\"https:\/\/melegbait.com\/\"},{\"@type\":\"ListItem\",\"position\":2,\"name\":\"Shop\",\"item\":\"https:\/\/melegbait.com\/shop\/\"},{\"@type\":\"ListItem\",\"position\":3,\"name\":\"Extreme Groundbait Feeder: Carp Special 1kg\"}]},{\"@type\":\"WebSite\",\"@id\":\"https:\/\/melegbait.com\/#website\",\"url\":\"https:\/\/melegbait.com\/\",\"name\":\"Meleg bait\",\"description\":\"Meleg bait\",\"publisher\":{\"@id\":\"https:\/\/melegbait.com\/#organization\"},\"potentialAction\":[{\"@type\":\"SearchAction\",\"target\":{\"@type\":\"EntryPoint\",\"urlTemplate\":\"https:\/\/melegbait.com\/?s={search_term_string}\"},\"query-input\":{\"@type\":\"PropertyValueSpecification\",\"valueRequired\":true,\"valueName\":\"search_term_string\"}}],\"inLanguage\":\"en-GB\"},{\"@type\":\"Organization\",\"@id\":\"https:\/\/melegbait.com\/#organization\",\"name\":\"Meleg Baits\",\"url\":\"https:\/\/melegbait.com\/\",\"logo\":{\"@type\":\"ImageObject\",\"inLanguage\":\"en-GB\",\"@id\":\"https:\/\/melegbait.com\/#\/schema\/logo\/image\/\",\"url\":\"https:\/\/melegbait.com\/wp-content\/uploads\/2021\/02\/mblogo.jpg\",\"contentUrl\":\"https:\/\/melegbait.com\/wp-content\/uploads\/2021\/02\/mblogo.jpg\",\"width\":250,\"height\":250,\"caption\":\"Meleg Baits\"},\"image\":{\"@id\":\"https:\/\/melegbait.com\/#\/schema\/logo\/image\/\"},\"sameAs\":[\"https:\/\/www.facebook.com\/MelegBait\"]}]}<\/script>\n<!-- \/ Yoast SEO plugin. -->","yoast_head_json":{"title":"Extreme Groundbait Feeder: Carp Special 1kg - Meleg bait","robots":{"index":"index","follow":"follow","max-snippet":"max-snippet:-1","max-image-preview":"max-image-preview:large","max-video-preview":"max-video-preview:-1"},"canonical":"https:\/\/melegbait.com\/en\/product\/high-energy-feeder-carp-special\/","og_locale":"en_GB","og_type":"article","og_title":"Extreme Groundbait Feeder: Carp Special 1kg - Meleg bait","og_description":"Carp Special je rezultat dugogodi\u0161njeg iztra\u017eivanja i rada na\u0161eg istra\u017eiva\u010dkog centra. Ovaj High Energy Feeder isti\u010du komponente kao \u0161to su konoplja, mleveno niger seme i bra\u0161no secer\u0107a koj su na kraju za\u010dinjeni sa Strawberry Lotus aromom. \u010cim dodate vodu u Carp Special i krenete me\u0161ati, oseti\u0107ete miris koji \u0107e Vas uveriti u snagu ovog proizvoda. [&hellip;]","og_url":"https:\/\/melegbait.com\/en\/product\/high-energy-feeder-carp-special\/","og_site_name":"Meleg bait","article_publisher":"https:\/\/www.facebook.com\/MelegBait","article_modified_time":"2025-06-24T11:47:20+00:00","og_image":[{"width":435,"height":450,"url":"https:\/\/melegbait.com\/wp-content\/uploads\/2020\/11\/groundbait-carp.jpg","type":"image\/jpeg"}],"twitter_card":"summary_large_image","twitter_misc":{"Estimated reading time":"1 minute"},"schema":{"@context":"https:\/\/schema.org","@graph":[{"@type":"WebPage","@id":"https:\/\/melegbait.com\/product\/high-energy-feeder-carp-special\/","url":"https:\/\/melegbait.com\/product\/high-energy-feeder-carp-special\/","name":"Extreme Groundbait Feeder: Carp Special 1kg - Meleg bait","isPartOf":{"@id":"https:\/\/melegbait.com\/#website"},"primaryImageOfPage":{"@id":"https:\/\/melegbait.com\/product\/high-energy-feeder-carp-special\/#primaryimage"},"image":{"@id":"https:\/\/melegbait.com\/product\/high-energy-feeder-carp-special\/#primaryimage"},"thumbnailUrl":"https:\/\/melegbait.com\/wp-content\/uploads\/2020\/11\/groundbait-carp.jpg","datePublished":"2020-11-25T14:00:17+00:00","dateModified":"2025-06-24T11:47:20+00:00","breadcrumb":{"@id":"https:\/\/melegbait.com\/product\/high-energy-feeder-carp-special\/#breadcrumb"},"inLanguage":"en-GB","potentialAction":[{"@type":"ReadAction","target":["https:\/\/melegbait.com\/product\/high-energy-feeder-carp-special\/"]}]},{"@type":"ImageObject","inLanguage":"en-GB","@id":"https:\/\/melegbait.com\/product\/high-energy-feeder-carp-special\/#primaryimage","url":"https:\/\/melegbait.com\/wp-content\/uploads\/2020\/11\/groundbait-carp.jpg","contentUrl":"https:\/\/melegbait.com\/wp-content\/uploads\/2020\/11\/groundbait-carp.jpg","width":435,"height":450},{"@type":"BreadcrumbList","@id":"https:\/\/melegbait.com\/product\/high-energy-feeder-carp-special\/#breadcrumb","itemListElement":[{"@type":"ListItem","position":1,"name":"Home","item":"https:\/\/melegbait.com\/"},{"@type":"ListItem","position":2,"name":"Shop","item":"https:\/\/melegbait.com\/shop\/"},{"@type":"ListItem","position":3,"name":"Extreme Groundbait Feeder: Carp Special 1kg"}]},{"@type":"WebSite","@id":"https:\/\/melegbait.com\/#website","url":"https:\/\/melegbait.com\/","name":"Meleg bait","description":"Meleg bait","publisher":{"@id":"https:\/\/melegbait.com\/#organization"},"potentialAction":[{"@type":"SearchAction","target":{"@type":"EntryPoint","urlTemplate":"https:\/\/melegbait.com\/?s={search_term_string}"},"query-input":{"@type":"PropertyValueSpecification","valueRequired":true,"valueName":"search_term_string"}}],"inLanguage":"en-GB"},{"@type":"Organization","@id":"https:\/\/melegbait.com\/#organization","name":"Meleg Baits","url":"https:\/\/melegbait.com\/","logo":{"@type":"ImageObject","inLanguage":"en-GB","@id":"https:\/\/melegbait.com\/#\/schema\/logo\/image\/","url":"https:\/\/melegbait.com\/wp-content\/uploads\/2021\/02\/mblogo.jpg","contentUrl":"https:\/\/melegbait.com\/wp-content\/uploads\/2021\/02\/mblogo.jpg","width":250,"height":250,"caption":"Meleg Baits"},"image":{"@id":"https:\/\/melegbait.com\/#\/schema\/logo\/image\/"},"sameAs":["https:\/\/www.facebook.com\/MelegBait"]}]}},"_links":{"self":[{"href":"https:\/\/melegbait.com\/en\/wp-json\/wp\/v2\/product\/31015","targetHints":{"allow":["GET"]}}],"collection":[{"href":"https:\/\/melegbait.com\/en\/wp-json\/wp\/v2\/product"}],"about":[{"href":"https:\/\/melegbait.com\/en\/wp-json\/wp\/v2\/types\/product"}],"replies":[{"embeddable":true,"href":"https:\/\/melegbait.com\/en\/wp-json\/wp\/v2\/comments?post=31015"}],"wp:featuredmedia":[{"embeddable":true,"href":"https:\/\/melegbait.com\/en\/wp-json\/wp\/v2\/media\/31016"}],"wp:attachment":[{"href":"https:\/\/melegbait.com\/en\/wp-json\/wp\/v2\/media?parent=31015"}],"wp:term":[{"taxonomy":"product_brand","embeddable":true,"href":"https:\/\/melegbait.com\/en\/wp-json\/wp\/v2\/product_brand?post=31015"},{"taxonomy":"product_cat","embeddable":true,"href":"https:\/\/melegbait.com\/en\/wp-json\/wp\/v2\/product_cat?post=31015"},{"taxonomy":"product_tag","embeddable":true,"href":"https:\/\/melegbait.com\/en\/wp-json\/wp\/v2\/product_tag?post=31015"}],"curies":[{"name":"wp","href":"https:\/\/api.w.org\/{rel}","templated":true}]}}