{"id":31017,"date":"2020-11-25T15:03:50","date_gmt":"2020-11-25T15:03:50","guid":{"rendered":"https:\/\/melegbait.com\/?post_type=product&#038;p=31017"},"modified":"2025-06-24T12:48:29","modified_gmt":"2025-06-24T11:48:29","slug":"ground-bait-caras","status":"publish","type":"product","link":"https:\/\/melegbait.com\/en\/product\/ground-bait-caras\/","title":{"rendered":"Exteme Groundbait Feeder: Caras 1kg"},"content":{"rendered":"<div align=\"justify\">Exteme Groundbait Feeder<\/div>","protected":false},"excerpt":{"rendered":"<p>Svako ko je ljubitelj lova na kara\u0161a ili deveriku, bilo to na feeder, na match ili na \u0161tek, kona\u010dno ima na raspolaganju hranu izuzetnog sastava i jako lepljive strukture. Caras i Bream Rough Ground Bait po \u017eelji mo\u017ee da bude te\u0161ka tj. tonu\u0107a (sa primesama zemlje), a mo\u017ee da bude i lebde\u0107a hrana. Sa pripremom [&hellip;]<\/p>","protected":false},"featured_media":31615,"comment_status":"open","ping_status":"closed","template":"","meta":{"_et_pb_use_builder":"","_et_pb_old_content":"","_et_gb_content_width":""},"product_brand":[],"product_cat":[31,46,47,52],"product_tag":[],"class_list":{"0":"post-31017","1":"product","2":"type-product","3":"status-publish","4":"has-post-thumbnail","6":"product_cat-carp","7":"product_cat-ground-bait","8":"product_cat-feeder-i-match","9":"product_cat-ground-bait-feeder-i-match","11":"first","12":"outofstock","13":"taxable","14":"shipping-taxable","15":"purchasable","16":"product-type-simple"},"yoast_head":"<!-- This site is optimized with the Yoast SEO plugin v26.9 - https:\/\/yoast.com\/product\/yoast-seo-wordpress\/ -->\n<title>Exteme Groundbait Feeder: Caras 1kg - Meleg bait<\/title>\n<meta name=\"robots\" content=\"index, follow, max-snippet:-1, max-image-preview:large, max-video-preview:-1\" \/>\n<link rel=\"canonical\" href=\"https:\/\/melegbait.com\/en\/product\/ground-bait-caras\/\" \/>\n<meta property=\"og:locale\" content=\"en_GB\" \/>\n<meta property=\"og:type\" content=\"article\" \/>\n<meta property=\"og:title\" content=\"Exteme Groundbait Feeder: Caras 1kg - Meleg bait\" \/>\n<meta property=\"og:description\" content=\"Svako ko je ljubitelj lova na kara\u0161a ili deveriku, bilo to na feeder, na match ili na \u0161tek, kona\u010dno ima na raspolaganju hranu izuzetnog sastava i jako lepljive strukture. Caras i Bream Rough Ground Bait po \u017eelji mo\u017ee da bude te\u0161ka tj. tonu\u0107a (sa primesama zemlje), a mo\u017ee da bude i lebde\u0107a hrana. Sa pripremom [&hellip;]\" \/>\n<meta property=\"og:url\" content=\"https:\/\/melegbait.com\/en\/product\/ground-bait-caras\/\" \/>\n<meta property=\"og:site_name\" content=\"Meleg bait\" \/>\n<meta property=\"article:publisher\" content=\"https:\/\/www.facebook.com\/MelegBait\" \/>\n<meta property=\"article:modified_time\" content=\"2025-06-24T11:48:29+00:00\" \/>\n<meta property=\"og:image\" content=\"https:\/\/melegbait.com\/wp-content\/uploads\/2020\/11\/groundbait-caras.jpg\" \/>\n\t<meta property=\"og:image:width\" content=\"600\" \/>\n\t<meta property=\"og:image:height\" content=\"632\" \/>\n\t<meta property=\"og:image:type\" content=\"image\/jpeg\" \/>\n<meta name=\"twitter:card\" content=\"summary_large_image\" \/>\n<meta name=\"twitter:label1\" content=\"Estimated reading time\" \/>\n\t<meta name=\"twitter:data1\" content=\"1 minute\" \/>\n<script type=\"application\/ld+json\" class=\"yoast-schema-graph\">{\"@context\":\"https:\/\/schema.org\",\"@graph\":[{\"@type\":\"WebPage\",\"@id\":\"https:\/\/melegbait.com\/product\/ground-bait-caras\/\",\"url\":\"https:\/\/melegbait.com\/product\/ground-bait-caras\/\",\"name\":\"Exteme Groundbait Feeder: Caras 1kg - Meleg bait\",\"isPartOf\":{\"@id\":\"https:\/\/melegbait.com\/#website\"},\"primaryImageOfPage\":{\"@id\":\"https:\/\/melegbait.com\/product\/ground-bait-caras\/#primaryimage\"},\"image\":{\"@id\":\"https:\/\/melegbait.com\/product\/ground-bait-caras\/#primaryimage\"},\"thumbnailUrl\":\"https:\/\/melegbait.com\/wp-content\/uploads\/2020\/11\/groundbait-caras.jpg\",\"datePublished\":\"2020-11-25T15:03:50+00:00\",\"dateModified\":\"2025-06-24T11:48:29+00:00\",\"breadcrumb\":{\"@id\":\"https:\/\/melegbait.com\/product\/ground-bait-caras\/#breadcrumb\"},\"inLanguage\":\"en-GB\",\"potentialAction\":[{\"@type\":\"ReadAction\",\"target\":[\"https:\/\/melegbait.com\/product\/ground-bait-caras\/\"]}]},{\"@type\":\"ImageObject\",\"inLanguage\":\"en-GB\",\"@id\":\"https:\/\/melegbait.com\/product\/ground-bait-caras\/#primaryimage\",\"url\":\"https:\/\/melegbait.com\/wp-content\/uploads\/2020\/11\/groundbait-caras.jpg\",\"contentUrl\":\"https:\/\/melegbait.com\/wp-content\/uploads\/2020\/11\/groundbait-caras.jpg\",\"width\":600,\"height\":632},{\"@type\":\"BreadcrumbList\",\"@id\":\"https:\/\/melegbait.com\/product\/ground-bait-caras\/#breadcrumb\",\"itemListElement\":[{\"@type\":\"ListItem\",\"position\":1,\"name\":\"Home\",\"item\":\"https:\/\/melegbait.com\/\"},{\"@type\":\"ListItem\",\"position\":2,\"name\":\"Shop\",\"item\":\"https:\/\/melegbait.com\/shop\/\"},{\"@type\":\"ListItem\",\"position\":3,\"name\":\"Exteme Groundbait Feeder: Caras 1kg\"}]},{\"@type\":\"WebSite\",\"@id\":\"https:\/\/melegbait.com\/#website\",\"url\":\"https:\/\/melegbait.com\/\",\"name\":\"Meleg bait\",\"description\":\"Meleg bait\",\"publisher\":{\"@id\":\"https:\/\/melegbait.com\/#organization\"},\"potentialAction\":[{\"@type\":\"SearchAction\",\"target\":{\"@type\":\"EntryPoint\",\"urlTemplate\":\"https:\/\/melegbait.com\/?s={search_term_string}\"},\"query-input\":{\"@type\":\"PropertyValueSpecification\",\"valueRequired\":true,\"valueName\":\"search_term_string\"}}],\"inLanguage\":\"en-GB\"},{\"@type\":\"Organization\",\"@id\":\"https:\/\/melegbait.com\/#organization\",\"name\":\"Meleg Baits\",\"url\":\"https:\/\/melegbait.com\/\",\"logo\":{\"@type\":\"ImageObject\",\"inLanguage\":\"en-GB\",\"@id\":\"https:\/\/melegbait.com\/#\/schema\/logo\/image\/\",\"url\":\"https:\/\/melegbait.com\/wp-content\/uploads\/2021\/02\/mblogo.jpg\",\"contentUrl\":\"https:\/\/melegbait.com\/wp-content\/uploads\/2021\/02\/mblogo.jpg\",\"width\":250,\"height\":250,\"caption\":\"Meleg Baits\"},\"image\":{\"@id\":\"https:\/\/melegbait.com\/#\/schema\/logo\/image\/\"},\"sameAs\":[\"https:\/\/www.facebook.com\/MelegBait\"]}]}<\/script>\n<!-- \/ Yoast SEO plugin. -->","yoast_head_json":{"title":"Exteme Groundbait Feeder: Caras 1kg - Meleg bait","robots":{"index":"index","follow":"follow","max-snippet":"max-snippet:-1","max-image-preview":"max-image-preview:large","max-video-preview":"max-video-preview:-1"},"canonical":"https:\/\/melegbait.com\/en\/product\/ground-bait-caras\/","og_locale":"en_GB","og_type":"article","og_title":"Exteme Groundbait Feeder: Caras 1kg - Meleg bait","og_description":"Svako ko je ljubitelj lova na kara\u0161a ili deveriku, bilo to na feeder, na match ili na \u0161tek, kona\u010dno ima na raspolaganju hranu izuzetnog sastava i jako lepljive strukture. Caras i Bream Rough Ground Bait po \u017eelji mo\u017ee da bude te\u0161ka tj. tonu\u0107a (sa primesama zemlje), a mo\u017ee da bude i lebde\u0107a hrana. Sa pripremom [&hellip;]","og_url":"https:\/\/melegbait.com\/en\/product\/ground-bait-caras\/","og_site_name":"Meleg bait","article_publisher":"https:\/\/www.facebook.com\/MelegBait","article_modified_time":"2025-06-24T11:48:29+00:00","og_image":[{"width":600,"height":632,"url":"https:\/\/melegbait.com\/wp-content\/uploads\/2020\/11\/groundbait-caras.jpg","type":"image\/jpeg"}],"twitter_card":"summary_large_image","twitter_misc":{"Estimated reading time":"1 minute"},"schema":{"@context":"https:\/\/schema.org","@graph":[{"@type":"WebPage","@id":"https:\/\/melegbait.com\/product\/ground-bait-caras\/","url":"https:\/\/melegbait.com\/product\/ground-bait-caras\/","name":"Exteme Groundbait Feeder: Caras 1kg - Meleg bait","isPartOf":{"@id":"https:\/\/melegbait.com\/#website"},"primaryImageOfPage":{"@id":"https:\/\/melegbait.com\/product\/ground-bait-caras\/#primaryimage"},"image":{"@id":"https:\/\/melegbait.com\/product\/ground-bait-caras\/#primaryimage"},"thumbnailUrl":"https:\/\/melegbait.com\/wp-content\/uploads\/2020\/11\/groundbait-caras.jpg","datePublished":"2020-11-25T15:03:50+00:00","dateModified":"2025-06-24T11:48:29+00:00","breadcrumb":{"@id":"https:\/\/melegbait.com\/product\/ground-bait-caras\/#breadcrumb"},"inLanguage":"en-GB","potentialAction":[{"@type":"ReadAction","target":["https:\/\/melegbait.com\/product\/ground-bait-caras\/"]}]},{"@type":"ImageObject","inLanguage":"en-GB","@id":"https:\/\/melegbait.com\/product\/ground-bait-caras\/#primaryimage","url":"https:\/\/melegbait.com\/wp-content\/uploads\/2020\/11\/groundbait-caras.jpg","contentUrl":"https:\/\/melegbait.com\/wp-content\/uploads\/2020\/11\/groundbait-caras.jpg","width":600,"height":632},{"@type":"BreadcrumbList","@id":"https:\/\/melegbait.com\/product\/ground-bait-caras\/#breadcrumb","itemListElement":[{"@type":"ListItem","position":1,"name":"Home","item":"https:\/\/melegbait.com\/"},{"@type":"ListItem","position":2,"name":"Shop","item":"https:\/\/melegbait.com\/shop\/"},{"@type":"ListItem","position":3,"name":"Exteme Groundbait Feeder: Caras 1kg"}]},{"@type":"WebSite","@id":"https:\/\/melegbait.com\/#website","url":"https:\/\/melegbait.com\/","name":"Meleg bait","description":"Meleg bait","publisher":{"@id":"https:\/\/melegbait.com\/#organization"},"potentialAction":[{"@type":"SearchAction","target":{"@type":"EntryPoint","urlTemplate":"https:\/\/melegbait.com\/?s={search_term_string}"},"query-input":{"@type":"PropertyValueSpecification","valueRequired":true,"valueName":"search_term_string"}}],"inLanguage":"en-GB"},{"@type":"Organization","@id":"https:\/\/melegbait.com\/#organization","name":"Meleg Baits","url":"https:\/\/melegbait.com\/","logo":{"@type":"ImageObject","inLanguage":"en-GB","@id":"https:\/\/melegbait.com\/#\/schema\/logo\/image\/","url":"https:\/\/melegbait.com\/wp-content\/uploads\/2021\/02\/mblogo.jpg","contentUrl":"https:\/\/melegbait.com\/wp-content\/uploads\/2021\/02\/mblogo.jpg","width":250,"height":250,"caption":"Meleg Baits"},"image":{"@id":"https:\/\/melegbait.com\/#\/schema\/logo\/image\/"},"sameAs":["https:\/\/www.facebook.com\/MelegBait"]}]}},"_links":{"self":[{"href":"https:\/\/melegbait.com\/en\/wp-json\/wp\/v2\/product\/31017","targetHints":{"allow":["GET"]}}],"collection":[{"href":"https:\/\/melegbait.com\/en\/wp-json\/wp\/v2\/product"}],"about":[{"href":"https:\/\/melegbait.com\/en\/wp-json\/wp\/v2\/types\/product"}],"replies":[{"embeddable":true,"href":"https:\/\/melegbait.com\/en\/wp-json\/wp\/v2\/comments?post=31017"}],"wp:featuredmedia":[{"embeddable":true,"href":"https:\/\/melegbait.com\/en\/wp-json\/wp\/v2\/media\/31615"}],"wp:attachment":[{"href":"https:\/\/melegbait.com\/en\/wp-json\/wp\/v2\/media?parent=31017"}],"wp:term":[{"taxonomy":"product_brand","embeddable":true,"href":"https:\/\/melegbait.com\/en\/wp-json\/wp\/v2\/product_brand?post=31017"},{"taxonomy":"product_cat","embeddable":true,"href":"https:\/\/melegbait.com\/en\/wp-json\/wp\/v2\/product_cat?post=31017"},{"taxonomy":"product_tag","embeddable":true,"href":"https:\/\/melegbait.com\/en\/wp-json\/wp\/v2\/product_tag?post=31017"}],"curies":[{"name":"wp","href":"https:\/\/api.w.org\/{rel}","templated":true}]}}