{"id":31022,"date":"2020-11-25T15:18:25","date_gmt":"2020-11-25T15:18:25","guid":{"rendered":"https:\/\/melegbait.com\/?post_type=product&#038;p=31022"},"modified":"2023-05-19T18:02:10","modified_gmt":"2023-05-19T17:02:10","slug":"boilie-base-mix-fish","status":"publish","type":"product","link":"https:\/\/melegbait.com\/en\/product\/boilie-base-mix-fish\/","title":{"rendered":"Boilie Base Mix &#8211; Fish"},"content":{"rendered":"<p>Meleg Baits Boilie Base Mix Sweet and Fish are based on the same components as our Fast Hybrid boilie.\nThis means that these mixes do not contain anything that is artificial. Additionally, M Baits Boilie Base\nMixes do not have a classic soybeans and do not contain semolina - two things that unfortunately make\nup the great majority of boilie in the market. You do not have to experiment with various components for\nthe benefit of fish and your pocket, leave the research to the team of people in our research center. The\nbrivers were specially selected with the addition of enzymes, we got extra balanced bases for boilie mix\nthat can catch carp in all seasons. Boilie Base Mix Fish is based on fishmeal, where carp recognizes\ncertain fish proteins and enzymes. They contain enhancer and paletant, trigger that originated in\nEngland. Packaging 1kg.<\/p>","protected":false},"excerpt":{"rendered":"<p>Meleg Bait Boilie Base Mix Sweet i Fish su zasnovani na istim komponentama kao i na\u0161e Fast Hybrid boile. To zna\u010di da ovi miksovi ne sadr\u017ee ni\u0161ta \u0161to je ve\u0161ta\u010dke prirode. Pored toga, Meleg Baits Boilie Base Mix-ovi u sebi nemaju klasi\u010dnu soju i ne sadr\u017ee griz &#8211; dve stvari koje na\u017ealost sa\u010dinjavaju veliku ve\u0107inu [&hellip;]<\/p>","protected":false},"featured_media":32675,"comment_status":"open","ping_status":"closed","template":"","meta":{"_et_pb_use_builder":"","_et_pb_old_content":"","_et_gb_content_width":""},"product_brand":[],"product_cat":[31,38,63],"product_tag":[],"class_list":{"0":"post-31022","1":"product","2":"type-product","3":"status-publish","4":"has-post-thumbnail","6":"product_cat-carp","7":"product_cat-boili-mixevi","8":"product_cat-base-mixevi","10":"first","11":"instock","12":"taxable","13":"shipping-taxable","14":"purchasable","15":"product-type-simple"},"yoast_head":"<!-- This site is optimized with the Yoast SEO plugin v26.9 - https:\/\/yoast.com\/product\/yoast-seo-wordpress\/ -->\n<title>Boilie Base Mix - Fish - Meleg bait<\/title>\n<meta name=\"robots\" content=\"index, follow, max-snippet:-1, max-image-preview:large, max-video-preview:-1\" \/>\n<link rel=\"canonical\" href=\"https:\/\/melegbait.com\/en\/product\/boilie-base-mix-fish\/\" \/>\n<meta property=\"og:locale\" content=\"en_GB\" \/>\n<meta property=\"og:type\" content=\"article\" \/>\n<meta property=\"og:title\" content=\"Boilie Base Mix - Fish - Meleg bait\" \/>\n<meta property=\"og:description\" content=\"Meleg Bait Boilie Base Mix Sweet i Fish su zasnovani na istim komponentama kao i na\u0161e Fast Hybrid boile. To zna\u010di da ovi miksovi ne sadr\u017ee ni\u0161ta \u0161to je ve\u0161ta\u010dke prirode. Pored toga, Meleg Baits Boilie Base Mix-ovi u sebi nemaju klasi\u010dnu soju i ne sadr\u017ee griz &#8211; dve stvari koje na\u017ealost sa\u010dinjavaju veliku ve\u0107inu [&hellip;]\" \/>\n<meta property=\"og:url\" content=\"https:\/\/melegbait.com\/en\/product\/boilie-base-mix-fish\/\" \/>\n<meta property=\"og:site_name\" content=\"Meleg bait\" \/>\n<meta property=\"article:publisher\" content=\"https:\/\/www.facebook.com\/MelegBait\" \/>\n<meta property=\"article:modified_time\" content=\"2023-05-19T17:02:10+00:00\" \/>\n<meta property=\"og:image\" content=\"https:\/\/melegbait.com\/wp-content\/uploads\/2020\/11\/EB708628-7202-422D-873B-E106C74CC7C9.jpeg\" \/>\n\t<meta property=\"og:image:width\" content=\"1075\" \/>\n\t<meta property=\"og:image:height\" content=\"1736\" \/>\n\t<meta property=\"og:image:type\" content=\"image\/jpeg\" \/>\n<meta name=\"twitter:card\" content=\"summary_large_image\" \/>\n<meta name=\"twitter:label1\" content=\"Estimated reading time\" \/>\n\t<meta name=\"twitter:data1\" content=\"1 minute\" \/>\n<script type=\"application\/ld+json\" class=\"yoast-schema-graph\">{\"@context\":\"https:\/\/schema.org\",\"@graph\":[{\"@type\":\"WebPage\",\"@id\":\"https:\/\/melegbait.com\/en\/product\/boilie-base-mix-fish\/\",\"url\":\"https:\/\/melegbait.com\/en\/product\/boilie-base-mix-fish\/\",\"name\":\"Boilie Base Mix - Fish - Meleg bait\",\"isPartOf\":{\"@id\":\"https:\/\/melegbait.com\/#website\"},\"primaryImageOfPage\":{\"@id\":\"https:\/\/melegbait.com\/en\/product\/boilie-base-mix-fish\/#primaryimage\"},\"image\":{\"@id\":\"https:\/\/melegbait.com\/en\/product\/boilie-base-mix-fish\/#primaryimage\"},\"thumbnailUrl\":\"https:\/\/melegbait.com\/wp-content\/uploads\/2020\/11\/EB708628-7202-422D-873B-E106C74CC7C9.jpeg\",\"datePublished\":\"2020-11-25T15:18:25+00:00\",\"dateModified\":\"2023-05-19T17:02:10+00:00\",\"breadcrumb\":{\"@id\":\"https:\/\/melegbait.com\/en\/product\/boilie-base-mix-fish\/#breadcrumb\"},\"inLanguage\":\"en-GB\",\"potentialAction\":[{\"@type\":\"ReadAction\",\"target\":[\"https:\/\/melegbait.com\/en\/product\/boilie-base-mix-fish\/\"]}]},{\"@type\":\"ImageObject\",\"inLanguage\":\"en-GB\",\"@id\":\"https:\/\/melegbait.com\/en\/product\/boilie-base-mix-fish\/#primaryimage\",\"url\":\"https:\/\/melegbait.com\/wp-content\/uploads\/2020\/11\/EB708628-7202-422D-873B-E106C74CC7C9.jpeg\",\"contentUrl\":\"https:\/\/melegbait.com\/wp-content\/uploads\/2020\/11\/EB708628-7202-422D-873B-E106C74CC7C9.jpeg\",\"width\":1075,\"height\":1736},{\"@type\":\"BreadcrumbList\",\"@id\":\"https:\/\/melegbait.com\/en\/product\/boilie-base-mix-fish\/#breadcrumb\",\"itemListElement\":[{\"@type\":\"ListItem\",\"position\":1,\"name\":\"Home\",\"item\":\"https:\/\/melegbait.com\/\"},{\"@type\":\"ListItem\",\"position\":2,\"name\":\"Shop\",\"item\":\"https:\/\/melegbait.com\/shop\/\"},{\"@type\":\"ListItem\",\"position\":3,\"name\":\"Boilie Base Mix &#8211; Fish\"}]},{\"@type\":\"WebSite\",\"@id\":\"https:\/\/melegbait.com\/#website\",\"url\":\"https:\/\/melegbait.com\/\",\"name\":\"Meleg bait\",\"description\":\"Meleg bait\",\"publisher\":{\"@id\":\"https:\/\/melegbait.com\/#organization\"},\"potentialAction\":[{\"@type\":\"SearchAction\",\"target\":{\"@type\":\"EntryPoint\",\"urlTemplate\":\"https:\/\/melegbait.com\/?s={search_term_string}\"},\"query-input\":{\"@type\":\"PropertyValueSpecification\",\"valueRequired\":true,\"valueName\":\"search_term_string\"}}],\"inLanguage\":\"en-GB\"},{\"@type\":\"Organization\",\"@id\":\"https:\/\/melegbait.com\/#organization\",\"name\":\"Meleg Baits\",\"url\":\"https:\/\/melegbait.com\/\",\"logo\":{\"@type\":\"ImageObject\",\"inLanguage\":\"en-GB\",\"@id\":\"https:\/\/melegbait.com\/#\/schema\/logo\/image\/\",\"url\":\"https:\/\/melegbait.com\/wp-content\/uploads\/2021\/02\/mblogo.jpg\",\"contentUrl\":\"https:\/\/melegbait.com\/wp-content\/uploads\/2021\/02\/mblogo.jpg\",\"width\":250,\"height\":250,\"caption\":\"Meleg Baits\"},\"image\":{\"@id\":\"https:\/\/melegbait.com\/#\/schema\/logo\/image\/\"},\"sameAs\":[\"https:\/\/www.facebook.com\/MelegBait\"]}]}<\/script>\n<!-- \/ Yoast SEO plugin. -->","yoast_head_json":{"title":"Boilie Base Mix - Fish - Meleg bait","robots":{"index":"index","follow":"follow","max-snippet":"max-snippet:-1","max-image-preview":"max-image-preview:large","max-video-preview":"max-video-preview:-1"},"canonical":"https:\/\/melegbait.com\/en\/product\/boilie-base-mix-fish\/","og_locale":"en_GB","og_type":"article","og_title":"Boilie Base Mix - Fish - Meleg bait","og_description":"Meleg Bait Boilie Base Mix Sweet i Fish su zasnovani na istim komponentama kao i na\u0161e Fast Hybrid boile. To zna\u010di da ovi miksovi ne sadr\u017ee ni\u0161ta \u0161to je ve\u0161ta\u010dke prirode. Pored toga, Meleg Baits Boilie Base Mix-ovi u sebi nemaju klasi\u010dnu soju i ne sadr\u017ee griz &#8211; dve stvari koje na\u017ealost sa\u010dinjavaju veliku ve\u0107inu [&hellip;]","og_url":"https:\/\/melegbait.com\/en\/product\/boilie-base-mix-fish\/","og_site_name":"Meleg bait","article_publisher":"https:\/\/www.facebook.com\/MelegBait","article_modified_time":"2023-05-19T17:02:10+00:00","og_image":[{"width":1075,"height":1736,"url":"https:\/\/melegbait.com\/wp-content\/uploads\/2020\/11\/EB708628-7202-422D-873B-E106C74CC7C9.jpeg","type":"image\/jpeg"}],"twitter_card":"summary_large_image","twitter_misc":{"Estimated reading time":"1 minute"},"schema":{"@context":"https:\/\/schema.org","@graph":[{"@type":"WebPage","@id":"https:\/\/melegbait.com\/en\/product\/boilie-base-mix-fish\/","url":"https:\/\/melegbait.com\/en\/product\/boilie-base-mix-fish\/","name":"Boilie Base Mix - Fish - Meleg bait","isPartOf":{"@id":"https:\/\/melegbait.com\/#website"},"primaryImageOfPage":{"@id":"https:\/\/melegbait.com\/en\/product\/boilie-base-mix-fish\/#primaryimage"},"image":{"@id":"https:\/\/melegbait.com\/en\/product\/boilie-base-mix-fish\/#primaryimage"},"thumbnailUrl":"https:\/\/melegbait.com\/wp-content\/uploads\/2020\/11\/EB708628-7202-422D-873B-E106C74CC7C9.jpeg","datePublished":"2020-11-25T15:18:25+00:00","dateModified":"2023-05-19T17:02:10+00:00","breadcrumb":{"@id":"https:\/\/melegbait.com\/en\/product\/boilie-base-mix-fish\/#breadcrumb"},"inLanguage":"en-GB","potentialAction":[{"@type":"ReadAction","target":["https:\/\/melegbait.com\/en\/product\/boilie-base-mix-fish\/"]}]},{"@type":"ImageObject","inLanguage":"en-GB","@id":"https:\/\/melegbait.com\/en\/product\/boilie-base-mix-fish\/#primaryimage","url":"https:\/\/melegbait.com\/wp-content\/uploads\/2020\/11\/EB708628-7202-422D-873B-E106C74CC7C9.jpeg","contentUrl":"https:\/\/melegbait.com\/wp-content\/uploads\/2020\/11\/EB708628-7202-422D-873B-E106C74CC7C9.jpeg","width":1075,"height":1736},{"@type":"BreadcrumbList","@id":"https:\/\/melegbait.com\/en\/product\/boilie-base-mix-fish\/#breadcrumb","itemListElement":[{"@type":"ListItem","position":1,"name":"Home","item":"https:\/\/melegbait.com\/"},{"@type":"ListItem","position":2,"name":"Shop","item":"https:\/\/melegbait.com\/shop\/"},{"@type":"ListItem","position":3,"name":"Boilie Base Mix &#8211; Fish"}]},{"@type":"WebSite","@id":"https:\/\/melegbait.com\/#website","url":"https:\/\/melegbait.com\/","name":"Meleg bait","description":"Meleg bait","publisher":{"@id":"https:\/\/melegbait.com\/#organization"},"potentialAction":[{"@type":"SearchAction","target":{"@type":"EntryPoint","urlTemplate":"https:\/\/melegbait.com\/?s={search_term_string}"},"query-input":{"@type":"PropertyValueSpecification","valueRequired":true,"valueName":"search_term_string"}}],"inLanguage":"en-GB"},{"@type":"Organization","@id":"https:\/\/melegbait.com\/#organization","name":"Meleg Baits","url":"https:\/\/melegbait.com\/","logo":{"@type":"ImageObject","inLanguage":"en-GB","@id":"https:\/\/melegbait.com\/#\/schema\/logo\/image\/","url":"https:\/\/melegbait.com\/wp-content\/uploads\/2021\/02\/mblogo.jpg","contentUrl":"https:\/\/melegbait.com\/wp-content\/uploads\/2021\/02\/mblogo.jpg","width":250,"height":250,"caption":"Meleg Baits"},"image":{"@id":"https:\/\/melegbait.com\/#\/schema\/logo\/image\/"},"sameAs":["https:\/\/www.facebook.com\/MelegBait"]}]}},"_links":{"self":[{"href":"https:\/\/melegbait.com\/en\/wp-json\/wp\/v2\/product\/31022","targetHints":{"allow":["GET"]}}],"collection":[{"href":"https:\/\/melegbait.com\/en\/wp-json\/wp\/v2\/product"}],"about":[{"href":"https:\/\/melegbait.com\/en\/wp-json\/wp\/v2\/types\/product"}],"replies":[{"embeddable":true,"href":"https:\/\/melegbait.com\/en\/wp-json\/wp\/v2\/comments?post=31022"}],"wp:featuredmedia":[{"embeddable":true,"href":"https:\/\/melegbait.com\/en\/wp-json\/wp\/v2\/media\/32675"}],"wp:attachment":[{"href":"https:\/\/melegbait.com\/en\/wp-json\/wp\/v2\/media?parent=31022"}],"wp:term":[{"taxonomy":"product_brand","embeddable":true,"href":"https:\/\/melegbait.com\/en\/wp-json\/wp\/v2\/product_brand?post=31022"},{"taxonomy":"product_cat","embeddable":true,"href":"https:\/\/melegbait.com\/en\/wp-json\/wp\/v2\/product_cat?post=31022"},{"taxonomy":"product_tag","embeddable":true,"href":"https:\/\/melegbait.com\/en\/wp-json\/wp\/v2\/product_tag?post=31022"}],"curies":[{"name":"wp","href":"https:\/\/api.w.org\/{rel}","templated":true}]}}