{"id":31399,"date":"2021-01-20T18:08:37","date_gmt":"2021-01-20T17:08:37","guid":{"rendered":"https:\/\/melegbait.com\/?post_type=product&#038;p=31399"},"modified":"2024-03-04T16:08:36","modified_gmt":"2024-03-04T15:08:36","slug":"multi-amino","status":"publish","type":"product","link":"https:\/\/melegbait.com\/en\/product\/multi-amino\/","title":{"rendered":"Multi Amino"},"content":{"rendered":"<p>Multi Amino is an amino acid complex that has been supplemented with all the vitamins and\nminerals what is a carps daily need. It can be used in all (meat, fruity and spicy) mixes, and it\nworks exceptionally well with particle and in combination with C.S.P. Bio Protein.\nPackaging 200ml.<\/p>","protected":false},"excerpt":{"rendered":"<p>Multi Amino je kompleks amino kiselina koji smo dopunili sa svim vitaminima i mineralima koji su dnevna potreba \u0161arana. Mo\u017ee se koristiti u svim (mesnim, vo\u0107nim i za\u010dinskim) miksovima, 10-15ml po kilogramu boili osnove, a izuzetno se dobro pona\u0161a sa partiklama i u kombinaciji sa C.S.P. Bio Protein-om. Nakon kuvanja zrnevlja, dodavanjem 10-15ml Multi Amina [&hellip;]<\/p>","protected":false},"featured_media":33772,"comment_status":"open","ping_status":"closed","template":"","meta":{"_et_pb_use_builder":"","_et_pb_old_content":"","_et_gb_content_width":""},"product_brand":[],"product_cat":[31,41,68],"product_tag":[],"class_list":{"0":"post-31399","1":"product","2":"type-product","3":"status-publish","4":"has-post-thumbnail","6":"product_cat-carp","7":"product_cat-tecni-aditivi-amino-kiseline","8":"product_cat-amino","10":"first","11":"instock","12":"taxable","13":"shipping-taxable","14":"purchasable","15":"product-type-simple"},"yoast_head":"<!-- This site is optimized with the Yoast SEO plugin v26.9 - https:\/\/yoast.com\/product\/yoast-seo-wordpress\/ -->\n<title>Multi Amino - Meleg bait<\/title>\n<meta name=\"robots\" content=\"index, follow, max-snippet:-1, max-image-preview:large, max-video-preview:-1\" \/>\n<link rel=\"canonical\" href=\"https:\/\/melegbait.com\/en\/product\/multi-amino\/\" \/>\n<meta property=\"og:locale\" content=\"en_GB\" \/>\n<meta property=\"og:type\" content=\"article\" \/>\n<meta property=\"og:title\" content=\"Multi Amino - Meleg bait\" \/>\n<meta property=\"og:description\" content=\"Multi Amino je kompleks amino kiselina koji smo dopunili sa svim vitaminima i mineralima koji su dnevna potreba \u0161arana. Mo\u017ee se koristiti u svim (mesnim, vo\u0107nim i za\u010dinskim) miksovima, 10-15ml po kilogramu boili osnove, a izuzetno se dobro pona\u0161a sa partiklama i u kombinaciji sa C.S.P. Bio Protein-om. Nakon kuvanja zrnevlja, dodavanjem 10-15ml Multi Amina [&hellip;]\" \/>\n<meta property=\"og:url\" content=\"https:\/\/melegbait.com\/en\/product\/multi-amino\/\" \/>\n<meta property=\"og:site_name\" content=\"Meleg bait\" \/>\n<meta property=\"article:publisher\" content=\"https:\/\/www.facebook.com\/MelegBait\" \/>\n<meta property=\"article:modified_time\" content=\"2024-03-04T15:08:36+00:00\" \/>\n<meta property=\"og:image\" content=\"https:\/\/melegbait.com\/wp-content\/uploads\/2021\/01\/IMG_4794.jpeg\" \/>\n\t<meta property=\"og:image:width\" content=\"1150\" \/>\n\t<meta property=\"og:image:height\" content=\"1388\" \/>\n\t<meta property=\"og:image:type\" content=\"image\/jpeg\" \/>\n<meta name=\"twitter:card\" content=\"summary_large_image\" \/>\n<meta name=\"twitter:label1\" content=\"Estimated reading time\" \/>\n\t<meta name=\"twitter:data1\" content=\"1 minute\" \/>\n<script type=\"application\/ld+json\" class=\"yoast-schema-graph\">{\"@context\":\"https:\/\/schema.org\",\"@graph\":[{\"@type\":\"WebPage\",\"@id\":\"https:\/\/melegbait.com\/product\/multi-amino\/\",\"url\":\"https:\/\/melegbait.com\/product\/multi-amino\/\",\"name\":\"Multi Amino - Meleg bait\",\"isPartOf\":{\"@id\":\"https:\/\/melegbait.com\/#website\"},\"primaryImageOfPage\":{\"@id\":\"https:\/\/melegbait.com\/product\/multi-amino\/#primaryimage\"},\"image\":{\"@id\":\"https:\/\/melegbait.com\/product\/multi-amino\/#primaryimage\"},\"thumbnailUrl\":\"https:\/\/melegbait.com\/wp-content\/uploads\/2021\/01\/IMG_4794.jpeg\",\"datePublished\":\"2021-01-20T17:08:37+00:00\",\"dateModified\":\"2024-03-04T15:08:36+00:00\",\"breadcrumb\":{\"@id\":\"https:\/\/melegbait.com\/product\/multi-amino\/#breadcrumb\"},\"inLanguage\":\"en-GB\",\"potentialAction\":[{\"@type\":\"ReadAction\",\"target\":[\"https:\/\/melegbait.com\/product\/multi-amino\/\"]}]},{\"@type\":\"ImageObject\",\"inLanguage\":\"en-GB\",\"@id\":\"https:\/\/melegbait.com\/product\/multi-amino\/#primaryimage\",\"url\":\"https:\/\/melegbait.com\/wp-content\/uploads\/2021\/01\/IMG_4794.jpeg\",\"contentUrl\":\"https:\/\/melegbait.com\/wp-content\/uploads\/2021\/01\/IMG_4794.jpeg\",\"width\":1150,\"height\":1388},{\"@type\":\"BreadcrumbList\",\"@id\":\"https:\/\/melegbait.com\/product\/multi-amino\/#breadcrumb\",\"itemListElement\":[{\"@type\":\"ListItem\",\"position\":1,\"name\":\"Home\",\"item\":\"https:\/\/melegbait.com\/\"},{\"@type\":\"ListItem\",\"position\":2,\"name\":\"Shop\",\"item\":\"https:\/\/melegbait.com\/shop\/\"},{\"@type\":\"ListItem\",\"position\":3,\"name\":\"Multi Amino\"}]},{\"@type\":\"WebSite\",\"@id\":\"https:\/\/melegbait.com\/#website\",\"url\":\"https:\/\/melegbait.com\/\",\"name\":\"Meleg bait\",\"description\":\"Meleg bait\",\"publisher\":{\"@id\":\"https:\/\/melegbait.com\/#organization\"},\"potentialAction\":[{\"@type\":\"SearchAction\",\"target\":{\"@type\":\"EntryPoint\",\"urlTemplate\":\"https:\/\/melegbait.com\/?s={search_term_string}\"},\"query-input\":{\"@type\":\"PropertyValueSpecification\",\"valueRequired\":true,\"valueName\":\"search_term_string\"}}],\"inLanguage\":\"en-GB\"},{\"@type\":\"Organization\",\"@id\":\"https:\/\/melegbait.com\/#organization\",\"name\":\"Meleg Baits\",\"url\":\"https:\/\/melegbait.com\/\",\"logo\":{\"@type\":\"ImageObject\",\"inLanguage\":\"en-GB\",\"@id\":\"https:\/\/melegbait.com\/#\/schema\/logo\/image\/\",\"url\":\"https:\/\/melegbait.com\/wp-content\/uploads\/2021\/02\/mblogo.jpg\",\"contentUrl\":\"https:\/\/melegbait.com\/wp-content\/uploads\/2021\/02\/mblogo.jpg\",\"width\":250,\"height\":250,\"caption\":\"Meleg Baits\"},\"image\":{\"@id\":\"https:\/\/melegbait.com\/#\/schema\/logo\/image\/\"},\"sameAs\":[\"https:\/\/www.facebook.com\/MelegBait\"]}]}<\/script>\n<!-- \/ Yoast SEO plugin. -->","yoast_head_json":{"title":"Multi Amino - Meleg bait","robots":{"index":"index","follow":"follow","max-snippet":"max-snippet:-1","max-image-preview":"max-image-preview:large","max-video-preview":"max-video-preview:-1"},"canonical":"https:\/\/melegbait.com\/en\/product\/multi-amino\/","og_locale":"en_GB","og_type":"article","og_title":"Multi Amino - Meleg bait","og_description":"Multi Amino je kompleks amino kiselina koji smo dopunili sa svim vitaminima i mineralima koji su dnevna potreba \u0161arana. Mo\u017ee se koristiti u svim (mesnim, vo\u0107nim i za\u010dinskim) miksovima, 10-15ml po kilogramu boili osnove, a izuzetno se dobro pona\u0161a sa partiklama i u kombinaciji sa C.S.P. Bio Protein-om. Nakon kuvanja zrnevlja, dodavanjem 10-15ml Multi Amina [&hellip;]","og_url":"https:\/\/melegbait.com\/en\/product\/multi-amino\/","og_site_name":"Meleg bait","article_publisher":"https:\/\/www.facebook.com\/MelegBait","article_modified_time":"2024-03-04T15:08:36+00:00","og_image":[{"width":1150,"height":1388,"url":"https:\/\/melegbait.com\/wp-content\/uploads\/2021\/01\/IMG_4794.jpeg","type":"image\/jpeg"}],"twitter_card":"summary_large_image","twitter_misc":{"Estimated reading time":"1 minute"},"schema":{"@context":"https:\/\/schema.org","@graph":[{"@type":"WebPage","@id":"https:\/\/melegbait.com\/product\/multi-amino\/","url":"https:\/\/melegbait.com\/product\/multi-amino\/","name":"Multi Amino - Meleg bait","isPartOf":{"@id":"https:\/\/melegbait.com\/#website"},"primaryImageOfPage":{"@id":"https:\/\/melegbait.com\/product\/multi-amino\/#primaryimage"},"image":{"@id":"https:\/\/melegbait.com\/product\/multi-amino\/#primaryimage"},"thumbnailUrl":"https:\/\/melegbait.com\/wp-content\/uploads\/2021\/01\/IMG_4794.jpeg","datePublished":"2021-01-20T17:08:37+00:00","dateModified":"2024-03-04T15:08:36+00:00","breadcrumb":{"@id":"https:\/\/melegbait.com\/product\/multi-amino\/#breadcrumb"},"inLanguage":"en-GB","potentialAction":[{"@type":"ReadAction","target":["https:\/\/melegbait.com\/product\/multi-amino\/"]}]},{"@type":"ImageObject","inLanguage":"en-GB","@id":"https:\/\/melegbait.com\/product\/multi-amino\/#primaryimage","url":"https:\/\/melegbait.com\/wp-content\/uploads\/2021\/01\/IMG_4794.jpeg","contentUrl":"https:\/\/melegbait.com\/wp-content\/uploads\/2021\/01\/IMG_4794.jpeg","width":1150,"height":1388},{"@type":"BreadcrumbList","@id":"https:\/\/melegbait.com\/product\/multi-amino\/#breadcrumb","itemListElement":[{"@type":"ListItem","position":1,"name":"Home","item":"https:\/\/melegbait.com\/"},{"@type":"ListItem","position":2,"name":"Shop","item":"https:\/\/melegbait.com\/shop\/"},{"@type":"ListItem","position":3,"name":"Multi Amino"}]},{"@type":"WebSite","@id":"https:\/\/melegbait.com\/#website","url":"https:\/\/melegbait.com\/","name":"Meleg bait","description":"Meleg bait","publisher":{"@id":"https:\/\/melegbait.com\/#organization"},"potentialAction":[{"@type":"SearchAction","target":{"@type":"EntryPoint","urlTemplate":"https:\/\/melegbait.com\/?s={search_term_string}"},"query-input":{"@type":"PropertyValueSpecification","valueRequired":true,"valueName":"search_term_string"}}],"inLanguage":"en-GB"},{"@type":"Organization","@id":"https:\/\/melegbait.com\/#organization","name":"Meleg Baits","url":"https:\/\/melegbait.com\/","logo":{"@type":"ImageObject","inLanguage":"en-GB","@id":"https:\/\/melegbait.com\/#\/schema\/logo\/image\/","url":"https:\/\/melegbait.com\/wp-content\/uploads\/2021\/02\/mblogo.jpg","contentUrl":"https:\/\/melegbait.com\/wp-content\/uploads\/2021\/02\/mblogo.jpg","width":250,"height":250,"caption":"Meleg Baits"},"image":{"@id":"https:\/\/melegbait.com\/#\/schema\/logo\/image\/"},"sameAs":["https:\/\/www.facebook.com\/MelegBait"]}]}},"_links":{"self":[{"href":"https:\/\/melegbait.com\/en\/wp-json\/wp\/v2\/product\/31399","targetHints":{"allow":["GET"]}}],"collection":[{"href":"https:\/\/melegbait.com\/en\/wp-json\/wp\/v2\/product"}],"about":[{"href":"https:\/\/melegbait.com\/en\/wp-json\/wp\/v2\/types\/product"}],"replies":[{"embeddable":true,"href":"https:\/\/melegbait.com\/en\/wp-json\/wp\/v2\/comments?post=31399"}],"wp:featuredmedia":[{"embeddable":true,"href":"https:\/\/melegbait.com\/en\/wp-json\/wp\/v2\/media\/33772"}],"wp:attachment":[{"href":"https:\/\/melegbait.com\/en\/wp-json\/wp\/v2\/media?parent=31399"}],"wp:term":[{"taxonomy":"product_brand","embeddable":true,"href":"https:\/\/melegbait.com\/en\/wp-json\/wp\/v2\/product_brand?post=31399"},{"taxonomy":"product_cat","embeddable":true,"href":"https:\/\/melegbait.com\/en\/wp-json\/wp\/v2\/product_cat?post=31399"},{"taxonomy":"product_tag","embeddable":true,"href":"https:\/\/melegbait.com\/en\/wp-json\/wp\/v2\/product_tag?post=31399"}],"curies":[{"name":"wp","href":"https:\/\/api.w.org\/{rel}","templated":true}]}}