{"id":31400,"date":"2021-01-20T18:10:48","date_gmt":"2021-01-20T17:10:48","guid":{"rendered":"https:\/\/melegbait.com\/?post_type=product&#038;p=31400"},"modified":"2023-05-19T22:04:29","modified_gmt":"2023-05-19T21:04:29","slug":"amino-complex-c-s-l","status":"publish","type":"product","link":"https:\/\/melegbait.com\/en\/product\/amino-complex-c-s-l\/","title":{"rendered":"Amino Complex C.S.L."},"content":{"rendered":"<p>Amino Complex is a broad spectrum product that has a high protein value and is easily\ndigestible. We simply added our old product \"Amino Complex\" to one of the famous challengers\nand palatants called C.S.L. (Corn Steep Liqour). C.S.L. is the natural structure of amino acids\nderived from corn. Instead of using a ordenery C.S.L. Liquids, we've added Attract Natural, Multi\nAmino, vitamins, minerals and liquid protein. It was a very difficult task to put all this together in\na balanced compaund, but we succeeded in doing it and the result was Amino Complex C.S.L.\nQuestion what else you need to use with Amino Complex C.S.L. to have success. The answer\nis that if you use this fluid, you do not need to add Attract Natural or Multi Amino, because\nAmino Complex C.S.L. covers both of these products. Amino Complex C.S.L is also very\nsuitable for dipping corn and other particles. Amino Complex C.S.L. can be combined with flavors or Match Attractor. It can also be used as a supplement to Ground Bait in the same\nquantities as in boilie mixes.<\/p>","protected":false},"excerpt":{"rendered":"<p>Amino Complex je proizvod \u0161irokog spektra koji ima veliku proteinsku vrednost i lako je svarljiv. Mi smo jednostavno na\u0161 stari proizvod \u201cAmino Complex\u201d dopunili jo\u0161 jednim od poznatih izaziva\u010da i palatanata pod imenom C.S.L. (Corn Steep Liqour). C.S.L. je prirodna struktura amino kiselina dobijena iz kukuruza. Umesto kori\u0161\u0107enja obi\u010dne C.S.L. te\u010dnosti, mi smo dodali jo\u0161 [&hellip;]<\/p>","protected":false},"featured_media":33507,"comment_status":"open","ping_status":"closed","template":"","meta":{"_et_pb_use_builder":"","_et_pb_old_content":"","_et_gb_content_width":""},"product_brand":[],"product_cat":[31,41,68],"product_tag":[],"class_list":{"0":"post-31400","1":"product","2":"type-product","3":"status-publish","4":"has-post-thumbnail","6":"product_cat-carp","7":"product_cat-tecni-aditivi-amino-kiseline","8":"product_cat-amino","10":"first","11":"instock","12":"taxable","13":"shipping-taxable","14":"purchasable","15":"product-type-simple"},"yoast_head":"<!-- This site is optimized with the Yoast SEO plugin v26.9 - https:\/\/yoast.com\/product\/yoast-seo-wordpress\/ -->\n<title>Amino Complex C.S.L. - Meleg bait<\/title>\n<meta name=\"robots\" content=\"index, follow, max-snippet:-1, max-image-preview:large, max-video-preview:-1\" \/>\n<link rel=\"canonical\" href=\"https:\/\/melegbait.com\/en\/product\/amino-complex-c-s-l\/\" \/>\n<meta property=\"og:locale\" content=\"en_GB\" \/>\n<meta property=\"og:type\" content=\"article\" \/>\n<meta property=\"og:title\" content=\"Amino Complex C.S.L. - Meleg bait\" \/>\n<meta property=\"og:description\" content=\"Amino Complex je proizvod \u0161irokog spektra koji ima veliku proteinsku vrednost i lako je svarljiv. Mi smo jednostavno na\u0161 stari proizvod \u201cAmino Complex\u201d dopunili jo\u0161 jednim od poznatih izaziva\u010da i palatanata pod imenom C.S.L. (Corn Steep Liqour). C.S.L. je prirodna struktura amino kiselina dobijena iz kukuruza. Umesto kori\u0161\u0107enja obi\u010dne C.S.L. te\u010dnosti, mi smo dodali jo\u0161 [&hellip;]\" \/>\n<meta property=\"og:url\" content=\"https:\/\/melegbait.com\/en\/product\/amino-complex-c-s-l\/\" \/>\n<meta property=\"og:site_name\" content=\"Meleg bait\" \/>\n<meta property=\"article:publisher\" content=\"https:\/\/www.facebook.com\/MelegBait\" \/>\n<meta property=\"article:modified_time\" content=\"2023-05-19T21:04:29+00:00\" \/>\n<meta property=\"og:image\" content=\"https:\/\/melegbait.com\/wp-content\/uploads\/2021\/01\/8BFE928F-5077-4861-876E-2DEA02413050.jpeg\" \/>\n\t<meta property=\"og:image:width\" content=\"638\" \/>\n\t<meta property=\"og:image:height\" content=\"850\" \/>\n\t<meta property=\"og:image:type\" content=\"image\/jpeg\" \/>\n<meta name=\"twitter:card\" content=\"summary_large_image\" \/>\n<meta name=\"twitter:label1\" content=\"Estimated reading time\" \/>\n\t<meta name=\"twitter:data1\" content=\"1 minute\" \/>\n<script type=\"application\/ld+json\" class=\"yoast-schema-graph\">{\"@context\":\"https:\/\/schema.org\",\"@graph\":[{\"@type\":\"WebPage\",\"@id\":\"https:\/\/melegbait.com\/product\/amino-complex-c-s-l\/\",\"url\":\"https:\/\/melegbait.com\/product\/amino-complex-c-s-l\/\",\"name\":\"Amino Complex C.S.L. - Meleg bait\",\"isPartOf\":{\"@id\":\"https:\/\/melegbait.com\/#website\"},\"primaryImageOfPage\":{\"@id\":\"https:\/\/melegbait.com\/product\/amino-complex-c-s-l\/#primaryimage\"},\"image\":{\"@id\":\"https:\/\/melegbait.com\/product\/amino-complex-c-s-l\/#primaryimage\"},\"thumbnailUrl\":\"https:\/\/melegbait.com\/wp-content\/uploads\/2021\/01\/8BFE928F-5077-4861-876E-2DEA02413050.jpeg\",\"datePublished\":\"2021-01-20T17:10:48+00:00\",\"dateModified\":\"2023-05-19T21:04:29+00:00\",\"breadcrumb\":{\"@id\":\"https:\/\/melegbait.com\/product\/amino-complex-c-s-l\/#breadcrumb\"},\"inLanguage\":\"en-GB\",\"potentialAction\":[{\"@type\":\"ReadAction\",\"target\":[\"https:\/\/melegbait.com\/product\/amino-complex-c-s-l\/\"]}]},{\"@type\":\"ImageObject\",\"inLanguage\":\"en-GB\",\"@id\":\"https:\/\/melegbait.com\/product\/amino-complex-c-s-l\/#primaryimage\",\"url\":\"https:\/\/melegbait.com\/wp-content\/uploads\/2021\/01\/8BFE928F-5077-4861-876E-2DEA02413050.jpeg\",\"contentUrl\":\"https:\/\/melegbait.com\/wp-content\/uploads\/2021\/01\/8BFE928F-5077-4861-876E-2DEA02413050.jpeg\",\"width\":638,\"height\":850},{\"@type\":\"BreadcrumbList\",\"@id\":\"https:\/\/melegbait.com\/product\/amino-complex-c-s-l\/#breadcrumb\",\"itemListElement\":[{\"@type\":\"ListItem\",\"position\":1,\"name\":\"Home\",\"item\":\"https:\/\/melegbait.com\/\"},{\"@type\":\"ListItem\",\"position\":2,\"name\":\"Shop\",\"item\":\"https:\/\/melegbait.com\/shop\/\"},{\"@type\":\"ListItem\",\"position\":3,\"name\":\"Amino Complex C.S.L.\"}]},{\"@type\":\"WebSite\",\"@id\":\"https:\/\/melegbait.com\/#website\",\"url\":\"https:\/\/melegbait.com\/\",\"name\":\"Meleg bait\",\"description\":\"Meleg bait\",\"publisher\":{\"@id\":\"https:\/\/melegbait.com\/#organization\"},\"potentialAction\":[{\"@type\":\"SearchAction\",\"target\":{\"@type\":\"EntryPoint\",\"urlTemplate\":\"https:\/\/melegbait.com\/?s={search_term_string}\"},\"query-input\":{\"@type\":\"PropertyValueSpecification\",\"valueRequired\":true,\"valueName\":\"search_term_string\"}}],\"inLanguage\":\"en-GB\"},{\"@type\":\"Organization\",\"@id\":\"https:\/\/melegbait.com\/#organization\",\"name\":\"Meleg Baits\",\"url\":\"https:\/\/melegbait.com\/\",\"logo\":{\"@type\":\"ImageObject\",\"inLanguage\":\"en-GB\",\"@id\":\"https:\/\/melegbait.com\/#\/schema\/logo\/image\/\",\"url\":\"https:\/\/melegbait.com\/wp-content\/uploads\/2021\/02\/mblogo.jpg\",\"contentUrl\":\"https:\/\/melegbait.com\/wp-content\/uploads\/2021\/02\/mblogo.jpg\",\"width\":250,\"height\":250,\"caption\":\"Meleg Baits\"},\"image\":{\"@id\":\"https:\/\/melegbait.com\/#\/schema\/logo\/image\/\"},\"sameAs\":[\"https:\/\/www.facebook.com\/MelegBait\"]}]}<\/script>\n<!-- \/ Yoast SEO plugin. -->","yoast_head_json":{"title":"Amino Complex C.S.L. - Meleg bait","robots":{"index":"index","follow":"follow","max-snippet":"max-snippet:-1","max-image-preview":"max-image-preview:large","max-video-preview":"max-video-preview:-1"},"canonical":"https:\/\/melegbait.com\/en\/product\/amino-complex-c-s-l\/","og_locale":"en_GB","og_type":"article","og_title":"Amino Complex C.S.L. - Meleg bait","og_description":"Amino Complex je proizvod \u0161irokog spektra koji ima veliku proteinsku vrednost i lako je svarljiv. Mi smo jednostavno na\u0161 stari proizvod \u201cAmino Complex\u201d dopunili jo\u0161 jednim od poznatih izaziva\u010da i palatanata pod imenom C.S.L. (Corn Steep Liqour). C.S.L. je prirodna struktura amino kiselina dobijena iz kukuruza. Umesto kori\u0161\u0107enja obi\u010dne C.S.L. te\u010dnosti, mi smo dodali jo\u0161 [&hellip;]","og_url":"https:\/\/melegbait.com\/en\/product\/amino-complex-c-s-l\/","og_site_name":"Meleg bait","article_publisher":"https:\/\/www.facebook.com\/MelegBait","article_modified_time":"2023-05-19T21:04:29+00:00","og_image":[{"width":638,"height":850,"url":"https:\/\/melegbait.com\/wp-content\/uploads\/2021\/01\/8BFE928F-5077-4861-876E-2DEA02413050.jpeg","type":"image\/jpeg"}],"twitter_card":"summary_large_image","twitter_misc":{"Estimated reading time":"1 minute"},"schema":{"@context":"https:\/\/schema.org","@graph":[{"@type":"WebPage","@id":"https:\/\/melegbait.com\/product\/amino-complex-c-s-l\/","url":"https:\/\/melegbait.com\/product\/amino-complex-c-s-l\/","name":"Amino Complex C.S.L. - Meleg bait","isPartOf":{"@id":"https:\/\/melegbait.com\/#website"},"primaryImageOfPage":{"@id":"https:\/\/melegbait.com\/product\/amino-complex-c-s-l\/#primaryimage"},"image":{"@id":"https:\/\/melegbait.com\/product\/amino-complex-c-s-l\/#primaryimage"},"thumbnailUrl":"https:\/\/melegbait.com\/wp-content\/uploads\/2021\/01\/8BFE928F-5077-4861-876E-2DEA02413050.jpeg","datePublished":"2021-01-20T17:10:48+00:00","dateModified":"2023-05-19T21:04:29+00:00","breadcrumb":{"@id":"https:\/\/melegbait.com\/product\/amino-complex-c-s-l\/#breadcrumb"},"inLanguage":"en-GB","potentialAction":[{"@type":"ReadAction","target":["https:\/\/melegbait.com\/product\/amino-complex-c-s-l\/"]}]},{"@type":"ImageObject","inLanguage":"en-GB","@id":"https:\/\/melegbait.com\/product\/amino-complex-c-s-l\/#primaryimage","url":"https:\/\/melegbait.com\/wp-content\/uploads\/2021\/01\/8BFE928F-5077-4861-876E-2DEA02413050.jpeg","contentUrl":"https:\/\/melegbait.com\/wp-content\/uploads\/2021\/01\/8BFE928F-5077-4861-876E-2DEA02413050.jpeg","width":638,"height":850},{"@type":"BreadcrumbList","@id":"https:\/\/melegbait.com\/product\/amino-complex-c-s-l\/#breadcrumb","itemListElement":[{"@type":"ListItem","position":1,"name":"Home","item":"https:\/\/melegbait.com\/"},{"@type":"ListItem","position":2,"name":"Shop","item":"https:\/\/melegbait.com\/shop\/"},{"@type":"ListItem","position":3,"name":"Amino Complex C.S.L."}]},{"@type":"WebSite","@id":"https:\/\/melegbait.com\/#website","url":"https:\/\/melegbait.com\/","name":"Meleg bait","description":"Meleg bait","publisher":{"@id":"https:\/\/melegbait.com\/#organization"},"potentialAction":[{"@type":"SearchAction","target":{"@type":"EntryPoint","urlTemplate":"https:\/\/melegbait.com\/?s={search_term_string}"},"query-input":{"@type":"PropertyValueSpecification","valueRequired":true,"valueName":"search_term_string"}}],"inLanguage":"en-GB"},{"@type":"Organization","@id":"https:\/\/melegbait.com\/#organization","name":"Meleg Baits","url":"https:\/\/melegbait.com\/","logo":{"@type":"ImageObject","inLanguage":"en-GB","@id":"https:\/\/melegbait.com\/#\/schema\/logo\/image\/","url":"https:\/\/melegbait.com\/wp-content\/uploads\/2021\/02\/mblogo.jpg","contentUrl":"https:\/\/melegbait.com\/wp-content\/uploads\/2021\/02\/mblogo.jpg","width":250,"height":250,"caption":"Meleg Baits"},"image":{"@id":"https:\/\/melegbait.com\/#\/schema\/logo\/image\/"},"sameAs":["https:\/\/www.facebook.com\/MelegBait"]}]}},"_links":{"self":[{"href":"https:\/\/melegbait.com\/en\/wp-json\/wp\/v2\/product\/31400","targetHints":{"allow":["GET"]}}],"collection":[{"href":"https:\/\/melegbait.com\/en\/wp-json\/wp\/v2\/product"}],"about":[{"href":"https:\/\/melegbait.com\/en\/wp-json\/wp\/v2\/types\/product"}],"replies":[{"embeddable":true,"href":"https:\/\/melegbait.com\/en\/wp-json\/wp\/v2\/comments?post=31400"}],"wp:featuredmedia":[{"embeddable":true,"href":"https:\/\/melegbait.com\/en\/wp-json\/wp\/v2\/media\/33507"}],"wp:attachment":[{"href":"https:\/\/melegbait.com\/en\/wp-json\/wp\/v2\/media?parent=31400"}],"wp:term":[{"taxonomy":"product_brand","embeddable":true,"href":"https:\/\/melegbait.com\/en\/wp-json\/wp\/v2\/product_brand?post=31400"},{"taxonomy":"product_cat","embeddable":true,"href":"https:\/\/melegbait.com\/en\/wp-json\/wp\/v2\/product_cat?post=31400"},{"taxonomy":"product_tag","embeddable":true,"href":"https:\/\/melegbait.com\/en\/wp-json\/wp\/v2\/product_tag?post=31400"}],"curies":[{"name":"wp","href":"https:\/\/api.w.org\/{rel}","templated":true}]}}