{"id":31404,"date":"2021-01-20T18:23:16","date_gmt":"2021-01-20T17:23:16","guid":{"rendered":"https:\/\/melegbait.com\/?post_type=product&#038;p=31404"},"modified":"2023-08-15T11:24:13","modified_gmt":"2023-08-15T10:24:13","slug":"fruit-enhancer","status":"publish","type":"product","link":"https:\/\/melegbait.com\/en\/product\/fruit-enhancer\/","title":{"rendered":"Fruit Enhancer"},"content":{"rendered":"<p>Fruit Enhancer is an attractor made up of natural substances and supplements. This powder is\na mixture of dehydrated fruit flavour (a prominent and strong fragrance of fruit) with a natural\nsweetener. We do not use saccharides because they are known to create problems in fish\ndigestion. Fruit Enhancer is a substance that consists of natural sweeteners, attractors, flavors,\nnatural vegetative triggers and digestive enzymes. In addition to being added to boilie mixes, it\ncan also be combined with particle, spod mix and ground bait. The method of use with the\nparticles implies adding in water Fruit Enhancer, before or after cooking, while the water is still\nwarm. We recommend a 24-hour period so that the particles absorb the liquid with the content\nof Fruit Enhancers. The dose of Fruit Enhancer per kilogram of boilie mix, particle or ground bait\nshould be 7-15g (one teaspoon). With particle use, the seeds should be left to soak for 24\nhours.Packaging 250g.<\/p>","protected":false},"excerpt":{"rendered":"<p>Fruit Enhancer je atraktor sa\u010dinjen od prirodnih supstanci i suplemenata. Ovaj prah \u010dini me\u0161avina dehidriranih vo\u0107nih aroma (istaknut i jak miris vo\u0107a) sa prirodnim zasla\u0111iva\u010dem. Ne koristimo saharide, jer je poznato da kod ribe stvaraju probleme u varenju. Dakle, Fruit Enhancer je supstanca koja se sastoji od prirodnog zasla\u0111iva\u010da, atraktora, flavour-a, prirodnih okida\u010da biljnog porekla [&hellip;]<\/p>","protected":false},"featured_media":33834,"comment_status":"open","ping_status":"closed","template":"","meta":{"_et_pb_use_builder":"","_et_pb_old_content":"","_et_gb_content_width":""},"product_brand":[],"product_cat":[31,40],"product_tag":[],"class_list":{"0":"post-31404","1":"product","2":"type-product","3":"status-publish","4":"has-post-thumbnail","6":"product_cat-carp","7":"product_cat-praskasti-aditivi","9":"first","10":"instock","11":"taxable","12":"shipping-taxable","13":"purchasable","14":"product-type-simple"},"yoast_head":"<!-- This site is optimized with the Yoast SEO plugin v26.9 - https:\/\/yoast.com\/product\/yoast-seo-wordpress\/ -->\n<title>Fruit Enhancer - Meleg bait<\/title>\n<meta name=\"robots\" content=\"index, follow, max-snippet:-1, max-image-preview:large, max-video-preview:-1\" \/>\n<link rel=\"canonical\" href=\"https:\/\/melegbait.com\/en\/product\/fruit-enhancer\/\" \/>\n<meta property=\"og:locale\" content=\"en_GB\" \/>\n<meta property=\"og:type\" content=\"article\" \/>\n<meta property=\"og:title\" content=\"Fruit Enhancer - Meleg bait\" \/>\n<meta property=\"og:description\" content=\"Fruit Enhancer je atraktor sa\u010dinjen od prirodnih supstanci i suplemenata. Ovaj prah \u010dini me\u0161avina dehidriranih vo\u0107nih aroma (istaknut i jak miris vo\u0107a) sa prirodnim zasla\u0111iva\u010dem. Ne koristimo saharide, jer je poznato da kod ribe stvaraju probleme u varenju. Dakle, Fruit Enhancer je supstanca koja se sastoji od prirodnog zasla\u0111iva\u010da, atraktora, flavour-a, prirodnih okida\u010da biljnog porekla [&hellip;]\" \/>\n<meta property=\"og:url\" content=\"https:\/\/melegbait.com\/en\/product\/fruit-enhancer\/\" \/>\n<meta property=\"og:site_name\" content=\"Meleg bait\" \/>\n<meta property=\"article:publisher\" content=\"https:\/\/www.facebook.com\/MelegBait\" \/>\n<meta property=\"article:modified_time\" content=\"2023-08-15T10:24:13+00:00\" \/>\n<meta property=\"og:image\" content=\"https:\/\/melegbait.com\/wp-content\/uploads\/2021\/01\/IMG_5559.jpeg\" \/>\n\t<meta property=\"og:image:width\" content=\"1150\" \/>\n\t<meta property=\"og:image:height\" content=\"1541\" \/>\n\t<meta property=\"og:image:type\" content=\"image\/jpeg\" \/>\n<meta name=\"twitter:card\" content=\"summary_large_image\" \/>\n<meta name=\"twitter:label1\" content=\"Estimated reading time\" \/>\n\t<meta name=\"twitter:data1\" content=\"1 minute\" \/>\n<script type=\"application\/ld+json\" class=\"yoast-schema-graph\">{\"@context\":\"https:\/\/schema.org\",\"@graph\":[{\"@type\":\"WebPage\",\"@id\":\"https:\/\/melegbait.com\/product\/fruit-enhancer\/\",\"url\":\"https:\/\/melegbait.com\/product\/fruit-enhancer\/\",\"name\":\"Fruit Enhancer - Meleg bait\",\"isPartOf\":{\"@id\":\"https:\/\/melegbait.com\/#website\"},\"primaryImageOfPage\":{\"@id\":\"https:\/\/melegbait.com\/product\/fruit-enhancer\/#primaryimage\"},\"image\":{\"@id\":\"https:\/\/melegbait.com\/product\/fruit-enhancer\/#primaryimage\"},\"thumbnailUrl\":\"https:\/\/melegbait.com\/wp-content\/uploads\/2021\/01\/IMG_5559.jpeg\",\"datePublished\":\"2021-01-20T17:23:16+00:00\",\"dateModified\":\"2023-08-15T10:24:13+00:00\",\"breadcrumb\":{\"@id\":\"https:\/\/melegbait.com\/product\/fruit-enhancer\/#breadcrumb\"},\"inLanguage\":\"en-GB\",\"potentialAction\":[{\"@type\":\"ReadAction\",\"target\":[\"https:\/\/melegbait.com\/product\/fruit-enhancer\/\"]}]},{\"@type\":\"ImageObject\",\"inLanguage\":\"en-GB\",\"@id\":\"https:\/\/melegbait.com\/product\/fruit-enhancer\/#primaryimage\",\"url\":\"https:\/\/melegbait.com\/wp-content\/uploads\/2021\/01\/IMG_5559.jpeg\",\"contentUrl\":\"https:\/\/melegbait.com\/wp-content\/uploads\/2021\/01\/IMG_5559.jpeg\",\"width\":1150,\"height\":1541},{\"@type\":\"BreadcrumbList\",\"@id\":\"https:\/\/melegbait.com\/product\/fruit-enhancer\/#breadcrumb\",\"itemListElement\":[{\"@type\":\"ListItem\",\"position\":1,\"name\":\"Home\",\"item\":\"https:\/\/melegbait.com\/\"},{\"@type\":\"ListItem\",\"position\":2,\"name\":\"Shop\",\"item\":\"https:\/\/melegbait.com\/shop\/\"},{\"@type\":\"ListItem\",\"position\":3,\"name\":\"Fruit Enhancer\"}]},{\"@type\":\"WebSite\",\"@id\":\"https:\/\/melegbait.com\/#website\",\"url\":\"https:\/\/melegbait.com\/\",\"name\":\"Meleg bait\",\"description\":\"Meleg bait\",\"publisher\":{\"@id\":\"https:\/\/melegbait.com\/#organization\"},\"potentialAction\":[{\"@type\":\"SearchAction\",\"target\":{\"@type\":\"EntryPoint\",\"urlTemplate\":\"https:\/\/melegbait.com\/?s={search_term_string}\"},\"query-input\":{\"@type\":\"PropertyValueSpecification\",\"valueRequired\":true,\"valueName\":\"search_term_string\"}}],\"inLanguage\":\"en-GB\"},{\"@type\":\"Organization\",\"@id\":\"https:\/\/melegbait.com\/#organization\",\"name\":\"Meleg Baits\",\"url\":\"https:\/\/melegbait.com\/\",\"logo\":{\"@type\":\"ImageObject\",\"inLanguage\":\"en-GB\",\"@id\":\"https:\/\/melegbait.com\/#\/schema\/logo\/image\/\",\"url\":\"https:\/\/melegbait.com\/wp-content\/uploads\/2021\/02\/mblogo.jpg\",\"contentUrl\":\"https:\/\/melegbait.com\/wp-content\/uploads\/2021\/02\/mblogo.jpg\",\"width\":250,\"height\":250,\"caption\":\"Meleg Baits\"},\"image\":{\"@id\":\"https:\/\/melegbait.com\/#\/schema\/logo\/image\/\"},\"sameAs\":[\"https:\/\/www.facebook.com\/MelegBait\"]}]}<\/script>\n<!-- \/ Yoast SEO plugin. -->","yoast_head_json":{"title":"Fruit Enhancer - Meleg bait","robots":{"index":"index","follow":"follow","max-snippet":"max-snippet:-1","max-image-preview":"max-image-preview:large","max-video-preview":"max-video-preview:-1"},"canonical":"https:\/\/melegbait.com\/en\/product\/fruit-enhancer\/","og_locale":"en_GB","og_type":"article","og_title":"Fruit Enhancer - Meleg bait","og_description":"Fruit Enhancer je atraktor sa\u010dinjen od prirodnih supstanci i suplemenata. Ovaj prah \u010dini me\u0161avina dehidriranih vo\u0107nih aroma (istaknut i jak miris vo\u0107a) sa prirodnim zasla\u0111iva\u010dem. Ne koristimo saharide, jer je poznato da kod ribe stvaraju probleme u varenju. Dakle, Fruit Enhancer je supstanca koja se sastoji od prirodnog zasla\u0111iva\u010da, atraktora, flavour-a, prirodnih okida\u010da biljnog porekla [&hellip;]","og_url":"https:\/\/melegbait.com\/en\/product\/fruit-enhancer\/","og_site_name":"Meleg bait","article_publisher":"https:\/\/www.facebook.com\/MelegBait","article_modified_time":"2023-08-15T10:24:13+00:00","og_image":[{"width":1150,"height":1541,"url":"https:\/\/melegbait.com\/wp-content\/uploads\/2021\/01\/IMG_5559.jpeg","type":"image\/jpeg"}],"twitter_card":"summary_large_image","twitter_misc":{"Estimated reading time":"1 minute"},"schema":{"@context":"https:\/\/schema.org","@graph":[{"@type":"WebPage","@id":"https:\/\/melegbait.com\/product\/fruit-enhancer\/","url":"https:\/\/melegbait.com\/product\/fruit-enhancer\/","name":"Fruit Enhancer - Meleg bait","isPartOf":{"@id":"https:\/\/melegbait.com\/#website"},"primaryImageOfPage":{"@id":"https:\/\/melegbait.com\/product\/fruit-enhancer\/#primaryimage"},"image":{"@id":"https:\/\/melegbait.com\/product\/fruit-enhancer\/#primaryimage"},"thumbnailUrl":"https:\/\/melegbait.com\/wp-content\/uploads\/2021\/01\/IMG_5559.jpeg","datePublished":"2021-01-20T17:23:16+00:00","dateModified":"2023-08-15T10:24:13+00:00","breadcrumb":{"@id":"https:\/\/melegbait.com\/product\/fruit-enhancer\/#breadcrumb"},"inLanguage":"en-GB","potentialAction":[{"@type":"ReadAction","target":["https:\/\/melegbait.com\/product\/fruit-enhancer\/"]}]},{"@type":"ImageObject","inLanguage":"en-GB","@id":"https:\/\/melegbait.com\/product\/fruit-enhancer\/#primaryimage","url":"https:\/\/melegbait.com\/wp-content\/uploads\/2021\/01\/IMG_5559.jpeg","contentUrl":"https:\/\/melegbait.com\/wp-content\/uploads\/2021\/01\/IMG_5559.jpeg","width":1150,"height":1541},{"@type":"BreadcrumbList","@id":"https:\/\/melegbait.com\/product\/fruit-enhancer\/#breadcrumb","itemListElement":[{"@type":"ListItem","position":1,"name":"Home","item":"https:\/\/melegbait.com\/"},{"@type":"ListItem","position":2,"name":"Shop","item":"https:\/\/melegbait.com\/shop\/"},{"@type":"ListItem","position":3,"name":"Fruit Enhancer"}]},{"@type":"WebSite","@id":"https:\/\/melegbait.com\/#website","url":"https:\/\/melegbait.com\/","name":"Meleg bait","description":"Meleg bait","publisher":{"@id":"https:\/\/melegbait.com\/#organization"},"potentialAction":[{"@type":"SearchAction","target":{"@type":"EntryPoint","urlTemplate":"https:\/\/melegbait.com\/?s={search_term_string}"},"query-input":{"@type":"PropertyValueSpecification","valueRequired":true,"valueName":"search_term_string"}}],"inLanguage":"en-GB"},{"@type":"Organization","@id":"https:\/\/melegbait.com\/#organization","name":"Meleg Baits","url":"https:\/\/melegbait.com\/","logo":{"@type":"ImageObject","inLanguage":"en-GB","@id":"https:\/\/melegbait.com\/#\/schema\/logo\/image\/","url":"https:\/\/melegbait.com\/wp-content\/uploads\/2021\/02\/mblogo.jpg","contentUrl":"https:\/\/melegbait.com\/wp-content\/uploads\/2021\/02\/mblogo.jpg","width":250,"height":250,"caption":"Meleg Baits"},"image":{"@id":"https:\/\/melegbait.com\/#\/schema\/logo\/image\/"},"sameAs":["https:\/\/www.facebook.com\/MelegBait"]}]}},"_links":{"self":[{"href":"https:\/\/melegbait.com\/en\/wp-json\/wp\/v2\/product\/31404","targetHints":{"allow":["GET"]}}],"collection":[{"href":"https:\/\/melegbait.com\/en\/wp-json\/wp\/v2\/product"}],"about":[{"href":"https:\/\/melegbait.com\/en\/wp-json\/wp\/v2\/types\/product"}],"replies":[{"embeddable":true,"href":"https:\/\/melegbait.com\/en\/wp-json\/wp\/v2\/comments?post=31404"}],"wp:featuredmedia":[{"embeddable":true,"href":"https:\/\/melegbait.com\/en\/wp-json\/wp\/v2\/media\/33834"}],"wp:attachment":[{"href":"https:\/\/melegbait.com\/en\/wp-json\/wp\/v2\/media?parent=31404"}],"wp:term":[{"taxonomy":"product_brand","embeddable":true,"href":"https:\/\/melegbait.com\/en\/wp-json\/wp\/v2\/product_brand?post=31404"},{"taxonomy":"product_cat","embeddable":true,"href":"https:\/\/melegbait.com\/en\/wp-json\/wp\/v2\/product_cat?post=31404"},{"taxonomy":"product_tag","embeddable":true,"href":"https:\/\/melegbait.com\/en\/wp-json\/wp\/v2\/product_tag?post=31404"}],"curies":[{"name":"wp","href":"https:\/\/api.w.org\/{rel}","templated":true}]}}