{"id":31413,"date":"2021-01-20T18:24:10","date_gmt":"2021-01-20T17:24:10","guid":{"rendered":"https:\/\/melegbait.com\/?post_type=product&#038;p=31413"},"modified":"2023-05-19T20:31:30","modified_gmt":"2023-05-19T19:31:30","slug":"amino-digest-pro","status":"publish","type":"product","link":"https:\/\/melegbait.com\/en\/product\/amino-digest-pro\/","title":{"rendered":"Amino Digest Pro"},"content":{"rendered":"<p>Some people avoid the use of amino acids in liquid form and look for as naturally occurring\nsubstances with less aggressive aromas. By adding Amino Digest Pro Powder to the mix, we\nget a high quality boil that will not overwhelm the amino acid signal and will not change your\nidea of a \"mild\" mix. There are people who do not save on components and do not complain\nabout spending 100ml of Attract Natural for a small amount of mixes, which in some cases is\nnot good. There is a possibility that the fish can be defended by some instincts because it has\nhad poor food experience with over-saturated amino acids. That's why Amino Digest Pro\npowder is the only balance between natural substances and is extremely well used in\ncombination with C.S.P. Bio Protein. Just add 1 teaspoon Amino Digest Pro to 1 kg and 1\nteaspoon of C.S.P. Bio Protein. In case you make your own boil, when other substances are not\navailable and when they are made from some ordinary flour, then 2 teaspoons of Amino Digest\nand 1 spoon of C.S.P. Bio Protein per 1kg. Packaging 250g.<\/p>","protected":false},"excerpt":{"rendered":"<p>Neki ljudi izbegavaju primenu amino kiselina u te\u010dnom stanju i tra\u017ee \u0161to prirodnije supstance sa manje agresivnim aromama. Dodavanjem Amino Digest Pro pudera u miks, dobijamo kvalitetnu boilu koja ne\u0107e preovladati signalom amino kiselina i ne\u0107e promeniti Va\u0161u ideju o jednom \u201eblagom\u201c miksu. Ukoliko bismo primenili Attract Natural te\u010dnost, onda bi na\u0161 miks bio izra\u017eenog [&hellip;]<\/p>","protected":false},"featured_media":33456,"comment_status":"open","ping_status":"closed","template":"","meta":{"_et_pb_use_builder":"","_et_pb_old_content":"","_et_gb_content_width":""},"product_brand":[],"product_cat":[31,40],"product_tag":[],"class_list":{"0":"post-31413","1":"product","2":"type-product","3":"status-publish","4":"has-post-thumbnail","6":"product_cat-carp","7":"product_cat-praskasti-aditivi","9":"first","10":"instock","11":"taxable","12":"shipping-taxable","13":"purchasable","14":"product-type-simple"},"yoast_head":"<!-- This site is optimized with the Yoast SEO plugin v26.9 - https:\/\/yoast.com\/product\/yoast-seo-wordpress\/ -->\n<title>Amino Digest Pro - Meleg bait<\/title>\n<meta name=\"robots\" content=\"index, follow, max-snippet:-1, max-image-preview:large, max-video-preview:-1\" \/>\n<link rel=\"canonical\" href=\"https:\/\/melegbait.com\/en\/product\/amino-digest-pro\/\" \/>\n<meta property=\"og:locale\" content=\"en_GB\" \/>\n<meta property=\"og:type\" content=\"article\" \/>\n<meta property=\"og:title\" content=\"Amino Digest Pro - Meleg bait\" \/>\n<meta property=\"og:description\" content=\"Neki ljudi izbegavaju primenu amino kiselina u te\u010dnom stanju i tra\u017ee \u0161to prirodnije supstance sa manje agresivnim aromama. Dodavanjem Amino Digest Pro pudera u miks, dobijamo kvalitetnu boilu koja ne\u0107e preovladati signalom amino kiselina i ne\u0107e promeniti Va\u0161u ideju o jednom \u201eblagom\u201c miksu. Ukoliko bismo primenili Attract Natural te\u010dnost, onda bi na\u0161 miks bio izra\u017eenog [&hellip;]\" \/>\n<meta property=\"og:url\" content=\"https:\/\/melegbait.com\/en\/product\/amino-digest-pro\/\" \/>\n<meta property=\"og:site_name\" content=\"Meleg bait\" \/>\n<meta property=\"article:publisher\" content=\"https:\/\/www.facebook.com\/MelegBait\" \/>\n<meta property=\"article:modified_time\" content=\"2023-05-19T19:31:30+00:00\" \/>\n<meta property=\"og:image\" content=\"https:\/\/melegbait.com\/wp-content\/uploads\/2021\/01\/6AB61ACD-488E-4EA5-BC70-CC82F2FA5CF8.png\" \/>\n\t<meta property=\"og:image:width\" content=\"608\" \/>\n\t<meta property=\"og:image:height\" content=\"750\" \/>\n\t<meta property=\"og:image:type\" content=\"image\/png\" \/>\n<meta name=\"twitter:card\" content=\"summary_large_image\" \/>\n<meta name=\"twitter:label1\" content=\"Estimated reading time\" \/>\n\t<meta name=\"twitter:data1\" content=\"1 minute\" \/>\n<script type=\"application\/ld+json\" class=\"yoast-schema-graph\">{\"@context\":\"https:\/\/schema.org\",\"@graph\":[{\"@type\":\"WebPage\",\"@id\":\"https:\/\/melegbait.com\/product\/amino-digest-pro\/\",\"url\":\"https:\/\/melegbait.com\/product\/amino-digest-pro\/\",\"name\":\"Amino Digest Pro - Meleg bait\",\"isPartOf\":{\"@id\":\"https:\/\/melegbait.com\/#website\"},\"primaryImageOfPage\":{\"@id\":\"https:\/\/melegbait.com\/product\/amino-digest-pro\/#primaryimage\"},\"image\":{\"@id\":\"https:\/\/melegbait.com\/product\/amino-digest-pro\/#primaryimage\"},\"thumbnailUrl\":\"https:\/\/melegbait.com\/wp-content\/uploads\/2021\/01\/6AB61ACD-488E-4EA5-BC70-CC82F2FA5CF8.png\",\"datePublished\":\"2021-01-20T17:24:10+00:00\",\"dateModified\":\"2023-05-19T19:31:30+00:00\",\"breadcrumb\":{\"@id\":\"https:\/\/melegbait.com\/product\/amino-digest-pro\/#breadcrumb\"},\"inLanguage\":\"en-GB\",\"potentialAction\":[{\"@type\":\"ReadAction\",\"target\":[\"https:\/\/melegbait.com\/product\/amino-digest-pro\/\"]}]},{\"@type\":\"ImageObject\",\"inLanguage\":\"en-GB\",\"@id\":\"https:\/\/melegbait.com\/product\/amino-digest-pro\/#primaryimage\",\"url\":\"https:\/\/melegbait.com\/wp-content\/uploads\/2021\/01\/6AB61ACD-488E-4EA5-BC70-CC82F2FA5CF8.png\",\"contentUrl\":\"https:\/\/melegbait.com\/wp-content\/uploads\/2021\/01\/6AB61ACD-488E-4EA5-BC70-CC82F2FA5CF8.png\",\"width\":608,\"height\":750},{\"@type\":\"BreadcrumbList\",\"@id\":\"https:\/\/melegbait.com\/product\/amino-digest-pro\/#breadcrumb\",\"itemListElement\":[{\"@type\":\"ListItem\",\"position\":1,\"name\":\"Home\",\"item\":\"https:\/\/melegbait.com\/\"},{\"@type\":\"ListItem\",\"position\":2,\"name\":\"Shop\",\"item\":\"https:\/\/melegbait.com\/shop\/\"},{\"@type\":\"ListItem\",\"position\":3,\"name\":\"Amino Digest Pro\"}]},{\"@type\":\"WebSite\",\"@id\":\"https:\/\/melegbait.com\/#website\",\"url\":\"https:\/\/melegbait.com\/\",\"name\":\"Meleg bait\",\"description\":\"Meleg bait\",\"publisher\":{\"@id\":\"https:\/\/melegbait.com\/#organization\"},\"potentialAction\":[{\"@type\":\"SearchAction\",\"target\":{\"@type\":\"EntryPoint\",\"urlTemplate\":\"https:\/\/melegbait.com\/?s={search_term_string}\"},\"query-input\":{\"@type\":\"PropertyValueSpecification\",\"valueRequired\":true,\"valueName\":\"search_term_string\"}}],\"inLanguage\":\"en-GB\"},{\"@type\":\"Organization\",\"@id\":\"https:\/\/melegbait.com\/#organization\",\"name\":\"Meleg Baits\",\"url\":\"https:\/\/melegbait.com\/\",\"logo\":{\"@type\":\"ImageObject\",\"inLanguage\":\"en-GB\",\"@id\":\"https:\/\/melegbait.com\/#\/schema\/logo\/image\/\",\"url\":\"https:\/\/melegbait.com\/wp-content\/uploads\/2021\/02\/mblogo.jpg\",\"contentUrl\":\"https:\/\/melegbait.com\/wp-content\/uploads\/2021\/02\/mblogo.jpg\",\"width\":250,\"height\":250,\"caption\":\"Meleg Baits\"},\"image\":{\"@id\":\"https:\/\/melegbait.com\/#\/schema\/logo\/image\/\"},\"sameAs\":[\"https:\/\/www.facebook.com\/MelegBait\"]}]}<\/script>\n<!-- \/ Yoast SEO plugin. -->","yoast_head_json":{"title":"Amino Digest Pro - Meleg bait","robots":{"index":"index","follow":"follow","max-snippet":"max-snippet:-1","max-image-preview":"max-image-preview:large","max-video-preview":"max-video-preview:-1"},"canonical":"https:\/\/melegbait.com\/en\/product\/amino-digest-pro\/","og_locale":"en_GB","og_type":"article","og_title":"Amino Digest Pro - Meleg bait","og_description":"Neki ljudi izbegavaju primenu amino kiselina u te\u010dnom stanju i tra\u017ee \u0161to prirodnije supstance sa manje agresivnim aromama. Dodavanjem Amino Digest Pro pudera u miks, dobijamo kvalitetnu boilu koja ne\u0107e preovladati signalom amino kiselina i ne\u0107e promeniti Va\u0161u ideju o jednom \u201eblagom\u201c miksu. Ukoliko bismo primenili Attract Natural te\u010dnost, onda bi na\u0161 miks bio izra\u017eenog [&hellip;]","og_url":"https:\/\/melegbait.com\/en\/product\/amino-digest-pro\/","og_site_name":"Meleg bait","article_publisher":"https:\/\/www.facebook.com\/MelegBait","article_modified_time":"2023-05-19T19:31:30+00:00","og_image":[{"width":608,"height":750,"url":"https:\/\/melegbait.com\/wp-content\/uploads\/2021\/01\/6AB61ACD-488E-4EA5-BC70-CC82F2FA5CF8.png","type":"image\/png"}],"twitter_card":"summary_large_image","twitter_misc":{"Estimated reading time":"1 minute"},"schema":{"@context":"https:\/\/schema.org","@graph":[{"@type":"WebPage","@id":"https:\/\/melegbait.com\/product\/amino-digest-pro\/","url":"https:\/\/melegbait.com\/product\/amino-digest-pro\/","name":"Amino Digest Pro - Meleg bait","isPartOf":{"@id":"https:\/\/melegbait.com\/#website"},"primaryImageOfPage":{"@id":"https:\/\/melegbait.com\/product\/amino-digest-pro\/#primaryimage"},"image":{"@id":"https:\/\/melegbait.com\/product\/amino-digest-pro\/#primaryimage"},"thumbnailUrl":"https:\/\/melegbait.com\/wp-content\/uploads\/2021\/01\/6AB61ACD-488E-4EA5-BC70-CC82F2FA5CF8.png","datePublished":"2021-01-20T17:24:10+00:00","dateModified":"2023-05-19T19:31:30+00:00","breadcrumb":{"@id":"https:\/\/melegbait.com\/product\/amino-digest-pro\/#breadcrumb"},"inLanguage":"en-GB","potentialAction":[{"@type":"ReadAction","target":["https:\/\/melegbait.com\/product\/amino-digest-pro\/"]}]},{"@type":"ImageObject","inLanguage":"en-GB","@id":"https:\/\/melegbait.com\/product\/amino-digest-pro\/#primaryimage","url":"https:\/\/melegbait.com\/wp-content\/uploads\/2021\/01\/6AB61ACD-488E-4EA5-BC70-CC82F2FA5CF8.png","contentUrl":"https:\/\/melegbait.com\/wp-content\/uploads\/2021\/01\/6AB61ACD-488E-4EA5-BC70-CC82F2FA5CF8.png","width":608,"height":750},{"@type":"BreadcrumbList","@id":"https:\/\/melegbait.com\/product\/amino-digest-pro\/#breadcrumb","itemListElement":[{"@type":"ListItem","position":1,"name":"Home","item":"https:\/\/melegbait.com\/"},{"@type":"ListItem","position":2,"name":"Shop","item":"https:\/\/melegbait.com\/shop\/"},{"@type":"ListItem","position":3,"name":"Amino Digest Pro"}]},{"@type":"WebSite","@id":"https:\/\/melegbait.com\/#website","url":"https:\/\/melegbait.com\/","name":"Meleg bait","description":"Meleg bait","publisher":{"@id":"https:\/\/melegbait.com\/#organization"},"potentialAction":[{"@type":"SearchAction","target":{"@type":"EntryPoint","urlTemplate":"https:\/\/melegbait.com\/?s={search_term_string}"},"query-input":{"@type":"PropertyValueSpecification","valueRequired":true,"valueName":"search_term_string"}}],"inLanguage":"en-GB"},{"@type":"Organization","@id":"https:\/\/melegbait.com\/#organization","name":"Meleg Baits","url":"https:\/\/melegbait.com\/","logo":{"@type":"ImageObject","inLanguage":"en-GB","@id":"https:\/\/melegbait.com\/#\/schema\/logo\/image\/","url":"https:\/\/melegbait.com\/wp-content\/uploads\/2021\/02\/mblogo.jpg","contentUrl":"https:\/\/melegbait.com\/wp-content\/uploads\/2021\/02\/mblogo.jpg","width":250,"height":250,"caption":"Meleg Baits"},"image":{"@id":"https:\/\/melegbait.com\/#\/schema\/logo\/image\/"},"sameAs":["https:\/\/www.facebook.com\/MelegBait"]}]}},"_links":{"self":[{"href":"https:\/\/melegbait.com\/en\/wp-json\/wp\/v2\/product\/31413","targetHints":{"allow":["GET"]}}],"collection":[{"href":"https:\/\/melegbait.com\/en\/wp-json\/wp\/v2\/product"}],"about":[{"href":"https:\/\/melegbait.com\/en\/wp-json\/wp\/v2\/types\/product"}],"replies":[{"embeddable":true,"href":"https:\/\/melegbait.com\/en\/wp-json\/wp\/v2\/comments?post=31413"}],"wp:featuredmedia":[{"embeddable":true,"href":"https:\/\/melegbait.com\/en\/wp-json\/wp\/v2\/media\/33456"}],"wp:attachment":[{"href":"https:\/\/melegbait.com\/en\/wp-json\/wp\/v2\/media?parent=31413"}],"wp:term":[{"taxonomy":"product_brand","embeddable":true,"href":"https:\/\/melegbait.com\/en\/wp-json\/wp\/v2\/product_brand?post=31413"},{"taxonomy":"product_cat","embeddable":true,"href":"https:\/\/melegbait.com\/en\/wp-json\/wp\/v2\/product_cat?post=31413"},{"taxonomy":"product_tag","embeddable":true,"href":"https:\/\/melegbait.com\/en\/wp-json\/wp\/v2\/product_tag?post=31413"}],"curies":[{"name":"wp","href":"https:\/\/api.w.org\/{rel}","templated":true}]}}