{"id":31414,"date":"2021-01-20T18:26:01","date_gmt":"2021-01-20T17:26:01","guid":{"rendered":"https:\/\/melegbait.com\/?post_type=product&#038;p=31414"},"modified":"2023-08-15T11:30:41","modified_gmt":"2023-08-15T10:30:41","slug":"shell-shock","status":"publish","type":"product","link":"https:\/\/melegbait.com\/en\/product\/shell-shock\/","title":{"rendered":"Shell Shock"},"content":{"rendered":"<p>Shell Shock is a blend of several types of mussel that are milled together with theer own shell.\nSince the carp in the natural habitat of the mussel is a regular occurrence on the menu, Shell\nShock has the effect of natural foods. The exceptionally strong scent of the mussel gives the\nstimulus to the carp, and the fine particles are crispy and the fish are of interest in it, both\nbecause of the food and because of the familiar sound that creates when the carp crushes the\nshell. Boile with the addition of Shell Shock, for carp, is a sign of food and for this reason will\nreturn to the same place several times to feed. It is enough to add 15-25 g per 1 kg boilie mix.\nWe recommend adding Shell Shock to every boilie mix with a meat base. Shell Shock can also\nhave a role of flavour in quantities from 30-50g to 1kg of the basic mix. Packaging 250g.<\/p>","protected":false},"excerpt":{"rendered":"<p>Shell Shock je me\u0161avina vi\u0161e vrsta \u0161koljki koje su mlevene zajedno sa oklopom. Po\u0161to su \u0161aranu u prirodnom stani\u0161tu \u0161koljke redovna pojava na jelovniku, Shell Shock ima efekat prirodne hrane. Izuzetno jak miris \u0161koljke daje stimulans \u0161aranu, a sitne \u010destice su hrskave i riba u tome nalazi interes, kako zbog ishrane, tako i zbog poznatog [&hellip;]<\/p>","protected":false},"featured_media":33835,"comment_status":"open","ping_status":"closed","template":"","meta":{"_et_pb_use_builder":"","_et_pb_old_content":"","_et_gb_content_width":""},"product_brand":[],"product_cat":[31,40],"product_tag":[],"class_list":{"0":"post-31414","1":"product","2":"type-product","3":"status-publish","4":"has-post-thumbnail","6":"product_cat-carp","7":"product_cat-praskasti-aditivi","9":"first","10":"instock","11":"taxable","12":"shipping-taxable","13":"purchasable","14":"product-type-simple"},"yoast_head":"<!-- This site is optimized with the Yoast SEO plugin v26.9 - https:\/\/yoast.com\/product\/yoast-seo-wordpress\/ -->\n<title>Shell Shock - Meleg bait<\/title>\n<meta name=\"robots\" content=\"index, follow, max-snippet:-1, max-image-preview:large, max-video-preview:-1\" \/>\n<link rel=\"canonical\" href=\"https:\/\/melegbait.com\/en\/product\/shell-shock\/\" \/>\n<meta property=\"og:locale\" content=\"en_GB\" \/>\n<meta property=\"og:type\" content=\"article\" \/>\n<meta property=\"og:title\" content=\"Shell Shock - Meleg bait\" \/>\n<meta property=\"og:description\" content=\"Shell Shock je me\u0161avina vi\u0161e vrsta \u0161koljki koje su mlevene zajedno sa oklopom. Po\u0161to su \u0161aranu u prirodnom stani\u0161tu \u0161koljke redovna pojava na jelovniku, Shell Shock ima efekat prirodne hrane. Izuzetno jak miris \u0161koljke daje stimulans \u0161aranu, a sitne \u010destice su hrskave i riba u tome nalazi interes, kako zbog ishrane, tako i zbog poznatog [&hellip;]\" \/>\n<meta property=\"og:url\" content=\"https:\/\/melegbait.com\/en\/product\/shell-shock\/\" \/>\n<meta property=\"og:site_name\" content=\"Meleg bait\" \/>\n<meta property=\"article:publisher\" content=\"https:\/\/www.facebook.com\/MelegBait\" \/>\n<meta property=\"article:modified_time\" content=\"2023-08-15T10:30:41+00:00\" \/>\n<meta property=\"og:image\" content=\"https:\/\/melegbait.com\/wp-content\/uploads\/2021\/01\/IMG_5563.jpeg\" \/>\n\t<meta property=\"og:image:width\" content=\"1150\" \/>\n\t<meta property=\"og:image:height\" content=\"1442\" \/>\n\t<meta property=\"og:image:type\" content=\"image\/jpeg\" \/>\n<meta name=\"twitter:card\" content=\"summary_large_image\" \/>\n<meta name=\"twitter:label1\" content=\"Estimated reading time\" \/>\n\t<meta name=\"twitter:data1\" content=\"1 minute\" \/>\n<script type=\"application\/ld+json\" class=\"yoast-schema-graph\">{\"@context\":\"https:\/\/schema.org\",\"@graph\":[{\"@type\":\"WebPage\",\"@id\":\"https:\/\/melegbait.com\/en\/product\/shell-shock\/\",\"url\":\"https:\/\/melegbait.com\/en\/product\/shell-shock\/\",\"name\":\"Shell Shock - Meleg bait\",\"isPartOf\":{\"@id\":\"https:\/\/melegbait.com\/#website\"},\"primaryImageOfPage\":{\"@id\":\"https:\/\/melegbait.com\/en\/product\/shell-shock\/#primaryimage\"},\"image\":{\"@id\":\"https:\/\/melegbait.com\/en\/product\/shell-shock\/#primaryimage\"},\"thumbnailUrl\":\"https:\/\/melegbait.com\/wp-content\/uploads\/2021\/01\/IMG_5563.jpeg\",\"datePublished\":\"2021-01-20T17:26:01+00:00\",\"dateModified\":\"2023-08-15T10:30:41+00:00\",\"breadcrumb\":{\"@id\":\"https:\/\/melegbait.com\/en\/product\/shell-shock\/#breadcrumb\"},\"inLanguage\":\"en-GB\",\"potentialAction\":[{\"@type\":\"ReadAction\",\"target\":[\"https:\/\/melegbait.com\/en\/product\/shell-shock\/\"]}]},{\"@type\":\"ImageObject\",\"inLanguage\":\"en-GB\",\"@id\":\"https:\/\/melegbait.com\/en\/product\/shell-shock\/#primaryimage\",\"url\":\"https:\/\/melegbait.com\/wp-content\/uploads\/2021\/01\/IMG_5563.jpeg\",\"contentUrl\":\"https:\/\/melegbait.com\/wp-content\/uploads\/2021\/01\/IMG_5563.jpeg\",\"width\":1150,\"height\":1442},{\"@type\":\"BreadcrumbList\",\"@id\":\"https:\/\/melegbait.com\/en\/product\/shell-shock\/#breadcrumb\",\"itemListElement\":[{\"@type\":\"ListItem\",\"position\":1,\"name\":\"Home\",\"item\":\"https:\/\/melegbait.com\/\"},{\"@type\":\"ListItem\",\"position\":2,\"name\":\"Shop\",\"item\":\"https:\/\/melegbait.com\/shop\/\"},{\"@type\":\"ListItem\",\"position\":3,\"name\":\"Shell Shock\"}]},{\"@type\":\"WebSite\",\"@id\":\"https:\/\/melegbait.com\/#website\",\"url\":\"https:\/\/melegbait.com\/\",\"name\":\"Meleg bait\",\"description\":\"Meleg bait\",\"publisher\":{\"@id\":\"https:\/\/melegbait.com\/#organization\"},\"potentialAction\":[{\"@type\":\"SearchAction\",\"target\":{\"@type\":\"EntryPoint\",\"urlTemplate\":\"https:\/\/melegbait.com\/?s={search_term_string}\"},\"query-input\":{\"@type\":\"PropertyValueSpecification\",\"valueRequired\":true,\"valueName\":\"search_term_string\"}}],\"inLanguage\":\"en-GB\"},{\"@type\":\"Organization\",\"@id\":\"https:\/\/melegbait.com\/#organization\",\"name\":\"Meleg Baits\",\"url\":\"https:\/\/melegbait.com\/\",\"logo\":{\"@type\":\"ImageObject\",\"inLanguage\":\"en-GB\",\"@id\":\"https:\/\/melegbait.com\/#\/schema\/logo\/image\/\",\"url\":\"https:\/\/melegbait.com\/wp-content\/uploads\/2021\/02\/mblogo.jpg\",\"contentUrl\":\"https:\/\/melegbait.com\/wp-content\/uploads\/2021\/02\/mblogo.jpg\",\"width\":250,\"height\":250,\"caption\":\"Meleg Baits\"},\"image\":{\"@id\":\"https:\/\/melegbait.com\/#\/schema\/logo\/image\/\"},\"sameAs\":[\"https:\/\/www.facebook.com\/MelegBait\"]}]}<\/script>\n<!-- \/ Yoast SEO plugin. -->","yoast_head_json":{"title":"Shell Shock - Meleg bait","robots":{"index":"index","follow":"follow","max-snippet":"max-snippet:-1","max-image-preview":"max-image-preview:large","max-video-preview":"max-video-preview:-1"},"canonical":"https:\/\/melegbait.com\/en\/product\/shell-shock\/","og_locale":"en_GB","og_type":"article","og_title":"Shell Shock - Meleg bait","og_description":"Shell Shock je me\u0161avina vi\u0161e vrsta \u0161koljki koje su mlevene zajedno sa oklopom. Po\u0161to su \u0161aranu u prirodnom stani\u0161tu \u0161koljke redovna pojava na jelovniku, Shell Shock ima efekat prirodne hrane. Izuzetno jak miris \u0161koljke daje stimulans \u0161aranu, a sitne \u010destice su hrskave i riba u tome nalazi interes, kako zbog ishrane, tako i zbog poznatog [&hellip;]","og_url":"https:\/\/melegbait.com\/en\/product\/shell-shock\/","og_site_name":"Meleg bait","article_publisher":"https:\/\/www.facebook.com\/MelegBait","article_modified_time":"2023-08-15T10:30:41+00:00","og_image":[{"width":1150,"height":1442,"url":"https:\/\/melegbait.com\/wp-content\/uploads\/2021\/01\/IMG_5563.jpeg","type":"image\/jpeg"}],"twitter_card":"summary_large_image","twitter_misc":{"Estimated reading time":"1 minute"},"schema":{"@context":"https:\/\/schema.org","@graph":[{"@type":"WebPage","@id":"https:\/\/melegbait.com\/en\/product\/shell-shock\/","url":"https:\/\/melegbait.com\/en\/product\/shell-shock\/","name":"Shell Shock - Meleg bait","isPartOf":{"@id":"https:\/\/melegbait.com\/#website"},"primaryImageOfPage":{"@id":"https:\/\/melegbait.com\/en\/product\/shell-shock\/#primaryimage"},"image":{"@id":"https:\/\/melegbait.com\/en\/product\/shell-shock\/#primaryimage"},"thumbnailUrl":"https:\/\/melegbait.com\/wp-content\/uploads\/2021\/01\/IMG_5563.jpeg","datePublished":"2021-01-20T17:26:01+00:00","dateModified":"2023-08-15T10:30:41+00:00","breadcrumb":{"@id":"https:\/\/melegbait.com\/en\/product\/shell-shock\/#breadcrumb"},"inLanguage":"en-GB","potentialAction":[{"@type":"ReadAction","target":["https:\/\/melegbait.com\/en\/product\/shell-shock\/"]}]},{"@type":"ImageObject","inLanguage":"en-GB","@id":"https:\/\/melegbait.com\/en\/product\/shell-shock\/#primaryimage","url":"https:\/\/melegbait.com\/wp-content\/uploads\/2021\/01\/IMG_5563.jpeg","contentUrl":"https:\/\/melegbait.com\/wp-content\/uploads\/2021\/01\/IMG_5563.jpeg","width":1150,"height":1442},{"@type":"BreadcrumbList","@id":"https:\/\/melegbait.com\/en\/product\/shell-shock\/#breadcrumb","itemListElement":[{"@type":"ListItem","position":1,"name":"Home","item":"https:\/\/melegbait.com\/"},{"@type":"ListItem","position":2,"name":"Shop","item":"https:\/\/melegbait.com\/shop\/"},{"@type":"ListItem","position":3,"name":"Shell Shock"}]},{"@type":"WebSite","@id":"https:\/\/melegbait.com\/#website","url":"https:\/\/melegbait.com\/","name":"Meleg bait","description":"Meleg bait","publisher":{"@id":"https:\/\/melegbait.com\/#organization"},"potentialAction":[{"@type":"SearchAction","target":{"@type":"EntryPoint","urlTemplate":"https:\/\/melegbait.com\/?s={search_term_string}"},"query-input":{"@type":"PropertyValueSpecification","valueRequired":true,"valueName":"search_term_string"}}],"inLanguage":"en-GB"},{"@type":"Organization","@id":"https:\/\/melegbait.com\/#organization","name":"Meleg Baits","url":"https:\/\/melegbait.com\/","logo":{"@type":"ImageObject","inLanguage":"en-GB","@id":"https:\/\/melegbait.com\/#\/schema\/logo\/image\/","url":"https:\/\/melegbait.com\/wp-content\/uploads\/2021\/02\/mblogo.jpg","contentUrl":"https:\/\/melegbait.com\/wp-content\/uploads\/2021\/02\/mblogo.jpg","width":250,"height":250,"caption":"Meleg Baits"},"image":{"@id":"https:\/\/melegbait.com\/#\/schema\/logo\/image\/"},"sameAs":["https:\/\/www.facebook.com\/MelegBait"]}]}},"_links":{"self":[{"href":"https:\/\/melegbait.com\/en\/wp-json\/wp\/v2\/product\/31414","targetHints":{"allow":["GET"]}}],"collection":[{"href":"https:\/\/melegbait.com\/en\/wp-json\/wp\/v2\/product"}],"about":[{"href":"https:\/\/melegbait.com\/en\/wp-json\/wp\/v2\/types\/product"}],"replies":[{"embeddable":true,"href":"https:\/\/melegbait.com\/en\/wp-json\/wp\/v2\/comments?post=31414"}],"wp:featuredmedia":[{"embeddable":true,"href":"https:\/\/melegbait.com\/en\/wp-json\/wp\/v2\/media\/33835"}],"wp:attachment":[{"href":"https:\/\/melegbait.com\/en\/wp-json\/wp\/v2\/media?parent=31414"}],"wp:term":[{"taxonomy":"product_brand","embeddable":true,"href":"https:\/\/melegbait.com\/en\/wp-json\/wp\/v2\/product_brand?post=31414"},{"taxonomy":"product_cat","embeddable":true,"href":"https:\/\/melegbait.com\/en\/wp-json\/wp\/v2\/product_cat?post=31414"},{"taxonomy":"product_tag","embeddable":true,"href":"https:\/\/melegbait.com\/en\/wp-json\/wp\/v2\/product_tag?post=31414"}],"curies":[{"name":"wp","href":"https:\/\/api.w.org\/{rel}","templated":true}]}}