{"id":31415,"date":"2021-01-20T18:28:00","date_gmt":"2021-01-20T17:28:00","guid":{"rendered":"https:\/\/melegbait.com\/?post_type=product&#038;p=31415"},"modified":"2025-07-12T12:20:16","modified_gmt":"2025-07-12T11:20:16","slug":"liver-powder","status":"publish","type":"product","link":"https:\/\/melegbait.com\/en\/product\/liver-powder\/","title":{"rendered":"Liver Powder"},"content":{"rendered":"<p>Every fisherman who has used the true Liver Powder in the past, will agree that he is a very\npowerful stimulant and fish attractor. Our Liver Powder is of fish origin and can not be measured\nwith a powder of animal origin. Adding Meleg Baits Liver Powder has significant benefits in all mixes.\nThe highest efficiency was obtained in combination with sweet and fruit mixtures. The product is\nof natural origin and in fact there is no limit to the addition to the base mixture. With Liver\nPowder it is also recommended to add Betain HCl in the ratio of 5: 1 (100 g of Liver Powder with\n20 g of Betain HCl). Packaging 200g.<\/p>","protected":false},"excerpt":{"rendered":"<p>Svaki ribolovac koji je koristio pravi Liver Powder u pro\u0161losti, slo\u017ei\u0107e se da je on veoma moc\u0301an stimulans i atraktor za ribe. Na\u0161 Liver Powder je ribljeg porekla i ne mo\u017ee da se meri sa prahom \u017eivinskog porekla. Dodavanje Meleg Bait Liver Powder-a ima zna\u010dajne koristi u svim miksovima. Najve\u0107u efikasnost je pokazao u kombinaciji [&hellip;]<\/p>","protected":false},"featured_media":35011,"comment_status":"open","ping_status":"closed","template":"","meta":{"_et_pb_use_builder":"","_et_pb_old_content":"","_et_gb_content_width":""},"product_brand":[],"product_cat":[31,40],"product_tag":[],"class_list":{"0":"post-31415","1":"product","2":"type-product","3":"status-publish","4":"has-post-thumbnail","6":"product_cat-carp","7":"product_cat-praskasti-aditivi","9":"first","10":"instock","11":"taxable","12":"shipping-taxable","13":"purchasable","14":"product-type-simple"},"yoast_head":"<!-- This site is optimized with the Yoast SEO plugin v26.9 - https:\/\/yoast.com\/product\/yoast-seo-wordpress\/ -->\n<title>Liver Powder - Meleg bait<\/title>\n<meta name=\"robots\" content=\"index, follow, max-snippet:-1, max-image-preview:large, max-video-preview:-1\" \/>\n<link rel=\"canonical\" href=\"https:\/\/melegbait.com\/en\/product\/liver-powder\/\" \/>\n<meta property=\"og:locale\" content=\"en_GB\" \/>\n<meta property=\"og:type\" content=\"article\" \/>\n<meta property=\"og:title\" content=\"Liver Powder - Meleg bait\" \/>\n<meta property=\"og:description\" content=\"Svaki ribolovac koji je koristio pravi Liver Powder u pro\u0161losti, slo\u017ei\u0107e se da je on veoma moc\u0301an stimulans i atraktor za ribe. Na\u0161 Liver Powder je ribljeg porekla i ne mo\u017ee da se meri sa prahom \u017eivinskog porekla. Dodavanje Meleg Bait Liver Powder-a ima zna\u010dajne koristi u svim miksovima. Najve\u0107u efikasnost je pokazao u kombinaciji [&hellip;]\" \/>\n<meta property=\"og:url\" content=\"https:\/\/melegbait.com\/en\/product\/liver-powder\/\" \/>\n<meta property=\"og:site_name\" content=\"Meleg bait\" \/>\n<meta property=\"article:publisher\" content=\"https:\/\/www.facebook.com\/MelegBait\" \/>\n<meta property=\"article:modified_time\" content=\"2025-07-12T11:20:16+00:00\" \/>\n<meta property=\"og:image\" content=\"https:\/\/melegbait.com\/wp-content\/uploads\/2021\/01\/IMG_1072.jpeg\" \/>\n\t<meta property=\"og:image:width\" content=\"1150\" \/>\n\t<meta property=\"og:image:height\" content=\"1533\" \/>\n\t<meta property=\"og:image:type\" content=\"image\/jpeg\" \/>\n<meta name=\"twitter:card\" content=\"summary_large_image\" \/>\n<meta name=\"twitter:label1\" content=\"Estimated reading time\" \/>\n\t<meta name=\"twitter:data1\" content=\"1 minute\" \/>\n<script type=\"application\/ld+json\" class=\"yoast-schema-graph\">{\"@context\":\"https:\/\/schema.org\",\"@graph\":[{\"@type\":\"WebPage\",\"@id\":\"https:\/\/melegbait.com\/product\/liver-powder\/\",\"url\":\"https:\/\/melegbait.com\/product\/liver-powder\/\",\"name\":\"Liver Powder - Meleg bait\",\"isPartOf\":{\"@id\":\"https:\/\/melegbait.com\/#website\"},\"primaryImageOfPage\":{\"@id\":\"https:\/\/melegbait.com\/product\/liver-powder\/#primaryimage\"},\"image\":{\"@id\":\"https:\/\/melegbait.com\/product\/liver-powder\/#primaryimage\"},\"thumbnailUrl\":\"https:\/\/melegbait.com\/wp-content\/uploads\/2021\/01\/IMG_1072.jpeg\",\"datePublished\":\"2021-01-20T17:28:00+00:00\",\"dateModified\":\"2025-07-12T11:20:16+00:00\",\"breadcrumb\":{\"@id\":\"https:\/\/melegbait.com\/product\/liver-powder\/#breadcrumb\"},\"inLanguage\":\"en-GB\",\"potentialAction\":[{\"@type\":\"ReadAction\",\"target\":[\"https:\/\/melegbait.com\/product\/liver-powder\/\"]}]},{\"@type\":\"ImageObject\",\"inLanguage\":\"en-GB\",\"@id\":\"https:\/\/melegbait.com\/product\/liver-powder\/#primaryimage\",\"url\":\"https:\/\/melegbait.com\/wp-content\/uploads\/2021\/01\/IMG_1072.jpeg\",\"contentUrl\":\"https:\/\/melegbait.com\/wp-content\/uploads\/2021\/01\/IMG_1072.jpeg\",\"width\":1150,\"height\":1533},{\"@type\":\"BreadcrumbList\",\"@id\":\"https:\/\/melegbait.com\/product\/liver-powder\/#breadcrumb\",\"itemListElement\":[{\"@type\":\"ListItem\",\"position\":1,\"name\":\"Home\",\"item\":\"https:\/\/melegbait.com\/\"},{\"@type\":\"ListItem\",\"position\":2,\"name\":\"Shop\",\"item\":\"https:\/\/melegbait.com\/shop\/\"},{\"@type\":\"ListItem\",\"position\":3,\"name\":\"Liver Powder\"}]},{\"@type\":\"WebSite\",\"@id\":\"https:\/\/melegbait.com\/#website\",\"url\":\"https:\/\/melegbait.com\/\",\"name\":\"Meleg bait\",\"description\":\"Meleg bait\",\"publisher\":{\"@id\":\"https:\/\/melegbait.com\/#organization\"},\"potentialAction\":[{\"@type\":\"SearchAction\",\"target\":{\"@type\":\"EntryPoint\",\"urlTemplate\":\"https:\/\/melegbait.com\/?s={search_term_string}\"},\"query-input\":{\"@type\":\"PropertyValueSpecification\",\"valueRequired\":true,\"valueName\":\"search_term_string\"}}],\"inLanguage\":\"en-GB\"},{\"@type\":\"Organization\",\"@id\":\"https:\/\/melegbait.com\/#organization\",\"name\":\"Meleg Baits\",\"url\":\"https:\/\/melegbait.com\/\",\"logo\":{\"@type\":\"ImageObject\",\"inLanguage\":\"en-GB\",\"@id\":\"https:\/\/melegbait.com\/#\/schema\/logo\/image\/\",\"url\":\"https:\/\/melegbait.com\/wp-content\/uploads\/2021\/02\/mblogo.jpg\",\"contentUrl\":\"https:\/\/melegbait.com\/wp-content\/uploads\/2021\/02\/mblogo.jpg\",\"width\":250,\"height\":250,\"caption\":\"Meleg Baits\"},\"image\":{\"@id\":\"https:\/\/melegbait.com\/#\/schema\/logo\/image\/\"},\"sameAs\":[\"https:\/\/www.facebook.com\/MelegBait\"]}]}<\/script>\n<!-- \/ Yoast SEO plugin. -->","yoast_head_json":{"title":"Liver Powder - Meleg bait","robots":{"index":"index","follow":"follow","max-snippet":"max-snippet:-1","max-image-preview":"max-image-preview:large","max-video-preview":"max-video-preview:-1"},"canonical":"https:\/\/melegbait.com\/en\/product\/liver-powder\/","og_locale":"en_GB","og_type":"article","og_title":"Liver Powder - Meleg bait","og_description":"Svaki ribolovac koji je koristio pravi Liver Powder u pro\u0161losti, slo\u017ei\u0107e se da je on veoma moc\u0301an stimulans i atraktor za ribe. Na\u0161 Liver Powder je ribljeg porekla i ne mo\u017ee da se meri sa prahom \u017eivinskog porekla. Dodavanje Meleg Bait Liver Powder-a ima zna\u010dajne koristi u svim miksovima. Najve\u0107u efikasnost je pokazao u kombinaciji [&hellip;]","og_url":"https:\/\/melegbait.com\/en\/product\/liver-powder\/","og_site_name":"Meleg bait","article_publisher":"https:\/\/www.facebook.com\/MelegBait","article_modified_time":"2025-07-12T11:20:16+00:00","og_image":[{"width":1150,"height":1533,"url":"https:\/\/melegbait.com\/wp-content\/uploads\/2021\/01\/IMG_1072.jpeg","type":"image\/jpeg"}],"twitter_card":"summary_large_image","twitter_misc":{"Estimated reading time":"1 minute"},"schema":{"@context":"https:\/\/schema.org","@graph":[{"@type":"WebPage","@id":"https:\/\/melegbait.com\/product\/liver-powder\/","url":"https:\/\/melegbait.com\/product\/liver-powder\/","name":"Liver Powder - Meleg bait","isPartOf":{"@id":"https:\/\/melegbait.com\/#website"},"primaryImageOfPage":{"@id":"https:\/\/melegbait.com\/product\/liver-powder\/#primaryimage"},"image":{"@id":"https:\/\/melegbait.com\/product\/liver-powder\/#primaryimage"},"thumbnailUrl":"https:\/\/melegbait.com\/wp-content\/uploads\/2021\/01\/IMG_1072.jpeg","datePublished":"2021-01-20T17:28:00+00:00","dateModified":"2025-07-12T11:20:16+00:00","breadcrumb":{"@id":"https:\/\/melegbait.com\/product\/liver-powder\/#breadcrumb"},"inLanguage":"en-GB","potentialAction":[{"@type":"ReadAction","target":["https:\/\/melegbait.com\/product\/liver-powder\/"]}]},{"@type":"ImageObject","inLanguage":"en-GB","@id":"https:\/\/melegbait.com\/product\/liver-powder\/#primaryimage","url":"https:\/\/melegbait.com\/wp-content\/uploads\/2021\/01\/IMG_1072.jpeg","contentUrl":"https:\/\/melegbait.com\/wp-content\/uploads\/2021\/01\/IMG_1072.jpeg","width":1150,"height":1533},{"@type":"BreadcrumbList","@id":"https:\/\/melegbait.com\/product\/liver-powder\/#breadcrumb","itemListElement":[{"@type":"ListItem","position":1,"name":"Home","item":"https:\/\/melegbait.com\/"},{"@type":"ListItem","position":2,"name":"Shop","item":"https:\/\/melegbait.com\/shop\/"},{"@type":"ListItem","position":3,"name":"Liver Powder"}]},{"@type":"WebSite","@id":"https:\/\/melegbait.com\/#website","url":"https:\/\/melegbait.com\/","name":"Meleg bait","description":"Meleg bait","publisher":{"@id":"https:\/\/melegbait.com\/#organization"},"potentialAction":[{"@type":"SearchAction","target":{"@type":"EntryPoint","urlTemplate":"https:\/\/melegbait.com\/?s={search_term_string}"},"query-input":{"@type":"PropertyValueSpecification","valueRequired":true,"valueName":"search_term_string"}}],"inLanguage":"en-GB"},{"@type":"Organization","@id":"https:\/\/melegbait.com\/#organization","name":"Meleg Baits","url":"https:\/\/melegbait.com\/","logo":{"@type":"ImageObject","inLanguage":"en-GB","@id":"https:\/\/melegbait.com\/#\/schema\/logo\/image\/","url":"https:\/\/melegbait.com\/wp-content\/uploads\/2021\/02\/mblogo.jpg","contentUrl":"https:\/\/melegbait.com\/wp-content\/uploads\/2021\/02\/mblogo.jpg","width":250,"height":250,"caption":"Meleg Baits"},"image":{"@id":"https:\/\/melegbait.com\/#\/schema\/logo\/image\/"},"sameAs":["https:\/\/www.facebook.com\/MelegBait"]}]}},"_links":{"self":[{"href":"https:\/\/melegbait.com\/en\/wp-json\/wp\/v2\/product\/31415","targetHints":{"allow":["GET"]}}],"collection":[{"href":"https:\/\/melegbait.com\/en\/wp-json\/wp\/v2\/product"}],"about":[{"href":"https:\/\/melegbait.com\/en\/wp-json\/wp\/v2\/types\/product"}],"replies":[{"embeddable":true,"href":"https:\/\/melegbait.com\/en\/wp-json\/wp\/v2\/comments?post=31415"}],"wp:featuredmedia":[{"embeddable":true,"href":"https:\/\/melegbait.com\/en\/wp-json\/wp\/v2\/media\/35011"}],"wp:attachment":[{"href":"https:\/\/melegbait.com\/en\/wp-json\/wp\/v2\/media?parent=31415"}],"wp:term":[{"taxonomy":"product_brand","embeddable":true,"href":"https:\/\/melegbait.com\/en\/wp-json\/wp\/v2\/product_brand?post=31415"},{"taxonomy":"product_cat","embeddable":true,"href":"https:\/\/melegbait.com\/en\/wp-json\/wp\/v2\/product_cat?post=31415"},{"taxonomy":"product_tag","embeddable":true,"href":"https:\/\/melegbait.com\/en\/wp-json\/wp\/v2\/product_tag?post=31415"}],"curies":[{"name":"wp","href":"https:\/\/api.w.org\/{rel}","templated":true}]}}