{"id":31417,"date":"2021-01-20T18:32:07","date_gmt":"2021-01-20T17:32:07","guid":{"rendered":"https:\/\/melegbait.com\/?post_type=product&#038;p=31417"},"modified":"2023-08-16T14:11:57","modified_gmt":"2023-08-16T13:11:57","slug":"g-l-m-extract","status":"publish","type":"product","link":"https:\/\/melegbait.com\/en\/product\/g-l-m-extract\/","title":{"rendered":"GLM concentrate"},"content":{"rendered":"<p>100% natural green lipped mussel extract. The same name can be met on the market with\ndifferent content. A natural attractor originating exclusively from New Zealand. G.L.M. Extract is\npowdered from dehydrated molten shells and makes it a pure amino acid supplement. It is very\nattractive for all mixes (meat, fish, spices), and recently it is also popular in the sweet mix. Due\nto its natural supplement, G.L.M. Extract has no restrictions on dosing.\nPackaging 150g.<\/p>","protected":false},"excerpt":{"rendered":"<p>100 % prirodni ekstrat \u0161koljke. Na tr\u017ei\u0161tu mo\u017ee da se sretne isto ime ali sa razli\u010ditim sadr\u017eajem. Prirodni atraktor od zelenousne \u0161koljke poreklom isklju\u010divo sa Novog Zelanda. G.L.M. Extract je prah od mlevenih dehidriranih \u0161koljki i \u010dini ga \u010dist suplement amino kiselina koje se nalaze u zelenousnoj \u0161koljki. Veoma je atraktivan za sve miksove (mesne, [&hellip;]<\/p>","protected":false},"featured_media":31406,"comment_status":"open","ping_status":"closed","template":"","meta":{"_et_pb_use_builder":"","_et_pb_old_content":"","_et_gb_content_width":""},"product_brand":[],"product_cat":[31,40],"product_tag":[],"class_list":{"0":"post-31417","1":"product","2":"type-product","3":"status-publish","4":"has-post-thumbnail","6":"product_cat-carp","7":"product_cat-praskasti-aditivi","9":"first","10":"outofstock","11":"taxable","12":"shipping-taxable","13":"purchasable","14":"product-type-simple"},"yoast_head":"<!-- This site is optimized with the Yoast SEO plugin v26.9 - https:\/\/yoast.com\/product\/yoast-seo-wordpress\/ -->\n<title>GLM concentrate - Meleg bait<\/title>\n<meta name=\"robots\" content=\"index, follow, max-snippet:-1, max-image-preview:large, max-video-preview:-1\" \/>\n<link rel=\"canonical\" href=\"https:\/\/melegbait.com\/en\/product\/g-l-m-extract\/\" \/>\n<meta property=\"og:locale\" content=\"en_GB\" \/>\n<meta property=\"og:type\" content=\"article\" \/>\n<meta property=\"og:title\" content=\"GLM concentrate - Meleg bait\" \/>\n<meta property=\"og:description\" content=\"100 % prirodni ekstrat \u0161koljke. Na tr\u017ei\u0161tu mo\u017ee da se sretne isto ime ali sa razli\u010ditim sadr\u017eajem. Prirodni atraktor od zelenousne \u0161koljke poreklom isklju\u010divo sa Novog Zelanda. G.L.M. Extract je prah od mlevenih dehidriranih \u0161koljki i \u010dini ga \u010dist suplement amino kiselina koje se nalaze u zelenousnoj \u0161koljki. Veoma je atraktivan za sve miksove (mesne, [&hellip;]\" \/>\n<meta property=\"og:url\" content=\"https:\/\/melegbait.com\/en\/product\/g-l-m-extract\/\" \/>\n<meta property=\"og:site_name\" content=\"Meleg bait\" \/>\n<meta property=\"article:publisher\" content=\"https:\/\/www.facebook.com\/MelegBait\" \/>\n<meta property=\"article:modified_time\" content=\"2023-08-16T13:11:57+00:00\" \/>\n<meta property=\"og:image\" content=\"https:\/\/melegbait.com\/wp-content\/uploads\/2021\/01\/glmextract.jpg\" \/>\n\t<meta property=\"og:image:width\" content=\"500\" \/>\n\t<meta property=\"og:image:height\" content=\"266\" \/>\n\t<meta property=\"og:image:type\" content=\"image\/jpeg\" \/>\n<meta name=\"twitter:card\" content=\"summary_large_image\" \/>\n<meta name=\"twitter:label1\" content=\"Estimated reading time\" \/>\n\t<meta name=\"twitter:data1\" content=\"1 minute\" \/>\n<script type=\"application\/ld+json\" class=\"yoast-schema-graph\">{\"@context\":\"https:\/\/schema.org\",\"@graph\":[{\"@type\":\"WebPage\",\"@id\":\"https:\/\/melegbait.com\/product\/g-l-m-extract\/\",\"url\":\"https:\/\/melegbait.com\/product\/g-l-m-extract\/\",\"name\":\"GLM concentrate - Meleg bait\",\"isPartOf\":{\"@id\":\"https:\/\/melegbait.com\/#website\"},\"primaryImageOfPage\":{\"@id\":\"https:\/\/melegbait.com\/product\/g-l-m-extract\/#primaryimage\"},\"image\":{\"@id\":\"https:\/\/melegbait.com\/product\/g-l-m-extract\/#primaryimage\"},\"thumbnailUrl\":\"https:\/\/melegbait.com\/wp-content\/uploads\/2021\/01\/glmextract.jpg\",\"datePublished\":\"2021-01-20T17:32:07+00:00\",\"dateModified\":\"2023-08-16T13:11:57+00:00\",\"breadcrumb\":{\"@id\":\"https:\/\/melegbait.com\/product\/g-l-m-extract\/#breadcrumb\"},\"inLanguage\":\"en-GB\",\"potentialAction\":[{\"@type\":\"ReadAction\",\"target\":[\"https:\/\/melegbait.com\/product\/g-l-m-extract\/\"]}]},{\"@type\":\"ImageObject\",\"inLanguage\":\"en-GB\",\"@id\":\"https:\/\/melegbait.com\/product\/g-l-m-extract\/#primaryimage\",\"url\":\"https:\/\/melegbait.com\/wp-content\/uploads\/2021\/01\/glmextract.jpg\",\"contentUrl\":\"https:\/\/melegbait.com\/wp-content\/uploads\/2021\/01\/glmextract.jpg\",\"width\":500,\"height\":266},{\"@type\":\"BreadcrumbList\",\"@id\":\"https:\/\/melegbait.com\/product\/g-l-m-extract\/#breadcrumb\",\"itemListElement\":[{\"@type\":\"ListItem\",\"position\":1,\"name\":\"Home\",\"item\":\"https:\/\/melegbait.com\/\"},{\"@type\":\"ListItem\",\"position\":2,\"name\":\"Shop\",\"item\":\"https:\/\/melegbait.com\/shop\/\"},{\"@type\":\"ListItem\",\"position\":3,\"name\":\"GLM concentrate\"}]},{\"@type\":\"WebSite\",\"@id\":\"https:\/\/melegbait.com\/#website\",\"url\":\"https:\/\/melegbait.com\/\",\"name\":\"Meleg bait\",\"description\":\"Meleg bait\",\"publisher\":{\"@id\":\"https:\/\/melegbait.com\/#organization\"},\"potentialAction\":[{\"@type\":\"SearchAction\",\"target\":{\"@type\":\"EntryPoint\",\"urlTemplate\":\"https:\/\/melegbait.com\/?s={search_term_string}\"},\"query-input\":{\"@type\":\"PropertyValueSpecification\",\"valueRequired\":true,\"valueName\":\"search_term_string\"}}],\"inLanguage\":\"en-GB\"},{\"@type\":\"Organization\",\"@id\":\"https:\/\/melegbait.com\/#organization\",\"name\":\"Meleg Baits\",\"url\":\"https:\/\/melegbait.com\/\",\"logo\":{\"@type\":\"ImageObject\",\"inLanguage\":\"en-GB\",\"@id\":\"https:\/\/melegbait.com\/#\/schema\/logo\/image\/\",\"url\":\"https:\/\/melegbait.com\/wp-content\/uploads\/2021\/02\/mblogo.jpg\",\"contentUrl\":\"https:\/\/melegbait.com\/wp-content\/uploads\/2021\/02\/mblogo.jpg\",\"width\":250,\"height\":250,\"caption\":\"Meleg Baits\"},\"image\":{\"@id\":\"https:\/\/melegbait.com\/#\/schema\/logo\/image\/\"},\"sameAs\":[\"https:\/\/www.facebook.com\/MelegBait\"]}]}<\/script>\n<!-- \/ Yoast SEO plugin. -->","yoast_head_json":{"title":"GLM concentrate - Meleg bait","robots":{"index":"index","follow":"follow","max-snippet":"max-snippet:-1","max-image-preview":"max-image-preview:large","max-video-preview":"max-video-preview:-1"},"canonical":"https:\/\/melegbait.com\/en\/product\/g-l-m-extract\/","og_locale":"en_GB","og_type":"article","og_title":"GLM concentrate - Meleg bait","og_description":"100 % prirodni ekstrat \u0161koljke. Na tr\u017ei\u0161tu mo\u017ee da se sretne isto ime ali sa razli\u010ditim sadr\u017eajem. Prirodni atraktor od zelenousne \u0161koljke poreklom isklju\u010divo sa Novog Zelanda. G.L.M. Extract je prah od mlevenih dehidriranih \u0161koljki i \u010dini ga \u010dist suplement amino kiselina koje se nalaze u zelenousnoj \u0161koljki. Veoma je atraktivan za sve miksove (mesne, [&hellip;]","og_url":"https:\/\/melegbait.com\/en\/product\/g-l-m-extract\/","og_site_name":"Meleg bait","article_publisher":"https:\/\/www.facebook.com\/MelegBait","article_modified_time":"2023-08-16T13:11:57+00:00","og_image":[{"width":500,"height":266,"url":"https:\/\/melegbait.com\/wp-content\/uploads\/2021\/01\/glmextract.jpg","type":"image\/jpeg"}],"twitter_card":"summary_large_image","twitter_misc":{"Estimated reading time":"1 minute"},"schema":{"@context":"https:\/\/schema.org","@graph":[{"@type":"WebPage","@id":"https:\/\/melegbait.com\/product\/g-l-m-extract\/","url":"https:\/\/melegbait.com\/product\/g-l-m-extract\/","name":"GLM concentrate - Meleg bait","isPartOf":{"@id":"https:\/\/melegbait.com\/#website"},"primaryImageOfPage":{"@id":"https:\/\/melegbait.com\/product\/g-l-m-extract\/#primaryimage"},"image":{"@id":"https:\/\/melegbait.com\/product\/g-l-m-extract\/#primaryimage"},"thumbnailUrl":"https:\/\/melegbait.com\/wp-content\/uploads\/2021\/01\/glmextract.jpg","datePublished":"2021-01-20T17:32:07+00:00","dateModified":"2023-08-16T13:11:57+00:00","breadcrumb":{"@id":"https:\/\/melegbait.com\/product\/g-l-m-extract\/#breadcrumb"},"inLanguage":"en-GB","potentialAction":[{"@type":"ReadAction","target":["https:\/\/melegbait.com\/product\/g-l-m-extract\/"]}]},{"@type":"ImageObject","inLanguage":"en-GB","@id":"https:\/\/melegbait.com\/product\/g-l-m-extract\/#primaryimage","url":"https:\/\/melegbait.com\/wp-content\/uploads\/2021\/01\/glmextract.jpg","contentUrl":"https:\/\/melegbait.com\/wp-content\/uploads\/2021\/01\/glmextract.jpg","width":500,"height":266},{"@type":"BreadcrumbList","@id":"https:\/\/melegbait.com\/product\/g-l-m-extract\/#breadcrumb","itemListElement":[{"@type":"ListItem","position":1,"name":"Home","item":"https:\/\/melegbait.com\/"},{"@type":"ListItem","position":2,"name":"Shop","item":"https:\/\/melegbait.com\/shop\/"},{"@type":"ListItem","position":3,"name":"GLM concentrate"}]},{"@type":"WebSite","@id":"https:\/\/melegbait.com\/#website","url":"https:\/\/melegbait.com\/","name":"Meleg bait","description":"Meleg bait","publisher":{"@id":"https:\/\/melegbait.com\/#organization"},"potentialAction":[{"@type":"SearchAction","target":{"@type":"EntryPoint","urlTemplate":"https:\/\/melegbait.com\/?s={search_term_string}"},"query-input":{"@type":"PropertyValueSpecification","valueRequired":true,"valueName":"search_term_string"}}],"inLanguage":"en-GB"},{"@type":"Organization","@id":"https:\/\/melegbait.com\/#organization","name":"Meleg Baits","url":"https:\/\/melegbait.com\/","logo":{"@type":"ImageObject","inLanguage":"en-GB","@id":"https:\/\/melegbait.com\/#\/schema\/logo\/image\/","url":"https:\/\/melegbait.com\/wp-content\/uploads\/2021\/02\/mblogo.jpg","contentUrl":"https:\/\/melegbait.com\/wp-content\/uploads\/2021\/02\/mblogo.jpg","width":250,"height":250,"caption":"Meleg Baits"},"image":{"@id":"https:\/\/melegbait.com\/#\/schema\/logo\/image\/"},"sameAs":["https:\/\/www.facebook.com\/MelegBait"]}]}},"_links":{"self":[{"href":"https:\/\/melegbait.com\/en\/wp-json\/wp\/v2\/product\/31417","targetHints":{"allow":["GET"]}}],"collection":[{"href":"https:\/\/melegbait.com\/en\/wp-json\/wp\/v2\/product"}],"about":[{"href":"https:\/\/melegbait.com\/en\/wp-json\/wp\/v2\/types\/product"}],"replies":[{"embeddable":true,"href":"https:\/\/melegbait.com\/en\/wp-json\/wp\/v2\/comments?post=31417"}],"wp:featuredmedia":[{"embeddable":true,"href":"https:\/\/melegbait.com\/en\/wp-json\/wp\/v2\/media\/31406"}],"wp:attachment":[{"href":"https:\/\/melegbait.com\/en\/wp-json\/wp\/v2\/media?parent=31417"}],"wp:term":[{"taxonomy":"product_brand","embeddable":true,"href":"https:\/\/melegbait.com\/en\/wp-json\/wp\/v2\/product_brand?post=31417"},{"taxonomy":"product_cat","embeddable":true,"href":"https:\/\/melegbait.com\/en\/wp-json\/wp\/v2\/product_cat?post=31417"},{"taxonomy":"product_tag","embeddable":true,"href":"https:\/\/melegbait.com\/en\/wp-json\/wp\/v2\/product_tag?post=31417"}],"curies":[{"name":"wp","href":"https:\/\/api.w.org\/{rel}","templated":true}]}}