{"id":31418,"date":"2021-01-20T18:35:35","date_gmt":"2021-01-20T17:35:35","guid":{"rendered":"https:\/\/melegbait.com\/?post_type=product&#038;p=31418"},"modified":"2023-05-19T20:21:14","modified_gmt":"2023-05-19T19:21:14","slug":"c-s-p-bio-protein","status":"publish","type":"product","link":"https:\/\/melegbait.com\/en\/product\/c-s-p-bio-protein\/","title":{"rendered":"CSP Bio Protein"},"content":{"rendered":"<p>C.S.P. Bio Protein is a well-balanced enzymatic and amino acid blend that is used to treat all\nkind of seed as well as the addition of boilie mixes. It contains natural amino acids normally\nfound in seeds. We not use synthetic amino acids that are used in fish pellets. We realized that\nwith the use of synthetic components (lysine, methionine, tryptophan...), it quickly comes to\nsaturation and the fish refuses to eat. Our task was to create the most naturally possible\nsubstance, containing enough B2, B6, B10 and B12 vitamins, minerals and certain essential\nenzymes. For enzymes, natural supplements from corn and barley malt were used. C.S.P. is the\nabbreviation for Corn Steep Powder, which is the carrier of enzymes, but our C.S.P. Bio Protein\ncontains amino acids, additional enzymes, betaine, sweetener and palatant, ie. trigger. C.S.P.\nBio Protein allows enzymes, ie. the swelling process, as well as the disintegration of cellulose\nand gluten, which have a big disturbance to digestion. The carp has never been able to digest\ncorn since it is primarily a carnivorous. Because there is no stomach, it has a long digestive tract\nfor which gluten and cellulose are his great enemies. In the natural habitat of carp, plants and\nseeds make up only 1-3% of the diet, only the carp can satisfy the needs for certain amino\nacids.<\/p>\n<p style=\"font-weight: 400;\">Usage: For 2 kg of corn (or any seed), 6-8 liters of water is used, and the exact amount of\nliquid is determined by the type and dehydration of the particle. A teaspoon (5-7g) of C.S.P. Bio\nProtein is added to the vessel with water and grain. The mixture should be kept for 24 hours,\nstrictly without closing the container, and avoiding dark and cold rooms. C.S.P. Bio Protein turns\ncorn into micro pellets, which of course applies to wheat, hemp, etc. Particles are cooked\ntogether with a liquid for about 35 minutes. Water is added in case if the grain absorbs too\nmuch, depending on how much it did (not much, just to be 1-2cm over the grain). After cooking,\nwe fold and cover the bowl with the cloth and leave it to stand for 5-6 hours. Application C.S.P.\nBio Protein is not limited to grains only, but can be added to Ground Bait with the same dosage,\ntherefore one teaspoon per 2 kg of the mixture. The ideal dose is to 1 kg. boilie mix is added\nfrom 20-50 g these substances.\nPackaging 250g.<\/p>\n<p>&nbsp;<\/p>","protected":false},"excerpt":{"rendered":"<p>Jo\u0161 jedan od prirodnih ekstrakata na koje \u0161aran ne mora da se privikava, da bi se hranio njime. C.S.P. Bio Protein je dobro balansirana enzimska i amino kiselinska me\u0161avina koja se koristi za tretiranje svih zrnevlja, kao i dodatak miksevima. Ona sadr\u017ei prirodne amino kiseline koje se ina\u010de nalaze u semenkama. Mi ne koristimo sinteti\u010dke [&hellip;]<\/p>","protected":false},"featured_media":33366,"comment_status":"open","ping_status":"closed","template":"","meta":{"_et_pb_use_builder":"","_et_pb_old_content":"","_et_gb_content_width":""},"product_brand":[],"product_cat":[31,40],"product_tag":[],"class_list":{"0":"post-31418","1":"product","2":"type-product","3":"status-publish","4":"has-post-thumbnail","6":"product_cat-carp","7":"product_cat-praskasti-aditivi","9":"first","10":"instock","11":"taxable","12":"shipping-taxable","13":"purchasable","14":"product-type-simple"},"yoast_head":"<!-- This site is optimized with the Yoast SEO plugin v26.9 - https:\/\/yoast.com\/product\/yoast-seo-wordpress\/ -->\n<title>CSP Bio Protein - Meleg bait<\/title>\n<meta name=\"robots\" content=\"index, follow, max-snippet:-1, max-image-preview:large, max-video-preview:-1\" \/>\n<link rel=\"canonical\" href=\"https:\/\/melegbait.com\/en\/product\/c-s-p-bio-protein\/\" \/>\n<meta property=\"og:locale\" content=\"en_GB\" \/>\n<meta property=\"og:type\" content=\"article\" \/>\n<meta property=\"og:title\" content=\"CSP Bio Protein - Meleg bait\" \/>\n<meta property=\"og:description\" content=\"Jo\u0161 jedan od prirodnih ekstrakata na koje \u0161aran ne mora da se privikava, da bi se hranio njime. C.S.P. Bio Protein je dobro balansirana enzimska i amino kiselinska me\u0161avina koja se koristi za tretiranje svih zrnevlja, kao i dodatak miksevima. Ona sadr\u017ei prirodne amino kiseline koje se ina\u010de nalaze u semenkama. Mi ne koristimo sinteti\u010dke [&hellip;]\" \/>\n<meta property=\"og:url\" content=\"https:\/\/melegbait.com\/en\/product\/c-s-p-bio-protein\/\" \/>\n<meta property=\"og:site_name\" content=\"Meleg bait\" \/>\n<meta property=\"article:publisher\" content=\"https:\/\/www.facebook.com\/MelegBait\" \/>\n<meta property=\"article:modified_time\" content=\"2023-05-19T19:21:14+00:00\" \/>\n<meta property=\"og:image\" content=\"https:\/\/melegbait.com\/wp-content\/uploads\/2021\/01\/0A5C93A8-08B8-4538-A30B-3B5C427B2E98.png\" \/>\n\t<meta property=\"og:image:width\" content=\"654\" \/>\n\t<meta property=\"og:image:height\" content=\"800\" \/>\n\t<meta property=\"og:image:type\" content=\"image\/png\" \/>\n<meta name=\"twitter:card\" content=\"summary_large_image\" \/>\n<meta name=\"twitter:label1\" content=\"Estimated reading time\" \/>\n\t<meta name=\"twitter:data1\" content=\"2 minutes\" \/>\n<script type=\"application\/ld+json\" class=\"yoast-schema-graph\">{\"@context\":\"https:\/\/schema.org\",\"@graph\":[{\"@type\":\"WebPage\",\"@id\":\"https:\/\/melegbait.com\/product\/c-s-p-bio-protein\/\",\"url\":\"https:\/\/melegbait.com\/product\/c-s-p-bio-protein\/\",\"name\":\"CSP Bio Protein - Meleg bait\",\"isPartOf\":{\"@id\":\"https:\/\/melegbait.com\/#website\"},\"primaryImageOfPage\":{\"@id\":\"https:\/\/melegbait.com\/product\/c-s-p-bio-protein\/#primaryimage\"},\"image\":{\"@id\":\"https:\/\/melegbait.com\/product\/c-s-p-bio-protein\/#primaryimage\"},\"thumbnailUrl\":\"https:\/\/melegbait.com\/wp-content\/uploads\/2021\/01\/0A5C93A8-08B8-4538-A30B-3B5C427B2E98.png\",\"datePublished\":\"2021-01-20T17:35:35+00:00\",\"dateModified\":\"2023-05-19T19:21:14+00:00\",\"breadcrumb\":{\"@id\":\"https:\/\/melegbait.com\/product\/c-s-p-bio-protein\/#breadcrumb\"},\"inLanguage\":\"en-GB\",\"potentialAction\":[{\"@type\":\"ReadAction\",\"target\":[\"https:\/\/melegbait.com\/product\/c-s-p-bio-protein\/\"]}]},{\"@type\":\"ImageObject\",\"inLanguage\":\"en-GB\",\"@id\":\"https:\/\/melegbait.com\/product\/c-s-p-bio-protein\/#primaryimage\",\"url\":\"https:\/\/melegbait.com\/wp-content\/uploads\/2021\/01\/0A5C93A8-08B8-4538-A30B-3B5C427B2E98.png\",\"contentUrl\":\"https:\/\/melegbait.com\/wp-content\/uploads\/2021\/01\/0A5C93A8-08B8-4538-A30B-3B5C427B2E98.png\",\"width\":654,\"height\":800},{\"@type\":\"BreadcrumbList\",\"@id\":\"https:\/\/melegbait.com\/product\/c-s-p-bio-protein\/#breadcrumb\",\"itemListElement\":[{\"@type\":\"ListItem\",\"position\":1,\"name\":\"Home\",\"item\":\"https:\/\/melegbait.com\/\"},{\"@type\":\"ListItem\",\"position\":2,\"name\":\"Shop\",\"item\":\"https:\/\/melegbait.com\/shop\/\"},{\"@type\":\"ListItem\",\"position\":3,\"name\":\"CSP Bio Protein\"}]},{\"@type\":\"WebSite\",\"@id\":\"https:\/\/melegbait.com\/#website\",\"url\":\"https:\/\/melegbait.com\/\",\"name\":\"Meleg bait\",\"description\":\"Meleg bait\",\"publisher\":{\"@id\":\"https:\/\/melegbait.com\/#organization\"},\"potentialAction\":[{\"@type\":\"SearchAction\",\"target\":{\"@type\":\"EntryPoint\",\"urlTemplate\":\"https:\/\/melegbait.com\/?s={search_term_string}\"},\"query-input\":{\"@type\":\"PropertyValueSpecification\",\"valueRequired\":true,\"valueName\":\"search_term_string\"}}],\"inLanguage\":\"en-GB\"},{\"@type\":\"Organization\",\"@id\":\"https:\/\/melegbait.com\/#organization\",\"name\":\"Meleg Baits\",\"url\":\"https:\/\/melegbait.com\/\",\"logo\":{\"@type\":\"ImageObject\",\"inLanguage\":\"en-GB\",\"@id\":\"https:\/\/melegbait.com\/#\/schema\/logo\/image\/\",\"url\":\"https:\/\/melegbait.com\/wp-content\/uploads\/2021\/02\/mblogo.jpg\",\"contentUrl\":\"https:\/\/melegbait.com\/wp-content\/uploads\/2021\/02\/mblogo.jpg\",\"width\":250,\"height\":250,\"caption\":\"Meleg Baits\"},\"image\":{\"@id\":\"https:\/\/melegbait.com\/#\/schema\/logo\/image\/\"},\"sameAs\":[\"https:\/\/www.facebook.com\/MelegBait\"]}]}<\/script>\n<!-- \/ Yoast SEO plugin. -->","yoast_head_json":{"title":"CSP Bio Protein - Meleg bait","robots":{"index":"index","follow":"follow","max-snippet":"max-snippet:-1","max-image-preview":"max-image-preview:large","max-video-preview":"max-video-preview:-1"},"canonical":"https:\/\/melegbait.com\/en\/product\/c-s-p-bio-protein\/","og_locale":"en_GB","og_type":"article","og_title":"CSP Bio Protein - Meleg bait","og_description":"Jo\u0161 jedan od prirodnih ekstrakata na koje \u0161aran ne mora da se privikava, da bi se hranio njime. C.S.P. Bio Protein je dobro balansirana enzimska i amino kiselinska me\u0161avina koja se koristi za tretiranje svih zrnevlja, kao i dodatak miksevima. Ona sadr\u017ei prirodne amino kiseline koje se ina\u010de nalaze u semenkama. Mi ne koristimo sinteti\u010dke [&hellip;]","og_url":"https:\/\/melegbait.com\/en\/product\/c-s-p-bio-protein\/","og_site_name":"Meleg bait","article_publisher":"https:\/\/www.facebook.com\/MelegBait","article_modified_time":"2023-05-19T19:21:14+00:00","og_image":[{"width":654,"height":800,"url":"https:\/\/melegbait.com\/wp-content\/uploads\/2021\/01\/0A5C93A8-08B8-4538-A30B-3B5C427B2E98.png","type":"image\/png"}],"twitter_card":"summary_large_image","twitter_misc":{"Estimated reading time":"2 minutes"},"schema":{"@context":"https:\/\/schema.org","@graph":[{"@type":"WebPage","@id":"https:\/\/melegbait.com\/product\/c-s-p-bio-protein\/","url":"https:\/\/melegbait.com\/product\/c-s-p-bio-protein\/","name":"CSP Bio Protein - Meleg bait","isPartOf":{"@id":"https:\/\/melegbait.com\/#website"},"primaryImageOfPage":{"@id":"https:\/\/melegbait.com\/product\/c-s-p-bio-protein\/#primaryimage"},"image":{"@id":"https:\/\/melegbait.com\/product\/c-s-p-bio-protein\/#primaryimage"},"thumbnailUrl":"https:\/\/melegbait.com\/wp-content\/uploads\/2021\/01\/0A5C93A8-08B8-4538-A30B-3B5C427B2E98.png","datePublished":"2021-01-20T17:35:35+00:00","dateModified":"2023-05-19T19:21:14+00:00","breadcrumb":{"@id":"https:\/\/melegbait.com\/product\/c-s-p-bio-protein\/#breadcrumb"},"inLanguage":"en-GB","potentialAction":[{"@type":"ReadAction","target":["https:\/\/melegbait.com\/product\/c-s-p-bio-protein\/"]}]},{"@type":"ImageObject","inLanguage":"en-GB","@id":"https:\/\/melegbait.com\/product\/c-s-p-bio-protein\/#primaryimage","url":"https:\/\/melegbait.com\/wp-content\/uploads\/2021\/01\/0A5C93A8-08B8-4538-A30B-3B5C427B2E98.png","contentUrl":"https:\/\/melegbait.com\/wp-content\/uploads\/2021\/01\/0A5C93A8-08B8-4538-A30B-3B5C427B2E98.png","width":654,"height":800},{"@type":"BreadcrumbList","@id":"https:\/\/melegbait.com\/product\/c-s-p-bio-protein\/#breadcrumb","itemListElement":[{"@type":"ListItem","position":1,"name":"Home","item":"https:\/\/melegbait.com\/"},{"@type":"ListItem","position":2,"name":"Shop","item":"https:\/\/melegbait.com\/shop\/"},{"@type":"ListItem","position":3,"name":"CSP Bio Protein"}]},{"@type":"WebSite","@id":"https:\/\/melegbait.com\/#website","url":"https:\/\/melegbait.com\/","name":"Meleg bait","description":"Meleg bait","publisher":{"@id":"https:\/\/melegbait.com\/#organization"},"potentialAction":[{"@type":"SearchAction","target":{"@type":"EntryPoint","urlTemplate":"https:\/\/melegbait.com\/?s={search_term_string}"},"query-input":{"@type":"PropertyValueSpecification","valueRequired":true,"valueName":"search_term_string"}}],"inLanguage":"en-GB"},{"@type":"Organization","@id":"https:\/\/melegbait.com\/#organization","name":"Meleg Baits","url":"https:\/\/melegbait.com\/","logo":{"@type":"ImageObject","inLanguage":"en-GB","@id":"https:\/\/melegbait.com\/#\/schema\/logo\/image\/","url":"https:\/\/melegbait.com\/wp-content\/uploads\/2021\/02\/mblogo.jpg","contentUrl":"https:\/\/melegbait.com\/wp-content\/uploads\/2021\/02\/mblogo.jpg","width":250,"height":250,"caption":"Meleg Baits"},"image":{"@id":"https:\/\/melegbait.com\/#\/schema\/logo\/image\/"},"sameAs":["https:\/\/www.facebook.com\/MelegBait"]}]}},"_links":{"self":[{"href":"https:\/\/melegbait.com\/en\/wp-json\/wp\/v2\/product\/31418","targetHints":{"allow":["GET"]}}],"collection":[{"href":"https:\/\/melegbait.com\/en\/wp-json\/wp\/v2\/product"}],"about":[{"href":"https:\/\/melegbait.com\/en\/wp-json\/wp\/v2\/types\/product"}],"replies":[{"embeddable":true,"href":"https:\/\/melegbait.com\/en\/wp-json\/wp\/v2\/comments?post=31418"}],"wp:featuredmedia":[{"embeddable":true,"href":"https:\/\/melegbait.com\/en\/wp-json\/wp\/v2\/media\/33366"}],"wp:attachment":[{"href":"https:\/\/melegbait.com\/en\/wp-json\/wp\/v2\/media?parent=31418"}],"wp:term":[{"taxonomy":"product_brand","embeddable":true,"href":"https:\/\/melegbait.com\/en\/wp-json\/wp\/v2\/product_brand?post=31418"},{"taxonomy":"product_cat","embeddable":true,"href":"https:\/\/melegbait.com\/en\/wp-json\/wp\/v2\/product_cat?post=31418"},{"taxonomy":"product_tag","embeddable":true,"href":"https:\/\/melegbait.com\/en\/wp-json\/wp\/v2\/product_tag?post=31418"}],"curies":[{"name":"wp","href":"https:\/\/api.w.org\/{rel}","templated":true}]}}