{"id":31419,"date":"2021-01-20T18:38:08","date_gmt":"2021-01-20T17:38:08","guid":{"rendered":"https:\/\/melegbait.com\/?post_type=product&#038;p=31419"},"modified":"2023-05-19T20:09:00","modified_gmt":"2023-05-19T19:09:00","slug":"betaine-hcl","status":"publish","type":"product","link":"https:\/\/melegbait.com\/en\/product\/betaine-hcl\/","title":{"rendered":"Betaine HCL"},"content":{"rendered":"<p>Its natural amino acid composition is an irresistible attract for carp.\nBetaine HCl is one of the most common natural attractants for carp fishing. In the diet of carp, the need for betaine and betaine amino acids is daily. Betaine hydrochloride is the acid form of betaine, which is similar to the vitamin, and can be found in sugar beets and cereals such as wheat and barley, while it is much less abundant in corn. Betaine has long been used as a feed additive. First, it was used as a substitute for methionine and choline in poultry and fish nutrition, where it played the role of methyl group donor and osmoregulator. Betaine HCl is normally used as a digestive enzyme that helps digest fats and proteins, and also helps detoxify the body. Betaine is a key component for metabolism, and is especially needed for the absorption of protein, vitamin B12, calcium and iron. This is why carp recognize food with Betaine HCl as nutritious and easily digestible. It is added in the amount of 7 - 15 g per 1 kg of dry boilie mix. It is also widely used in feeder and match fishing, you can use it in all crack foods, soft pellets and soft mixes and thereby additionally enrich the bait. Betaine HCl is ideal for use at any time of the year.\nPackaging 200g.<\/p>","protected":false},"excerpt":{"rendered":"<p>Njegov prirodni amino-kiselinski sastav je neodoljiv atraktor za \u0161arana. Betaine HCl je jedan od najzastupljenijih prirodnih atraktora za \u0161aranski ribolov. U ishrani \u0161arana potreba za betainom i betainskim aminokiselinama je svakodnevna. Betain hidrohlorid je kiselinski oblik betaina, koji je nalik vitaminu, a mo\u017ee se na\u0107i u \u0161e\u0107ernoj repi i \u017eitaricama poput p\u0161enice i je\u010dma, dok [&hellip;]<\/p>","protected":false},"featured_media":33367,"comment_status":"open","ping_status":"closed","template":"","meta":{"_et_pb_use_builder":"","_et_pb_old_content":"","_et_gb_content_width":""},"product_brand":[],"product_cat":[31,40],"product_tag":[],"class_list":{"0":"post-31419","1":"product","2":"type-product","3":"status-publish","4":"has-post-thumbnail","6":"product_cat-carp","7":"product_cat-praskasti-aditivi","9":"first","10":"instock","11":"taxable","12":"shipping-taxable","13":"purchasable","14":"product-type-simple"},"yoast_head":"<!-- This site is optimized with the Yoast SEO plugin v26.9 - https:\/\/yoast.com\/product\/yoast-seo-wordpress\/ -->\n<title>Betaine HCL - Meleg bait<\/title>\n<meta name=\"robots\" content=\"index, follow, max-snippet:-1, max-image-preview:large, max-video-preview:-1\" \/>\n<link rel=\"canonical\" href=\"https:\/\/melegbait.com\/en\/product\/betaine-hcl\/\" \/>\n<meta property=\"og:locale\" content=\"en_GB\" \/>\n<meta property=\"og:type\" content=\"article\" \/>\n<meta property=\"og:title\" content=\"Betaine HCL - Meleg bait\" \/>\n<meta property=\"og:description\" content=\"Njegov prirodni amino-kiselinski sastav je neodoljiv atraktor za \u0161arana. Betaine HCl je jedan od najzastupljenijih prirodnih atraktora za \u0161aranski ribolov. U ishrani \u0161arana potreba za betainom i betainskim aminokiselinama je svakodnevna. Betain hidrohlorid je kiselinski oblik betaina, koji je nalik vitaminu, a mo\u017ee se na\u0107i u \u0161e\u0107ernoj repi i \u017eitaricama poput p\u0161enice i je\u010dma, dok [&hellip;]\" \/>\n<meta property=\"og:url\" content=\"https:\/\/melegbait.com\/en\/product\/betaine-hcl\/\" \/>\n<meta property=\"og:site_name\" content=\"Meleg bait\" \/>\n<meta property=\"article:publisher\" content=\"https:\/\/www.facebook.com\/MelegBait\" \/>\n<meta property=\"article:modified_time\" content=\"2023-05-19T19:09:00+00:00\" \/>\n<meta property=\"og:image\" content=\"https:\/\/melegbait.com\/wp-content\/uploads\/2021\/01\/183E7CFF-C089-44F3-A304-795382D3265A.jpeg\" \/>\n\t<meta property=\"og:image:width\" content=\"637\" \/>\n\t<meta property=\"og:image:height\" content=\"800\" \/>\n\t<meta property=\"og:image:type\" content=\"image\/jpeg\" \/>\n<meta name=\"twitter:card\" content=\"summary_large_image\" \/>\n<meta name=\"twitter:label1\" content=\"Estimated reading time\" \/>\n\t<meta name=\"twitter:data1\" content=\"1 minute\" \/>\n<script type=\"application\/ld+json\" class=\"yoast-schema-graph\">{\"@context\":\"https:\/\/schema.org\",\"@graph\":[{\"@type\":\"WebPage\",\"@id\":\"https:\/\/melegbait.com\/product\/betaine-hcl\/\",\"url\":\"https:\/\/melegbait.com\/product\/betaine-hcl\/\",\"name\":\"Betaine HCL - Meleg bait\",\"isPartOf\":{\"@id\":\"https:\/\/melegbait.com\/#website\"},\"primaryImageOfPage\":{\"@id\":\"https:\/\/melegbait.com\/product\/betaine-hcl\/#primaryimage\"},\"image\":{\"@id\":\"https:\/\/melegbait.com\/product\/betaine-hcl\/#primaryimage\"},\"thumbnailUrl\":\"https:\/\/melegbait.com\/wp-content\/uploads\/2021\/01\/183E7CFF-C089-44F3-A304-795382D3265A.jpeg\",\"datePublished\":\"2021-01-20T17:38:08+00:00\",\"dateModified\":\"2023-05-19T19:09:00+00:00\",\"breadcrumb\":{\"@id\":\"https:\/\/melegbait.com\/product\/betaine-hcl\/#breadcrumb\"},\"inLanguage\":\"en-GB\",\"potentialAction\":[{\"@type\":\"ReadAction\",\"target\":[\"https:\/\/melegbait.com\/product\/betaine-hcl\/\"]}]},{\"@type\":\"ImageObject\",\"inLanguage\":\"en-GB\",\"@id\":\"https:\/\/melegbait.com\/product\/betaine-hcl\/#primaryimage\",\"url\":\"https:\/\/melegbait.com\/wp-content\/uploads\/2021\/01\/183E7CFF-C089-44F3-A304-795382D3265A.jpeg\",\"contentUrl\":\"https:\/\/melegbait.com\/wp-content\/uploads\/2021\/01\/183E7CFF-C089-44F3-A304-795382D3265A.jpeg\",\"width\":637,\"height\":800},{\"@type\":\"BreadcrumbList\",\"@id\":\"https:\/\/melegbait.com\/product\/betaine-hcl\/#breadcrumb\",\"itemListElement\":[{\"@type\":\"ListItem\",\"position\":1,\"name\":\"Home\",\"item\":\"https:\/\/melegbait.com\/\"},{\"@type\":\"ListItem\",\"position\":2,\"name\":\"Shop\",\"item\":\"https:\/\/melegbait.com\/shop\/\"},{\"@type\":\"ListItem\",\"position\":3,\"name\":\"Betaine HCL\"}]},{\"@type\":\"WebSite\",\"@id\":\"https:\/\/melegbait.com\/#website\",\"url\":\"https:\/\/melegbait.com\/\",\"name\":\"Meleg bait\",\"description\":\"Meleg bait\",\"publisher\":{\"@id\":\"https:\/\/melegbait.com\/#organization\"},\"potentialAction\":[{\"@type\":\"SearchAction\",\"target\":{\"@type\":\"EntryPoint\",\"urlTemplate\":\"https:\/\/melegbait.com\/?s={search_term_string}\"},\"query-input\":{\"@type\":\"PropertyValueSpecification\",\"valueRequired\":true,\"valueName\":\"search_term_string\"}}],\"inLanguage\":\"en-GB\"},{\"@type\":\"Organization\",\"@id\":\"https:\/\/melegbait.com\/#organization\",\"name\":\"Meleg Baits\",\"url\":\"https:\/\/melegbait.com\/\",\"logo\":{\"@type\":\"ImageObject\",\"inLanguage\":\"en-GB\",\"@id\":\"https:\/\/melegbait.com\/#\/schema\/logo\/image\/\",\"url\":\"https:\/\/melegbait.com\/wp-content\/uploads\/2021\/02\/mblogo.jpg\",\"contentUrl\":\"https:\/\/melegbait.com\/wp-content\/uploads\/2021\/02\/mblogo.jpg\",\"width\":250,\"height\":250,\"caption\":\"Meleg Baits\"},\"image\":{\"@id\":\"https:\/\/melegbait.com\/#\/schema\/logo\/image\/\"},\"sameAs\":[\"https:\/\/www.facebook.com\/MelegBait\"]}]}<\/script>\n<!-- \/ Yoast SEO plugin. -->","yoast_head_json":{"title":"Betaine HCL - Meleg bait","robots":{"index":"index","follow":"follow","max-snippet":"max-snippet:-1","max-image-preview":"max-image-preview:large","max-video-preview":"max-video-preview:-1"},"canonical":"https:\/\/melegbait.com\/en\/product\/betaine-hcl\/","og_locale":"en_GB","og_type":"article","og_title":"Betaine HCL - Meleg bait","og_description":"Njegov prirodni amino-kiselinski sastav je neodoljiv atraktor za \u0161arana. Betaine HCl je jedan od najzastupljenijih prirodnih atraktora za \u0161aranski ribolov. U ishrani \u0161arana potreba za betainom i betainskim aminokiselinama je svakodnevna. Betain hidrohlorid je kiselinski oblik betaina, koji je nalik vitaminu, a mo\u017ee se na\u0107i u \u0161e\u0107ernoj repi i \u017eitaricama poput p\u0161enice i je\u010dma, dok [&hellip;]","og_url":"https:\/\/melegbait.com\/en\/product\/betaine-hcl\/","og_site_name":"Meleg bait","article_publisher":"https:\/\/www.facebook.com\/MelegBait","article_modified_time":"2023-05-19T19:09:00+00:00","og_image":[{"width":637,"height":800,"url":"https:\/\/melegbait.com\/wp-content\/uploads\/2021\/01\/183E7CFF-C089-44F3-A304-795382D3265A.jpeg","type":"image\/jpeg"}],"twitter_card":"summary_large_image","twitter_misc":{"Estimated reading time":"1 minute"},"schema":{"@context":"https:\/\/schema.org","@graph":[{"@type":"WebPage","@id":"https:\/\/melegbait.com\/product\/betaine-hcl\/","url":"https:\/\/melegbait.com\/product\/betaine-hcl\/","name":"Betaine HCL - Meleg bait","isPartOf":{"@id":"https:\/\/melegbait.com\/#website"},"primaryImageOfPage":{"@id":"https:\/\/melegbait.com\/product\/betaine-hcl\/#primaryimage"},"image":{"@id":"https:\/\/melegbait.com\/product\/betaine-hcl\/#primaryimage"},"thumbnailUrl":"https:\/\/melegbait.com\/wp-content\/uploads\/2021\/01\/183E7CFF-C089-44F3-A304-795382D3265A.jpeg","datePublished":"2021-01-20T17:38:08+00:00","dateModified":"2023-05-19T19:09:00+00:00","breadcrumb":{"@id":"https:\/\/melegbait.com\/product\/betaine-hcl\/#breadcrumb"},"inLanguage":"en-GB","potentialAction":[{"@type":"ReadAction","target":["https:\/\/melegbait.com\/product\/betaine-hcl\/"]}]},{"@type":"ImageObject","inLanguage":"en-GB","@id":"https:\/\/melegbait.com\/product\/betaine-hcl\/#primaryimage","url":"https:\/\/melegbait.com\/wp-content\/uploads\/2021\/01\/183E7CFF-C089-44F3-A304-795382D3265A.jpeg","contentUrl":"https:\/\/melegbait.com\/wp-content\/uploads\/2021\/01\/183E7CFF-C089-44F3-A304-795382D3265A.jpeg","width":637,"height":800},{"@type":"BreadcrumbList","@id":"https:\/\/melegbait.com\/product\/betaine-hcl\/#breadcrumb","itemListElement":[{"@type":"ListItem","position":1,"name":"Home","item":"https:\/\/melegbait.com\/"},{"@type":"ListItem","position":2,"name":"Shop","item":"https:\/\/melegbait.com\/shop\/"},{"@type":"ListItem","position":3,"name":"Betaine HCL"}]},{"@type":"WebSite","@id":"https:\/\/melegbait.com\/#website","url":"https:\/\/melegbait.com\/","name":"Meleg bait","description":"Meleg bait","publisher":{"@id":"https:\/\/melegbait.com\/#organization"},"potentialAction":[{"@type":"SearchAction","target":{"@type":"EntryPoint","urlTemplate":"https:\/\/melegbait.com\/?s={search_term_string}"},"query-input":{"@type":"PropertyValueSpecification","valueRequired":true,"valueName":"search_term_string"}}],"inLanguage":"en-GB"},{"@type":"Organization","@id":"https:\/\/melegbait.com\/#organization","name":"Meleg Baits","url":"https:\/\/melegbait.com\/","logo":{"@type":"ImageObject","inLanguage":"en-GB","@id":"https:\/\/melegbait.com\/#\/schema\/logo\/image\/","url":"https:\/\/melegbait.com\/wp-content\/uploads\/2021\/02\/mblogo.jpg","contentUrl":"https:\/\/melegbait.com\/wp-content\/uploads\/2021\/02\/mblogo.jpg","width":250,"height":250,"caption":"Meleg Baits"},"image":{"@id":"https:\/\/melegbait.com\/#\/schema\/logo\/image\/"},"sameAs":["https:\/\/www.facebook.com\/MelegBait"]}]}},"_links":{"self":[{"href":"https:\/\/melegbait.com\/en\/wp-json\/wp\/v2\/product\/31419","targetHints":{"allow":["GET"]}}],"collection":[{"href":"https:\/\/melegbait.com\/en\/wp-json\/wp\/v2\/product"}],"about":[{"href":"https:\/\/melegbait.com\/en\/wp-json\/wp\/v2\/types\/product"}],"replies":[{"embeddable":true,"href":"https:\/\/melegbait.com\/en\/wp-json\/wp\/v2\/comments?post=31419"}],"wp:featuredmedia":[{"embeddable":true,"href":"https:\/\/melegbait.com\/en\/wp-json\/wp\/v2\/media\/33367"}],"wp:attachment":[{"href":"https:\/\/melegbait.com\/en\/wp-json\/wp\/v2\/media?parent=31419"}],"wp:term":[{"taxonomy":"product_brand","embeddable":true,"href":"https:\/\/melegbait.com\/en\/wp-json\/wp\/v2\/product_brand?post=31419"},{"taxonomy":"product_cat","embeddable":true,"href":"https:\/\/melegbait.com\/en\/wp-json\/wp\/v2\/product_cat?post=31419"},{"taxonomy":"product_tag","embeddable":true,"href":"https:\/\/melegbait.com\/en\/wp-json\/wp\/v2\/product_tag?post=31419"}],"curies":[{"name":"wp","href":"https:\/\/api.w.org\/{rel}","templated":true}]}}