{"id":31449,"date":"2021-01-22T19:46:50","date_gmt":"2021-01-22T18:46:50","guid":{"rendered":"https:\/\/melegbait.com\/?post_type=product&#038;p=31449"},"modified":"2023-05-19T20:50:14","modified_gmt":"2023-05-19T19:50:14","slug":"match-attractor-tiger-nut","status":"publish","type":"product","link":"https:\/\/melegbait.com\/en\/product\/match-attractor-tiger-nut\/","title":{"rendered":"Match Attractor &#8211; Tiger Nut"},"content":{"rendered":"<p>Match Attractor comes in a large pack of half a liter, and can be used in the carp fishing for\npellet, particles (dry and cooked), etc. It is also applicable in match and float fishing. It contains\na certain amount of sweeteners, amino acids, betaine, molasses and C.S.L. together with flavor.\nWhether you'll use the Match Attractor to sprinkle bread, grain, rice, any ground bait of food or\nboil, the choice is yours! The use of this cocktail is very wide, and dosing has no limitations\nbecause it is a completely natural product. Packaging 500ml.<\/p>","protected":false},"excerpt":{"rendered":"<p>Match Attractor dolazi u velikom pakovanju od pola litre, a mo\u017ee da se koristi u \u0161aranskom ribolovu za prelivanje peleta, partikla (suvih i kuvanih), itd. Primenljiv je tako\u0111e i u Match Fishing-u i pecanju na plovak. On u sebi sadr\u017ei odre\u0111enu koli\u010dinu zasla\u0111iva\u010da, amino kiselina, betaina, melase i C.S.L.-a, zajedno sa aromom (Flavour). Da li [&hellip;]<\/p>","protected":false},"featured_media":31439,"comment_status":"open","ping_status":"closed","template":"","meta":{"_et_pb_use_builder":"","_et_pb_old_content":"","_et_gb_content_width":""},"product_brand":[],"product_cat":[31,41,67],"product_tag":[],"class_list":{"0":"post-31449","1":"product","2":"type-product","3":"status-publish","4":"has-post-thumbnail","6":"product_cat-carp","7":"product_cat-tecni-aditivi-amino-kiseline","8":"product_cat-match-attractor","10":"first","11":"instock","12":"taxable","13":"shipping-taxable","14":"purchasable","15":"product-type-simple"},"yoast_head":"<!-- This site is optimized with the Yoast SEO plugin v26.9 - https:\/\/yoast.com\/product\/yoast-seo-wordpress\/ -->\n<title>Match Attractor - Tiger Nut - Meleg bait<\/title>\n<meta name=\"robots\" content=\"index, follow, max-snippet:-1, max-image-preview:large, max-video-preview:-1\" \/>\n<link rel=\"canonical\" href=\"https:\/\/melegbait.com\/en\/product\/match-attractor-tiger-nut\/\" \/>\n<meta property=\"og:locale\" content=\"en_GB\" \/>\n<meta property=\"og:type\" content=\"article\" \/>\n<meta property=\"og:title\" content=\"Match Attractor - Tiger Nut - Meleg bait\" \/>\n<meta property=\"og:description\" content=\"Match Attractor dolazi u velikom pakovanju od pola litre, a mo\u017ee da se koristi u \u0161aranskom ribolovu za prelivanje peleta, partikla (suvih i kuvanih), itd. Primenljiv je tako\u0111e i u Match Fishing-u i pecanju na plovak. On u sebi sadr\u017ei odre\u0111enu koli\u010dinu zasla\u0111iva\u010da, amino kiselina, betaina, melase i C.S.L.-a, zajedno sa aromom (Flavour). Da li [&hellip;]\" \/>\n<meta property=\"og:url\" content=\"https:\/\/melegbait.com\/en\/product\/match-attractor-tiger-nut\/\" \/>\n<meta property=\"og:site_name\" content=\"Meleg bait\" \/>\n<meta property=\"article:publisher\" content=\"https:\/\/www.facebook.com\/MelegBait\" \/>\n<meta property=\"article:modified_time\" content=\"2023-05-19T19:50:14+00:00\" \/>\n<meta property=\"og:image\" content=\"https:\/\/melegbait.com\/wp-content\/uploads\/2021\/01\/match-attractor-tiger-nut.jpg\" \/>\n\t<meta property=\"og:image:width\" content=\"600\" \/>\n\t<meta property=\"og:image:height\" content=\"753\" \/>\n\t<meta property=\"og:image:type\" content=\"image\/jpeg\" \/>\n<meta name=\"twitter:card\" content=\"summary_large_image\" \/>\n<meta name=\"twitter:label1\" content=\"Estimated reading time\" \/>\n\t<meta name=\"twitter:data1\" content=\"2 minutes\" \/>\n<script type=\"application\/ld+json\" class=\"yoast-schema-graph\">{\"@context\":\"https:\/\/schema.org\",\"@graph\":[{\"@type\":\"WebPage\",\"@id\":\"https:\/\/melegbait.com\/product\/match-attractor-tiger-nut\/\",\"url\":\"https:\/\/melegbait.com\/product\/match-attractor-tiger-nut\/\",\"name\":\"Match Attractor - Tiger Nut - Meleg bait\",\"isPartOf\":{\"@id\":\"https:\/\/melegbait.com\/#website\"},\"primaryImageOfPage\":{\"@id\":\"https:\/\/melegbait.com\/product\/match-attractor-tiger-nut\/#primaryimage\"},\"image\":{\"@id\":\"https:\/\/melegbait.com\/product\/match-attractor-tiger-nut\/#primaryimage\"},\"thumbnailUrl\":\"https:\/\/melegbait.com\/wp-content\/uploads\/2021\/01\/match-attractor-tiger-nut.jpg\",\"datePublished\":\"2021-01-22T18:46:50+00:00\",\"dateModified\":\"2023-05-19T19:50:14+00:00\",\"breadcrumb\":{\"@id\":\"https:\/\/melegbait.com\/product\/match-attractor-tiger-nut\/#breadcrumb\"},\"inLanguage\":\"en-GB\",\"potentialAction\":[{\"@type\":\"ReadAction\",\"target\":[\"https:\/\/melegbait.com\/product\/match-attractor-tiger-nut\/\"]}]},{\"@type\":\"ImageObject\",\"inLanguage\":\"en-GB\",\"@id\":\"https:\/\/melegbait.com\/product\/match-attractor-tiger-nut\/#primaryimage\",\"url\":\"https:\/\/melegbait.com\/wp-content\/uploads\/2021\/01\/match-attractor-tiger-nut.jpg\",\"contentUrl\":\"https:\/\/melegbait.com\/wp-content\/uploads\/2021\/01\/match-attractor-tiger-nut.jpg\",\"width\":600,\"height\":753},{\"@type\":\"BreadcrumbList\",\"@id\":\"https:\/\/melegbait.com\/product\/match-attractor-tiger-nut\/#breadcrumb\",\"itemListElement\":[{\"@type\":\"ListItem\",\"position\":1,\"name\":\"Home\",\"item\":\"https:\/\/melegbait.com\/\"},{\"@type\":\"ListItem\",\"position\":2,\"name\":\"Shop\",\"item\":\"https:\/\/melegbait.com\/shop\/\"},{\"@type\":\"ListItem\",\"position\":3,\"name\":\"Match Attractor &#8211; Tiger Nut\"}]},{\"@type\":\"WebSite\",\"@id\":\"https:\/\/melegbait.com\/#website\",\"url\":\"https:\/\/melegbait.com\/\",\"name\":\"Meleg bait\",\"description\":\"Meleg bait\",\"publisher\":{\"@id\":\"https:\/\/melegbait.com\/#organization\"},\"potentialAction\":[{\"@type\":\"SearchAction\",\"target\":{\"@type\":\"EntryPoint\",\"urlTemplate\":\"https:\/\/melegbait.com\/?s={search_term_string}\"},\"query-input\":{\"@type\":\"PropertyValueSpecification\",\"valueRequired\":true,\"valueName\":\"search_term_string\"}}],\"inLanguage\":\"en-GB\"},{\"@type\":\"Organization\",\"@id\":\"https:\/\/melegbait.com\/#organization\",\"name\":\"Meleg Baits\",\"url\":\"https:\/\/melegbait.com\/\",\"logo\":{\"@type\":\"ImageObject\",\"inLanguage\":\"en-GB\",\"@id\":\"https:\/\/melegbait.com\/#\/schema\/logo\/image\/\",\"url\":\"https:\/\/melegbait.com\/wp-content\/uploads\/2021\/02\/mblogo.jpg\",\"contentUrl\":\"https:\/\/melegbait.com\/wp-content\/uploads\/2021\/02\/mblogo.jpg\",\"width\":250,\"height\":250,\"caption\":\"Meleg Baits\"},\"image\":{\"@id\":\"https:\/\/melegbait.com\/#\/schema\/logo\/image\/\"},\"sameAs\":[\"https:\/\/www.facebook.com\/MelegBait\"]}]}<\/script>\n<!-- \/ Yoast SEO plugin. -->","yoast_head_json":{"title":"Match Attractor - Tiger Nut - Meleg bait","robots":{"index":"index","follow":"follow","max-snippet":"max-snippet:-1","max-image-preview":"max-image-preview:large","max-video-preview":"max-video-preview:-1"},"canonical":"https:\/\/melegbait.com\/en\/product\/match-attractor-tiger-nut\/","og_locale":"en_GB","og_type":"article","og_title":"Match Attractor - Tiger Nut - Meleg bait","og_description":"Match Attractor dolazi u velikom pakovanju od pola litre, a mo\u017ee da se koristi u \u0161aranskom ribolovu za prelivanje peleta, partikla (suvih i kuvanih), itd. Primenljiv je tako\u0111e i u Match Fishing-u i pecanju na plovak. On u sebi sadr\u017ei odre\u0111enu koli\u010dinu zasla\u0111iva\u010da, amino kiselina, betaina, melase i C.S.L.-a, zajedno sa aromom (Flavour). Da li [&hellip;]","og_url":"https:\/\/melegbait.com\/en\/product\/match-attractor-tiger-nut\/","og_site_name":"Meleg bait","article_publisher":"https:\/\/www.facebook.com\/MelegBait","article_modified_time":"2023-05-19T19:50:14+00:00","og_image":[{"width":600,"height":753,"url":"https:\/\/melegbait.com\/wp-content\/uploads\/2021\/01\/match-attractor-tiger-nut.jpg","type":"image\/jpeg"}],"twitter_card":"summary_large_image","twitter_misc":{"Estimated reading time":"2 minutes"},"schema":{"@context":"https:\/\/schema.org","@graph":[{"@type":"WebPage","@id":"https:\/\/melegbait.com\/product\/match-attractor-tiger-nut\/","url":"https:\/\/melegbait.com\/product\/match-attractor-tiger-nut\/","name":"Match Attractor - Tiger Nut - Meleg bait","isPartOf":{"@id":"https:\/\/melegbait.com\/#website"},"primaryImageOfPage":{"@id":"https:\/\/melegbait.com\/product\/match-attractor-tiger-nut\/#primaryimage"},"image":{"@id":"https:\/\/melegbait.com\/product\/match-attractor-tiger-nut\/#primaryimage"},"thumbnailUrl":"https:\/\/melegbait.com\/wp-content\/uploads\/2021\/01\/match-attractor-tiger-nut.jpg","datePublished":"2021-01-22T18:46:50+00:00","dateModified":"2023-05-19T19:50:14+00:00","breadcrumb":{"@id":"https:\/\/melegbait.com\/product\/match-attractor-tiger-nut\/#breadcrumb"},"inLanguage":"en-GB","potentialAction":[{"@type":"ReadAction","target":["https:\/\/melegbait.com\/product\/match-attractor-tiger-nut\/"]}]},{"@type":"ImageObject","inLanguage":"en-GB","@id":"https:\/\/melegbait.com\/product\/match-attractor-tiger-nut\/#primaryimage","url":"https:\/\/melegbait.com\/wp-content\/uploads\/2021\/01\/match-attractor-tiger-nut.jpg","contentUrl":"https:\/\/melegbait.com\/wp-content\/uploads\/2021\/01\/match-attractor-tiger-nut.jpg","width":600,"height":753},{"@type":"BreadcrumbList","@id":"https:\/\/melegbait.com\/product\/match-attractor-tiger-nut\/#breadcrumb","itemListElement":[{"@type":"ListItem","position":1,"name":"Home","item":"https:\/\/melegbait.com\/"},{"@type":"ListItem","position":2,"name":"Shop","item":"https:\/\/melegbait.com\/shop\/"},{"@type":"ListItem","position":3,"name":"Match Attractor &#8211; Tiger Nut"}]},{"@type":"WebSite","@id":"https:\/\/melegbait.com\/#website","url":"https:\/\/melegbait.com\/","name":"Meleg bait","description":"Meleg bait","publisher":{"@id":"https:\/\/melegbait.com\/#organization"},"potentialAction":[{"@type":"SearchAction","target":{"@type":"EntryPoint","urlTemplate":"https:\/\/melegbait.com\/?s={search_term_string}"},"query-input":{"@type":"PropertyValueSpecification","valueRequired":true,"valueName":"search_term_string"}}],"inLanguage":"en-GB"},{"@type":"Organization","@id":"https:\/\/melegbait.com\/#organization","name":"Meleg Baits","url":"https:\/\/melegbait.com\/","logo":{"@type":"ImageObject","inLanguage":"en-GB","@id":"https:\/\/melegbait.com\/#\/schema\/logo\/image\/","url":"https:\/\/melegbait.com\/wp-content\/uploads\/2021\/02\/mblogo.jpg","contentUrl":"https:\/\/melegbait.com\/wp-content\/uploads\/2021\/02\/mblogo.jpg","width":250,"height":250,"caption":"Meleg Baits"},"image":{"@id":"https:\/\/melegbait.com\/#\/schema\/logo\/image\/"},"sameAs":["https:\/\/www.facebook.com\/MelegBait"]}]}},"_links":{"self":[{"href":"https:\/\/melegbait.com\/en\/wp-json\/wp\/v2\/product\/31449","targetHints":{"allow":["GET"]}}],"collection":[{"href":"https:\/\/melegbait.com\/en\/wp-json\/wp\/v2\/product"}],"about":[{"href":"https:\/\/melegbait.com\/en\/wp-json\/wp\/v2\/types\/product"}],"replies":[{"embeddable":true,"href":"https:\/\/melegbait.com\/en\/wp-json\/wp\/v2\/comments?post=31449"}],"wp:featuredmedia":[{"embeddable":true,"href":"https:\/\/melegbait.com\/en\/wp-json\/wp\/v2\/media\/31439"}],"wp:attachment":[{"href":"https:\/\/melegbait.com\/en\/wp-json\/wp\/v2\/media?parent=31449"}],"wp:term":[{"taxonomy":"product_brand","embeddable":true,"href":"https:\/\/melegbait.com\/en\/wp-json\/wp\/v2\/product_brand?post=31449"},{"taxonomy":"product_cat","embeddable":true,"href":"https:\/\/melegbait.com\/en\/wp-json\/wp\/v2\/product_cat?post=31449"},{"taxonomy":"product_tag","embeddable":true,"href":"https:\/\/melegbait.com\/en\/wp-json\/wp\/v2\/product_tag?post=31449"}],"curies":[{"name":"wp","href":"https:\/\/api.w.org\/{rel}","templated":true}]}}