{"id":31514,"date":"2021-01-22T20:51:37","date_gmt":"2021-01-22T19:51:37","guid":{"rendered":"https:\/\/melegbait.com\/?post_type=product&#038;p=31514"},"modified":"2023-06-18T15:20:49","modified_gmt":"2023-06-18T14:20:49","slug":"dip-natural-emulgator","status":"publish","type":"product","link":"https:\/\/melegbait.com\/en\/product\/dip-natural-emulgator\/","title":{"rendered":"DIP Natural Emulgator"},"content":{"rendered":"<p>Dip Emulsifier was produced primarily due to the need of anglers to make their own dips. Your dip doesn't have to be a regular dip with 5ml flavor, you can also add Attract Natural or another amino acid complex. By dipping the PVA mesh in the Dip Emulsifier, you can prolong the dissolution of the bag itself and thus ensure that all the PVA content is in one place. Dipping PVA nets with boilies, pellets or particles has more advantages because you leave a trace of the desired cocktail while the bag sinks in the water.<\/p>","protected":false},"excerpt":{"rendered":"<p>Dip Emulgator je proizveden prvenstveno zbog potrebe ribolovaca da sami prave svoje dip-ove. Va\u0161 dip ne mora biti obi\u010dan dip sa 5ml arome, mo\u017eete ujedno dodati i Attract Natural ili drugi amino kiselinski kompleks. Umakanjem PVA mre\u017eice u\u00a0Dip\u00a0Emulgator mo\u017eete produ\u017eiti rastapanje same vre\u0107ice i tako biti sigurni da je ceo sadr\u017eaj od PVA na jednom [&hellip;]<\/p>","protected":false},"featured_media":31515,"comment_status":"open","ping_status":"closed","template":"","meta":{"_et_pb_use_builder":"","_et_pb_old_content":"","_et_gb_content_width":""},"product_brand":[],"product_cat":[31,45,62],"product_tag":[],"class_list":{"0":"post-31514","1":"product","2":"type-product","3":"status-publish","4":"has-post-thumbnail","6":"product_cat-carp","7":"product_cat-dipovi","8":"product_cat-dip-attract","10":"first","11":"instock","12":"taxable","13":"shipping-taxable","14":"purchasable","15":"product-type-simple"},"yoast_head":"<!-- This site is optimized with the Yoast SEO plugin v26.9 - https:\/\/yoast.com\/product\/yoast-seo-wordpress\/ -->\n<title>DIP Natural Emulgator - Meleg bait<\/title>\n<meta name=\"robots\" content=\"index, follow, max-snippet:-1, max-image-preview:large, max-video-preview:-1\" \/>\n<link rel=\"canonical\" href=\"https:\/\/melegbait.com\/en\/product\/dip-natural-emulgator\/\" \/>\n<meta property=\"og:locale\" content=\"en_GB\" \/>\n<meta property=\"og:type\" content=\"article\" \/>\n<meta property=\"og:title\" content=\"DIP Natural Emulgator - Meleg bait\" \/>\n<meta property=\"og:description\" content=\"Dip Emulgator je proizveden prvenstveno zbog potrebe ribolovaca da sami prave svoje dip-ove. Va\u0161 dip ne mora biti obi\u010dan dip sa 5ml arome, mo\u017eete ujedno dodati i Attract Natural ili drugi amino kiselinski kompleks. Umakanjem PVA mre\u017eice u\u00a0Dip\u00a0Emulgator mo\u017eete produ\u017eiti rastapanje same vre\u0107ice i tako biti sigurni da je ceo sadr\u017eaj od PVA na jednom [&hellip;]\" \/>\n<meta property=\"og:url\" content=\"https:\/\/melegbait.com\/en\/product\/dip-natural-emulgator\/\" \/>\n<meta property=\"og:site_name\" content=\"Meleg bait\" \/>\n<meta property=\"article:publisher\" content=\"https:\/\/www.facebook.com\/MelegBait\" \/>\n<meta property=\"article:modified_time\" content=\"2023-06-18T14:20:49+00:00\" \/>\n<meta property=\"og:image\" content=\"https:\/\/melegbait.com\/wp-content\/uploads\/2021\/01\/dip-natural-emulgator.jpg\" \/>\n\t<meta property=\"og:image:width\" content=\"600\" \/>\n\t<meta property=\"og:image:height\" content=\"745\" \/>\n\t<meta property=\"og:image:type\" content=\"image\/jpeg\" \/>\n<meta name=\"twitter:card\" content=\"summary_large_image\" \/>\n<meta name=\"twitter:label1\" content=\"Estimated reading time\" \/>\n\t<meta name=\"twitter:data1\" content=\"1 minute\" \/>\n<script type=\"application\/ld+json\" class=\"yoast-schema-graph\">{\"@context\":\"https:\/\/schema.org\",\"@graph\":[{\"@type\":\"WebPage\",\"@id\":\"https:\/\/melegbait.com\/product\/dip-natural-emulgator\/\",\"url\":\"https:\/\/melegbait.com\/product\/dip-natural-emulgator\/\",\"name\":\"DIP Natural Emulgator - Meleg bait\",\"isPartOf\":{\"@id\":\"https:\/\/melegbait.com\/#website\"},\"primaryImageOfPage\":{\"@id\":\"https:\/\/melegbait.com\/product\/dip-natural-emulgator\/#primaryimage\"},\"image\":{\"@id\":\"https:\/\/melegbait.com\/product\/dip-natural-emulgator\/#primaryimage\"},\"thumbnailUrl\":\"https:\/\/melegbait.com\/wp-content\/uploads\/2021\/01\/dip-natural-emulgator.jpg\",\"datePublished\":\"2021-01-22T19:51:37+00:00\",\"dateModified\":\"2023-06-18T14:20:49+00:00\",\"breadcrumb\":{\"@id\":\"https:\/\/melegbait.com\/product\/dip-natural-emulgator\/#breadcrumb\"},\"inLanguage\":\"en-GB\",\"potentialAction\":[{\"@type\":\"ReadAction\",\"target\":[\"https:\/\/melegbait.com\/product\/dip-natural-emulgator\/\"]}]},{\"@type\":\"ImageObject\",\"inLanguage\":\"en-GB\",\"@id\":\"https:\/\/melegbait.com\/product\/dip-natural-emulgator\/#primaryimage\",\"url\":\"https:\/\/melegbait.com\/wp-content\/uploads\/2021\/01\/dip-natural-emulgator.jpg\",\"contentUrl\":\"https:\/\/melegbait.com\/wp-content\/uploads\/2021\/01\/dip-natural-emulgator.jpg\",\"width\":600,\"height\":745},{\"@type\":\"BreadcrumbList\",\"@id\":\"https:\/\/melegbait.com\/product\/dip-natural-emulgator\/#breadcrumb\",\"itemListElement\":[{\"@type\":\"ListItem\",\"position\":1,\"name\":\"Home\",\"item\":\"https:\/\/melegbait.com\/\"},{\"@type\":\"ListItem\",\"position\":2,\"name\":\"Shop\",\"item\":\"https:\/\/melegbait.com\/shop\/\"},{\"@type\":\"ListItem\",\"position\":3,\"name\":\"DIP Natural Emulgator\"}]},{\"@type\":\"WebSite\",\"@id\":\"https:\/\/melegbait.com\/#website\",\"url\":\"https:\/\/melegbait.com\/\",\"name\":\"Meleg bait\",\"description\":\"Meleg bait\",\"publisher\":{\"@id\":\"https:\/\/melegbait.com\/#organization\"},\"potentialAction\":[{\"@type\":\"SearchAction\",\"target\":{\"@type\":\"EntryPoint\",\"urlTemplate\":\"https:\/\/melegbait.com\/?s={search_term_string}\"},\"query-input\":{\"@type\":\"PropertyValueSpecification\",\"valueRequired\":true,\"valueName\":\"search_term_string\"}}],\"inLanguage\":\"en-GB\"},{\"@type\":\"Organization\",\"@id\":\"https:\/\/melegbait.com\/#organization\",\"name\":\"Meleg Baits\",\"url\":\"https:\/\/melegbait.com\/\",\"logo\":{\"@type\":\"ImageObject\",\"inLanguage\":\"en-GB\",\"@id\":\"https:\/\/melegbait.com\/#\/schema\/logo\/image\/\",\"url\":\"https:\/\/melegbait.com\/wp-content\/uploads\/2021\/02\/mblogo.jpg\",\"contentUrl\":\"https:\/\/melegbait.com\/wp-content\/uploads\/2021\/02\/mblogo.jpg\",\"width\":250,\"height\":250,\"caption\":\"Meleg Baits\"},\"image\":{\"@id\":\"https:\/\/melegbait.com\/#\/schema\/logo\/image\/\"},\"sameAs\":[\"https:\/\/www.facebook.com\/MelegBait\"]}]}<\/script>\n<!-- \/ Yoast SEO plugin. -->","yoast_head_json":{"title":"DIP Natural Emulgator - Meleg bait","robots":{"index":"index","follow":"follow","max-snippet":"max-snippet:-1","max-image-preview":"max-image-preview:large","max-video-preview":"max-video-preview:-1"},"canonical":"https:\/\/melegbait.com\/en\/product\/dip-natural-emulgator\/","og_locale":"en_GB","og_type":"article","og_title":"DIP Natural Emulgator - Meleg bait","og_description":"Dip Emulgator je proizveden prvenstveno zbog potrebe ribolovaca da sami prave svoje dip-ove. Va\u0161 dip ne mora biti obi\u010dan dip sa 5ml arome, mo\u017eete ujedno dodati i Attract Natural ili drugi amino kiselinski kompleks. Umakanjem PVA mre\u017eice u\u00a0Dip\u00a0Emulgator mo\u017eete produ\u017eiti rastapanje same vre\u0107ice i tako biti sigurni da je ceo sadr\u017eaj od PVA na jednom [&hellip;]","og_url":"https:\/\/melegbait.com\/en\/product\/dip-natural-emulgator\/","og_site_name":"Meleg bait","article_publisher":"https:\/\/www.facebook.com\/MelegBait","article_modified_time":"2023-06-18T14:20:49+00:00","og_image":[{"width":600,"height":745,"url":"https:\/\/melegbait.com\/wp-content\/uploads\/2021\/01\/dip-natural-emulgator.jpg","type":"image\/jpeg"}],"twitter_card":"summary_large_image","twitter_misc":{"Estimated reading time":"1 minute"},"schema":{"@context":"https:\/\/schema.org","@graph":[{"@type":"WebPage","@id":"https:\/\/melegbait.com\/product\/dip-natural-emulgator\/","url":"https:\/\/melegbait.com\/product\/dip-natural-emulgator\/","name":"DIP Natural Emulgator - Meleg bait","isPartOf":{"@id":"https:\/\/melegbait.com\/#website"},"primaryImageOfPage":{"@id":"https:\/\/melegbait.com\/product\/dip-natural-emulgator\/#primaryimage"},"image":{"@id":"https:\/\/melegbait.com\/product\/dip-natural-emulgator\/#primaryimage"},"thumbnailUrl":"https:\/\/melegbait.com\/wp-content\/uploads\/2021\/01\/dip-natural-emulgator.jpg","datePublished":"2021-01-22T19:51:37+00:00","dateModified":"2023-06-18T14:20:49+00:00","breadcrumb":{"@id":"https:\/\/melegbait.com\/product\/dip-natural-emulgator\/#breadcrumb"},"inLanguage":"en-GB","potentialAction":[{"@type":"ReadAction","target":["https:\/\/melegbait.com\/product\/dip-natural-emulgator\/"]}]},{"@type":"ImageObject","inLanguage":"en-GB","@id":"https:\/\/melegbait.com\/product\/dip-natural-emulgator\/#primaryimage","url":"https:\/\/melegbait.com\/wp-content\/uploads\/2021\/01\/dip-natural-emulgator.jpg","contentUrl":"https:\/\/melegbait.com\/wp-content\/uploads\/2021\/01\/dip-natural-emulgator.jpg","width":600,"height":745},{"@type":"BreadcrumbList","@id":"https:\/\/melegbait.com\/product\/dip-natural-emulgator\/#breadcrumb","itemListElement":[{"@type":"ListItem","position":1,"name":"Home","item":"https:\/\/melegbait.com\/"},{"@type":"ListItem","position":2,"name":"Shop","item":"https:\/\/melegbait.com\/shop\/"},{"@type":"ListItem","position":3,"name":"DIP Natural Emulgator"}]},{"@type":"WebSite","@id":"https:\/\/melegbait.com\/#website","url":"https:\/\/melegbait.com\/","name":"Meleg bait","description":"Meleg bait","publisher":{"@id":"https:\/\/melegbait.com\/#organization"},"potentialAction":[{"@type":"SearchAction","target":{"@type":"EntryPoint","urlTemplate":"https:\/\/melegbait.com\/?s={search_term_string}"},"query-input":{"@type":"PropertyValueSpecification","valueRequired":true,"valueName":"search_term_string"}}],"inLanguage":"en-GB"},{"@type":"Organization","@id":"https:\/\/melegbait.com\/#organization","name":"Meleg Baits","url":"https:\/\/melegbait.com\/","logo":{"@type":"ImageObject","inLanguage":"en-GB","@id":"https:\/\/melegbait.com\/#\/schema\/logo\/image\/","url":"https:\/\/melegbait.com\/wp-content\/uploads\/2021\/02\/mblogo.jpg","contentUrl":"https:\/\/melegbait.com\/wp-content\/uploads\/2021\/02\/mblogo.jpg","width":250,"height":250,"caption":"Meleg Baits"},"image":{"@id":"https:\/\/melegbait.com\/#\/schema\/logo\/image\/"},"sameAs":["https:\/\/www.facebook.com\/MelegBait"]}]}},"_links":{"self":[{"href":"https:\/\/melegbait.com\/en\/wp-json\/wp\/v2\/product\/31514","targetHints":{"allow":["GET"]}}],"collection":[{"href":"https:\/\/melegbait.com\/en\/wp-json\/wp\/v2\/product"}],"about":[{"href":"https:\/\/melegbait.com\/en\/wp-json\/wp\/v2\/types\/product"}],"replies":[{"embeddable":true,"href":"https:\/\/melegbait.com\/en\/wp-json\/wp\/v2\/comments?post=31514"}],"wp:featuredmedia":[{"embeddable":true,"href":"https:\/\/melegbait.com\/en\/wp-json\/wp\/v2\/media\/31515"}],"wp:attachment":[{"href":"https:\/\/melegbait.com\/en\/wp-json\/wp\/v2\/media?parent=31514"}],"wp:term":[{"taxonomy":"product_brand","embeddable":true,"href":"https:\/\/melegbait.com\/en\/wp-json\/wp\/v2\/product_brand?post=31514"},{"taxonomy":"product_cat","embeddable":true,"href":"https:\/\/melegbait.com\/en\/wp-json\/wp\/v2\/product_cat?post=31514"},{"taxonomy":"product_tag","embeddable":true,"href":"https:\/\/melegbait.com\/en\/wp-json\/wp\/v2\/product_tag?post=31514"}],"curies":[{"name":"wp","href":"https:\/\/api.w.org\/{rel}","templated":true}]}}