{"id":31528,"date":"2021-01-22T21:00:42","date_gmt":"2021-01-22T20:00:42","guid":{"rendered":"https:\/\/melegbait.com\/?post_type=product&#038;p=31528"},"modified":"2023-06-18T15:18:28","modified_gmt":"2023-06-18T14:18:28","slug":"dip-special-r1","status":"publish","type":"product","link":"https:\/\/melegbait.com\/en\/product\/dip-special-r1\/","title":{"rendered":"Dip special &#8211; R1"},"content":{"rendered":"<p>The components of which are made up and density, distinguish it from all other dips on the\nmarket.\nBecause of the liquid proteins, minerals and enzymes it contains, carp recognizes this dip as its\nfood.\nIt is extremely thick and we recommend that, when dipping, use a bait needle with which you\nwill literally push the bait into a dip. Excellent results in combination with powder dip.<\/p>","protected":false},"excerpt":{"rendered":"<p>The components of which are made up and density, distinguish it from all other dips on the\nmarket.\nBecause of the liquid proteins, minerals and enzymes it contains, carp recognizes this dip as its\nfood.\nIt is extremely thick and we recommend that, when dipping, use a bait needle with which you\nwill literally push the bait into a dip. Excellent results in combination with powder dip.<\/p>","protected":false},"featured_media":31524,"comment_status":"open","ping_status":"closed","template":"","meta":{"_et_pb_use_builder":"","_et_pb_old_content":"","_et_gb_content_width":""},"product_brand":[],"product_cat":[31,45,60],"product_tag":[],"class_list":{"0":"post-31528","1":"product","2":"type-product","3":"status-publish","4":"has-post-thumbnail","6":"product_cat-carp","7":"product_cat-dipovi","8":"product_cat-dip-special","10":"first","11":"instock","12":"taxable","13":"shipping-taxable","14":"purchasable","15":"product-type-simple"},"yoast_head":"<!-- This site is optimized with the Yoast SEO plugin v26.9 - https:\/\/yoast.com\/product\/yoast-seo-wordpress\/ -->\n<title>Dip special - R1 - Meleg bait<\/title>\n<meta name=\"robots\" content=\"index, follow, max-snippet:-1, max-image-preview:large, max-video-preview:-1\" \/>\n<link rel=\"canonical\" href=\"https:\/\/melegbait.com\/en\/product\/dip-special-r1\/\" \/>\n<meta property=\"og:locale\" content=\"en_GB\" \/>\n<meta property=\"og:type\" content=\"article\" \/>\n<meta property=\"og:title\" content=\"Dip special - R1 - Meleg bait\" \/>\n<meta property=\"og:description\" content=\"Dip Special je visoko koncentrovni te\u010dni dip. Zbog visoke koncentracije izaziva\u010da gladi, atrakata, okida\u010da i aroma pogodan je za dipovanje ve\u0161ta\u010dkih mamaca koji nemaju veliku mo\u0107 upijanja kao \u0161to su ve\u0161ta\u010dki tiger, ve\u0161ta\u010dki kukuruz, razni podiza\u010di, ali mo\u017ee da se koristi i za dipovanje \u0161e\u0107erca, tigrovog oraha i \u017eivih mamaca.\" \/>\n<meta property=\"og:url\" content=\"https:\/\/melegbait.com\/en\/product\/dip-special-r1\/\" \/>\n<meta property=\"og:site_name\" content=\"Meleg bait\" \/>\n<meta property=\"article:publisher\" content=\"https:\/\/www.facebook.com\/MelegBait\" \/>\n<meta property=\"article:modified_time\" content=\"2023-06-18T14:18:28+00:00\" \/>\n<meta property=\"og:image\" content=\"https:\/\/melegbait.com\/wp-content\/uploads\/2021\/01\/dip-special-r1.jpg\" \/>\n\t<meta property=\"og:image:width\" content=\"600\" \/>\n\t<meta property=\"og:image:height\" content=\"755\" \/>\n\t<meta property=\"og:image:type\" content=\"image\/jpeg\" \/>\n<meta name=\"twitter:card\" content=\"summary_large_image\" \/>\n<meta name=\"twitter:label1\" content=\"Estimated reading time\" \/>\n\t<meta name=\"twitter:data1\" content=\"1 minute\" \/>\n<script type=\"application\/ld+json\" class=\"yoast-schema-graph\">{\"@context\":\"https:\/\/schema.org\",\"@graph\":[{\"@type\":\"WebPage\",\"@id\":\"https:\/\/melegbait.com\/product\/dip-special-r1\/\",\"url\":\"https:\/\/melegbait.com\/product\/dip-special-r1\/\",\"name\":\"Dip special - R1 - Meleg bait\",\"isPartOf\":{\"@id\":\"https:\/\/melegbait.com\/#website\"},\"primaryImageOfPage\":{\"@id\":\"https:\/\/melegbait.com\/product\/dip-special-r1\/#primaryimage\"},\"image\":{\"@id\":\"https:\/\/melegbait.com\/product\/dip-special-r1\/#primaryimage\"},\"thumbnailUrl\":\"https:\/\/melegbait.com\/wp-content\/uploads\/2021\/01\/dip-special-r1.jpg\",\"datePublished\":\"2021-01-22T20:00:42+00:00\",\"dateModified\":\"2023-06-18T14:18:28+00:00\",\"breadcrumb\":{\"@id\":\"https:\/\/melegbait.com\/product\/dip-special-r1\/#breadcrumb\"},\"inLanguage\":\"en-GB\",\"potentialAction\":[{\"@type\":\"ReadAction\",\"target\":[\"https:\/\/melegbait.com\/product\/dip-special-r1\/\"]}]},{\"@type\":\"ImageObject\",\"inLanguage\":\"en-GB\",\"@id\":\"https:\/\/melegbait.com\/product\/dip-special-r1\/#primaryimage\",\"url\":\"https:\/\/melegbait.com\/wp-content\/uploads\/2021\/01\/dip-special-r1.jpg\",\"contentUrl\":\"https:\/\/melegbait.com\/wp-content\/uploads\/2021\/01\/dip-special-r1.jpg\",\"width\":600,\"height\":755},{\"@type\":\"BreadcrumbList\",\"@id\":\"https:\/\/melegbait.com\/product\/dip-special-r1\/#breadcrumb\",\"itemListElement\":[{\"@type\":\"ListItem\",\"position\":1,\"name\":\"Home\",\"item\":\"https:\/\/melegbait.com\/\"},{\"@type\":\"ListItem\",\"position\":2,\"name\":\"Shop\",\"item\":\"https:\/\/melegbait.com\/shop\/\"},{\"@type\":\"ListItem\",\"position\":3,\"name\":\"Dip special &#8211; R1\"}]},{\"@type\":\"WebSite\",\"@id\":\"https:\/\/melegbait.com\/#website\",\"url\":\"https:\/\/melegbait.com\/\",\"name\":\"Meleg bait\",\"description\":\"Meleg bait\",\"publisher\":{\"@id\":\"https:\/\/melegbait.com\/#organization\"},\"potentialAction\":[{\"@type\":\"SearchAction\",\"target\":{\"@type\":\"EntryPoint\",\"urlTemplate\":\"https:\/\/melegbait.com\/?s={search_term_string}\"},\"query-input\":{\"@type\":\"PropertyValueSpecification\",\"valueRequired\":true,\"valueName\":\"search_term_string\"}}],\"inLanguage\":\"en-GB\"},{\"@type\":\"Organization\",\"@id\":\"https:\/\/melegbait.com\/#organization\",\"name\":\"Meleg Baits\",\"url\":\"https:\/\/melegbait.com\/\",\"logo\":{\"@type\":\"ImageObject\",\"inLanguage\":\"en-GB\",\"@id\":\"https:\/\/melegbait.com\/#\/schema\/logo\/image\/\",\"url\":\"https:\/\/melegbait.com\/wp-content\/uploads\/2021\/02\/mblogo.jpg\",\"contentUrl\":\"https:\/\/melegbait.com\/wp-content\/uploads\/2021\/02\/mblogo.jpg\",\"width\":250,\"height\":250,\"caption\":\"Meleg Baits\"},\"image\":{\"@id\":\"https:\/\/melegbait.com\/#\/schema\/logo\/image\/\"},\"sameAs\":[\"https:\/\/www.facebook.com\/MelegBait\"]}]}<\/script>\n<!-- \/ Yoast SEO plugin. -->","yoast_head_json":{"title":"Dip special - R1 - Meleg bait","robots":{"index":"index","follow":"follow","max-snippet":"max-snippet:-1","max-image-preview":"max-image-preview:large","max-video-preview":"max-video-preview:-1"},"canonical":"https:\/\/melegbait.com\/en\/product\/dip-special-r1\/","og_locale":"en_GB","og_type":"article","og_title":"Dip special - R1 - Meleg bait","og_description":"Dip Special je visoko koncentrovni te\u010dni dip. Zbog visoke koncentracije izaziva\u010da gladi, atrakata, okida\u010da i aroma pogodan je za dipovanje ve\u0161ta\u010dkih mamaca koji nemaju veliku mo\u0107 upijanja kao \u0161to su ve\u0161ta\u010dki tiger, ve\u0161ta\u010dki kukuruz, razni podiza\u010di, ali mo\u017ee da se koristi i za dipovanje \u0161e\u0107erca, tigrovog oraha i \u017eivih mamaca.","og_url":"https:\/\/melegbait.com\/en\/product\/dip-special-r1\/","og_site_name":"Meleg bait","article_publisher":"https:\/\/www.facebook.com\/MelegBait","article_modified_time":"2023-06-18T14:18:28+00:00","og_image":[{"width":600,"height":755,"url":"https:\/\/melegbait.com\/wp-content\/uploads\/2021\/01\/dip-special-r1.jpg","type":"image\/jpeg"}],"twitter_card":"summary_large_image","twitter_misc":{"Estimated reading time":"1 minute"},"schema":{"@context":"https:\/\/schema.org","@graph":[{"@type":"WebPage","@id":"https:\/\/melegbait.com\/product\/dip-special-r1\/","url":"https:\/\/melegbait.com\/product\/dip-special-r1\/","name":"Dip special - R1 - Meleg bait","isPartOf":{"@id":"https:\/\/melegbait.com\/#website"},"primaryImageOfPage":{"@id":"https:\/\/melegbait.com\/product\/dip-special-r1\/#primaryimage"},"image":{"@id":"https:\/\/melegbait.com\/product\/dip-special-r1\/#primaryimage"},"thumbnailUrl":"https:\/\/melegbait.com\/wp-content\/uploads\/2021\/01\/dip-special-r1.jpg","datePublished":"2021-01-22T20:00:42+00:00","dateModified":"2023-06-18T14:18:28+00:00","breadcrumb":{"@id":"https:\/\/melegbait.com\/product\/dip-special-r1\/#breadcrumb"},"inLanguage":"en-GB","potentialAction":[{"@type":"ReadAction","target":["https:\/\/melegbait.com\/product\/dip-special-r1\/"]}]},{"@type":"ImageObject","inLanguage":"en-GB","@id":"https:\/\/melegbait.com\/product\/dip-special-r1\/#primaryimage","url":"https:\/\/melegbait.com\/wp-content\/uploads\/2021\/01\/dip-special-r1.jpg","contentUrl":"https:\/\/melegbait.com\/wp-content\/uploads\/2021\/01\/dip-special-r1.jpg","width":600,"height":755},{"@type":"BreadcrumbList","@id":"https:\/\/melegbait.com\/product\/dip-special-r1\/#breadcrumb","itemListElement":[{"@type":"ListItem","position":1,"name":"Home","item":"https:\/\/melegbait.com\/"},{"@type":"ListItem","position":2,"name":"Shop","item":"https:\/\/melegbait.com\/shop\/"},{"@type":"ListItem","position":3,"name":"Dip special &#8211; R1"}]},{"@type":"WebSite","@id":"https:\/\/melegbait.com\/#website","url":"https:\/\/melegbait.com\/","name":"Meleg bait","description":"Meleg bait","publisher":{"@id":"https:\/\/melegbait.com\/#organization"},"potentialAction":[{"@type":"SearchAction","target":{"@type":"EntryPoint","urlTemplate":"https:\/\/melegbait.com\/?s={search_term_string}"},"query-input":{"@type":"PropertyValueSpecification","valueRequired":true,"valueName":"search_term_string"}}],"inLanguage":"en-GB"},{"@type":"Organization","@id":"https:\/\/melegbait.com\/#organization","name":"Meleg Baits","url":"https:\/\/melegbait.com\/","logo":{"@type":"ImageObject","inLanguage":"en-GB","@id":"https:\/\/melegbait.com\/#\/schema\/logo\/image\/","url":"https:\/\/melegbait.com\/wp-content\/uploads\/2021\/02\/mblogo.jpg","contentUrl":"https:\/\/melegbait.com\/wp-content\/uploads\/2021\/02\/mblogo.jpg","width":250,"height":250,"caption":"Meleg Baits"},"image":{"@id":"https:\/\/melegbait.com\/#\/schema\/logo\/image\/"},"sameAs":["https:\/\/www.facebook.com\/MelegBait"]}]}},"_links":{"self":[{"href":"https:\/\/melegbait.com\/en\/wp-json\/wp\/v2\/product\/31528","targetHints":{"allow":["GET"]}}],"collection":[{"href":"https:\/\/melegbait.com\/en\/wp-json\/wp\/v2\/product"}],"about":[{"href":"https:\/\/melegbait.com\/en\/wp-json\/wp\/v2\/types\/product"}],"replies":[{"embeddable":true,"href":"https:\/\/melegbait.com\/en\/wp-json\/wp\/v2\/comments?post=31528"}],"wp:featuredmedia":[{"embeddable":true,"href":"https:\/\/melegbait.com\/en\/wp-json\/wp\/v2\/media\/31524"}],"wp:attachment":[{"href":"https:\/\/melegbait.com\/en\/wp-json\/wp\/v2\/media?parent=31528"}],"wp:term":[{"taxonomy":"product_brand","embeddable":true,"href":"https:\/\/melegbait.com\/en\/wp-json\/wp\/v2\/product_brand?post=31528"},{"taxonomy":"product_cat","embeddable":true,"href":"https:\/\/melegbait.com\/en\/wp-json\/wp\/v2\/product_cat?post=31528"},{"taxonomy":"product_tag","embeddable":true,"href":"https:\/\/melegbait.com\/en\/wp-json\/wp\/v2\/product_tag?post=31528"}],"curies":[{"name":"wp","href":"https:\/\/api.w.org\/{rel}","templated":true}]}}