{"id":31535,"date":"2021-01-22T21:13:35","date_gmt":"2021-01-22T20:13:35","guid":{"rendered":"https:\/\/melegbait.com\/?post_type=product&#038;p=31535"},"modified":"2023-07-15T12:30:49","modified_gmt":"2023-07-15T11:30:49","slug":"amino-liver","status":"publish","type":"product","link":"https:\/\/melegbait.com\/en\/product\/amino-liver\/","title":{"rendered":"Amino Liver"},"content":{"rendered":"<p>The combination of Attracta Natural our most advanced recipe, we have added an extract of fish\nliver which improves and stimulates the carp to take your bait. It gives a very strong signal, it is\ndense and can be yoused as a dip. If it is added to the mix, we do not add Liver Powder and we\nhave to reduce Attract Natural. By adding certain aromas, we get an extremely efficient dip. The\nrecommended amount for pellets, chopped boilies and particles is 10ml per kilogram and soak\nat least 1 hour. In Boilie Mix, dosage of 30-40ml per kilogram.\nPackaging 200ml.<\/p>","protected":false},"excerpt":{"rendered":"<p>Kombinacija Attracta Naturala na\u0161eg najnaprednijeg recepta, dodali smo extract ribljeg livera koji pobolj\u0161ava i stimuli\u0161e \u0161arana da uzima boilu. Daje veoma jak signal, gust je i mo\u017ee da slu\u017ei kao dip. Ako ga dodajemo u miks, ne dodajemo Liver Powder i smanjujemo Attract Natural. Dodavanjem odre\u0111enih aroma, dobijamo izuzetno efikasan dip. Mnogi praktikuju prelivanje jeftinih [&hellip;]<\/p>","protected":false},"featured_media":33769,"comment_status":"open","ping_status":"closed","template":"","meta":{"_et_pb_use_builder":"","_et_pb_old_content":"","_et_gb_content_width":""},"product_brand":[],"product_cat":[31,41,68],"product_tag":[],"class_list":{"0":"post-31535","1":"product","2":"type-product","3":"status-publish","4":"has-post-thumbnail","6":"product_cat-carp","7":"product_cat-tecni-aditivi-amino-kiseline","8":"product_cat-amino","10":"first","11":"instock","12":"taxable","13":"shipping-taxable","14":"purchasable","15":"product-type-simple"},"yoast_head":"<!-- This site is optimized with the Yoast SEO plugin v26.9 - https:\/\/yoast.com\/product\/yoast-seo-wordpress\/ -->\n<title>Amino Liver - Meleg bait<\/title>\n<meta name=\"robots\" content=\"index, follow, max-snippet:-1, max-image-preview:large, max-video-preview:-1\" \/>\n<link rel=\"canonical\" href=\"https:\/\/melegbait.com\/en\/product\/amino-liver\/\" \/>\n<meta property=\"og:locale\" content=\"en_GB\" \/>\n<meta property=\"og:type\" content=\"article\" \/>\n<meta property=\"og:title\" content=\"Amino Liver - Meleg bait\" \/>\n<meta property=\"og:description\" content=\"Kombinacija Attracta Naturala na\u0161eg najnaprednijeg recepta, dodali smo extract ribljeg livera koji pobolj\u0161ava i stimuli\u0161e \u0161arana da uzima boilu. Daje veoma jak signal, gust je i mo\u017ee da slu\u017ei kao dip. Ako ga dodajemo u miks, ne dodajemo Liver Powder i smanjujemo Attract Natural. Dodavanjem odre\u0111enih aroma, dobijamo izuzetno efikasan dip. Mnogi praktikuju prelivanje jeftinih [&hellip;]\" \/>\n<meta property=\"og:url\" content=\"https:\/\/melegbait.com\/en\/product\/amino-liver\/\" \/>\n<meta property=\"og:site_name\" content=\"Meleg bait\" \/>\n<meta property=\"article:publisher\" content=\"https:\/\/www.facebook.com\/MelegBait\" \/>\n<meta property=\"article:modified_time\" content=\"2023-07-15T11:30:49+00:00\" \/>\n<meta property=\"og:image\" content=\"https:\/\/melegbait.com\/wp-content\/uploads\/2021\/01\/IMG_4786.jpeg\" \/>\n\t<meta property=\"og:image:width\" content=\"1150\" \/>\n\t<meta property=\"og:image:height\" content=\"1379\" \/>\n\t<meta property=\"og:image:type\" content=\"image\/jpeg\" \/>\n<meta name=\"twitter:card\" content=\"summary_large_image\" \/>\n<meta name=\"twitter:label1\" content=\"Estimated reading time\" \/>\n\t<meta name=\"twitter:data1\" content=\"1 minute\" \/>\n<script type=\"application\/ld+json\" class=\"yoast-schema-graph\">{\"@context\":\"https:\/\/schema.org\",\"@graph\":[{\"@type\":\"WebPage\",\"@id\":\"https:\/\/melegbait.com\/product\/amino-liver\/\",\"url\":\"https:\/\/melegbait.com\/product\/amino-liver\/\",\"name\":\"Amino Liver - Meleg bait\",\"isPartOf\":{\"@id\":\"https:\/\/melegbait.com\/#website\"},\"primaryImageOfPage\":{\"@id\":\"https:\/\/melegbait.com\/product\/amino-liver\/#primaryimage\"},\"image\":{\"@id\":\"https:\/\/melegbait.com\/product\/amino-liver\/#primaryimage\"},\"thumbnailUrl\":\"https:\/\/melegbait.com\/wp-content\/uploads\/2021\/01\/IMG_4786.jpeg\",\"datePublished\":\"2021-01-22T20:13:35+00:00\",\"dateModified\":\"2023-07-15T11:30:49+00:00\",\"breadcrumb\":{\"@id\":\"https:\/\/melegbait.com\/product\/amino-liver\/#breadcrumb\"},\"inLanguage\":\"en-GB\",\"potentialAction\":[{\"@type\":\"ReadAction\",\"target\":[\"https:\/\/melegbait.com\/product\/amino-liver\/\"]}]},{\"@type\":\"ImageObject\",\"inLanguage\":\"en-GB\",\"@id\":\"https:\/\/melegbait.com\/product\/amino-liver\/#primaryimage\",\"url\":\"https:\/\/melegbait.com\/wp-content\/uploads\/2021\/01\/IMG_4786.jpeg\",\"contentUrl\":\"https:\/\/melegbait.com\/wp-content\/uploads\/2021\/01\/IMG_4786.jpeg\",\"width\":1150,\"height\":1379},{\"@type\":\"BreadcrumbList\",\"@id\":\"https:\/\/melegbait.com\/product\/amino-liver\/#breadcrumb\",\"itemListElement\":[{\"@type\":\"ListItem\",\"position\":1,\"name\":\"Home\",\"item\":\"https:\/\/melegbait.com\/\"},{\"@type\":\"ListItem\",\"position\":2,\"name\":\"Shop\",\"item\":\"https:\/\/melegbait.com\/shop\/\"},{\"@type\":\"ListItem\",\"position\":3,\"name\":\"Amino Liver\"}]},{\"@type\":\"WebSite\",\"@id\":\"https:\/\/melegbait.com\/#website\",\"url\":\"https:\/\/melegbait.com\/\",\"name\":\"Meleg bait\",\"description\":\"Meleg bait\",\"publisher\":{\"@id\":\"https:\/\/melegbait.com\/#organization\"},\"potentialAction\":[{\"@type\":\"SearchAction\",\"target\":{\"@type\":\"EntryPoint\",\"urlTemplate\":\"https:\/\/melegbait.com\/?s={search_term_string}\"},\"query-input\":{\"@type\":\"PropertyValueSpecification\",\"valueRequired\":true,\"valueName\":\"search_term_string\"}}],\"inLanguage\":\"en-GB\"},{\"@type\":\"Organization\",\"@id\":\"https:\/\/melegbait.com\/#organization\",\"name\":\"Meleg Baits\",\"url\":\"https:\/\/melegbait.com\/\",\"logo\":{\"@type\":\"ImageObject\",\"inLanguage\":\"en-GB\",\"@id\":\"https:\/\/melegbait.com\/#\/schema\/logo\/image\/\",\"url\":\"https:\/\/melegbait.com\/wp-content\/uploads\/2021\/02\/mblogo.jpg\",\"contentUrl\":\"https:\/\/melegbait.com\/wp-content\/uploads\/2021\/02\/mblogo.jpg\",\"width\":250,\"height\":250,\"caption\":\"Meleg Baits\"},\"image\":{\"@id\":\"https:\/\/melegbait.com\/#\/schema\/logo\/image\/\"},\"sameAs\":[\"https:\/\/www.facebook.com\/MelegBait\"]}]}<\/script>\n<!-- \/ Yoast SEO plugin. -->","yoast_head_json":{"title":"Amino Liver - Meleg bait","robots":{"index":"index","follow":"follow","max-snippet":"max-snippet:-1","max-image-preview":"max-image-preview:large","max-video-preview":"max-video-preview:-1"},"canonical":"https:\/\/melegbait.com\/en\/product\/amino-liver\/","og_locale":"en_GB","og_type":"article","og_title":"Amino Liver - Meleg bait","og_description":"Kombinacija Attracta Naturala na\u0161eg najnaprednijeg recepta, dodali smo extract ribljeg livera koji pobolj\u0161ava i stimuli\u0161e \u0161arana da uzima boilu. Daje veoma jak signal, gust je i mo\u017ee da slu\u017ei kao dip. Ako ga dodajemo u miks, ne dodajemo Liver Powder i smanjujemo Attract Natural. Dodavanjem odre\u0111enih aroma, dobijamo izuzetno efikasan dip. Mnogi praktikuju prelivanje jeftinih [&hellip;]","og_url":"https:\/\/melegbait.com\/en\/product\/amino-liver\/","og_site_name":"Meleg bait","article_publisher":"https:\/\/www.facebook.com\/MelegBait","article_modified_time":"2023-07-15T11:30:49+00:00","og_image":[{"width":1150,"height":1379,"url":"https:\/\/melegbait.com\/wp-content\/uploads\/2021\/01\/IMG_4786.jpeg","type":"image\/jpeg"}],"twitter_card":"summary_large_image","twitter_misc":{"Estimated reading time":"1 minute"},"schema":{"@context":"https:\/\/schema.org","@graph":[{"@type":"WebPage","@id":"https:\/\/melegbait.com\/product\/amino-liver\/","url":"https:\/\/melegbait.com\/product\/amino-liver\/","name":"Amino Liver - Meleg bait","isPartOf":{"@id":"https:\/\/melegbait.com\/#website"},"primaryImageOfPage":{"@id":"https:\/\/melegbait.com\/product\/amino-liver\/#primaryimage"},"image":{"@id":"https:\/\/melegbait.com\/product\/amino-liver\/#primaryimage"},"thumbnailUrl":"https:\/\/melegbait.com\/wp-content\/uploads\/2021\/01\/IMG_4786.jpeg","datePublished":"2021-01-22T20:13:35+00:00","dateModified":"2023-07-15T11:30:49+00:00","breadcrumb":{"@id":"https:\/\/melegbait.com\/product\/amino-liver\/#breadcrumb"},"inLanguage":"en-GB","potentialAction":[{"@type":"ReadAction","target":["https:\/\/melegbait.com\/product\/amino-liver\/"]}]},{"@type":"ImageObject","inLanguage":"en-GB","@id":"https:\/\/melegbait.com\/product\/amino-liver\/#primaryimage","url":"https:\/\/melegbait.com\/wp-content\/uploads\/2021\/01\/IMG_4786.jpeg","contentUrl":"https:\/\/melegbait.com\/wp-content\/uploads\/2021\/01\/IMG_4786.jpeg","width":1150,"height":1379},{"@type":"BreadcrumbList","@id":"https:\/\/melegbait.com\/product\/amino-liver\/#breadcrumb","itemListElement":[{"@type":"ListItem","position":1,"name":"Home","item":"https:\/\/melegbait.com\/"},{"@type":"ListItem","position":2,"name":"Shop","item":"https:\/\/melegbait.com\/shop\/"},{"@type":"ListItem","position":3,"name":"Amino Liver"}]},{"@type":"WebSite","@id":"https:\/\/melegbait.com\/#website","url":"https:\/\/melegbait.com\/","name":"Meleg bait","description":"Meleg bait","publisher":{"@id":"https:\/\/melegbait.com\/#organization"},"potentialAction":[{"@type":"SearchAction","target":{"@type":"EntryPoint","urlTemplate":"https:\/\/melegbait.com\/?s={search_term_string}"},"query-input":{"@type":"PropertyValueSpecification","valueRequired":true,"valueName":"search_term_string"}}],"inLanguage":"en-GB"},{"@type":"Organization","@id":"https:\/\/melegbait.com\/#organization","name":"Meleg Baits","url":"https:\/\/melegbait.com\/","logo":{"@type":"ImageObject","inLanguage":"en-GB","@id":"https:\/\/melegbait.com\/#\/schema\/logo\/image\/","url":"https:\/\/melegbait.com\/wp-content\/uploads\/2021\/02\/mblogo.jpg","contentUrl":"https:\/\/melegbait.com\/wp-content\/uploads\/2021\/02\/mblogo.jpg","width":250,"height":250,"caption":"Meleg Baits"},"image":{"@id":"https:\/\/melegbait.com\/#\/schema\/logo\/image\/"},"sameAs":["https:\/\/www.facebook.com\/MelegBait"]}]}},"_links":{"self":[{"href":"https:\/\/melegbait.com\/en\/wp-json\/wp\/v2\/product\/31535","targetHints":{"allow":["GET"]}}],"collection":[{"href":"https:\/\/melegbait.com\/en\/wp-json\/wp\/v2\/product"}],"about":[{"href":"https:\/\/melegbait.com\/en\/wp-json\/wp\/v2\/types\/product"}],"replies":[{"embeddable":true,"href":"https:\/\/melegbait.com\/en\/wp-json\/wp\/v2\/comments?post=31535"}],"wp:featuredmedia":[{"embeddable":true,"href":"https:\/\/melegbait.com\/en\/wp-json\/wp\/v2\/media\/33769"}],"wp:attachment":[{"href":"https:\/\/melegbait.com\/en\/wp-json\/wp\/v2\/media?parent=31535"}],"wp:term":[{"taxonomy":"product_brand","embeddable":true,"href":"https:\/\/melegbait.com\/en\/wp-json\/wp\/v2\/product_brand?post=31535"},{"taxonomy":"product_cat","embeddable":true,"href":"https:\/\/melegbait.com\/en\/wp-json\/wp\/v2\/product_cat?post=31535"},{"taxonomy":"product_tag","embeddable":true,"href":"https:\/\/melegbait.com\/en\/wp-json\/wp\/v2\/product_tag?post=31535"}],"curies":[{"name":"wp","href":"https:\/\/api.w.org\/{rel}","templated":true}]}}