{"id":31555,"date":"2021-01-22T22:50:45","date_gmt":"2021-01-22T21:50:45","guid":{"rendered":"https:\/\/melegbait.com\/?post_type=product&#038;p=31555"},"modified":"2023-05-19T22:35:22","modified_gmt":"2023-05-19T21:35:22","slug":"boili-component-sluis-clo","status":"publish","type":"product","link":"https:\/\/melegbait.com\/en\/product\/boili-component-sluis-clo\/","title":{"rendered":"Boilie Component &#8211; Sluis CLO"},"content":{"rendered":"<p>In addition to being rich with oils, proteins and carbohydrates, this component give the boilie a\nfiner texture and improves bonding properties. A digestible starch helps the fish absorb more\noffered proteins making the boilie even more efficient. Eggs, seeds and cereals provide the\nimpressive nutritional value of bait. Add up to 20% per kilogram of mix.\nPackaging 1kg.<\/p>","protected":false},"excerpt":{"rendered":"<p>In addition to being rich with oils, proteins and carbohydrates, this component give the boilie a\nfiner texture and improves bonding properties. A digestible starch helps the fish absorb more\noffered proteins making the boilie even more efficient. Eggs, seeds and cereals provide the\nimpressive nutritional value of bait. Add up to 20% per kilogram of mix.\nPackaging 1kg.<\/p>","protected":false},"featured_media":31548,"comment_status":"open","ping_status":"closed","template":"","meta":{"_et_pb_use_builder":"","_et_pb_old_content":"","_et_gb_content_width":""},"product_brand":[],"product_cat":[31,43],"product_tag":[],"class_list":{"0":"post-31555","1":"product","2":"type-product","3":"status-publish","4":"has-post-thumbnail","6":"product_cat-carp","7":"product_cat-boili-components","9":"first","10":"instock","11":"taxable","12":"shipping-taxable","13":"purchasable","14":"product-type-simple"},"yoast_head":"<!-- This site is optimized with the Yoast SEO plugin v26.9 - https:\/\/yoast.com\/product\/yoast-seo-wordpress\/ -->\n<title>Boilie Component - Sluis CLO - Meleg bait<\/title>\n<meta name=\"robots\" content=\"index, follow, max-snippet:-1, max-image-preview:large, max-video-preview:-1\" \/>\n<link rel=\"canonical\" href=\"https:\/\/melegbait.com\/en\/product\/boili-component-sluis-clo\/\" \/>\n<meta property=\"og:locale\" content=\"en_GB\" \/>\n<meta property=\"og:type\" content=\"article\" \/>\n<meta property=\"og:title\" content=\"Boilie Component - Sluis CLO - Meleg bait\" \/>\n<meta property=\"og:description\" content=\"Sluis C.L.O Pored toga \u0161to je bogata uljima, proteinima i ugljenim hidratima ova kompenenta boili daje finiju teksturu i pobolj\u0161ava vezivna svojstva. Svarljivi skrob poma\u017ee ribi da apsorbuje vi\u0161e ponu\u0111enih proteina \u0161to boilu \u010dini jo\u0161 efikasnijom. Jaja, semenje i ceralije obezbe\u0111uje impresivnu hranljivu vrednost mamca. Dodavati do 20% na kilogram miksa.\" \/>\n<meta property=\"og:url\" content=\"https:\/\/melegbait.com\/en\/product\/boili-component-sluis-clo\/\" \/>\n<meta property=\"og:site_name\" content=\"Meleg bait\" \/>\n<meta property=\"article:publisher\" content=\"https:\/\/www.facebook.com\/MelegBait\" \/>\n<meta property=\"article:modified_time\" content=\"2023-05-19T21:35:22+00:00\" \/>\n<meta property=\"og:image\" content=\"https:\/\/melegbait.com\/wp-content\/uploads\/2021\/01\/Boilie-component-sluis-clo.jpg\" \/>\n\t<meta property=\"og:image:width\" content=\"600\" \/>\n\t<meta property=\"og:image:height\" content=\"751\" \/>\n\t<meta property=\"og:image:type\" content=\"image\/jpeg\" \/>\n<meta name=\"twitter:card\" content=\"summary_large_image\" \/>\n<meta name=\"twitter:label1\" content=\"Estimated reading time\" \/>\n\t<meta name=\"twitter:data1\" content=\"1 minute\" \/>\n<script type=\"application\/ld+json\" class=\"yoast-schema-graph\">{\"@context\":\"https:\/\/schema.org\",\"@graph\":[{\"@type\":\"WebPage\",\"@id\":\"https:\/\/melegbait.com\/en\/product\/boili-component-sluis-clo\/\",\"url\":\"https:\/\/melegbait.com\/en\/product\/boili-component-sluis-clo\/\",\"name\":\"Boilie Component - Sluis CLO - Meleg bait\",\"isPartOf\":{\"@id\":\"https:\/\/melegbait.com\/#website\"},\"primaryImageOfPage\":{\"@id\":\"https:\/\/melegbait.com\/en\/product\/boili-component-sluis-clo\/#primaryimage\"},\"image\":{\"@id\":\"https:\/\/melegbait.com\/en\/product\/boili-component-sluis-clo\/#primaryimage\"},\"thumbnailUrl\":\"https:\/\/melegbait.com\/wp-content\/uploads\/2021\/01\/Boilie-component-sluis-clo.jpg\",\"datePublished\":\"2021-01-22T21:50:45+00:00\",\"dateModified\":\"2023-05-19T21:35:22+00:00\",\"breadcrumb\":{\"@id\":\"https:\/\/melegbait.com\/en\/product\/boili-component-sluis-clo\/#breadcrumb\"},\"inLanguage\":\"en-GB\",\"potentialAction\":[{\"@type\":\"ReadAction\",\"target\":[\"https:\/\/melegbait.com\/en\/product\/boili-component-sluis-clo\/\"]}]},{\"@type\":\"ImageObject\",\"inLanguage\":\"en-GB\",\"@id\":\"https:\/\/melegbait.com\/en\/product\/boili-component-sluis-clo\/#primaryimage\",\"url\":\"https:\/\/melegbait.com\/wp-content\/uploads\/2021\/01\/Boilie-component-sluis-clo.jpg\",\"contentUrl\":\"https:\/\/melegbait.com\/wp-content\/uploads\/2021\/01\/Boilie-component-sluis-clo.jpg\",\"width\":600,\"height\":751},{\"@type\":\"BreadcrumbList\",\"@id\":\"https:\/\/melegbait.com\/en\/product\/boili-component-sluis-clo\/#breadcrumb\",\"itemListElement\":[{\"@type\":\"ListItem\",\"position\":1,\"name\":\"Home\",\"item\":\"https:\/\/melegbait.com\/\"},{\"@type\":\"ListItem\",\"position\":2,\"name\":\"Shop\",\"item\":\"https:\/\/melegbait.com\/shop\/\"},{\"@type\":\"ListItem\",\"position\":3,\"name\":\"Boilie Component &#8211; Sluis CLO\"}]},{\"@type\":\"WebSite\",\"@id\":\"https:\/\/melegbait.com\/#website\",\"url\":\"https:\/\/melegbait.com\/\",\"name\":\"Meleg bait\",\"description\":\"Meleg bait\",\"publisher\":{\"@id\":\"https:\/\/melegbait.com\/#organization\"},\"potentialAction\":[{\"@type\":\"SearchAction\",\"target\":{\"@type\":\"EntryPoint\",\"urlTemplate\":\"https:\/\/melegbait.com\/?s={search_term_string}\"},\"query-input\":{\"@type\":\"PropertyValueSpecification\",\"valueRequired\":true,\"valueName\":\"search_term_string\"}}],\"inLanguage\":\"en-GB\"},{\"@type\":\"Organization\",\"@id\":\"https:\/\/melegbait.com\/#organization\",\"name\":\"Meleg Baits\",\"url\":\"https:\/\/melegbait.com\/\",\"logo\":{\"@type\":\"ImageObject\",\"inLanguage\":\"en-GB\",\"@id\":\"https:\/\/melegbait.com\/#\/schema\/logo\/image\/\",\"url\":\"https:\/\/melegbait.com\/wp-content\/uploads\/2021\/02\/mblogo.jpg\",\"contentUrl\":\"https:\/\/melegbait.com\/wp-content\/uploads\/2021\/02\/mblogo.jpg\",\"width\":250,\"height\":250,\"caption\":\"Meleg Baits\"},\"image\":{\"@id\":\"https:\/\/melegbait.com\/#\/schema\/logo\/image\/\"},\"sameAs\":[\"https:\/\/www.facebook.com\/MelegBait\"]}]}<\/script>\n<!-- \/ Yoast SEO plugin. -->","yoast_head_json":{"title":"Boilie Component - Sluis CLO - Meleg bait","robots":{"index":"index","follow":"follow","max-snippet":"max-snippet:-1","max-image-preview":"max-image-preview:large","max-video-preview":"max-video-preview:-1"},"canonical":"https:\/\/melegbait.com\/en\/product\/boili-component-sluis-clo\/","og_locale":"en_GB","og_type":"article","og_title":"Boilie Component - Sluis CLO - Meleg bait","og_description":"Sluis C.L.O Pored toga \u0161to je bogata uljima, proteinima i ugljenim hidratima ova kompenenta boili daje finiju teksturu i pobolj\u0161ava vezivna svojstva. Svarljivi skrob poma\u017ee ribi da apsorbuje vi\u0161e ponu\u0111enih proteina \u0161to boilu \u010dini jo\u0161 efikasnijom. Jaja, semenje i ceralije obezbe\u0111uje impresivnu hranljivu vrednost mamca. Dodavati do 20% na kilogram miksa.","og_url":"https:\/\/melegbait.com\/en\/product\/boili-component-sluis-clo\/","og_site_name":"Meleg bait","article_publisher":"https:\/\/www.facebook.com\/MelegBait","article_modified_time":"2023-05-19T21:35:22+00:00","og_image":[{"width":600,"height":751,"url":"https:\/\/melegbait.com\/wp-content\/uploads\/2021\/01\/Boilie-component-sluis-clo.jpg","type":"image\/jpeg"}],"twitter_card":"summary_large_image","twitter_misc":{"Estimated reading time":"1 minute"},"schema":{"@context":"https:\/\/schema.org","@graph":[{"@type":"WebPage","@id":"https:\/\/melegbait.com\/en\/product\/boili-component-sluis-clo\/","url":"https:\/\/melegbait.com\/en\/product\/boili-component-sluis-clo\/","name":"Boilie Component - Sluis CLO - Meleg bait","isPartOf":{"@id":"https:\/\/melegbait.com\/#website"},"primaryImageOfPage":{"@id":"https:\/\/melegbait.com\/en\/product\/boili-component-sluis-clo\/#primaryimage"},"image":{"@id":"https:\/\/melegbait.com\/en\/product\/boili-component-sluis-clo\/#primaryimage"},"thumbnailUrl":"https:\/\/melegbait.com\/wp-content\/uploads\/2021\/01\/Boilie-component-sluis-clo.jpg","datePublished":"2021-01-22T21:50:45+00:00","dateModified":"2023-05-19T21:35:22+00:00","breadcrumb":{"@id":"https:\/\/melegbait.com\/en\/product\/boili-component-sluis-clo\/#breadcrumb"},"inLanguage":"en-GB","potentialAction":[{"@type":"ReadAction","target":["https:\/\/melegbait.com\/en\/product\/boili-component-sluis-clo\/"]}]},{"@type":"ImageObject","inLanguage":"en-GB","@id":"https:\/\/melegbait.com\/en\/product\/boili-component-sluis-clo\/#primaryimage","url":"https:\/\/melegbait.com\/wp-content\/uploads\/2021\/01\/Boilie-component-sluis-clo.jpg","contentUrl":"https:\/\/melegbait.com\/wp-content\/uploads\/2021\/01\/Boilie-component-sluis-clo.jpg","width":600,"height":751},{"@type":"BreadcrumbList","@id":"https:\/\/melegbait.com\/en\/product\/boili-component-sluis-clo\/#breadcrumb","itemListElement":[{"@type":"ListItem","position":1,"name":"Home","item":"https:\/\/melegbait.com\/"},{"@type":"ListItem","position":2,"name":"Shop","item":"https:\/\/melegbait.com\/shop\/"},{"@type":"ListItem","position":3,"name":"Boilie Component &#8211; Sluis CLO"}]},{"@type":"WebSite","@id":"https:\/\/melegbait.com\/#website","url":"https:\/\/melegbait.com\/","name":"Meleg bait","description":"Meleg bait","publisher":{"@id":"https:\/\/melegbait.com\/#organization"},"potentialAction":[{"@type":"SearchAction","target":{"@type":"EntryPoint","urlTemplate":"https:\/\/melegbait.com\/?s={search_term_string}"},"query-input":{"@type":"PropertyValueSpecification","valueRequired":true,"valueName":"search_term_string"}}],"inLanguage":"en-GB"},{"@type":"Organization","@id":"https:\/\/melegbait.com\/#organization","name":"Meleg Baits","url":"https:\/\/melegbait.com\/","logo":{"@type":"ImageObject","inLanguage":"en-GB","@id":"https:\/\/melegbait.com\/#\/schema\/logo\/image\/","url":"https:\/\/melegbait.com\/wp-content\/uploads\/2021\/02\/mblogo.jpg","contentUrl":"https:\/\/melegbait.com\/wp-content\/uploads\/2021\/02\/mblogo.jpg","width":250,"height":250,"caption":"Meleg Baits"},"image":{"@id":"https:\/\/melegbait.com\/#\/schema\/logo\/image\/"},"sameAs":["https:\/\/www.facebook.com\/MelegBait"]}]}},"_links":{"self":[{"href":"https:\/\/melegbait.com\/en\/wp-json\/wp\/v2\/product\/31555","targetHints":{"allow":["GET"]}}],"collection":[{"href":"https:\/\/melegbait.com\/en\/wp-json\/wp\/v2\/product"}],"about":[{"href":"https:\/\/melegbait.com\/en\/wp-json\/wp\/v2\/types\/product"}],"replies":[{"embeddable":true,"href":"https:\/\/melegbait.com\/en\/wp-json\/wp\/v2\/comments?post=31555"}],"wp:featuredmedia":[{"embeddable":true,"href":"https:\/\/melegbait.com\/en\/wp-json\/wp\/v2\/media\/31548"}],"wp:attachment":[{"href":"https:\/\/melegbait.com\/en\/wp-json\/wp\/v2\/media?parent=31555"}],"wp:term":[{"taxonomy":"product_brand","embeddable":true,"href":"https:\/\/melegbait.com\/en\/wp-json\/wp\/v2\/product_brand?post=31555"},{"taxonomy":"product_cat","embeddable":true,"href":"https:\/\/melegbait.com\/en\/wp-json\/wp\/v2\/product_cat?post=31555"},{"taxonomy":"product_tag","embeddable":true,"href":"https:\/\/melegbait.com\/en\/wp-json\/wp\/v2\/product_tag?post=31555"}],"curies":[{"name":"wp","href":"https:\/\/api.w.org\/{rel}","templated":true}]}}