{"id":31556,"date":"2021-01-22T22:53:02","date_gmt":"2021-01-22T21:53:02","guid":{"rendered":"https:\/\/melegbait.com\/?post_type=product&#038;p=31556"},"modified":"2023-05-19T22:33:46","modified_gmt":"2023-05-19T21:33:46","slug":"boilie-component-sweet-biscuit","status":"publish","type":"product","link":"https:\/\/melegbait.com\/en\/product\/boilie-component-sweet-biscuit\/","title":{"rendered":"Boilie Component &#8211; Sweet biscuit"},"content":{"rendered":"<p>A special procedure made egg- biscuit flour with a strong smell and taste of a paletant. Crisp\nstructure, suitable for use in all types of mixes, but also as the basis itself. Like other Meleg Baits\nproducts, it contains purely natural sugars that carry the sweet taste of flour. An interesting\ncombination with Sweet Biscuit as a mixing base and a supplement to the milk\nproteins would give a sweet-cream boilie which is rich in protein. Packaging 1kg.<\/p>","protected":false},"excerpt":{"rendered":"<p>Specijalnom procedurom izra\u0111eno jaj\u010dano biskvitno bra\u0161no sa jakim mirisom i ukusom paletanta. Hrskave strukture, pogodan je za kori\u0161\u0107enje u svim tipovima miksa, ali i kao sama osnova. Kao i ostali Megel Bait proizvodi, sadr\u017ei isklju\u010divo prirodne \u0161e\u0107ere koji nose sladak ukus bra\u0161na. Interesantna kombinacija sa Sweet Biscuit kao bazom za miks i dodatkom mle\u010dnih proteina [&hellip;]<\/p>","protected":false},"featured_media":31549,"comment_status":"open","ping_status":"closed","template":"","meta":{"_et_pb_use_builder":"","_et_pb_old_content":"","_et_gb_content_width":""},"product_brand":[],"product_cat":[31,43],"product_tag":[],"class_list":{"0":"post-31556","1":"product","2":"type-product","3":"status-publish","4":"has-post-thumbnail","6":"product_cat-carp","7":"product_cat-boili-components","9":"first","10":"instock","11":"taxable","12":"shipping-taxable","13":"purchasable","14":"product-type-simple"},"yoast_head":"<!-- This site is optimized with the Yoast SEO plugin v26.9 - https:\/\/yoast.com\/product\/yoast-seo-wordpress\/ -->\n<title>Boilie Component - Sweet biscuit - Meleg bait<\/title>\n<meta name=\"robots\" content=\"index, follow, max-snippet:-1, max-image-preview:large, max-video-preview:-1\" \/>\n<link rel=\"canonical\" href=\"https:\/\/melegbait.com\/en\/product\/boilie-component-sweet-biscuit\/\" \/>\n<meta property=\"og:locale\" content=\"en_GB\" \/>\n<meta property=\"og:type\" content=\"article\" \/>\n<meta property=\"og:title\" content=\"Boilie Component - Sweet biscuit - Meleg bait\" \/>\n<meta property=\"og:description\" content=\"Specijalnom procedurom izra\u0111eno jaj\u010dano biskvitno bra\u0161no sa jakim mirisom i ukusom paletanta. Hrskave strukture, pogodan je za kori\u0161\u0107enje u svim tipovima miksa, ali i kao sama osnova. Kao i ostali Megel Bait proizvodi, sadr\u017ei isklju\u010divo prirodne \u0161e\u0107ere koji nose sladak ukus bra\u0161na. Interesantna kombinacija sa Sweet Biscuit kao bazom za miks i dodatkom mle\u010dnih proteina [&hellip;]\" \/>\n<meta property=\"og:url\" content=\"https:\/\/melegbait.com\/en\/product\/boilie-component-sweet-biscuit\/\" \/>\n<meta property=\"og:site_name\" content=\"Meleg bait\" \/>\n<meta property=\"article:publisher\" content=\"https:\/\/www.facebook.com\/MelegBait\" \/>\n<meta property=\"article:modified_time\" content=\"2023-05-19T21:33:46+00:00\" \/>\n<meta property=\"og:image\" content=\"https:\/\/melegbait.com\/wp-content\/uploads\/2021\/01\/Boilie-component-sweet-biscuit.jpg\" \/>\n\t<meta property=\"og:image:width\" content=\"600\" \/>\n\t<meta property=\"og:image:height\" content=\"649\" \/>\n\t<meta property=\"og:image:type\" content=\"image\/jpeg\" \/>\n<meta name=\"twitter:card\" content=\"summary_large_image\" \/>\n<meta name=\"twitter:label1\" content=\"Estimated reading time\" \/>\n\t<meta name=\"twitter:data1\" content=\"1 minute\" \/>\n<script type=\"application\/ld+json\" class=\"yoast-schema-graph\">{\"@context\":\"https:\/\/schema.org\",\"@graph\":[{\"@type\":\"WebPage\",\"@id\":\"https:\/\/melegbait.com\/en\/product\/boilie-component-sweet-biscuit\/\",\"url\":\"https:\/\/melegbait.com\/en\/product\/boilie-component-sweet-biscuit\/\",\"name\":\"Boilie Component - Sweet biscuit - Meleg bait\",\"isPartOf\":{\"@id\":\"https:\/\/melegbait.com\/#website\"},\"primaryImageOfPage\":{\"@id\":\"https:\/\/melegbait.com\/en\/product\/boilie-component-sweet-biscuit\/#primaryimage\"},\"image\":{\"@id\":\"https:\/\/melegbait.com\/en\/product\/boilie-component-sweet-biscuit\/#primaryimage\"},\"thumbnailUrl\":\"https:\/\/melegbait.com\/wp-content\/uploads\/2021\/01\/Boilie-component-sweet-biscuit.jpg\",\"datePublished\":\"2021-01-22T21:53:02+00:00\",\"dateModified\":\"2023-05-19T21:33:46+00:00\",\"breadcrumb\":{\"@id\":\"https:\/\/melegbait.com\/en\/product\/boilie-component-sweet-biscuit\/#breadcrumb\"},\"inLanguage\":\"en-GB\",\"potentialAction\":[{\"@type\":\"ReadAction\",\"target\":[\"https:\/\/melegbait.com\/en\/product\/boilie-component-sweet-biscuit\/\"]}]},{\"@type\":\"ImageObject\",\"inLanguage\":\"en-GB\",\"@id\":\"https:\/\/melegbait.com\/en\/product\/boilie-component-sweet-biscuit\/#primaryimage\",\"url\":\"https:\/\/melegbait.com\/wp-content\/uploads\/2021\/01\/Boilie-component-sweet-biscuit.jpg\",\"contentUrl\":\"https:\/\/melegbait.com\/wp-content\/uploads\/2021\/01\/Boilie-component-sweet-biscuit.jpg\",\"width\":600,\"height\":649},{\"@type\":\"BreadcrumbList\",\"@id\":\"https:\/\/melegbait.com\/en\/product\/boilie-component-sweet-biscuit\/#breadcrumb\",\"itemListElement\":[{\"@type\":\"ListItem\",\"position\":1,\"name\":\"Home\",\"item\":\"https:\/\/melegbait.com\/\"},{\"@type\":\"ListItem\",\"position\":2,\"name\":\"Shop\",\"item\":\"https:\/\/melegbait.com\/shop\/\"},{\"@type\":\"ListItem\",\"position\":3,\"name\":\"Boilie Component &#8211; Sweet biscuit\"}]},{\"@type\":\"WebSite\",\"@id\":\"https:\/\/melegbait.com\/#website\",\"url\":\"https:\/\/melegbait.com\/\",\"name\":\"Meleg bait\",\"description\":\"Meleg bait\",\"publisher\":{\"@id\":\"https:\/\/melegbait.com\/#organization\"},\"potentialAction\":[{\"@type\":\"SearchAction\",\"target\":{\"@type\":\"EntryPoint\",\"urlTemplate\":\"https:\/\/melegbait.com\/?s={search_term_string}\"},\"query-input\":{\"@type\":\"PropertyValueSpecification\",\"valueRequired\":true,\"valueName\":\"search_term_string\"}}],\"inLanguage\":\"en-GB\"},{\"@type\":\"Organization\",\"@id\":\"https:\/\/melegbait.com\/#organization\",\"name\":\"Meleg Baits\",\"url\":\"https:\/\/melegbait.com\/\",\"logo\":{\"@type\":\"ImageObject\",\"inLanguage\":\"en-GB\",\"@id\":\"https:\/\/melegbait.com\/#\/schema\/logo\/image\/\",\"url\":\"https:\/\/melegbait.com\/wp-content\/uploads\/2021\/02\/mblogo.jpg\",\"contentUrl\":\"https:\/\/melegbait.com\/wp-content\/uploads\/2021\/02\/mblogo.jpg\",\"width\":250,\"height\":250,\"caption\":\"Meleg Baits\"},\"image\":{\"@id\":\"https:\/\/melegbait.com\/#\/schema\/logo\/image\/\"},\"sameAs\":[\"https:\/\/www.facebook.com\/MelegBait\"]}]}<\/script>\n<!-- \/ Yoast SEO plugin. -->","yoast_head_json":{"title":"Boilie Component - Sweet biscuit - Meleg bait","robots":{"index":"index","follow":"follow","max-snippet":"max-snippet:-1","max-image-preview":"max-image-preview:large","max-video-preview":"max-video-preview:-1"},"canonical":"https:\/\/melegbait.com\/en\/product\/boilie-component-sweet-biscuit\/","og_locale":"en_GB","og_type":"article","og_title":"Boilie Component - Sweet biscuit - Meleg bait","og_description":"Specijalnom procedurom izra\u0111eno jaj\u010dano biskvitno bra\u0161no sa jakim mirisom i ukusom paletanta. Hrskave strukture, pogodan je za kori\u0161\u0107enje u svim tipovima miksa, ali i kao sama osnova. Kao i ostali Megel Bait proizvodi, sadr\u017ei isklju\u010divo prirodne \u0161e\u0107ere koji nose sladak ukus bra\u0161na. Interesantna kombinacija sa Sweet Biscuit kao bazom za miks i dodatkom mle\u010dnih proteina [&hellip;]","og_url":"https:\/\/melegbait.com\/en\/product\/boilie-component-sweet-biscuit\/","og_site_name":"Meleg bait","article_publisher":"https:\/\/www.facebook.com\/MelegBait","article_modified_time":"2023-05-19T21:33:46+00:00","og_image":[{"width":600,"height":649,"url":"https:\/\/melegbait.com\/wp-content\/uploads\/2021\/01\/Boilie-component-sweet-biscuit.jpg","type":"image\/jpeg"}],"twitter_card":"summary_large_image","twitter_misc":{"Estimated reading time":"1 minute"},"schema":{"@context":"https:\/\/schema.org","@graph":[{"@type":"WebPage","@id":"https:\/\/melegbait.com\/en\/product\/boilie-component-sweet-biscuit\/","url":"https:\/\/melegbait.com\/en\/product\/boilie-component-sweet-biscuit\/","name":"Boilie Component - Sweet biscuit - Meleg bait","isPartOf":{"@id":"https:\/\/melegbait.com\/#website"},"primaryImageOfPage":{"@id":"https:\/\/melegbait.com\/en\/product\/boilie-component-sweet-biscuit\/#primaryimage"},"image":{"@id":"https:\/\/melegbait.com\/en\/product\/boilie-component-sweet-biscuit\/#primaryimage"},"thumbnailUrl":"https:\/\/melegbait.com\/wp-content\/uploads\/2021\/01\/Boilie-component-sweet-biscuit.jpg","datePublished":"2021-01-22T21:53:02+00:00","dateModified":"2023-05-19T21:33:46+00:00","breadcrumb":{"@id":"https:\/\/melegbait.com\/en\/product\/boilie-component-sweet-biscuit\/#breadcrumb"},"inLanguage":"en-GB","potentialAction":[{"@type":"ReadAction","target":["https:\/\/melegbait.com\/en\/product\/boilie-component-sweet-biscuit\/"]}]},{"@type":"ImageObject","inLanguage":"en-GB","@id":"https:\/\/melegbait.com\/en\/product\/boilie-component-sweet-biscuit\/#primaryimage","url":"https:\/\/melegbait.com\/wp-content\/uploads\/2021\/01\/Boilie-component-sweet-biscuit.jpg","contentUrl":"https:\/\/melegbait.com\/wp-content\/uploads\/2021\/01\/Boilie-component-sweet-biscuit.jpg","width":600,"height":649},{"@type":"BreadcrumbList","@id":"https:\/\/melegbait.com\/en\/product\/boilie-component-sweet-biscuit\/#breadcrumb","itemListElement":[{"@type":"ListItem","position":1,"name":"Home","item":"https:\/\/melegbait.com\/"},{"@type":"ListItem","position":2,"name":"Shop","item":"https:\/\/melegbait.com\/shop\/"},{"@type":"ListItem","position":3,"name":"Boilie Component &#8211; Sweet biscuit"}]},{"@type":"WebSite","@id":"https:\/\/melegbait.com\/#website","url":"https:\/\/melegbait.com\/","name":"Meleg bait","description":"Meleg bait","publisher":{"@id":"https:\/\/melegbait.com\/#organization"},"potentialAction":[{"@type":"SearchAction","target":{"@type":"EntryPoint","urlTemplate":"https:\/\/melegbait.com\/?s={search_term_string}"},"query-input":{"@type":"PropertyValueSpecification","valueRequired":true,"valueName":"search_term_string"}}],"inLanguage":"en-GB"},{"@type":"Organization","@id":"https:\/\/melegbait.com\/#organization","name":"Meleg Baits","url":"https:\/\/melegbait.com\/","logo":{"@type":"ImageObject","inLanguage":"en-GB","@id":"https:\/\/melegbait.com\/#\/schema\/logo\/image\/","url":"https:\/\/melegbait.com\/wp-content\/uploads\/2021\/02\/mblogo.jpg","contentUrl":"https:\/\/melegbait.com\/wp-content\/uploads\/2021\/02\/mblogo.jpg","width":250,"height":250,"caption":"Meleg Baits"},"image":{"@id":"https:\/\/melegbait.com\/#\/schema\/logo\/image\/"},"sameAs":["https:\/\/www.facebook.com\/MelegBait"]}]}},"_links":{"self":[{"href":"https:\/\/melegbait.com\/en\/wp-json\/wp\/v2\/product\/31556","targetHints":{"allow":["GET"]}}],"collection":[{"href":"https:\/\/melegbait.com\/en\/wp-json\/wp\/v2\/product"}],"about":[{"href":"https:\/\/melegbait.com\/en\/wp-json\/wp\/v2\/types\/product"}],"replies":[{"embeddable":true,"href":"https:\/\/melegbait.com\/en\/wp-json\/wp\/v2\/comments?post=31556"}],"wp:featuredmedia":[{"embeddable":true,"href":"https:\/\/melegbait.com\/en\/wp-json\/wp\/v2\/media\/31549"}],"wp:attachment":[{"href":"https:\/\/melegbait.com\/en\/wp-json\/wp\/v2\/media?parent=31556"}],"wp:term":[{"taxonomy":"product_brand","embeddable":true,"href":"https:\/\/melegbait.com\/en\/wp-json\/wp\/v2\/product_brand?post=31556"},{"taxonomy":"product_cat","embeddable":true,"href":"https:\/\/melegbait.com\/en\/wp-json\/wp\/v2\/product_cat?post=31556"},{"taxonomy":"product_tag","embeddable":true,"href":"https:\/\/melegbait.com\/en\/wp-json\/wp\/v2\/product_tag?post=31556"}],"curies":[{"name":"wp","href":"https:\/\/api.w.org\/{rel}","templated":true}]}}