{"id":31627,"date":"2021-01-26T19:37:16","date_gmt":"2021-01-26T18:37:16","guid":{"rendered":"https:\/\/melegbait.com\/?post_type=product&#038;p=31627"},"modified":"2024-03-04T15:28:02","modified_gmt":"2024-03-04T14:28:02","slug":"fast-feed-boili-m1","status":"publish","type":"product","link":"https:\/\/melegbait.com\/en\/product\/fast-feed-boili-m1\/","title":{"rendered":"Fast Feed Boilie &#8211; M1 3,8kg"},"content":{"rendered":"<p>Napravili smo ekonomski prihvatljivu boilu, koja je izuzetno atraktivna za duga hranjenja. Tako\u0111e mo\u017eete je koristi kao mamac uz dodatak nekih od na\u0161ih dipova. Miks je sastavljen na bazi lako svarljivog ribljeg proteina, za\u010dina i krema.<\/p>\n<p>Velicina 18mm. Pakovanje 3,8kg.<\/p>","protected":false},"excerpt":{"rendered":"<p>Napravili smo ekonomski prihvatljivu boilu, koja je izuzetno atraktivna za duga hranjenja. Tako\u0111e mo\u017eete je koristi kao mamac uz dodatak nekih od na\u0161ih dipova. Miks je sastavljen na bazi lako svarljivog ribljeg proteina, za\u010dina i krema. Velicina 18mm. Pakovanje 3,8kg.<\/p>","protected":false},"featured_media":33757,"comment_status":"open","ping_status":"closed","template":"","meta":{"_et_pb_use_builder":"","_et_pb_old_content":"","_et_gb_content_width":""},"product_brand":[],"product_cat":[31,32,35],"product_tag":[],"class_list":{"0":"post-31627","1":"product","2":"type-product","3":"status-publish","4":"has-post-thumbnail","6":"product_cat-carp","7":"product_cat-boili","8":"product_cat-fast-feed-boili","10":"first","11":"instock","12":"taxable","13":"shipping-taxable","14":"purchasable","15":"product-type-simple"},"yoast_head":"<!-- This site is optimized with the Yoast SEO plugin v26.9 - https:\/\/yoast.com\/product\/yoast-seo-wordpress\/ -->\n<title>Fast Feed Boilie - M1 3,8kg - Meleg bait<\/title>\n<meta name=\"robots\" content=\"index, follow, max-snippet:-1, max-image-preview:large, max-video-preview:-1\" \/>\n<link rel=\"canonical\" href=\"https:\/\/melegbait.com\/en\/product\/fast-feed-boili-m1\/\" \/>\n<meta property=\"og:locale\" content=\"en_GB\" \/>\n<meta property=\"og:type\" content=\"article\" \/>\n<meta property=\"og:title\" content=\"Fast Feed Boilie - M1 3,8kg - Meleg bait\" \/>\n<meta property=\"og:description\" content=\"Napravili smo ekonomski prihvatljivu boilu, koja je izuzetno atraktivna za duga hranjenja. Tako\u0111e mo\u017eete je koristi kao mamac uz dodatak nekih od na\u0161ih dipova. Miks je sastavljen na bazi lako svarljivog ribljeg proteina, za\u010dina i krema. Velicina 18mm. Pakovanje 3,8kg.\" \/>\n<meta property=\"og:url\" content=\"https:\/\/melegbait.com\/en\/product\/fast-feed-boili-m1\/\" \/>\n<meta property=\"og:site_name\" content=\"Meleg bait\" \/>\n<meta property=\"article:publisher\" content=\"https:\/\/www.facebook.com\/MelegBait\" \/>\n<meta property=\"article:modified_time\" content=\"2024-03-04T14:28:02+00:00\" \/>\n<meta property=\"og:image\" content=\"https:\/\/melegbait.com\/wp-content\/uploads\/2021\/01\/IMG_4719.jpeg\" \/>\n\t<meta property=\"og:image:width\" content=\"1383\" \/>\n\t<meta property=\"og:image:height\" content=\"1800\" \/>\n\t<meta property=\"og:image:type\" content=\"image\/jpeg\" \/>\n<meta name=\"twitter:card\" content=\"summary_large_image\" \/>\n<meta name=\"twitter:label1\" content=\"Estimated reading time\" \/>\n\t<meta name=\"twitter:data1\" content=\"1 minute\" \/>\n<script type=\"application\/ld+json\" class=\"yoast-schema-graph\">{\"@context\":\"https:\/\/schema.org\",\"@graph\":[{\"@type\":\"WebPage\",\"@id\":\"https:\/\/melegbait.com\/product\/fast-feed-boili-m1\/\",\"url\":\"https:\/\/melegbait.com\/product\/fast-feed-boili-m1\/\",\"name\":\"Fast Feed Boilie - M1 3,8kg - Meleg bait\",\"isPartOf\":{\"@id\":\"https:\/\/melegbait.com\/#website\"},\"primaryImageOfPage\":{\"@id\":\"https:\/\/melegbait.com\/product\/fast-feed-boili-m1\/#primaryimage\"},\"image\":{\"@id\":\"https:\/\/melegbait.com\/product\/fast-feed-boili-m1\/#primaryimage\"},\"thumbnailUrl\":\"https:\/\/melegbait.com\/wp-content\/uploads\/2021\/01\/IMG_4719.jpeg\",\"datePublished\":\"2021-01-26T18:37:16+00:00\",\"dateModified\":\"2024-03-04T14:28:02+00:00\",\"breadcrumb\":{\"@id\":\"https:\/\/melegbait.com\/product\/fast-feed-boili-m1\/#breadcrumb\"},\"inLanguage\":\"en-GB\",\"potentialAction\":[{\"@type\":\"ReadAction\",\"target\":[\"https:\/\/melegbait.com\/product\/fast-feed-boili-m1\/\"]}]},{\"@type\":\"ImageObject\",\"inLanguage\":\"en-GB\",\"@id\":\"https:\/\/melegbait.com\/product\/fast-feed-boili-m1\/#primaryimage\",\"url\":\"https:\/\/melegbait.com\/wp-content\/uploads\/2021\/01\/IMG_4719.jpeg\",\"contentUrl\":\"https:\/\/melegbait.com\/wp-content\/uploads\/2021\/01\/IMG_4719.jpeg\",\"width\":1383,\"height\":1800},{\"@type\":\"BreadcrumbList\",\"@id\":\"https:\/\/melegbait.com\/product\/fast-feed-boili-m1\/#breadcrumb\",\"itemListElement\":[{\"@type\":\"ListItem\",\"position\":1,\"name\":\"Home\",\"item\":\"https:\/\/melegbait.com\/\"},{\"@type\":\"ListItem\",\"position\":2,\"name\":\"Shop\",\"item\":\"https:\/\/melegbait.com\/shop\/\"},{\"@type\":\"ListItem\",\"position\":3,\"name\":\"Fast Feed Boilie &#8211; M1 3,8kg\"}]},{\"@type\":\"WebSite\",\"@id\":\"https:\/\/melegbait.com\/#website\",\"url\":\"https:\/\/melegbait.com\/\",\"name\":\"Meleg bait\",\"description\":\"Meleg bait\",\"publisher\":{\"@id\":\"https:\/\/melegbait.com\/#organization\"},\"potentialAction\":[{\"@type\":\"SearchAction\",\"target\":{\"@type\":\"EntryPoint\",\"urlTemplate\":\"https:\/\/melegbait.com\/?s={search_term_string}\"},\"query-input\":{\"@type\":\"PropertyValueSpecification\",\"valueRequired\":true,\"valueName\":\"search_term_string\"}}],\"inLanguage\":\"en-GB\"},{\"@type\":\"Organization\",\"@id\":\"https:\/\/melegbait.com\/#organization\",\"name\":\"Meleg Baits\",\"url\":\"https:\/\/melegbait.com\/\",\"logo\":{\"@type\":\"ImageObject\",\"inLanguage\":\"en-GB\",\"@id\":\"https:\/\/melegbait.com\/#\/schema\/logo\/image\/\",\"url\":\"https:\/\/melegbait.com\/wp-content\/uploads\/2021\/02\/mblogo.jpg\",\"contentUrl\":\"https:\/\/melegbait.com\/wp-content\/uploads\/2021\/02\/mblogo.jpg\",\"width\":250,\"height\":250,\"caption\":\"Meleg Baits\"},\"image\":{\"@id\":\"https:\/\/melegbait.com\/#\/schema\/logo\/image\/\"},\"sameAs\":[\"https:\/\/www.facebook.com\/MelegBait\"]}]}<\/script>\n<!-- \/ Yoast SEO plugin. -->","yoast_head_json":{"title":"Fast Feed Boilie - M1 3,8kg - Meleg bait","robots":{"index":"index","follow":"follow","max-snippet":"max-snippet:-1","max-image-preview":"max-image-preview:large","max-video-preview":"max-video-preview:-1"},"canonical":"https:\/\/melegbait.com\/en\/product\/fast-feed-boili-m1\/","og_locale":"en_GB","og_type":"article","og_title":"Fast Feed Boilie - M1 3,8kg - Meleg bait","og_description":"Napravili smo ekonomski prihvatljivu boilu, koja je izuzetno atraktivna za duga hranjenja. Tako\u0111e mo\u017eete je koristi kao mamac uz dodatak nekih od na\u0161ih dipova. Miks je sastavljen na bazi lako svarljivog ribljeg proteina, za\u010dina i krema. Velicina 18mm. Pakovanje 3,8kg.","og_url":"https:\/\/melegbait.com\/en\/product\/fast-feed-boili-m1\/","og_site_name":"Meleg bait","article_publisher":"https:\/\/www.facebook.com\/MelegBait","article_modified_time":"2024-03-04T14:28:02+00:00","og_image":[{"width":1383,"height":1800,"url":"https:\/\/melegbait.com\/wp-content\/uploads\/2021\/01\/IMG_4719.jpeg","type":"image\/jpeg"}],"twitter_card":"summary_large_image","twitter_misc":{"Estimated reading time":"1 minute"},"schema":{"@context":"https:\/\/schema.org","@graph":[{"@type":"WebPage","@id":"https:\/\/melegbait.com\/product\/fast-feed-boili-m1\/","url":"https:\/\/melegbait.com\/product\/fast-feed-boili-m1\/","name":"Fast Feed Boilie - M1 3,8kg - Meleg bait","isPartOf":{"@id":"https:\/\/melegbait.com\/#website"},"primaryImageOfPage":{"@id":"https:\/\/melegbait.com\/product\/fast-feed-boili-m1\/#primaryimage"},"image":{"@id":"https:\/\/melegbait.com\/product\/fast-feed-boili-m1\/#primaryimage"},"thumbnailUrl":"https:\/\/melegbait.com\/wp-content\/uploads\/2021\/01\/IMG_4719.jpeg","datePublished":"2021-01-26T18:37:16+00:00","dateModified":"2024-03-04T14:28:02+00:00","breadcrumb":{"@id":"https:\/\/melegbait.com\/product\/fast-feed-boili-m1\/#breadcrumb"},"inLanguage":"en-GB","potentialAction":[{"@type":"ReadAction","target":["https:\/\/melegbait.com\/product\/fast-feed-boili-m1\/"]}]},{"@type":"ImageObject","inLanguage":"en-GB","@id":"https:\/\/melegbait.com\/product\/fast-feed-boili-m1\/#primaryimage","url":"https:\/\/melegbait.com\/wp-content\/uploads\/2021\/01\/IMG_4719.jpeg","contentUrl":"https:\/\/melegbait.com\/wp-content\/uploads\/2021\/01\/IMG_4719.jpeg","width":1383,"height":1800},{"@type":"BreadcrumbList","@id":"https:\/\/melegbait.com\/product\/fast-feed-boili-m1\/#breadcrumb","itemListElement":[{"@type":"ListItem","position":1,"name":"Home","item":"https:\/\/melegbait.com\/"},{"@type":"ListItem","position":2,"name":"Shop","item":"https:\/\/melegbait.com\/shop\/"},{"@type":"ListItem","position":3,"name":"Fast Feed Boilie &#8211; M1 3,8kg"}]},{"@type":"WebSite","@id":"https:\/\/melegbait.com\/#website","url":"https:\/\/melegbait.com\/","name":"Meleg bait","description":"Meleg bait","publisher":{"@id":"https:\/\/melegbait.com\/#organization"},"potentialAction":[{"@type":"SearchAction","target":{"@type":"EntryPoint","urlTemplate":"https:\/\/melegbait.com\/?s={search_term_string}"},"query-input":{"@type":"PropertyValueSpecification","valueRequired":true,"valueName":"search_term_string"}}],"inLanguage":"en-GB"},{"@type":"Organization","@id":"https:\/\/melegbait.com\/#organization","name":"Meleg Baits","url":"https:\/\/melegbait.com\/","logo":{"@type":"ImageObject","inLanguage":"en-GB","@id":"https:\/\/melegbait.com\/#\/schema\/logo\/image\/","url":"https:\/\/melegbait.com\/wp-content\/uploads\/2021\/02\/mblogo.jpg","contentUrl":"https:\/\/melegbait.com\/wp-content\/uploads\/2021\/02\/mblogo.jpg","width":250,"height":250,"caption":"Meleg Baits"},"image":{"@id":"https:\/\/melegbait.com\/#\/schema\/logo\/image\/"},"sameAs":["https:\/\/www.facebook.com\/MelegBait"]}]}},"_links":{"self":[{"href":"https:\/\/melegbait.com\/en\/wp-json\/wp\/v2\/product\/31627","targetHints":{"allow":["GET"]}}],"collection":[{"href":"https:\/\/melegbait.com\/en\/wp-json\/wp\/v2\/product"}],"about":[{"href":"https:\/\/melegbait.com\/en\/wp-json\/wp\/v2\/types\/product"}],"replies":[{"embeddable":true,"href":"https:\/\/melegbait.com\/en\/wp-json\/wp\/v2\/comments?post=31627"}],"wp:featuredmedia":[{"embeddable":true,"href":"https:\/\/melegbait.com\/en\/wp-json\/wp\/v2\/media\/33757"}],"wp:attachment":[{"href":"https:\/\/melegbait.com\/en\/wp-json\/wp\/v2\/media?parent=31627"}],"wp:term":[{"taxonomy":"product_brand","embeddable":true,"href":"https:\/\/melegbait.com\/en\/wp-json\/wp\/v2\/product_brand?post=31627"},{"taxonomy":"product_cat","embeddable":true,"href":"https:\/\/melegbait.com\/en\/wp-json\/wp\/v2\/product_cat?post=31627"},{"taxonomy":"product_tag","embeddable":true,"href":"https:\/\/melegbait.com\/en\/wp-json\/wp\/v2\/product_tag?post=31627"}],"curies":[{"name":"wp","href":"https:\/\/api.w.org\/{rel}","templated":true}]}}