{"id":31644,"date":"2021-01-27T10:10:01","date_gmt":"2021-01-27T09:10:01","guid":{"rendered":"https:\/\/melegbait.com\/?post_type=product&#038;p=31644"},"modified":"2023-05-18T21:46:38","modified_gmt":"2023-05-18T20:46:38","slug":"fast-hybrid-premium-pack-6kg","status":"publish","type":"product","link":"https:\/\/melegbait.com\/en\/product\/fast-hybrid-premium-pack-6kg\/","title":{"rendered":"Fast Hybrid Premium Pack 6kg"},"content":{"rendered":"<p>Fast Hybrid boilie is a commercial boil that has often been compared to other successful world boilies.\nThese boilies have left a certain mark in the world for all 30 years of Meleg Bait\u2019s work. Boilie are\nsuccessful in all seasons and circumstances because they are very balanced. These boilies alongside to\nthe basic ingredients also contain components that have been successful for years, such as: Attract\nNatural, C.S.P. Bio Protein, Amino Digest, Betaine HCl.\nAs the name itself says \u201eFast Hybrid\u201c, they are the fastest commercial boilies that always catch fish fast.\nThese boilies are produced in various sizes of 14mm and 18mm diameter. With more than twenty unique\naromas, there is always the right solution for a successful day on the water.\nAs a specialty, the Fast Hybrid Dipped boilies, which is used exclusively as a hook bait, as it is\nadditionally diped with flavors, attracts, special triggers\u2026 And the mix is a bit different so that the dye\nitself would be richer and as such it was highlighted among competitors. There are also micro Dipped\nboile 10mm.<\/p>","protected":false},"excerpt":{"rendered":"<p>Fast Hybrid boila je komercijalna boila koja je \u010desto bila upore\u0111ivanja sa drugim uspe\u0161nim svetskim boilama. Ove boile su ostavile siguran trag u svetu za svih ovih 30 godina rada Meleg Bait. Boile su uspe\u0161ne i lovne u svim sezonama i okolnostima jer su veoma izbalansirane. Ove boile pored osnovnih sastojaka sadr\u017ee i komponente koje [&hellip;]<\/p>","protected":false},"featured_media":32262,"comment_status":"open","ping_status":"closed","template":"","meta":{"_et_pb_use_builder":"","_et_pb_old_content":"","_et_gb_content_width":""},"product_brand":[],"product_cat":[31,32,33],"product_tag":[],"class_list":{"0":"post-31644","1":"product","2":"type-product","3":"status-publish","4":"has-post-thumbnail","6":"product_cat-carp","7":"product_cat-boili","8":"product_cat-fast-hybrid-boili","10":"first","11":"instock","12":"taxable","13":"shipping-taxable","14":"purchasable","15":"product-type-variable"},"yoast_head":"<!-- This site is optimized with the Yoast SEO plugin v26.9 - https:\/\/yoast.com\/product\/yoast-seo-wordpress\/ -->\n<title>Fast Hybrid Premium Pack 6kg - Meleg bait<\/title>\n<meta name=\"robots\" content=\"index, follow, max-snippet:-1, max-image-preview:large, max-video-preview:-1\" \/>\n<link rel=\"canonical\" href=\"https:\/\/melegbait.com\/en\/product\/fast-hybrid-premium-pack-6kg\/\" \/>\n<meta property=\"og:locale\" content=\"en_GB\" \/>\n<meta property=\"og:type\" content=\"article\" \/>\n<meta property=\"og:title\" content=\"Fast Hybrid Premium Pack 6kg - Meleg bait\" \/>\n<meta property=\"og:description\" content=\"Fast Hybrid boila je komercijalna boila koja je \u010desto bila upore\u0111ivanja sa drugim uspe\u0161nim svetskim boilama. Ove boile su ostavile siguran trag u svetu za svih ovih 30 godina rada Meleg Bait. Boile su uspe\u0161ne i lovne u svim sezonama i okolnostima jer su veoma izbalansirane. Ove boile pored osnovnih sastojaka sadr\u017ee i komponente koje [&hellip;]\" \/>\n<meta property=\"og:url\" content=\"https:\/\/melegbait.com\/en\/product\/fast-hybrid-premium-pack-6kg\/\" \/>\n<meta property=\"og:site_name\" content=\"Meleg bait\" \/>\n<meta property=\"article:publisher\" content=\"https:\/\/www.facebook.com\/MelegBait\" \/>\n<meta property=\"article:modified_time\" content=\"2023-05-18T20:46:38+00:00\" \/>\n<meta property=\"og:image\" content=\"https:\/\/melegbait.com\/wp-content\/uploads\/2021\/01\/boilie-6kg-kanta.jpg\" \/>\n\t<meta property=\"og:image:width\" content=\"600\" \/>\n\t<meta property=\"og:image:height\" content=\"710\" \/>\n\t<meta property=\"og:image:type\" content=\"image\/jpeg\" \/>\n<meta name=\"twitter:card\" content=\"summary_large_image\" \/>\n<meta name=\"twitter:label1\" content=\"Estimated reading time\" \/>\n\t<meta name=\"twitter:data1\" content=\"1 minute\" \/>\n<script type=\"application\/ld+json\" class=\"yoast-schema-graph\">{\"@context\":\"https:\/\/schema.org\",\"@graph\":[{\"@type\":\"WebPage\",\"@id\":\"https:\/\/melegbait.com\/product\/fast-hybrid-premium-pack-6kg\/\",\"url\":\"https:\/\/melegbait.com\/product\/fast-hybrid-premium-pack-6kg\/\",\"name\":\"Fast Hybrid Premium Pack 6kg - Meleg bait\",\"isPartOf\":{\"@id\":\"https:\/\/melegbait.com\/#website\"},\"primaryImageOfPage\":{\"@id\":\"https:\/\/melegbait.com\/product\/fast-hybrid-premium-pack-6kg\/#primaryimage\"},\"image\":{\"@id\":\"https:\/\/melegbait.com\/product\/fast-hybrid-premium-pack-6kg\/#primaryimage\"},\"thumbnailUrl\":\"https:\/\/melegbait.com\/wp-content\/uploads\/2021\/01\/boilie-6kg-kanta.jpg\",\"datePublished\":\"2021-01-27T09:10:01+00:00\",\"dateModified\":\"2023-05-18T20:46:38+00:00\",\"breadcrumb\":{\"@id\":\"https:\/\/melegbait.com\/product\/fast-hybrid-premium-pack-6kg\/#breadcrumb\"},\"inLanguage\":\"en-GB\",\"potentialAction\":[{\"@type\":\"ReadAction\",\"target\":[\"https:\/\/melegbait.com\/product\/fast-hybrid-premium-pack-6kg\/\"]}]},{\"@type\":\"ImageObject\",\"inLanguage\":\"en-GB\",\"@id\":\"https:\/\/melegbait.com\/product\/fast-hybrid-premium-pack-6kg\/#primaryimage\",\"url\":\"https:\/\/melegbait.com\/wp-content\/uploads\/2021\/01\/boilie-6kg-kanta.jpg\",\"contentUrl\":\"https:\/\/melegbait.com\/wp-content\/uploads\/2021\/01\/boilie-6kg-kanta.jpg\",\"width\":600,\"height\":710},{\"@type\":\"BreadcrumbList\",\"@id\":\"https:\/\/melegbait.com\/product\/fast-hybrid-premium-pack-6kg\/#breadcrumb\",\"itemListElement\":[{\"@type\":\"ListItem\",\"position\":1,\"name\":\"Home\",\"item\":\"https:\/\/melegbait.com\/\"},{\"@type\":\"ListItem\",\"position\":2,\"name\":\"Shop\",\"item\":\"https:\/\/melegbait.com\/shop\/\"},{\"@type\":\"ListItem\",\"position\":3,\"name\":\"Fast Hybrid Premium Pack 6kg\"}]},{\"@type\":\"WebSite\",\"@id\":\"https:\/\/melegbait.com\/#website\",\"url\":\"https:\/\/melegbait.com\/\",\"name\":\"Meleg bait\",\"description\":\"Meleg bait\",\"publisher\":{\"@id\":\"https:\/\/melegbait.com\/#organization\"},\"potentialAction\":[{\"@type\":\"SearchAction\",\"target\":{\"@type\":\"EntryPoint\",\"urlTemplate\":\"https:\/\/melegbait.com\/?s={search_term_string}\"},\"query-input\":{\"@type\":\"PropertyValueSpecification\",\"valueRequired\":true,\"valueName\":\"search_term_string\"}}],\"inLanguage\":\"en-GB\"},{\"@type\":\"Organization\",\"@id\":\"https:\/\/melegbait.com\/#organization\",\"name\":\"Meleg Baits\",\"url\":\"https:\/\/melegbait.com\/\",\"logo\":{\"@type\":\"ImageObject\",\"inLanguage\":\"en-GB\",\"@id\":\"https:\/\/melegbait.com\/#\/schema\/logo\/image\/\",\"url\":\"https:\/\/melegbait.com\/wp-content\/uploads\/2021\/02\/mblogo.jpg\",\"contentUrl\":\"https:\/\/melegbait.com\/wp-content\/uploads\/2021\/02\/mblogo.jpg\",\"width\":250,\"height\":250,\"caption\":\"Meleg Baits\"},\"image\":{\"@id\":\"https:\/\/melegbait.com\/#\/schema\/logo\/image\/\"},\"sameAs\":[\"https:\/\/www.facebook.com\/MelegBait\"]}]}<\/script>\n<!-- \/ Yoast SEO plugin. -->","yoast_head_json":{"title":"Fast Hybrid Premium Pack 6kg - Meleg bait","robots":{"index":"index","follow":"follow","max-snippet":"max-snippet:-1","max-image-preview":"max-image-preview:large","max-video-preview":"max-video-preview:-1"},"canonical":"https:\/\/melegbait.com\/en\/product\/fast-hybrid-premium-pack-6kg\/","og_locale":"en_GB","og_type":"article","og_title":"Fast Hybrid Premium Pack 6kg - Meleg bait","og_description":"Fast Hybrid boila je komercijalna boila koja je \u010desto bila upore\u0111ivanja sa drugim uspe\u0161nim svetskim boilama. Ove boile su ostavile siguran trag u svetu za svih ovih 30 godina rada Meleg Bait. Boile su uspe\u0161ne i lovne u svim sezonama i okolnostima jer su veoma izbalansirane. Ove boile pored osnovnih sastojaka sadr\u017ee i komponente koje [&hellip;]","og_url":"https:\/\/melegbait.com\/en\/product\/fast-hybrid-premium-pack-6kg\/","og_site_name":"Meleg bait","article_publisher":"https:\/\/www.facebook.com\/MelegBait","article_modified_time":"2023-05-18T20:46:38+00:00","og_image":[{"width":600,"height":710,"url":"https:\/\/melegbait.com\/wp-content\/uploads\/2021\/01\/boilie-6kg-kanta.jpg","type":"image\/jpeg"}],"twitter_card":"summary_large_image","twitter_misc":{"Estimated reading time":"1 minute"},"schema":{"@context":"https:\/\/schema.org","@graph":[{"@type":"WebPage","@id":"https:\/\/melegbait.com\/product\/fast-hybrid-premium-pack-6kg\/","url":"https:\/\/melegbait.com\/product\/fast-hybrid-premium-pack-6kg\/","name":"Fast Hybrid Premium Pack 6kg - Meleg bait","isPartOf":{"@id":"https:\/\/melegbait.com\/#website"},"primaryImageOfPage":{"@id":"https:\/\/melegbait.com\/product\/fast-hybrid-premium-pack-6kg\/#primaryimage"},"image":{"@id":"https:\/\/melegbait.com\/product\/fast-hybrid-premium-pack-6kg\/#primaryimage"},"thumbnailUrl":"https:\/\/melegbait.com\/wp-content\/uploads\/2021\/01\/boilie-6kg-kanta.jpg","datePublished":"2021-01-27T09:10:01+00:00","dateModified":"2023-05-18T20:46:38+00:00","breadcrumb":{"@id":"https:\/\/melegbait.com\/product\/fast-hybrid-premium-pack-6kg\/#breadcrumb"},"inLanguage":"en-GB","potentialAction":[{"@type":"ReadAction","target":["https:\/\/melegbait.com\/product\/fast-hybrid-premium-pack-6kg\/"]}]},{"@type":"ImageObject","inLanguage":"en-GB","@id":"https:\/\/melegbait.com\/product\/fast-hybrid-premium-pack-6kg\/#primaryimage","url":"https:\/\/melegbait.com\/wp-content\/uploads\/2021\/01\/boilie-6kg-kanta.jpg","contentUrl":"https:\/\/melegbait.com\/wp-content\/uploads\/2021\/01\/boilie-6kg-kanta.jpg","width":600,"height":710},{"@type":"BreadcrumbList","@id":"https:\/\/melegbait.com\/product\/fast-hybrid-premium-pack-6kg\/#breadcrumb","itemListElement":[{"@type":"ListItem","position":1,"name":"Home","item":"https:\/\/melegbait.com\/"},{"@type":"ListItem","position":2,"name":"Shop","item":"https:\/\/melegbait.com\/shop\/"},{"@type":"ListItem","position":3,"name":"Fast Hybrid Premium Pack 6kg"}]},{"@type":"WebSite","@id":"https:\/\/melegbait.com\/#website","url":"https:\/\/melegbait.com\/","name":"Meleg bait","description":"Meleg bait","publisher":{"@id":"https:\/\/melegbait.com\/#organization"},"potentialAction":[{"@type":"SearchAction","target":{"@type":"EntryPoint","urlTemplate":"https:\/\/melegbait.com\/?s={search_term_string}"},"query-input":{"@type":"PropertyValueSpecification","valueRequired":true,"valueName":"search_term_string"}}],"inLanguage":"en-GB"},{"@type":"Organization","@id":"https:\/\/melegbait.com\/#organization","name":"Meleg Baits","url":"https:\/\/melegbait.com\/","logo":{"@type":"ImageObject","inLanguage":"en-GB","@id":"https:\/\/melegbait.com\/#\/schema\/logo\/image\/","url":"https:\/\/melegbait.com\/wp-content\/uploads\/2021\/02\/mblogo.jpg","contentUrl":"https:\/\/melegbait.com\/wp-content\/uploads\/2021\/02\/mblogo.jpg","width":250,"height":250,"caption":"Meleg Baits"},"image":{"@id":"https:\/\/melegbait.com\/#\/schema\/logo\/image\/"},"sameAs":["https:\/\/www.facebook.com\/MelegBait"]}]}},"_links":{"self":[{"href":"https:\/\/melegbait.com\/en\/wp-json\/wp\/v2\/product\/31644","targetHints":{"allow":["GET"]}}],"collection":[{"href":"https:\/\/melegbait.com\/en\/wp-json\/wp\/v2\/product"}],"about":[{"href":"https:\/\/melegbait.com\/en\/wp-json\/wp\/v2\/types\/product"}],"replies":[{"embeddable":true,"href":"https:\/\/melegbait.com\/en\/wp-json\/wp\/v2\/comments?post=31644"}],"wp:featuredmedia":[{"embeddable":true,"href":"https:\/\/melegbait.com\/en\/wp-json\/wp\/v2\/media\/32262"}],"wp:attachment":[{"href":"https:\/\/melegbait.com\/en\/wp-json\/wp\/v2\/media?parent=31644"}],"wp:term":[{"taxonomy":"product_brand","embeddable":true,"href":"https:\/\/melegbait.com\/en\/wp-json\/wp\/v2\/product_brand?post=31644"},{"taxonomy":"product_cat","embeddable":true,"href":"https:\/\/melegbait.com\/en\/wp-json\/wp\/v2\/product_cat?post=31644"},{"taxonomy":"product_tag","embeddable":true,"href":"https:\/\/melegbait.com\/en\/wp-json\/wp\/v2\/product_tag?post=31644"}],"curies":[{"name":"wp","href":"https:\/\/api.w.org\/{rel}","templated":true}]}}