{"id":31653,"date":"2021-01-27T10:51:52","date_gmt":"2021-01-27T09:51:52","guid":{"rendered":"https:\/\/melegbait.com\/?post_type=product&#038;p=31653"},"modified":"2023-06-18T15:27:40","modified_gmt":"2023-06-18T14:27:40","slug":"micro-red-seed","status":"publish","type":"product","link":"https:\/\/melegbait.com\/en\/product\/micro-red-seed\/","title":{"rendered":"Raw spod mix21"},"content":{"rendered":"<p>Raw Spod Mix21 is a mixture of seed in a dehydrated form. For those who like to prepare their\nown self. We recommend that Raw Spod Mix be prepared with the addition of C.S.P. Bio Protein\nbecause it breaks cellulose and gluten in seeds.<\/p>\n<p>PREPARATION:<br \/>\nPour 4 liters of water, 1kg Raw Spod Mix into a bowl and spread 5-7g (one teaspoon) C.S.P. Bio\nProtein and leave it for 24 hours in an open container (avoiding dark and cold rooms). Before\ncooking, add 1 liter of water, because seeding has already soak up a lot of water during the\nsoaking. The mixture should be cooked for about 35 minutes and constantly mixed. After\ncooking, you should cover the bowl with blankets, cloths and leave it to stand for 5-6 hours. If\nyou do not plan to use all the spod in one day, make sure that the seeds are covered with liquid\n(if necessary, add water) in order to avoid spoilage. The container should be closed only for\ntransport purposes. From 1kg Raw Spod Mix 21, adding 4l of water after cooking, you get about\n3 kilograms of spod. Packaging 1kg.<\/p>","protected":false},"excerpt":{"rendered":"<p>Raw Spod Mix21 je me\u0161avina semenja u dehidriranom obliku. Za one koji vole sami da pripremaju svoj spod. Preporu\u010dujemo da se Raw Spod Mix priprema sa dodatkom C.S.P. Bio Protein-a jer on razla\u017ee celulozu i gluten u semenkama, a time ih \u0161aran lak\u0161e vari. Pakovanje 1kg. PRIPREMA: Sipajte 4 litre vode, 1 kg Rav Spod [&hellip;]<\/p>","protected":false},"featured_media":31655,"comment_status":"open","ping_status":"closed","template":"","meta":{"_et_pb_use_builder":"","_et_pb_old_content":"","_et_gb_content_width":""},"product_brand":[],"product_cat":[31,56],"product_tag":[],"class_list":{"0":"post-31653","1":"product","2":"type-product","3":"status-publish","4":"has-post-thumbnail","6":"product_cat-carp","7":"product_cat-partikli","9":"first","10":"instock","11":"taxable","12":"shipping-taxable","13":"purchasable","14":"product-type-simple"},"yoast_head":"<!-- This site is optimized with the Yoast SEO plugin v26.9 - https:\/\/yoast.com\/product\/yoast-seo-wordpress\/ -->\n<title>Raw spod mix21 - Meleg bait<\/title>\n<meta name=\"robots\" content=\"index, follow, max-snippet:-1, max-image-preview:large, max-video-preview:-1\" \/>\n<link rel=\"canonical\" href=\"https:\/\/melegbait.com\/en\/product\/micro-red-seed\/\" \/>\n<meta property=\"og:locale\" content=\"en_GB\" \/>\n<meta property=\"og:type\" content=\"article\" \/>\n<meta property=\"og:title\" content=\"Raw spod mix21 - Meleg bait\" \/>\n<meta property=\"og:description\" content=\"Raw Spod Mix21 je me\u0161avina semenja u dehidriranom obliku. Za one koji vole sami da pripremaju svoj spod. Preporu\u010dujemo da se Raw Spod Mix priprema sa dodatkom C.S.P. Bio Protein-a jer on razla\u017ee celulozu i gluten u semenkama, a time ih \u0161aran lak\u0161e vari. Pakovanje 1kg. PRIPREMA: Sipajte 4 litre vode, 1 kg Rav Spod [&hellip;]\" \/>\n<meta property=\"og:url\" content=\"https:\/\/melegbait.com\/en\/product\/micro-red-seed\/\" \/>\n<meta property=\"og:site_name\" content=\"Meleg bait\" \/>\n<meta property=\"article:publisher\" content=\"https:\/\/www.facebook.com\/MelegBait\" \/>\n<meta property=\"article:modified_time\" content=\"2023-06-18T14:27:40+00:00\" \/>\n<meta property=\"og:image\" content=\"https:\/\/melegbait.com\/wp-content\/uploads\/2021\/01\/raw-spod-mix-21.jpg\" \/>\n\t<meta property=\"og:image:width\" content=\"600\" \/>\n\t<meta property=\"og:image:height\" content=\"757\" \/>\n\t<meta property=\"og:image:type\" content=\"image\/jpeg\" \/>\n<meta name=\"twitter:card\" content=\"summary_large_image\" \/>\n<meta name=\"twitter:label1\" content=\"Estimated reading time\" \/>\n\t<meta name=\"twitter:data1\" content=\"1 minute\" \/>\n<script type=\"application\/ld+json\" class=\"yoast-schema-graph\">{\"@context\":\"https:\/\/schema.org\",\"@graph\":[{\"@type\":\"WebPage\",\"@id\":\"https:\/\/melegbait.com\/en\/product\/micro-red-seed\/\",\"url\":\"https:\/\/melegbait.com\/en\/product\/micro-red-seed\/\",\"name\":\"Raw spod mix21 - Meleg bait\",\"isPartOf\":{\"@id\":\"https:\/\/melegbait.com\/#website\"},\"primaryImageOfPage\":{\"@id\":\"https:\/\/melegbait.com\/en\/product\/micro-red-seed\/#primaryimage\"},\"image\":{\"@id\":\"https:\/\/melegbait.com\/en\/product\/micro-red-seed\/#primaryimage\"},\"thumbnailUrl\":\"https:\/\/melegbait.com\/wp-content\/uploads\/2021\/01\/raw-spod-mix-21.jpg\",\"datePublished\":\"2021-01-27T09:51:52+00:00\",\"dateModified\":\"2023-06-18T14:27:40+00:00\",\"breadcrumb\":{\"@id\":\"https:\/\/melegbait.com\/en\/product\/micro-red-seed\/#breadcrumb\"},\"inLanguage\":\"en-GB\",\"potentialAction\":[{\"@type\":\"ReadAction\",\"target\":[\"https:\/\/melegbait.com\/en\/product\/micro-red-seed\/\"]}]},{\"@type\":\"ImageObject\",\"inLanguage\":\"en-GB\",\"@id\":\"https:\/\/melegbait.com\/en\/product\/micro-red-seed\/#primaryimage\",\"url\":\"https:\/\/melegbait.com\/wp-content\/uploads\/2021\/01\/raw-spod-mix-21.jpg\",\"contentUrl\":\"https:\/\/melegbait.com\/wp-content\/uploads\/2021\/01\/raw-spod-mix-21.jpg\",\"width\":600,\"height\":757},{\"@type\":\"BreadcrumbList\",\"@id\":\"https:\/\/melegbait.com\/en\/product\/micro-red-seed\/#breadcrumb\",\"itemListElement\":[{\"@type\":\"ListItem\",\"position\":1,\"name\":\"Home\",\"item\":\"https:\/\/melegbait.com\/\"},{\"@type\":\"ListItem\",\"position\":2,\"name\":\"Shop\",\"item\":\"https:\/\/melegbait.com\/shop\/\"},{\"@type\":\"ListItem\",\"position\":3,\"name\":\"Raw spod mix21\"}]},{\"@type\":\"WebSite\",\"@id\":\"https:\/\/melegbait.com\/#website\",\"url\":\"https:\/\/melegbait.com\/\",\"name\":\"Meleg bait\",\"description\":\"Meleg bait\",\"publisher\":{\"@id\":\"https:\/\/melegbait.com\/#organization\"},\"potentialAction\":[{\"@type\":\"SearchAction\",\"target\":{\"@type\":\"EntryPoint\",\"urlTemplate\":\"https:\/\/melegbait.com\/?s={search_term_string}\"},\"query-input\":{\"@type\":\"PropertyValueSpecification\",\"valueRequired\":true,\"valueName\":\"search_term_string\"}}],\"inLanguage\":\"en-GB\"},{\"@type\":\"Organization\",\"@id\":\"https:\/\/melegbait.com\/#organization\",\"name\":\"Meleg Baits\",\"url\":\"https:\/\/melegbait.com\/\",\"logo\":{\"@type\":\"ImageObject\",\"inLanguage\":\"en-GB\",\"@id\":\"https:\/\/melegbait.com\/#\/schema\/logo\/image\/\",\"url\":\"https:\/\/melegbait.com\/wp-content\/uploads\/2021\/02\/mblogo.jpg\",\"contentUrl\":\"https:\/\/melegbait.com\/wp-content\/uploads\/2021\/02\/mblogo.jpg\",\"width\":250,\"height\":250,\"caption\":\"Meleg Baits\"},\"image\":{\"@id\":\"https:\/\/melegbait.com\/#\/schema\/logo\/image\/\"},\"sameAs\":[\"https:\/\/www.facebook.com\/MelegBait\"]}]}<\/script>\n<!-- \/ Yoast SEO plugin. -->","yoast_head_json":{"title":"Raw spod mix21 - Meleg bait","robots":{"index":"index","follow":"follow","max-snippet":"max-snippet:-1","max-image-preview":"max-image-preview:large","max-video-preview":"max-video-preview:-1"},"canonical":"https:\/\/melegbait.com\/en\/product\/micro-red-seed\/","og_locale":"en_GB","og_type":"article","og_title":"Raw spod mix21 - Meleg bait","og_description":"Raw Spod Mix21 je me\u0161avina semenja u dehidriranom obliku. Za one koji vole sami da pripremaju svoj spod. Preporu\u010dujemo da se Raw Spod Mix priprema sa dodatkom C.S.P. Bio Protein-a jer on razla\u017ee celulozu i gluten u semenkama, a time ih \u0161aran lak\u0161e vari. Pakovanje 1kg. PRIPREMA: Sipajte 4 litre vode, 1 kg Rav Spod [&hellip;]","og_url":"https:\/\/melegbait.com\/en\/product\/micro-red-seed\/","og_site_name":"Meleg bait","article_publisher":"https:\/\/www.facebook.com\/MelegBait","article_modified_time":"2023-06-18T14:27:40+00:00","og_image":[{"width":600,"height":757,"url":"https:\/\/melegbait.com\/wp-content\/uploads\/2021\/01\/raw-spod-mix-21.jpg","type":"image\/jpeg"}],"twitter_card":"summary_large_image","twitter_misc":{"Estimated reading time":"1 minute"},"schema":{"@context":"https:\/\/schema.org","@graph":[{"@type":"WebPage","@id":"https:\/\/melegbait.com\/en\/product\/micro-red-seed\/","url":"https:\/\/melegbait.com\/en\/product\/micro-red-seed\/","name":"Raw spod mix21 - Meleg bait","isPartOf":{"@id":"https:\/\/melegbait.com\/#website"},"primaryImageOfPage":{"@id":"https:\/\/melegbait.com\/en\/product\/micro-red-seed\/#primaryimage"},"image":{"@id":"https:\/\/melegbait.com\/en\/product\/micro-red-seed\/#primaryimage"},"thumbnailUrl":"https:\/\/melegbait.com\/wp-content\/uploads\/2021\/01\/raw-spod-mix-21.jpg","datePublished":"2021-01-27T09:51:52+00:00","dateModified":"2023-06-18T14:27:40+00:00","breadcrumb":{"@id":"https:\/\/melegbait.com\/en\/product\/micro-red-seed\/#breadcrumb"},"inLanguage":"en-GB","potentialAction":[{"@type":"ReadAction","target":["https:\/\/melegbait.com\/en\/product\/micro-red-seed\/"]}]},{"@type":"ImageObject","inLanguage":"en-GB","@id":"https:\/\/melegbait.com\/en\/product\/micro-red-seed\/#primaryimage","url":"https:\/\/melegbait.com\/wp-content\/uploads\/2021\/01\/raw-spod-mix-21.jpg","contentUrl":"https:\/\/melegbait.com\/wp-content\/uploads\/2021\/01\/raw-spod-mix-21.jpg","width":600,"height":757},{"@type":"BreadcrumbList","@id":"https:\/\/melegbait.com\/en\/product\/micro-red-seed\/#breadcrumb","itemListElement":[{"@type":"ListItem","position":1,"name":"Home","item":"https:\/\/melegbait.com\/"},{"@type":"ListItem","position":2,"name":"Shop","item":"https:\/\/melegbait.com\/shop\/"},{"@type":"ListItem","position":3,"name":"Raw spod mix21"}]},{"@type":"WebSite","@id":"https:\/\/melegbait.com\/#website","url":"https:\/\/melegbait.com\/","name":"Meleg bait","description":"Meleg bait","publisher":{"@id":"https:\/\/melegbait.com\/#organization"},"potentialAction":[{"@type":"SearchAction","target":{"@type":"EntryPoint","urlTemplate":"https:\/\/melegbait.com\/?s={search_term_string}"},"query-input":{"@type":"PropertyValueSpecification","valueRequired":true,"valueName":"search_term_string"}}],"inLanguage":"en-GB"},{"@type":"Organization","@id":"https:\/\/melegbait.com\/#organization","name":"Meleg Baits","url":"https:\/\/melegbait.com\/","logo":{"@type":"ImageObject","inLanguage":"en-GB","@id":"https:\/\/melegbait.com\/#\/schema\/logo\/image\/","url":"https:\/\/melegbait.com\/wp-content\/uploads\/2021\/02\/mblogo.jpg","contentUrl":"https:\/\/melegbait.com\/wp-content\/uploads\/2021\/02\/mblogo.jpg","width":250,"height":250,"caption":"Meleg Baits"},"image":{"@id":"https:\/\/melegbait.com\/#\/schema\/logo\/image\/"},"sameAs":["https:\/\/www.facebook.com\/MelegBait"]}]}},"_links":{"self":[{"href":"https:\/\/melegbait.com\/en\/wp-json\/wp\/v2\/product\/31653","targetHints":{"allow":["GET"]}}],"collection":[{"href":"https:\/\/melegbait.com\/en\/wp-json\/wp\/v2\/product"}],"about":[{"href":"https:\/\/melegbait.com\/en\/wp-json\/wp\/v2\/types\/product"}],"replies":[{"embeddable":true,"href":"https:\/\/melegbait.com\/en\/wp-json\/wp\/v2\/comments?post=31653"}],"wp:featuredmedia":[{"embeddable":true,"href":"https:\/\/melegbait.com\/en\/wp-json\/wp\/v2\/media\/31655"}],"wp:attachment":[{"href":"https:\/\/melegbait.com\/en\/wp-json\/wp\/v2\/media?parent=31653"}],"wp:term":[{"taxonomy":"product_brand","embeddable":true,"href":"https:\/\/melegbait.com\/en\/wp-json\/wp\/v2\/product_brand?post=31653"},{"taxonomy":"product_cat","embeddable":true,"href":"https:\/\/melegbait.com\/en\/wp-json\/wp\/v2\/product_cat?post=31653"},{"taxonomy":"product_tag","embeddable":true,"href":"https:\/\/melegbait.com\/en\/wp-json\/wp\/v2\/product_tag?post=31653"}],"curies":[{"name":"wp","href":"https:\/\/api.w.org\/{rel}","templated":true}]}}