{"id":31680,"date":"2021-01-27T11:12:18","date_gmt":"2021-01-27T10:12:18","guid":{"rendered":"https:\/\/melegbait.com\/?post_type=product&#038;p=31680"},"modified":"2023-06-18T15:07:28","modified_gmt":"2023-06-18T14:07:28","slug":"powder-dip-strawberry-fish","status":"publish","type":"product","link":"https:\/\/melegbait.com\/en\/product\/powder-dip-strawberry-fish\/","title":{"rendered":"Powder Dip &#8211; Strawberry Fish"},"content":{"rendered":"<p>A dip that is different from all other powder dips on the market because it is not just an ordinary\ndip. POWDER DIP can also be used by adding it to a boili mix. At 1 kg off sweet boilie mix\nshould be added 2-4 teaspoons of this product. With this addition, it gets booming even higher\nquality. The dipping recipe is simple. Boilie on the hair must be moist when you dipping it in\nPOWDER DIP, wait for a few seconds, full coating of this sticky ingredient whill be all ower\nboilie, and then castit. The POWDER Dip ingredients will slowly fall off the boilie, giving to the\ncarp knowledgement of what kind of bait is. There is also a third tactical variant of the use of this\ndip in carp fishing. Sprinkle more boilie and sprinkle dip over them, then pack it all in the PVA\nbag. You get a very strong bait and safety during the carp fishing on mud terrain in the sense\nthat your bait overrides the negative odors of the sludge itself.<\/p>","protected":false},"excerpt":{"rendered":"<p>Dip koji se razlikuje od svi drugih pra\u0161kastih umakaljki jer on nije samo obi\u010dan dip. POWDER DIP mo\u017ee da se koristi i dodavanjem u boili miks. Na 1 kg. sweet boili miksa treba dodati od 2-4 kafene ka\u0161i\u010dice ovog proizvoda. Ovim dodatkom dobija se boili jo\u0161 vi\u0161eg kvaliteta. Recept za dipovanje je jednostavan. Boila na [&hellip;]<\/p>","protected":false},"featured_media":31666,"comment_status":"open","ping_status":"closed","template":"","meta":{"_et_pb_use_builder":"","_et_pb_old_content":"","_et_gb_content_width":""},"product_brand":[],"product_cat":[31,45,61],"product_tag":[],"class_list":{"0":"post-31680","1":"product","2":"type-product","3":"status-publish","4":"has-post-thumbnail","6":"product_cat-carp","7":"product_cat-dipovi","8":"product_cat-powder-dip","10":"first","11":"instock","12":"taxable","13":"shipping-taxable","14":"purchasable","15":"product-type-simple"},"yoast_head":"<!-- This site is optimized with the Yoast SEO plugin v26.9 - https:\/\/yoast.com\/product\/yoast-seo-wordpress\/ -->\n<title>Powder Dip - Strawberry Fish - Meleg bait<\/title>\n<meta name=\"robots\" content=\"index, follow, max-snippet:-1, max-image-preview:large, max-video-preview:-1\" \/>\n<link rel=\"canonical\" href=\"https:\/\/melegbait.com\/en\/product\/powder-dip-strawberry-fish\/\" \/>\n<meta property=\"og:locale\" content=\"en_GB\" \/>\n<meta property=\"og:type\" content=\"article\" \/>\n<meta property=\"og:title\" content=\"Powder Dip - Strawberry Fish - Meleg bait\" \/>\n<meta property=\"og:description\" content=\"Dip koji se razlikuje od svi drugih pra\u0161kastih umakaljki jer on nije samo obi\u010dan dip. POWDER DIP mo\u017ee da se koristi i dodavanjem u boili miks. Na 1 kg. sweet boili miksa treba dodati od 2-4 kafene ka\u0161i\u010dice ovog proizvoda. Ovim dodatkom dobija se boili jo\u0161 vi\u0161eg kvaliteta. Recept za dipovanje je jednostavan. Boila na [&hellip;]\" \/>\n<meta property=\"og:url\" content=\"https:\/\/melegbait.com\/en\/product\/powder-dip-strawberry-fish\/\" \/>\n<meta property=\"og:site_name\" content=\"Meleg bait\" \/>\n<meta property=\"article:publisher\" content=\"https:\/\/www.facebook.com\/MelegBait\" \/>\n<meta property=\"article:modified_time\" content=\"2023-06-18T14:07:28+00:00\" \/>\n<meta property=\"og:image\" content=\"https:\/\/melegbait.com\/wp-content\/uploads\/2021\/01\/powder-dip-strawberry-fish.jpg\" \/>\n\t<meta property=\"og:image:width\" content=\"600\" \/>\n\t<meta property=\"og:image:height\" content=\"800\" \/>\n\t<meta property=\"og:image:type\" content=\"image\/jpeg\" \/>\n<meta name=\"twitter:card\" content=\"summary_large_image\" \/>\n<meta name=\"twitter:label1\" content=\"Estimated reading time\" \/>\n\t<meta name=\"twitter:data1\" content=\"1 minute\" \/>\n<script type=\"application\/ld+json\" class=\"yoast-schema-graph\">{\"@context\":\"https:\/\/schema.org\",\"@graph\":[{\"@type\":\"WebPage\",\"@id\":\"https:\/\/melegbait.com\/product\/powder-dip-strawberry-fish\/\",\"url\":\"https:\/\/melegbait.com\/product\/powder-dip-strawberry-fish\/\",\"name\":\"Powder Dip - Strawberry Fish - Meleg bait\",\"isPartOf\":{\"@id\":\"https:\/\/melegbait.com\/#website\"},\"primaryImageOfPage\":{\"@id\":\"https:\/\/melegbait.com\/product\/powder-dip-strawberry-fish\/#primaryimage\"},\"image\":{\"@id\":\"https:\/\/melegbait.com\/product\/powder-dip-strawberry-fish\/#primaryimage\"},\"thumbnailUrl\":\"https:\/\/melegbait.com\/wp-content\/uploads\/2021\/01\/powder-dip-strawberry-fish.jpg\",\"datePublished\":\"2021-01-27T10:12:18+00:00\",\"dateModified\":\"2023-06-18T14:07:28+00:00\",\"breadcrumb\":{\"@id\":\"https:\/\/melegbait.com\/product\/powder-dip-strawberry-fish\/#breadcrumb\"},\"inLanguage\":\"en-GB\",\"potentialAction\":[{\"@type\":\"ReadAction\",\"target\":[\"https:\/\/melegbait.com\/product\/powder-dip-strawberry-fish\/\"]}]},{\"@type\":\"ImageObject\",\"inLanguage\":\"en-GB\",\"@id\":\"https:\/\/melegbait.com\/product\/powder-dip-strawberry-fish\/#primaryimage\",\"url\":\"https:\/\/melegbait.com\/wp-content\/uploads\/2021\/01\/powder-dip-strawberry-fish.jpg\",\"contentUrl\":\"https:\/\/melegbait.com\/wp-content\/uploads\/2021\/01\/powder-dip-strawberry-fish.jpg\",\"width\":600,\"height\":800},{\"@type\":\"BreadcrumbList\",\"@id\":\"https:\/\/melegbait.com\/product\/powder-dip-strawberry-fish\/#breadcrumb\",\"itemListElement\":[{\"@type\":\"ListItem\",\"position\":1,\"name\":\"Home\",\"item\":\"https:\/\/melegbait.com\/\"},{\"@type\":\"ListItem\",\"position\":2,\"name\":\"Shop\",\"item\":\"https:\/\/melegbait.com\/shop\/\"},{\"@type\":\"ListItem\",\"position\":3,\"name\":\"Powder Dip &#8211; Strawberry Fish\"}]},{\"@type\":\"WebSite\",\"@id\":\"https:\/\/melegbait.com\/#website\",\"url\":\"https:\/\/melegbait.com\/\",\"name\":\"Meleg bait\",\"description\":\"Meleg bait\",\"publisher\":{\"@id\":\"https:\/\/melegbait.com\/#organization\"},\"potentialAction\":[{\"@type\":\"SearchAction\",\"target\":{\"@type\":\"EntryPoint\",\"urlTemplate\":\"https:\/\/melegbait.com\/?s={search_term_string}\"},\"query-input\":{\"@type\":\"PropertyValueSpecification\",\"valueRequired\":true,\"valueName\":\"search_term_string\"}}],\"inLanguage\":\"en-GB\"},{\"@type\":\"Organization\",\"@id\":\"https:\/\/melegbait.com\/#organization\",\"name\":\"Meleg Baits\",\"url\":\"https:\/\/melegbait.com\/\",\"logo\":{\"@type\":\"ImageObject\",\"inLanguage\":\"en-GB\",\"@id\":\"https:\/\/melegbait.com\/#\/schema\/logo\/image\/\",\"url\":\"https:\/\/melegbait.com\/wp-content\/uploads\/2021\/02\/mblogo.jpg\",\"contentUrl\":\"https:\/\/melegbait.com\/wp-content\/uploads\/2021\/02\/mblogo.jpg\",\"width\":250,\"height\":250,\"caption\":\"Meleg Baits\"},\"image\":{\"@id\":\"https:\/\/melegbait.com\/#\/schema\/logo\/image\/\"},\"sameAs\":[\"https:\/\/www.facebook.com\/MelegBait\"]}]}<\/script>\n<!-- \/ Yoast SEO plugin. -->","yoast_head_json":{"title":"Powder Dip - Strawberry Fish - Meleg bait","robots":{"index":"index","follow":"follow","max-snippet":"max-snippet:-1","max-image-preview":"max-image-preview:large","max-video-preview":"max-video-preview:-1"},"canonical":"https:\/\/melegbait.com\/en\/product\/powder-dip-strawberry-fish\/","og_locale":"en_GB","og_type":"article","og_title":"Powder Dip - Strawberry Fish - Meleg bait","og_description":"Dip koji se razlikuje od svi drugih pra\u0161kastih umakaljki jer on nije samo obi\u010dan dip. POWDER DIP mo\u017ee da se koristi i dodavanjem u boili miks. Na 1 kg. sweet boili miksa treba dodati od 2-4 kafene ka\u0161i\u010dice ovog proizvoda. Ovim dodatkom dobija se boili jo\u0161 vi\u0161eg kvaliteta. Recept za dipovanje je jednostavan. Boila na [&hellip;]","og_url":"https:\/\/melegbait.com\/en\/product\/powder-dip-strawberry-fish\/","og_site_name":"Meleg bait","article_publisher":"https:\/\/www.facebook.com\/MelegBait","article_modified_time":"2023-06-18T14:07:28+00:00","og_image":[{"width":600,"height":800,"url":"https:\/\/melegbait.com\/wp-content\/uploads\/2021\/01\/powder-dip-strawberry-fish.jpg","type":"image\/jpeg"}],"twitter_card":"summary_large_image","twitter_misc":{"Estimated reading time":"1 minute"},"schema":{"@context":"https:\/\/schema.org","@graph":[{"@type":"WebPage","@id":"https:\/\/melegbait.com\/product\/powder-dip-strawberry-fish\/","url":"https:\/\/melegbait.com\/product\/powder-dip-strawberry-fish\/","name":"Powder Dip - Strawberry Fish - Meleg bait","isPartOf":{"@id":"https:\/\/melegbait.com\/#website"},"primaryImageOfPage":{"@id":"https:\/\/melegbait.com\/product\/powder-dip-strawberry-fish\/#primaryimage"},"image":{"@id":"https:\/\/melegbait.com\/product\/powder-dip-strawberry-fish\/#primaryimage"},"thumbnailUrl":"https:\/\/melegbait.com\/wp-content\/uploads\/2021\/01\/powder-dip-strawberry-fish.jpg","datePublished":"2021-01-27T10:12:18+00:00","dateModified":"2023-06-18T14:07:28+00:00","breadcrumb":{"@id":"https:\/\/melegbait.com\/product\/powder-dip-strawberry-fish\/#breadcrumb"},"inLanguage":"en-GB","potentialAction":[{"@type":"ReadAction","target":["https:\/\/melegbait.com\/product\/powder-dip-strawberry-fish\/"]}]},{"@type":"ImageObject","inLanguage":"en-GB","@id":"https:\/\/melegbait.com\/product\/powder-dip-strawberry-fish\/#primaryimage","url":"https:\/\/melegbait.com\/wp-content\/uploads\/2021\/01\/powder-dip-strawberry-fish.jpg","contentUrl":"https:\/\/melegbait.com\/wp-content\/uploads\/2021\/01\/powder-dip-strawberry-fish.jpg","width":600,"height":800},{"@type":"BreadcrumbList","@id":"https:\/\/melegbait.com\/product\/powder-dip-strawberry-fish\/#breadcrumb","itemListElement":[{"@type":"ListItem","position":1,"name":"Home","item":"https:\/\/melegbait.com\/"},{"@type":"ListItem","position":2,"name":"Shop","item":"https:\/\/melegbait.com\/shop\/"},{"@type":"ListItem","position":3,"name":"Powder Dip &#8211; Strawberry Fish"}]},{"@type":"WebSite","@id":"https:\/\/melegbait.com\/#website","url":"https:\/\/melegbait.com\/","name":"Meleg bait","description":"Meleg bait","publisher":{"@id":"https:\/\/melegbait.com\/#organization"},"potentialAction":[{"@type":"SearchAction","target":{"@type":"EntryPoint","urlTemplate":"https:\/\/melegbait.com\/?s={search_term_string}"},"query-input":{"@type":"PropertyValueSpecification","valueRequired":true,"valueName":"search_term_string"}}],"inLanguage":"en-GB"},{"@type":"Organization","@id":"https:\/\/melegbait.com\/#organization","name":"Meleg Baits","url":"https:\/\/melegbait.com\/","logo":{"@type":"ImageObject","inLanguage":"en-GB","@id":"https:\/\/melegbait.com\/#\/schema\/logo\/image\/","url":"https:\/\/melegbait.com\/wp-content\/uploads\/2021\/02\/mblogo.jpg","contentUrl":"https:\/\/melegbait.com\/wp-content\/uploads\/2021\/02\/mblogo.jpg","width":250,"height":250,"caption":"Meleg Baits"},"image":{"@id":"https:\/\/melegbait.com\/#\/schema\/logo\/image\/"},"sameAs":["https:\/\/www.facebook.com\/MelegBait"]}]}},"_links":{"self":[{"href":"https:\/\/melegbait.com\/en\/wp-json\/wp\/v2\/product\/31680","targetHints":{"allow":["GET"]}}],"collection":[{"href":"https:\/\/melegbait.com\/en\/wp-json\/wp\/v2\/product"}],"about":[{"href":"https:\/\/melegbait.com\/en\/wp-json\/wp\/v2\/types\/product"}],"replies":[{"embeddable":true,"href":"https:\/\/melegbait.com\/en\/wp-json\/wp\/v2\/comments?post=31680"}],"wp:featuredmedia":[{"embeddable":true,"href":"https:\/\/melegbait.com\/en\/wp-json\/wp\/v2\/media\/31666"}],"wp:attachment":[{"href":"https:\/\/melegbait.com\/en\/wp-json\/wp\/v2\/media?parent=31680"}],"wp:term":[{"taxonomy":"product_brand","embeddable":true,"href":"https:\/\/melegbait.com\/en\/wp-json\/wp\/v2\/product_brand?post=31680"},{"taxonomy":"product_cat","embeddable":true,"href":"https:\/\/melegbait.com\/en\/wp-json\/wp\/v2\/product_cat?post=31680"},{"taxonomy":"product_tag","embeddable":true,"href":"https:\/\/melegbait.com\/en\/wp-json\/wp\/v2\/product_tag?post=31680"}],"curies":[{"name":"wp","href":"https:\/\/api.w.org\/{rel}","templated":true}]}}