{"id":31756,"date":"2021-01-30T16:40:31","date_gmt":"2021-01-30T15:40:31","guid":{"rendered":"https:\/\/melegbait.com\/?post_type=product&#038;p=31756"},"modified":"2023-05-18T22:09:13","modified_gmt":"2023-05-18T21:09:13","slug":"boosted-micro-boilie-octopus-squid","status":"publish","type":"product","link":"https:\/\/melegbait.com\/en\/product\/boosted-micro-boilie-octopus-squid\/","title":{"rendered":"Boosted boilie 90 g &#8211; Octopus squid"},"content":{"rendered":"<p>We would like to highlight the Fast Hybrid Dipped boilie, which is used exclusively as bait on hair, because it is additionally dipped with aromas, attractants, special triggers and hunger inducers. The mix itself is different and supplemented so that the boilie itself is richer and as such stands out among competitors that are intended for feeding. Boosted boilie with a diameter of 14mm, packs of 90g.<\/p>","protected":false},"excerpt":{"rendered":"<p>Kao posebno bi istakli Fast Hybrid Dipped boilu, koja se koristi isklju\u010divo kao mamac na dlaci, jer je dodatno dipovana aromama, atraktima, specijalnim okida\u010dima i izaziva\u010dima gladi. I sam miks je druga\u010diji i dopunjen kako bi sama boila bila bogatija i kao takva se istakla me\u0111u konkurentnim koje su namenjene za hranjenje.Boosted boile sa pre\u010dnikom [&hellip;]<\/p>","protected":false},"featured_media":31734,"comment_status":"open","ping_status":"closed","template":"","meta":{"_et_pb_use_builder":"","_et_pb_old_content":"","_et_gb_content_width":""},"product_brand":[],"product_cat":[31,32,59],"product_tag":[],"class_list":{"0":"post-31756","1":"product","2":"type-product","3":"status-publish","4":"has-post-thumbnail","6":"product_cat-carp","7":"product_cat-boili","8":"product_cat-boosted-micro-boili-10mm","10":"first","11":"instock","12":"taxable","13":"shipping-taxable","14":"purchasable","15":"product-type-simple"},"yoast_head":"<!-- This site is optimized with the Yoast SEO plugin v26.9 - https:\/\/yoast.com\/product\/yoast-seo-wordpress\/ -->\n<title>Boosted boilie 90 g - Octopus squid - Meleg bait<\/title>\n<meta name=\"robots\" content=\"index, follow, max-snippet:-1, max-image-preview:large, max-video-preview:-1\" \/>\n<link rel=\"canonical\" href=\"https:\/\/melegbait.com\/en\/product\/boosted-micro-boilie-octopus-squid\/\" \/>\n<meta property=\"og:locale\" content=\"en_GB\" \/>\n<meta property=\"og:type\" content=\"article\" \/>\n<meta property=\"og:title\" content=\"Boosted boilie 90 g - Octopus squid - Meleg bait\" \/>\n<meta property=\"og:description\" content=\"Kao posebno bi istakli Fast Hybrid Dipped boilu, koja se koristi isklju\u010divo kao mamac na dlaci, jer je dodatno dipovana aromama, atraktima, specijalnim okida\u010dima i izaziva\u010dima gladi. I sam miks je druga\u010diji i dopunjen kako bi sama boila bila bogatija i kao takva se istakla me\u0111u konkurentnim koje su namenjene za hranjenje.Boosted boile sa pre\u010dnikom [&hellip;]\" \/>\n<meta property=\"og:url\" content=\"https:\/\/melegbait.com\/en\/product\/boosted-micro-boilie-octopus-squid\/\" \/>\n<meta property=\"og:site_name\" content=\"Meleg bait\" \/>\n<meta property=\"article:publisher\" content=\"https:\/\/www.facebook.com\/MelegBait\" \/>\n<meta property=\"article:modified_time\" content=\"2023-05-18T21:09:13+00:00\" \/>\n<meta property=\"og:image\" content=\"https:\/\/melegbait.com\/wp-content\/uploads\/2021\/01\/boosted-boilie-octopus-squid.jpg\" \/>\n\t<meta property=\"og:image:width\" content=\"600\" \/>\n\t<meta property=\"og:image:height\" content=\"800\" \/>\n\t<meta property=\"og:image:type\" content=\"image\/jpeg\" \/>\n<meta name=\"twitter:card\" content=\"summary_large_image\" \/>\n<meta name=\"twitter:label1\" content=\"Estimated reading time\" \/>\n\t<meta name=\"twitter:data1\" content=\"1 minute\" \/>\n<script type=\"application\/ld+json\" class=\"yoast-schema-graph\">{\"@context\":\"https:\/\/schema.org\",\"@graph\":[{\"@type\":\"WebPage\",\"@id\":\"https:\/\/melegbait.com\/en\/product\/boosted-micro-boilie-octopus-squid\/\",\"url\":\"https:\/\/melegbait.com\/en\/product\/boosted-micro-boilie-octopus-squid\/\",\"name\":\"Boosted boilie 90 g - Octopus squid - Meleg bait\",\"isPartOf\":{\"@id\":\"https:\/\/melegbait.com\/#website\"},\"primaryImageOfPage\":{\"@id\":\"https:\/\/melegbait.com\/en\/product\/boosted-micro-boilie-octopus-squid\/#primaryimage\"},\"image\":{\"@id\":\"https:\/\/melegbait.com\/en\/product\/boosted-micro-boilie-octopus-squid\/#primaryimage\"},\"thumbnailUrl\":\"https:\/\/melegbait.com\/wp-content\/uploads\/2021\/01\/boosted-boilie-octopus-squid.jpg\",\"datePublished\":\"2021-01-30T15:40:31+00:00\",\"dateModified\":\"2023-05-18T21:09:13+00:00\",\"breadcrumb\":{\"@id\":\"https:\/\/melegbait.com\/en\/product\/boosted-micro-boilie-octopus-squid\/#breadcrumb\"},\"inLanguage\":\"en-GB\",\"potentialAction\":[{\"@type\":\"ReadAction\",\"target\":[\"https:\/\/melegbait.com\/en\/product\/boosted-micro-boilie-octopus-squid\/\"]}]},{\"@type\":\"ImageObject\",\"inLanguage\":\"en-GB\",\"@id\":\"https:\/\/melegbait.com\/en\/product\/boosted-micro-boilie-octopus-squid\/#primaryimage\",\"url\":\"https:\/\/melegbait.com\/wp-content\/uploads\/2021\/01\/boosted-boilie-octopus-squid.jpg\",\"contentUrl\":\"https:\/\/melegbait.com\/wp-content\/uploads\/2021\/01\/boosted-boilie-octopus-squid.jpg\",\"width\":600,\"height\":800},{\"@type\":\"BreadcrumbList\",\"@id\":\"https:\/\/melegbait.com\/en\/product\/boosted-micro-boilie-octopus-squid\/#breadcrumb\",\"itemListElement\":[{\"@type\":\"ListItem\",\"position\":1,\"name\":\"Home\",\"item\":\"https:\/\/melegbait.com\/\"},{\"@type\":\"ListItem\",\"position\":2,\"name\":\"Shop\",\"item\":\"https:\/\/melegbait.com\/shop\/\"},{\"@type\":\"ListItem\",\"position\":3,\"name\":\"Boosted boilie 90 g &#8211; Octopus squid\"}]},{\"@type\":\"WebSite\",\"@id\":\"https:\/\/melegbait.com\/#website\",\"url\":\"https:\/\/melegbait.com\/\",\"name\":\"Meleg bait\",\"description\":\"Meleg bait\",\"publisher\":{\"@id\":\"https:\/\/melegbait.com\/#organization\"},\"potentialAction\":[{\"@type\":\"SearchAction\",\"target\":{\"@type\":\"EntryPoint\",\"urlTemplate\":\"https:\/\/melegbait.com\/?s={search_term_string}\"},\"query-input\":{\"@type\":\"PropertyValueSpecification\",\"valueRequired\":true,\"valueName\":\"search_term_string\"}}],\"inLanguage\":\"en-GB\"},{\"@type\":\"Organization\",\"@id\":\"https:\/\/melegbait.com\/#organization\",\"name\":\"Meleg Baits\",\"url\":\"https:\/\/melegbait.com\/\",\"logo\":{\"@type\":\"ImageObject\",\"inLanguage\":\"en-GB\",\"@id\":\"https:\/\/melegbait.com\/#\/schema\/logo\/image\/\",\"url\":\"https:\/\/melegbait.com\/wp-content\/uploads\/2021\/02\/mblogo.jpg\",\"contentUrl\":\"https:\/\/melegbait.com\/wp-content\/uploads\/2021\/02\/mblogo.jpg\",\"width\":250,\"height\":250,\"caption\":\"Meleg Baits\"},\"image\":{\"@id\":\"https:\/\/melegbait.com\/#\/schema\/logo\/image\/\"},\"sameAs\":[\"https:\/\/www.facebook.com\/MelegBait\"]}]}<\/script>\n<!-- \/ Yoast SEO plugin. -->","yoast_head_json":{"title":"Boosted boilie 90 g - Octopus squid - Meleg bait","robots":{"index":"index","follow":"follow","max-snippet":"max-snippet:-1","max-image-preview":"max-image-preview:large","max-video-preview":"max-video-preview:-1"},"canonical":"https:\/\/melegbait.com\/en\/product\/boosted-micro-boilie-octopus-squid\/","og_locale":"en_GB","og_type":"article","og_title":"Boosted boilie 90 g - Octopus squid - Meleg bait","og_description":"Kao posebno bi istakli Fast Hybrid Dipped boilu, koja se koristi isklju\u010divo kao mamac na dlaci, jer je dodatno dipovana aromama, atraktima, specijalnim okida\u010dima i izaziva\u010dima gladi. I sam miks je druga\u010diji i dopunjen kako bi sama boila bila bogatija i kao takva se istakla me\u0111u konkurentnim koje su namenjene za hranjenje.Boosted boile sa pre\u010dnikom [&hellip;]","og_url":"https:\/\/melegbait.com\/en\/product\/boosted-micro-boilie-octopus-squid\/","og_site_name":"Meleg bait","article_publisher":"https:\/\/www.facebook.com\/MelegBait","article_modified_time":"2023-05-18T21:09:13+00:00","og_image":[{"width":600,"height":800,"url":"https:\/\/melegbait.com\/wp-content\/uploads\/2021\/01\/boosted-boilie-octopus-squid.jpg","type":"image\/jpeg"}],"twitter_card":"summary_large_image","twitter_misc":{"Estimated reading time":"1 minute"},"schema":{"@context":"https:\/\/schema.org","@graph":[{"@type":"WebPage","@id":"https:\/\/melegbait.com\/en\/product\/boosted-micro-boilie-octopus-squid\/","url":"https:\/\/melegbait.com\/en\/product\/boosted-micro-boilie-octopus-squid\/","name":"Boosted boilie 90 g - Octopus squid - Meleg bait","isPartOf":{"@id":"https:\/\/melegbait.com\/#website"},"primaryImageOfPage":{"@id":"https:\/\/melegbait.com\/en\/product\/boosted-micro-boilie-octopus-squid\/#primaryimage"},"image":{"@id":"https:\/\/melegbait.com\/en\/product\/boosted-micro-boilie-octopus-squid\/#primaryimage"},"thumbnailUrl":"https:\/\/melegbait.com\/wp-content\/uploads\/2021\/01\/boosted-boilie-octopus-squid.jpg","datePublished":"2021-01-30T15:40:31+00:00","dateModified":"2023-05-18T21:09:13+00:00","breadcrumb":{"@id":"https:\/\/melegbait.com\/en\/product\/boosted-micro-boilie-octopus-squid\/#breadcrumb"},"inLanguage":"en-GB","potentialAction":[{"@type":"ReadAction","target":["https:\/\/melegbait.com\/en\/product\/boosted-micro-boilie-octopus-squid\/"]}]},{"@type":"ImageObject","inLanguage":"en-GB","@id":"https:\/\/melegbait.com\/en\/product\/boosted-micro-boilie-octopus-squid\/#primaryimage","url":"https:\/\/melegbait.com\/wp-content\/uploads\/2021\/01\/boosted-boilie-octopus-squid.jpg","contentUrl":"https:\/\/melegbait.com\/wp-content\/uploads\/2021\/01\/boosted-boilie-octopus-squid.jpg","width":600,"height":800},{"@type":"BreadcrumbList","@id":"https:\/\/melegbait.com\/en\/product\/boosted-micro-boilie-octopus-squid\/#breadcrumb","itemListElement":[{"@type":"ListItem","position":1,"name":"Home","item":"https:\/\/melegbait.com\/"},{"@type":"ListItem","position":2,"name":"Shop","item":"https:\/\/melegbait.com\/shop\/"},{"@type":"ListItem","position":3,"name":"Boosted boilie 90 g &#8211; Octopus squid"}]},{"@type":"WebSite","@id":"https:\/\/melegbait.com\/#website","url":"https:\/\/melegbait.com\/","name":"Meleg bait","description":"Meleg bait","publisher":{"@id":"https:\/\/melegbait.com\/#organization"},"potentialAction":[{"@type":"SearchAction","target":{"@type":"EntryPoint","urlTemplate":"https:\/\/melegbait.com\/?s={search_term_string}"},"query-input":{"@type":"PropertyValueSpecification","valueRequired":true,"valueName":"search_term_string"}}],"inLanguage":"en-GB"},{"@type":"Organization","@id":"https:\/\/melegbait.com\/#organization","name":"Meleg Baits","url":"https:\/\/melegbait.com\/","logo":{"@type":"ImageObject","inLanguage":"en-GB","@id":"https:\/\/melegbait.com\/#\/schema\/logo\/image\/","url":"https:\/\/melegbait.com\/wp-content\/uploads\/2021\/02\/mblogo.jpg","contentUrl":"https:\/\/melegbait.com\/wp-content\/uploads\/2021\/02\/mblogo.jpg","width":250,"height":250,"caption":"Meleg Baits"},"image":{"@id":"https:\/\/melegbait.com\/#\/schema\/logo\/image\/"},"sameAs":["https:\/\/www.facebook.com\/MelegBait"]}]}},"_links":{"self":[{"href":"https:\/\/melegbait.com\/en\/wp-json\/wp\/v2\/product\/31756","targetHints":{"allow":["GET"]}}],"collection":[{"href":"https:\/\/melegbait.com\/en\/wp-json\/wp\/v2\/product"}],"about":[{"href":"https:\/\/melegbait.com\/en\/wp-json\/wp\/v2\/types\/product"}],"replies":[{"embeddable":true,"href":"https:\/\/melegbait.com\/en\/wp-json\/wp\/v2\/comments?post=31756"}],"wp:featuredmedia":[{"embeddable":true,"href":"https:\/\/melegbait.com\/en\/wp-json\/wp\/v2\/media\/31734"}],"wp:attachment":[{"href":"https:\/\/melegbait.com\/en\/wp-json\/wp\/v2\/media?parent=31756"}],"wp:term":[{"taxonomy":"product_brand","embeddable":true,"href":"https:\/\/melegbait.com\/en\/wp-json\/wp\/v2\/product_brand?post=31756"},{"taxonomy":"product_cat","embeddable":true,"href":"https:\/\/melegbait.com\/en\/wp-json\/wp\/v2\/product_cat?post=31756"},{"taxonomy":"product_tag","embeddable":true,"href":"https:\/\/melegbait.com\/en\/wp-json\/wp\/v2\/product_tag?post=31756"}],"curies":[{"name":"wp","href":"https:\/\/api.w.org\/{rel}","templated":true}]}}