{"id":31896,"date":"2021-02-02T22:11:42","date_gmt":"2021-02-02T21:11:42","guid":{"rendered":"https:\/\/melegbait.com\/?post_type=product&#038;p=31896"},"modified":"2024-03-04T15:42:07","modified_gmt":"2024-03-04T14:42:07","slug":"fast-hybrid-zebra-mussel","status":"publish","type":"product","link":"https:\/\/melegbait.com\/en\/product\/fast-hybrid-zebra-mussel\/","title":{"rendered":"Fast Hybrid boilie- Zebra Mussel"},"content":{"rendered":"<p>Fast Hybrid boila je komercijalna boila koja je \u010desto bila upore\u0111ivanja sa drugim uspe\u0161nim svetskim boilama. Ove boile su ostavile siguran trag u svetu za svih ovih 25 godina rada Meleg Bait. Boile su uspe\u0161ne i lovne u svim sezonama i okolnostima jer su veoma izbalansirane. Ove boile pored osnovnih sastojaka sadr\u017ee i komponente koje su same po sebi uspe\u0161ne ve\u0107 godinama, a to su: Attract Natural, C.S.P. Bio Protein, Amino Digest, Betaine HCl. Kao \u0161to i samo ime govori \u201cFast Hybrid\u201d u pitanju su najbr\u017ee komercijalne boile koje uvek i brzo love ribu. Ove boile se proizvode u veli\u010dinama 14mm i 18mm pre\u010dnika. Sa vi\u0161e od dvadeset jedinstvenih aroma uvek postoji pravo re\u0161enje za uspe\u0161an dan na vodi. Kao posebonst bi istakli Fast Hybrid Dipped boilu, koja se koristi isklju\u010divo kao mamac na dlaci, jer je dodatno dipovana aromama, atraktima, specijalnim okida\u010dima i izaziva\u010dima gladi. I sam miks je ne\u0161to druga\u010diji kako bi sama boila bila bogatija i kao takva se istakla me\u0111u konkurentim. Tu su i micro Dipped boile sa pre\u010dnikom 10mm.<\/p>","protected":false},"excerpt":{"rendered":"<p>Fast Hybrid boila je komercijalna boila koja je \u010desto bila upore\u0111ivanja sa drugim uspe\u0161nim svetskim boilama. Ove boile su ostavile siguran trag u svetu za svih ovih 25 godina rada Meleg Bait. Boile su uspe\u0161ne i lovne u svim sezonama i okolnostima jer su veoma izbalansirane. Ove boile pored osnovnih sastojaka sadr\u017ee i komponente koje [&hellip;]<\/p>","protected":false},"featured_media":30653,"comment_status":"open","ping_status":"closed","template":"","meta":{"_et_pb_use_builder":"","_et_pb_old_content":"","_et_gb_content_width":""},"product_brand":[],"product_cat":[31,32,33],"product_tag":[],"class_list":{"0":"post-31896","1":"product","2":"type-product","3":"status-publish","4":"has-post-thumbnail","6":"product_cat-carp","7":"product_cat-boili","8":"product_cat-fast-hybrid-boili","10":"first","11":"instock","12":"taxable","13":"shipping-taxable","14":"purchasable","15":"product-type-variable"},"yoast_head":"<!-- This site is optimized with the Yoast SEO plugin v26.9 - https:\/\/yoast.com\/product\/yoast-seo-wordpress\/ -->\n<title>Fast Hybrid boilie- Zebra Mussel - Meleg bait<\/title>\n<meta name=\"robots\" content=\"index, follow, max-snippet:-1, max-image-preview:large, max-video-preview:-1\" \/>\n<link rel=\"canonical\" href=\"https:\/\/melegbait.com\/en\/product\/fast-hybrid-zebra-mussel\/\" \/>\n<meta property=\"og:locale\" content=\"en_GB\" \/>\n<meta property=\"og:type\" content=\"article\" \/>\n<meta property=\"og:title\" content=\"Fast Hybrid boilie- Zebra Mussel - Meleg bait\" \/>\n<meta property=\"og:description\" content=\"Fast Hybrid boila je komercijalna boila koja je \u010desto bila upore\u0111ivanja sa drugim uspe\u0161nim svetskim boilama. Ove boile su ostavile siguran trag u svetu za svih ovih 25 godina rada Meleg Bait. Boile su uspe\u0161ne i lovne u svim sezonama i okolnostima jer su veoma izbalansirane. Ove boile pored osnovnih sastojaka sadr\u017ee i komponente koje [&hellip;]\" \/>\n<meta property=\"og:url\" content=\"https:\/\/melegbait.com\/en\/product\/fast-hybrid-zebra-mussel\/\" \/>\n<meta property=\"og:site_name\" content=\"Meleg bait\" \/>\n<meta property=\"article:publisher\" content=\"https:\/\/www.facebook.com\/MelegBait\" \/>\n<meta property=\"article:modified_time\" content=\"2024-03-04T14:42:07+00:00\" \/>\n<meta property=\"og:image\" content=\"https:\/\/melegbait.com\/wp-content\/uploads\/2020\/11\/FastHybrid-zebra-mussel.jpg\" \/>\n\t<meta property=\"og:image:width\" content=\"800\" \/>\n\t<meta property=\"og:image:height\" content=\"800\" \/>\n\t<meta property=\"og:image:type\" content=\"image\/jpeg\" \/>\n<meta name=\"twitter:card\" content=\"summary_large_image\" \/>\n<meta name=\"twitter:label1\" content=\"Estimated reading time\" \/>\n\t<meta name=\"twitter:data1\" content=\"1 minute\" \/>\n<script type=\"application\/ld+json\" class=\"yoast-schema-graph\">{\"@context\":\"https:\/\/schema.org\",\"@graph\":[{\"@type\":\"WebPage\",\"@id\":\"https:\/\/melegbait.com\/product\/fast-hybrid-zebra-mussel\/\",\"url\":\"https:\/\/melegbait.com\/product\/fast-hybrid-zebra-mussel\/\",\"name\":\"Fast Hybrid boilie- Zebra Mussel - Meleg bait\",\"isPartOf\":{\"@id\":\"https:\/\/melegbait.com\/#website\"},\"primaryImageOfPage\":{\"@id\":\"https:\/\/melegbait.com\/product\/fast-hybrid-zebra-mussel\/#primaryimage\"},\"image\":{\"@id\":\"https:\/\/melegbait.com\/product\/fast-hybrid-zebra-mussel\/#primaryimage\"},\"thumbnailUrl\":\"https:\/\/melegbait.com\/wp-content\/uploads\/2020\/11\/FastHybrid-zebra-mussel.jpg\",\"datePublished\":\"2021-02-02T21:11:42+00:00\",\"dateModified\":\"2024-03-04T14:42:07+00:00\",\"breadcrumb\":{\"@id\":\"https:\/\/melegbait.com\/product\/fast-hybrid-zebra-mussel\/#breadcrumb\"},\"inLanguage\":\"en-GB\",\"potentialAction\":[{\"@type\":\"ReadAction\",\"target\":[\"https:\/\/melegbait.com\/product\/fast-hybrid-zebra-mussel\/\"]}]},{\"@type\":\"ImageObject\",\"inLanguage\":\"en-GB\",\"@id\":\"https:\/\/melegbait.com\/product\/fast-hybrid-zebra-mussel\/#primaryimage\",\"url\":\"https:\/\/melegbait.com\/wp-content\/uploads\/2020\/11\/FastHybrid-zebra-mussel.jpg\",\"contentUrl\":\"https:\/\/melegbait.com\/wp-content\/uploads\/2020\/11\/FastHybrid-zebra-mussel.jpg\",\"width\":800,\"height\":800},{\"@type\":\"BreadcrumbList\",\"@id\":\"https:\/\/melegbait.com\/product\/fast-hybrid-zebra-mussel\/#breadcrumb\",\"itemListElement\":[{\"@type\":\"ListItem\",\"position\":1,\"name\":\"Home\",\"item\":\"https:\/\/melegbait.com\/\"},{\"@type\":\"ListItem\",\"position\":2,\"name\":\"Shop\",\"item\":\"https:\/\/melegbait.com\/shop\/\"},{\"@type\":\"ListItem\",\"position\":3,\"name\":\"Fast Hybrid boilie- Zebra Mussel\"}]},{\"@type\":\"WebSite\",\"@id\":\"https:\/\/melegbait.com\/#website\",\"url\":\"https:\/\/melegbait.com\/\",\"name\":\"Meleg bait\",\"description\":\"Meleg bait\",\"publisher\":{\"@id\":\"https:\/\/melegbait.com\/#organization\"},\"potentialAction\":[{\"@type\":\"SearchAction\",\"target\":{\"@type\":\"EntryPoint\",\"urlTemplate\":\"https:\/\/melegbait.com\/?s={search_term_string}\"},\"query-input\":{\"@type\":\"PropertyValueSpecification\",\"valueRequired\":true,\"valueName\":\"search_term_string\"}}],\"inLanguage\":\"en-GB\"},{\"@type\":\"Organization\",\"@id\":\"https:\/\/melegbait.com\/#organization\",\"name\":\"Meleg Baits\",\"url\":\"https:\/\/melegbait.com\/\",\"logo\":{\"@type\":\"ImageObject\",\"inLanguage\":\"en-GB\",\"@id\":\"https:\/\/melegbait.com\/#\/schema\/logo\/image\/\",\"url\":\"https:\/\/melegbait.com\/wp-content\/uploads\/2021\/02\/mblogo.jpg\",\"contentUrl\":\"https:\/\/melegbait.com\/wp-content\/uploads\/2021\/02\/mblogo.jpg\",\"width\":250,\"height\":250,\"caption\":\"Meleg Baits\"},\"image\":{\"@id\":\"https:\/\/melegbait.com\/#\/schema\/logo\/image\/\"},\"sameAs\":[\"https:\/\/www.facebook.com\/MelegBait\"]}]}<\/script>\n<!-- \/ Yoast SEO plugin. -->","yoast_head_json":{"title":"Fast Hybrid boilie- Zebra Mussel - Meleg bait","robots":{"index":"index","follow":"follow","max-snippet":"max-snippet:-1","max-image-preview":"max-image-preview:large","max-video-preview":"max-video-preview:-1"},"canonical":"https:\/\/melegbait.com\/en\/product\/fast-hybrid-zebra-mussel\/","og_locale":"en_GB","og_type":"article","og_title":"Fast Hybrid boilie- Zebra Mussel - Meleg bait","og_description":"Fast Hybrid boila je komercijalna boila koja je \u010desto bila upore\u0111ivanja sa drugim uspe\u0161nim svetskim boilama. Ove boile su ostavile siguran trag u svetu za svih ovih 25 godina rada Meleg Bait. Boile su uspe\u0161ne i lovne u svim sezonama i okolnostima jer su veoma izbalansirane. Ove boile pored osnovnih sastojaka sadr\u017ee i komponente koje [&hellip;]","og_url":"https:\/\/melegbait.com\/en\/product\/fast-hybrid-zebra-mussel\/","og_site_name":"Meleg bait","article_publisher":"https:\/\/www.facebook.com\/MelegBait","article_modified_time":"2024-03-04T14:42:07+00:00","og_image":[{"width":800,"height":800,"url":"https:\/\/melegbait.com\/wp-content\/uploads\/2020\/11\/FastHybrid-zebra-mussel.jpg","type":"image\/jpeg"}],"twitter_card":"summary_large_image","twitter_misc":{"Estimated reading time":"1 minute"},"schema":{"@context":"https:\/\/schema.org","@graph":[{"@type":"WebPage","@id":"https:\/\/melegbait.com\/product\/fast-hybrid-zebra-mussel\/","url":"https:\/\/melegbait.com\/product\/fast-hybrid-zebra-mussel\/","name":"Fast Hybrid boilie- Zebra Mussel - Meleg bait","isPartOf":{"@id":"https:\/\/melegbait.com\/#website"},"primaryImageOfPage":{"@id":"https:\/\/melegbait.com\/product\/fast-hybrid-zebra-mussel\/#primaryimage"},"image":{"@id":"https:\/\/melegbait.com\/product\/fast-hybrid-zebra-mussel\/#primaryimage"},"thumbnailUrl":"https:\/\/melegbait.com\/wp-content\/uploads\/2020\/11\/FastHybrid-zebra-mussel.jpg","datePublished":"2021-02-02T21:11:42+00:00","dateModified":"2024-03-04T14:42:07+00:00","breadcrumb":{"@id":"https:\/\/melegbait.com\/product\/fast-hybrid-zebra-mussel\/#breadcrumb"},"inLanguage":"en-GB","potentialAction":[{"@type":"ReadAction","target":["https:\/\/melegbait.com\/product\/fast-hybrid-zebra-mussel\/"]}]},{"@type":"ImageObject","inLanguage":"en-GB","@id":"https:\/\/melegbait.com\/product\/fast-hybrid-zebra-mussel\/#primaryimage","url":"https:\/\/melegbait.com\/wp-content\/uploads\/2020\/11\/FastHybrid-zebra-mussel.jpg","contentUrl":"https:\/\/melegbait.com\/wp-content\/uploads\/2020\/11\/FastHybrid-zebra-mussel.jpg","width":800,"height":800},{"@type":"BreadcrumbList","@id":"https:\/\/melegbait.com\/product\/fast-hybrid-zebra-mussel\/#breadcrumb","itemListElement":[{"@type":"ListItem","position":1,"name":"Home","item":"https:\/\/melegbait.com\/"},{"@type":"ListItem","position":2,"name":"Shop","item":"https:\/\/melegbait.com\/shop\/"},{"@type":"ListItem","position":3,"name":"Fast Hybrid boilie- Zebra Mussel"}]},{"@type":"WebSite","@id":"https:\/\/melegbait.com\/#website","url":"https:\/\/melegbait.com\/","name":"Meleg bait","description":"Meleg bait","publisher":{"@id":"https:\/\/melegbait.com\/#organization"},"potentialAction":[{"@type":"SearchAction","target":{"@type":"EntryPoint","urlTemplate":"https:\/\/melegbait.com\/?s={search_term_string}"},"query-input":{"@type":"PropertyValueSpecification","valueRequired":true,"valueName":"search_term_string"}}],"inLanguage":"en-GB"},{"@type":"Organization","@id":"https:\/\/melegbait.com\/#organization","name":"Meleg Baits","url":"https:\/\/melegbait.com\/","logo":{"@type":"ImageObject","inLanguage":"en-GB","@id":"https:\/\/melegbait.com\/#\/schema\/logo\/image\/","url":"https:\/\/melegbait.com\/wp-content\/uploads\/2021\/02\/mblogo.jpg","contentUrl":"https:\/\/melegbait.com\/wp-content\/uploads\/2021\/02\/mblogo.jpg","width":250,"height":250,"caption":"Meleg Baits"},"image":{"@id":"https:\/\/melegbait.com\/#\/schema\/logo\/image\/"},"sameAs":["https:\/\/www.facebook.com\/MelegBait"]}]}},"_links":{"self":[{"href":"https:\/\/melegbait.com\/en\/wp-json\/wp\/v2\/product\/31896","targetHints":{"allow":["GET"]}}],"collection":[{"href":"https:\/\/melegbait.com\/en\/wp-json\/wp\/v2\/product"}],"about":[{"href":"https:\/\/melegbait.com\/en\/wp-json\/wp\/v2\/types\/product"}],"replies":[{"embeddable":true,"href":"https:\/\/melegbait.com\/en\/wp-json\/wp\/v2\/comments?post=31896"}],"wp:featuredmedia":[{"embeddable":true,"href":"https:\/\/melegbait.com\/en\/wp-json\/wp\/v2\/media\/30653"}],"wp:attachment":[{"href":"https:\/\/melegbait.com\/en\/wp-json\/wp\/v2\/media?parent=31896"}],"wp:term":[{"taxonomy":"product_brand","embeddable":true,"href":"https:\/\/melegbait.com\/en\/wp-json\/wp\/v2\/product_brand?post=31896"},{"taxonomy":"product_cat","embeddable":true,"href":"https:\/\/melegbait.com\/en\/wp-json\/wp\/v2\/product_cat?post=31896"},{"taxonomy":"product_tag","embeddable":true,"href":"https:\/\/melegbait.com\/en\/wp-json\/wp\/v2\/product_tag?post=31896"}],"curies":[{"name":"wp","href":"https:\/\/api.w.org\/{rel}","templated":true}]}}