{"id":32119,"date":"2021-02-14T18:02:39","date_gmt":"2021-02-14T17:02:39","guid":{"rendered":"https:\/\/melegbait.com\/?post_type=product&#038;p=32119"},"modified":"2023-06-24T13:33:43","modified_gmt":"2023-06-24T12:33:43","slug":"pop-ups-plum-shellfish","status":"publish","type":"product","link":"https:\/\/melegbait.com\/en\/product\/pop-ups-plum-shellfish\/","title":{"rendered":"Pop Up&#8217;s &#8211; Plum shellfish"},"content":{"rendered":"<p>Diameter: 10mm &amp; 14mm<\/p>","protected":false},"excerpt":{"rendered":"<p>Pop Up`s boile nisu obi\u010dne dipovane boile nego su oboga\u0107ene i izaziva\u010dima. Meleg Bait Pop Up`s plutaju\u0107e 10mm I 14mm boile se izra\u0111uju od standardnog miksa sa dodatkom atraktora i komponenti koje omogu\u0107avaju \u201cplivanje\u201d boile. Ove Pop Up`s boile nisu izra\u017eeno plivaju\u0107e, ali samim prolaskom \u0161arana i minimalnim pomeranjem vode, boila se podi\u017ee i posle [&hellip;]<\/p>","protected":false},"featured_media":31775,"comment_status":"open","ping_status":"closed","template":"","meta":{"_et_pb_use_builder":"","_et_pb_old_content":"","_et_gb_content_width":""},"product_brand":[],"product_cat":[31,32,36],"product_tag":[],"class_list":{"0":"post-32119","1":"product","2":"type-product","3":"status-publish","4":"has-post-thumbnail","6":"product_cat-carp","7":"product_cat-boili","8":"product_cat-pop-up-boili","10":"first","11":"instock","12":"taxable","13":"shipping-taxable","14":"purchasable","15":"product-type-variable"},"yoast_head":"<!-- This site is optimized with the Yoast SEO plugin v26.9 - https:\/\/yoast.com\/product\/yoast-seo-wordpress\/ -->\n<title>Pop Up&#039;s - Plum shellfish - Meleg bait<\/title>\n<meta name=\"robots\" content=\"index, follow, max-snippet:-1, max-image-preview:large, max-video-preview:-1\" \/>\n<link rel=\"canonical\" href=\"https:\/\/melegbait.com\/en\/product\/pop-ups-plum-shellfish\/\" \/>\n<meta property=\"og:locale\" content=\"en_GB\" \/>\n<meta property=\"og:type\" content=\"article\" \/>\n<meta property=\"og:title\" content=\"Pop Up&#039;s - Plum shellfish - Meleg bait\" \/>\n<meta property=\"og:description\" content=\"Pop Up`s boile nisu obi\u010dne dipovane boile nego su oboga\u0107ene i izaziva\u010dima. Meleg Bait Pop Up`s plutaju\u0107e 10mm I 14mm boile se izra\u0111uju od standardnog miksa sa dodatkom atraktora i komponenti koje omogu\u0107avaju \u201cplivanje\u201d boile. Ove Pop Up`s boile nisu izra\u017eeno plivaju\u0107e, ali samim prolaskom \u0161arana i minimalnim pomeranjem vode, boila se podi\u017ee i posle [&hellip;]\" \/>\n<meta property=\"og:url\" content=\"https:\/\/melegbait.com\/en\/product\/pop-ups-plum-shellfish\/\" \/>\n<meta property=\"og:site_name\" content=\"Meleg bait\" \/>\n<meta property=\"article:publisher\" content=\"https:\/\/www.facebook.com\/MelegBait\" \/>\n<meta property=\"article:modified_time\" content=\"2023-06-24T12:33:43+00:00\" \/>\n<meta property=\"og:image\" content=\"https:\/\/melegbait.com\/wp-content\/uploads\/2021\/01\/popup-plum-shellfish.jpg\" \/>\n\t<meta property=\"og:image:width\" content=\"600\" \/>\n\t<meta property=\"og:image:height\" content=\"800\" \/>\n\t<meta property=\"og:image:type\" content=\"image\/jpeg\" \/>\n<meta name=\"twitter:card\" content=\"summary_large_image\" \/>\n<script type=\"application\/ld+json\" class=\"yoast-schema-graph\">{\"@context\":\"https:\/\/schema.org\",\"@graph\":[{\"@type\":\"WebPage\",\"@id\":\"https:\/\/melegbait.com\/product\/pop-ups-plum-shellfish\/\",\"url\":\"https:\/\/melegbait.com\/product\/pop-ups-plum-shellfish\/\",\"name\":\"Pop Up's - Plum shellfish - Meleg bait\",\"isPartOf\":{\"@id\":\"https:\/\/melegbait.com\/#website\"},\"primaryImageOfPage\":{\"@id\":\"https:\/\/melegbait.com\/product\/pop-ups-plum-shellfish\/#primaryimage\"},\"image\":{\"@id\":\"https:\/\/melegbait.com\/product\/pop-ups-plum-shellfish\/#primaryimage\"},\"thumbnailUrl\":\"https:\/\/melegbait.com\/wp-content\/uploads\/2021\/01\/popup-plum-shellfish.jpg\",\"datePublished\":\"2021-02-14T17:02:39+00:00\",\"dateModified\":\"2023-06-24T12:33:43+00:00\",\"breadcrumb\":{\"@id\":\"https:\/\/melegbait.com\/product\/pop-ups-plum-shellfish\/#breadcrumb\"},\"inLanguage\":\"en-GB\",\"potentialAction\":[{\"@type\":\"ReadAction\",\"target\":[\"https:\/\/melegbait.com\/product\/pop-ups-plum-shellfish\/\"]}]},{\"@type\":\"ImageObject\",\"inLanguage\":\"en-GB\",\"@id\":\"https:\/\/melegbait.com\/product\/pop-ups-plum-shellfish\/#primaryimage\",\"url\":\"https:\/\/melegbait.com\/wp-content\/uploads\/2021\/01\/popup-plum-shellfish.jpg\",\"contentUrl\":\"https:\/\/melegbait.com\/wp-content\/uploads\/2021\/01\/popup-plum-shellfish.jpg\",\"width\":600,\"height\":800},{\"@type\":\"BreadcrumbList\",\"@id\":\"https:\/\/melegbait.com\/product\/pop-ups-plum-shellfish\/#breadcrumb\",\"itemListElement\":[{\"@type\":\"ListItem\",\"position\":1,\"name\":\"Home\",\"item\":\"https:\/\/melegbait.com\/\"},{\"@type\":\"ListItem\",\"position\":2,\"name\":\"Shop\",\"item\":\"https:\/\/melegbait.com\/shop\/\"},{\"@type\":\"ListItem\",\"position\":3,\"name\":\"Pop Up&#8217;s &#8211; Plum shellfish\"}]},{\"@type\":\"WebSite\",\"@id\":\"https:\/\/melegbait.com\/#website\",\"url\":\"https:\/\/melegbait.com\/\",\"name\":\"Meleg bait\",\"description\":\"Meleg bait\",\"publisher\":{\"@id\":\"https:\/\/melegbait.com\/#organization\"},\"potentialAction\":[{\"@type\":\"SearchAction\",\"target\":{\"@type\":\"EntryPoint\",\"urlTemplate\":\"https:\/\/melegbait.com\/?s={search_term_string}\"},\"query-input\":{\"@type\":\"PropertyValueSpecification\",\"valueRequired\":true,\"valueName\":\"search_term_string\"}}],\"inLanguage\":\"en-GB\"},{\"@type\":\"Organization\",\"@id\":\"https:\/\/melegbait.com\/#organization\",\"name\":\"Meleg Baits\",\"url\":\"https:\/\/melegbait.com\/\",\"logo\":{\"@type\":\"ImageObject\",\"inLanguage\":\"en-GB\",\"@id\":\"https:\/\/melegbait.com\/#\/schema\/logo\/image\/\",\"url\":\"https:\/\/melegbait.com\/wp-content\/uploads\/2021\/02\/mblogo.jpg\",\"contentUrl\":\"https:\/\/melegbait.com\/wp-content\/uploads\/2021\/02\/mblogo.jpg\",\"width\":250,\"height\":250,\"caption\":\"Meleg Baits\"},\"image\":{\"@id\":\"https:\/\/melegbait.com\/#\/schema\/logo\/image\/\"},\"sameAs\":[\"https:\/\/www.facebook.com\/MelegBait\"]}]}<\/script>\n<!-- \/ Yoast SEO plugin. -->","yoast_head_json":{"title":"Pop Up's - Plum shellfish - Meleg bait","robots":{"index":"index","follow":"follow","max-snippet":"max-snippet:-1","max-image-preview":"max-image-preview:large","max-video-preview":"max-video-preview:-1"},"canonical":"https:\/\/melegbait.com\/en\/product\/pop-ups-plum-shellfish\/","og_locale":"en_GB","og_type":"article","og_title":"Pop Up's - Plum shellfish - Meleg bait","og_description":"Pop Up`s boile nisu obi\u010dne dipovane boile nego su oboga\u0107ene i izaziva\u010dima. Meleg Bait Pop Up`s plutaju\u0107e 10mm I 14mm boile se izra\u0111uju od standardnog miksa sa dodatkom atraktora i komponenti koje omogu\u0107avaju \u201cplivanje\u201d boile. Ove Pop Up`s boile nisu izra\u017eeno plivaju\u0107e, ali samim prolaskom \u0161arana i minimalnim pomeranjem vode, boila se podi\u017ee i posle [&hellip;]","og_url":"https:\/\/melegbait.com\/en\/product\/pop-ups-plum-shellfish\/","og_site_name":"Meleg bait","article_publisher":"https:\/\/www.facebook.com\/MelegBait","article_modified_time":"2023-06-24T12:33:43+00:00","og_image":[{"width":600,"height":800,"url":"https:\/\/melegbait.com\/wp-content\/uploads\/2021\/01\/popup-plum-shellfish.jpg","type":"image\/jpeg"}],"twitter_card":"summary_large_image","schema":{"@context":"https:\/\/schema.org","@graph":[{"@type":"WebPage","@id":"https:\/\/melegbait.com\/product\/pop-ups-plum-shellfish\/","url":"https:\/\/melegbait.com\/product\/pop-ups-plum-shellfish\/","name":"Pop Up's - Plum shellfish - Meleg bait","isPartOf":{"@id":"https:\/\/melegbait.com\/#website"},"primaryImageOfPage":{"@id":"https:\/\/melegbait.com\/product\/pop-ups-plum-shellfish\/#primaryimage"},"image":{"@id":"https:\/\/melegbait.com\/product\/pop-ups-plum-shellfish\/#primaryimage"},"thumbnailUrl":"https:\/\/melegbait.com\/wp-content\/uploads\/2021\/01\/popup-plum-shellfish.jpg","datePublished":"2021-02-14T17:02:39+00:00","dateModified":"2023-06-24T12:33:43+00:00","breadcrumb":{"@id":"https:\/\/melegbait.com\/product\/pop-ups-plum-shellfish\/#breadcrumb"},"inLanguage":"en-GB","potentialAction":[{"@type":"ReadAction","target":["https:\/\/melegbait.com\/product\/pop-ups-plum-shellfish\/"]}]},{"@type":"ImageObject","inLanguage":"en-GB","@id":"https:\/\/melegbait.com\/product\/pop-ups-plum-shellfish\/#primaryimage","url":"https:\/\/melegbait.com\/wp-content\/uploads\/2021\/01\/popup-plum-shellfish.jpg","contentUrl":"https:\/\/melegbait.com\/wp-content\/uploads\/2021\/01\/popup-plum-shellfish.jpg","width":600,"height":800},{"@type":"BreadcrumbList","@id":"https:\/\/melegbait.com\/product\/pop-ups-plum-shellfish\/#breadcrumb","itemListElement":[{"@type":"ListItem","position":1,"name":"Home","item":"https:\/\/melegbait.com\/"},{"@type":"ListItem","position":2,"name":"Shop","item":"https:\/\/melegbait.com\/shop\/"},{"@type":"ListItem","position":3,"name":"Pop Up&#8217;s &#8211; Plum shellfish"}]},{"@type":"WebSite","@id":"https:\/\/melegbait.com\/#website","url":"https:\/\/melegbait.com\/","name":"Meleg bait","description":"Meleg bait","publisher":{"@id":"https:\/\/melegbait.com\/#organization"},"potentialAction":[{"@type":"SearchAction","target":{"@type":"EntryPoint","urlTemplate":"https:\/\/melegbait.com\/?s={search_term_string}"},"query-input":{"@type":"PropertyValueSpecification","valueRequired":true,"valueName":"search_term_string"}}],"inLanguage":"en-GB"},{"@type":"Organization","@id":"https:\/\/melegbait.com\/#organization","name":"Meleg Baits","url":"https:\/\/melegbait.com\/","logo":{"@type":"ImageObject","inLanguage":"en-GB","@id":"https:\/\/melegbait.com\/#\/schema\/logo\/image\/","url":"https:\/\/melegbait.com\/wp-content\/uploads\/2021\/02\/mblogo.jpg","contentUrl":"https:\/\/melegbait.com\/wp-content\/uploads\/2021\/02\/mblogo.jpg","width":250,"height":250,"caption":"Meleg Baits"},"image":{"@id":"https:\/\/melegbait.com\/#\/schema\/logo\/image\/"},"sameAs":["https:\/\/www.facebook.com\/MelegBait"]}]}},"_links":{"self":[{"href":"https:\/\/melegbait.com\/en\/wp-json\/wp\/v2\/product\/32119","targetHints":{"allow":["GET"]}}],"collection":[{"href":"https:\/\/melegbait.com\/en\/wp-json\/wp\/v2\/product"}],"about":[{"href":"https:\/\/melegbait.com\/en\/wp-json\/wp\/v2\/types\/product"}],"replies":[{"embeddable":true,"href":"https:\/\/melegbait.com\/en\/wp-json\/wp\/v2\/comments?post=32119"}],"wp:featuredmedia":[{"embeddable":true,"href":"https:\/\/melegbait.com\/en\/wp-json\/wp\/v2\/media\/31775"}],"wp:attachment":[{"href":"https:\/\/melegbait.com\/en\/wp-json\/wp\/v2\/media?parent=32119"}],"wp:term":[{"taxonomy":"product_brand","embeddable":true,"href":"https:\/\/melegbait.com\/en\/wp-json\/wp\/v2\/product_brand?post=32119"},{"taxonomy":"product_cat","embeddable":true,"href":"https:\/\/melegbait.com\/en\/wp-json\/wp\/v2\/product_cat?post=32119"},{"taxonomy":"product_tag","embeddable":true,"href":"https:\/\/melegbait.com\/en\/wp-json\/wp\/v2\/product_tag?post=32119"}],"curies":[{"name":"wp","href":"https:\/\/api.w.org\/{rel}","templated":true}]}}