{"id":32239,"date":"2021-02-24T21:03:22","date_gmt":"2021-02-24T20:03:22","guid":{"rendered":"https:\/\/melegbait.com\/?post_type=product&#038;p=32239"},"modified":"2023-05-19T20:59:02","modified_gmt":"2023-05-19T19:59:02","slug":"ac-amino-attract-sprey-dip-hot-sausage","status":"publish","type":"product","link":"https:\/\/melegbait.com\/en\/product\/ac-amino-attract-sprey-dip-hot-sausage\/","title":{"rendered":"AC AMINO ATTRACT SPREY DIP &#8211; Hot sausage"},"content":{"rendered":"<p>Spray dip<\/p>","protected":false},"excerpt":{"rendered":"<p>Spray dip<\/p>","protected":false},"featured_media":32204,"comment_status":"open","ping_status":"closed","template":"","meta":{"_et_pb_use_builder":"","_et_pb_old_content":"","_et_gb_content_width":""},"product_brand":[],"product_cat":[31,45,70,41,68],"product_tag":[],"class_list":{"0":"post-32239","1":"product","2":"type-product","3":"status-publish","4":"has-post-thumbnail","6":"product_cat-carp","7":"product_cat-dipovi","8":"product_cat-ac-amino","9":"product_cat-tecni-aditivi-amino-kiseline","10":"product_cat-amino","12":"first","13":"instock","14":"taxable","15":"shipping-taxable","16":"purchasable","17":"product-type-simple"},"yoast_head":"<!-- This site is optimized with the Yoast SEO plugin v26.9 - https:\/\/yoast.com\/product\/yoast-seo-wordpress\/ -->\n<title>AC AMINO ATTRACT SPREY DIP - Hot sausage - Meleg bait<\/title>\n<meta name=\"robots\" content=\"index, follow, max-snippet:-1, max-image-preview:large, max-video-preview:-1\" \/>\n<link rel=\"canonical\" href=\"https:\/\/melegbait.com\/en\/product\/ac-amino-attract-sprey-dip-hot-sausage\/\" \/>\n<meta property=\"og:locale\" content=\"en_GB\" \/>\n<meta property=\"og:type\" content=\"article\" \/>\n<meta property=\"og:title\" content=\"AC AMINO ATTRACT SPREY DIP - Hot sausage - Meleg bait\" \/>\n<meta property=\"og:description\" content=\"Meleg Bait AC AMINO ATTRACT SPREY DIP napravljen je na najprirodniji mogu\u0107i na\u010din. Sa\u010dinjen je od arome (Flavour), zasla\u0111iva\u010da, amino kiseline i male kolicine prirodne enhancer smole. Dip se pored primene kod boila mo\u017ee koristiti i za prskanje-prelivanje hranilica, spod mixa, kukuruza, prekrupe, peleta, gumenog kukuruza, stiropora, crva itd.Pakovanje 50ml.Pakovanje 50ml.\" \/>\n<meta property=\"og:url\" content=\"https:\/\/melegbait.com\/en\/product\/ac-amino-attract-sprey-dip-hot-sausage\/\" \/>\n<meta property=\"og:site_name\" content=\"Meleg bait\" \/>\n<meta property=\"article:publisher\" content=\"https:\/\/www.facebook.com\/MelegBait\" \/>\n<meta property=\"article:modified_time\" content=\"2023-05-19T19:59:02+00:00\" \/>\n<meta property=\"og:image\" content=\"https:\/\/melegbait.com\/wp-content\/uploads\/2021\/02\/ac-amino-attractor-hot-sausage.jpg\" \/>\n\t<meta property=\"og:image:width\" content=\"600\" \/>\n\t<meta property=\"og:image:height\" content=\"808\" \/>\n\t<meta property=\"og:image:type\" content=\"image\/jpeg\" \/>\n<meta name=\"twitter:card\" content=\"summary_large_image\" \/>\n<meta name=\"twitter:label1\" content=\"Estimated reading time\" \/>\n\t<meta name=\"twitter:data1\" content=\"1 minute\" \/>\n<script type=\"application\/ld+json\" class=\"yoast-schema-graph\">{\"@context\":\"https:\/\/schema.org\",\"@graph\":[{\"@type\":\"WebPage\",\"@id\":\"https:\/\/melegbait.com\/product\/ac-amino-attract-sprey-dip-hot-sausage\/\",\"url\":\"https:\/\/melegbait.com\/product\/ac-amino-attract-sprey-dip-hot-sausage\/\",\"name\":\"AC AMINO ATTRACT SPREY DIP - Hot sausage - Meleg bait\",\"isPartOf\":{\"@id\":\"https:\/\/melegbait.com\/#website\"},\"primaryImageOfPage\":{\"@id\":\"https:\/\/melegbait.com\/product\/ac-amino-attract-sprey-dip-hot-sausage\/#primaryimage\"},\"image\":{\"@id\":\"https:\/\/melegbait.com\/product\/ac-amino-attract-sprey-dip-hot-sausage\/#primaryimage\"},\"thumbnailUrl\":\"https:\/\/melegbait.com\/wp-content\/uploads\/2021\/02\/ac-amino-attractor-hot-sausage.jpg\",\"datePublished\":\"2021-02-24T20:03:22+00:00\",\"dateModified\":\"2023-05-19T19:59:02+00:00\",\"breadcrumb\":{\"@id\":\"https:\/\/melegbait.com\/product\/ac-amino-attract-sprey-dip-hot-sausage\/#breadcrumb\"},\"inLanguage\":\"en-GB\",\"potentialAction\":[{\"@type\":\"ReadAction\",\"target\":[\"https:\/\/melegbait.com\/product\/ac-amino-attract-sprey-dip-hot-sausage\/\"]}]},{\"@type\":\"ImageObject\",\"inLanguage\":\"en-GB\",\"@id\":\"https:\/\/melegbait.com\/product\/ac-amino-attract-sprey-dip-hot-sausage\/#primaryimage\",\"url\":\"https:\/\/melegbait.com\/wp-content\/uploads\/2021\/02\/ac-amino-attractor-hot-sausage.jpg\",\"contentUrl\":\"https:\/\/melegbait.com\/wp-content\/uploads\/2021\/02\/ac-amino-attractor-hot-sausage.jpg\",\"width\":600,\"height\":808},{\"@type\":\"BreadcrumbList\",\"@id\":\"https:\/\/melegbait.com\/product\/ac-amino-attract-sprey-dip-hot-sausage\/#breadcrumb\",\"itemListElement\":[{\"@type\":\"ListItem\",\"position\":1,\"name\":\"Home\",\"item\":\"https:\/\/melegbait.com\/\"},{\"@type\":\"ListItem\",\"position\":2,\"name\":\"Shop\",\"item\":\"https:\/\/melegbait.com\/shop\/\"},{\"@type\":\"ListItem\",\"position\":3,\"name\":\"AC AMINO ATTRACT SPREY DIP &#8211; Hot sausage\"}]},{\"@type\":\"WebSite\",\"@id\":\"https:\/\/melegbait.com\/#website\",\"url\":\"https:\/\/melegbait.com\/\",\"name\":\"Meleg bait\",\"description\":\"Meleg bait\",\"publisher\":{\"@id\":\"https:\/\/melegbait.com\/#organization\"},\"potentialAction\":[{\"@type\":\"SearchAction\",\"target\":{\"@type\":\"EntryPoint\",\"urlTemplate\":\"https:\/\/melegbait.com\/?s={search_term_string}\"},\"query-input\":{\"@type\":\"PropertyValueSpecification\",\"valueRequired\":true,\"valueName\":\"search_term_string\"}}],\"inLanguage\":\"en-GB\"},{\"@type\":\"Organization\",\"@id\":\"https:\/\/melegbait.com\/#organization\",\"name\":\"Meleg Baits\",\"url\":\"https:\/\/melegbait.com\/\",\"logo\":{\"@type\":\"ImageObject\",\"inLanguage\":\"en-GB\",\"@id\":\"https:\/\/melegbait.com\/#\/schema\/logo\/image\/\",\"url\":\"https:\/\/melegbait.com\/wp-content\/uploads\/2021\/02\/mblogo.jpg\",\"contentUrl\":\"https:\/\/melegbait.com\/wp-content\/uploads\/2021\/02\/mblogo.jpg\",\"width\":250,\"height\":250,\"caption\":\"Meleg Baits\"},\"image\":{\"@id\":\"https:\/\/melegbait.com\/#\/schema\/logo\/image\/\"},\"sameAs\":[\"https:\/\/www.facebook.com\/MelegBait\"]}]}<\/script>\n<!-- \/ Yoast SEO plugin. -->","yoast_head_json":{"title":"AC AMINO ATTRACT SPREY DIP - Hot sausage - Meleg bait","robots":{"index":"index","follow":"follow","max-snippet":"max-snippet:-1","max-image-preview":"max-image-preview:large","max-video-preview":"max-video-preview:-1"},"canonical":"https:\/\/melegbait.com\/en\/product\/ac-amino-attract-sprey-dip-hot-sausage\/","og_locale":"en_GB","og_type":"article","og_title":"AC AMINO ATTRACT SPREY DIP - Hot sausage - Meleg bait","og_description":"Meleg Bait AC AMINO ATTRACT SPREY DIP napravljen je na najprirodniji mogu\u0107i na\u010din. Sa\u010dinjen je od arome (Flavour), zasla\u0111iva\u010da, amino kiseline i male kolicine prirodne enhancer smole. Dip se pored primene kod boila mo\u017ee koristiti i za prskanje-prelivanje hranilica, spod mixa, kukuruza, prekrupe, peleta, gumenog kukuruza, stiropora, crva itd.Pakovanje 50ml.Pakovanje 50ml.","og_url":"https:\/\/melegbait.com\/en\/product\/ac-amino-attract-sprey-dip-hot-sausage\/","og_site_name":"Meleg bait","article_publisher":"https:\/\/www.facebook.com\/MelegBait","article_modified_time":"2023-05-19T19:59:02+00:00","og_image":[{"width":600,"height":808,"url":"https:\/\/melegbait.com\/wp-content\/uploads\/2021\/02\/ac-amino-attractor-hot-sausage.jpg","type":"image\/jpeg"}],"twitter_card":"summary_large_image","twitter_misc":{"Estimated reading time":"1 minute"},"schema":{"@context":"https:\/\/schema.org","@graph":[{"@type":"WebPage","@id":"https:\/\/melegbait.com\/product\/ac-amino-attract-sprey-dip-hot-sausage\/","url":"https:\/\/melegbait.com\/product\/ac-amino-attract-sprey-dip-hot-sausage\/","name":"AC AMINO ATTRACT SPREY DIP - Hot sausage - Meleg bait","isPartOf":{"@id":"https:\/\/melegbait.com\/#website"},"primaryImageOfPage":{"@id":"https:\/\/melegbait.com\/product\/ac-amino-attract-sprey-dip-hot-sausage\/#primaryimage"},"image":{"@id":"https:\/\/melegbait.com\/product\/ac-amino-attract-sprey-dip-hot-sausage\/#primaryimage"},"thumbnailUrl":"https:\/\/melegbait.com\/wp-content\/uploads\/2021\/02\/ac-amino-attractor-hot-sausage.jpg","datePublished":"2021-02-24T20:03:22+00:00","dateModified":"2023-05-19T19:59:02+00:00","breadcrumb":{"@id":"https:\/\/melegbait.com\/product\/ac-amino-attract-sprey-dip-hot-sausage\/#breadcrumb"},"inLanguage":"en-GB","potentialAction":[{"@type":"ReadAction","target":["https:\/\/melegbait.com\/product\/ac-amino-attract-sprey-dip-hot-sausage\/"]}]},{"@type":"ImageObject","inLanguage":"en-GB","@id":"https:\/\/melegbait.com\/product\/ac-amino-attract-sprey-dip-hot-sausage\/#primaryimage","url":"https:\/\/melegbait.com\/wp-content\/uploads\/2021\/02\/ac-amino-attractor-hot-sausage.jpg","contentUrl":"https:\/\/melegbait.com\/wp-content\/uploads\/2021\/02\/ac-amino-attractor-hot-sausage.jpg","width":600,"height":808},{"@type":"BreadcrumbList","@id":"https:\/\/melegbait.com\/product\/ac-amino-attract-sprey-dip-hot-sausage\/#breadcrumb","itemListElement":[{"@type":"ListItem","position":1,"name":"Home","item":"https:\/\/melegbait.com\/"},{"@type":"ListItem","position":2,"name":"Shop","item":"https:\/\/melegbait.com\/shop\/"},{"@type":"ListItem","position":3,"name":"AC AMINO ATTRACT SPREY DIP &#8211; Hot sausage"}]},{"@type":"WebSite","@id":"https:\/\/melegbait.com\/#website","url":"https:\/\/melegbait.com\/","name":"Meleg bait","description":"Meleg bait","publisher":{"@id":"https:\/\/melegbait.com\/#organization"},"potentialAction":[{"@type":"SearchAction","target":{"@type":"EntryPoint","urlTemplate":"https:\/\/melegbait.com\/?s={search_term_string}"},"query-input":{"@type":"PropertyValueSpecification","valueRequired":true,"valueName":"search_term_string"}}],"inLanguage":"en-GB"},{"@type":"Organization","@id":"https:\/\/melegbait.com\/#organization","name":"Meleg Baits","url":"https:\/\/melegbait.com\/","logo":{"@type":"ImageObject","inLanguage":"en-GB","@id":"https:\/\/melegbait.com\/#\/schema\/logo\/image\/","url":"https:\/\/melegbait.com\/wp-content\/uploads\/2021\/02\/mblogo.jpg","contentUrl":"https:\/\/melegbait.com\/wp-content\/uploads\/2021\/02\/mblogo.jpg","width":250,"height":250,"caption":"Meleg Baits"},"image":{"@id":"https:\/\/melegbait.com\/#\/schema\/logo\/image\/"},"sameAs":["https:\/\/www.facebook.com\/MelegBait"]}]}},"_links":{"self":[{"href":"https:\/\/melegbait.com\/en\/wp-json\/wp\/v2\/product\/32239","targetHints":{"allow":["GET"]}}],"collection":[{"href":"https:\/\/melegbait.com\/en\/wp-json\/wp\/v2\/product"}],"about":[{"href":"https:\/\/melegbait.com\/en\/wp-json\/wp\/v2\/types\/product"}],"replies":[{"embeddable":true,"href":"https:\/\/melegbait.com\/en\/wp-json\/wp\/v2\/comments?post=32239"}],"wp:featuredmedia":[{"embeddable":true,"href":"https:\/\/melegbait.com\/en\/wp-json\/wp\/v2\/media\/32204"}],"wp:attachment":[{"href":"https:\/\/melegbait.com\/en\/wp-json\/wp\/v2\/media?parent=32239"}],"wp:term":[{"taxonomy":"product_brand","embeddable":true,"href":"https:\/\/melegbait.com\/en\/wp-json\/wp\/v2\/product_brand?post=32239"},{"taxonomy":"product_cat","embeddable":true,"href":"https:\/\/melegbait.com\/en\/wp-json\/wp\/v2\/product_cat?post=32239"},{"taxonomy":"product_tag","embeddable":true,"href":"https:\/\/melegbait.com\/en\/wp-json\/wp\/v2\/product_tag?post=32239"}],"curies":[{"name":"wp","href":"https:\/\/api.w.org\/{rel}","templated":true}]}}