{"id":32358,"date":"2021-03-22T13:20:33","date_gmt":"2021-03-22T12:20:33","guid":{"rendered":"https:\/\/melegbait.com\/?post_type=product&#038;p=32358"},"modified":"2024-03-04T15:56:48","modified_gmt":"2024-03-04T14:56:48","slug":"soft-method-mix-sushi","status":"publish","type":"product","link":"https:\/\/melegbait.com\/en\/product\/soft-method-mix-sushi\/","title":{"rendered":"Soft method mix-Sushi"},"content":{"rendered":"<p>Soft Method Mix is \u200b\u200bcreated after many requests from people who have used our Soft pellets, to make something special for them. The task was to make the method mix powdered food, as attractive and moist as Soft Pellet.\nWe made food that works really fast and at the same time has particles that rise and are released within 15 seconds until the food starts to melt.\n\u2013Sushi is our new original unique taste and aroma that we got by improving several types of concentrated aromas. The fish really reacts instinctively to the strong signal of the special kind of fish flavors found in the Sushi soft method mix. Since it has a mild aroma on a meat basis, it is attractive in winter and summer.<\/p>\n<p>&nbsp;<\/p>","protected":false},"excerpt":{"rendered":"<p><strong>Soft Method Mix<\/strong> nastaje nakon mnogo zahteva ljudi koji su koristili na\u0161e Soft pelete, da napravimo ne\u0161to posebno za njih. Zadatak je bio da method mix bude pra\u0161kasta hrana, jednako atraktivna i vla\u017ena kao Soft Pellet.<\/p>\n<p>Napravili smo hranu koja zaista brzo radi i pri tom ima \u010destice koje se podi\u017eu i koje se osloba\u0111aju u roku od 15 sekundi dok hrana po\u010dinje da se topi.<\/p>\n<p>&#8211;<strong>Sushi<\/strong> je na\u0161 novi originalni jedinstveni ukus i aroma koju smo dobili pobolj\u0161anjem vise vrsta koncentrovanih aroma. Riba zaista reaguje instiktivno na jak signal posebne vrste ribljih aroma koje se nalaze u Sushi soft method mix. S obzirom da je blaga aroma na mesnoj bazi atraktivan je u zimskom i u letnjem periodu.<\/p>","protected":false},"featured_media":32362,"comment_status":"open","ping_status":"closed","template":"","meta":{"_et_pb_use_builder":"","_et_pb_old_content":"","_et_gb_content_width":""},"product_brand":[],"product_cat":[47,49],"product_tag":[],"class_list":{"0":"post-32358","1":"product","2":"type-product","3":"status-publish","4":"has-post-thumbnail","6":"product_cat-feeder-i-match","7":"product_cat-soft-method-mix","9":"first","10":"instock","11":"taxable","12":"shipping-taxable","13":"purchasable","14":"product-type-simple"},"yoast_head":"<!-- This site is optimized with the Yoast SEO plugin v26.9 - https:\/\/yoast.com\/product\/yoast-seo-wordpress\/ -->\n<title>Soft method mix-Sushi - Meleg bait<\/title>\n<meta name=\"robots\" content=\"index, follow, max-snippet:-1, max-image-preview:large, max-video-preview:-1\" \/>\n<link rel=\"canonical\" href=\"https:\/\/melegbait.com\/en\/product\/soft-method-mix-sushi\/\" \/>\n<meta property=\"og:locale\" content=\"en_GB\" \/>\n<meta property=\"og:type\" content=\"article\" \/>\n<meta property=\"og:title\" content=\"Soft method mix-Sushi - Meleg bait\" \/>\n<meta property=\"og:description\" content=\"Soft Method Mix nastaje nakon mnogo zahteva ljudi koji su koristili na\u0161e Soft pelete, da napravimo ne\u0161to posebno za njih. Zadatak je bio da method mix bude pra\u0161kasta hrana, jednako atraktivna i vla\u017ena kao Soft Pellet.  Napravili smo hranu koja zaista brzo radi i pri tom ima \u010destice koje se podi\u017eu i koje se osloba\u0111aju u roku od 15 sekundi dok hrana po\u010dinje da se topi.  -Sushi je na\u0161 novi originalni jedinstveni ukus i aroma koju smo dobili pobolj\u0161anjem vise vrsta koncentrovanih aroma. Riba zaista reaguje instiktivno na jak signal posebne vrste ribljih aroma koje se nalaze u Sushi soft method mix. S obzirom da je blaga aroma na mesnoj bazi atraktivan je u zimskom i u letnjem periodu.\" \/>\n<meta property=\"og:url\" content=\"https:\/\/melegbait.com\/en\/product\/soft-method-mix-sushi\/\" \/>\n<meta property=\"og:site_name\" content=\"Meleg bait\" \/>\n<meta property=\"article:publisher\" content=\"https:\/\/www.facebook.com\/MelegBait\" \/>\n<meta property=\"article:modified_time\" content=\"2024-03-04T14:56:48+00:00\" \/>\n<meta property=\"og:image\" content=\"https:\/\/melegbait.com\/wp-content\/uploads\/2021\/03\/A26E2148-C394-4BB7-AB06-25713084BBFE.jpeg\" \/>\n\t<meta property=\"og:image:width\" content=\"850\" \/>\n\t<meta property=\"og:image:height\" content=\"1133\" \/>\n\t<meta property=\"og:image:type\" content=\"image\/jpeg\" \/>\n<meta name=\"twitter:card\" content=\"summary_large_image\" \/>\n<meta name=\"twitter:label1\" content=\"Estimated reading time\" \/>\n\t<meta name=\"twitter:data1\" content=\"1 minute\" \/>\n<script type=\"application\/ld+json\" class=\"yoast-schema-graph\">{\"@context\":\"https:\/\/schema.org\",\"@graph\":[{\"@type\":\"WebPage\",\"@id\":\"https:\/\/melegbait.com\/product\/soft-method-mix-sushi\/\",\"url\":\"https:\/\/melegbait.com\/product\/soft-method-mix-sushi\/\",\"name\":\"Soft method mix-Sushi - Meleg bait\",\"isPartOf\":{\"@id\":\"https:\/\/melegbait.com\/#website\"},\"primaryImageOfPage\":{\"@id\":\"https:\/\/melegbait.com\/product\/soft-method-mix-sushi\/#primaryimage\"},\"image\":{\"@id\":\"https:\/\/melegbait.com\/product\/soft-method-mix-sushi\/#primaryimage\"},\"thumbnailUrl\":\"https:\/\/melegbait.com\/wp-content\/uploads\/2021\/03\/A26E2148-C394-4BB7-AB06-25713084BBFE.jpeg\",\"datePublished\":\"2021-03-22T12:20:33+00:00\",\"dateModified\":\"2024-03-04T14:56:48+00:00\",\"breadcrumb\":{\"@id\":\"https:\/\/melegbait.com\/product\/soft-method-mix-sushi\/#breadcrumb\"},\"inLanguage\":\"en-GB\",\"potentialAction\":[{\"@type\":\"ReadAction\",\"target\":[\"https:\/\/melegbait.com\/product\/soft-method-mix-sushi\/\"]}]},{\"@type\":\"ImageObject\",\"inLanguage\":\"en-GB\",\"@id\":\"https:\/\/melegbait.com\/product\/soft-method-mix-sushi\/#primaryimage\",\"url\":\"https:\/\/melegbait.com\/wp-content\/uploads\/2021\/03\/A26E2148-C394-4BB7-AB06-25713084BBFE.jpeg\",\"contentUrl\":\"https:\/\/melegbait.com\/wp-content\/uploads\/2021\/03\/A26E2148-C394-4BB7-AB06-25713084BBFE.jpeg\",\"width\":850,\"height\":1133},{\"@type\":\"BreadcrumbList\",\"@id\":\"https:\/\/melegbait.com\/product\/soft-method-mix-sushi\/#breadcrumb\",\"itemListElement\":[{\"@type\":\"ListItem\",\"position\":1,\"name\":\"Home\",\"item\":\"https:\/\/melegbait.com\/\"},{\"@type\":\"ListItem\",\"position\":2,\"name\":\"Shop\",\"item\":\"https:\/\/melegbait.com\/shop\/\"},{\"@type\":\"ListItem\",\"position\":3,\"name\":\"Soft method mix-Sushi\"}]},{\"@type\":\"WebSite\",\"@id\":\"https:\/\/melegbait.com\/#website\",\"url\":\"https:\/\/melegbait.com\/\",\"name\":\"Meleg bait\",\"description\":\"Meleg bait\",\"publisher\":{\"@id\":\"https:\/\/melegbait.com\/#organization\"},\"potentialAction\":[{\"@type\":\"SearchAction\",\"target\":{\"@type\":\"EntryPoint\",\"urlTemplate\":\"https:\/\/melegbait.com\/?s={search_term_string}\"},\"query-input\":{\"@type\":\"PropertyValueSpecification\",\"valueRequired\":true,\"valueName\":\"search_term_string\"}}],\"inLanguage\":\"en-GB\"},{\"@type\":\"Organization\",\"@id\":\"https:\/\/melegbait.com\/#organization\",\"name\":\"Meleg Baits\",\"url\":\"https:\/\/melegbait.com\/\",\"logo\":{\"@type\":\"ImageObject\",\"inLanguage\":\"en-GB\",\"@id\":\"https:\/\/melegbait.com\/#\/schema\/logo\/image\/\",\"url\":\"https:\/\/melegbait.com\/wp-content\/uploads\/2021\/02\/mblogo.jpg\",\"contentUrl\":\"https:\/\/melegbait.com\/wp-content\/uploads\/2021\/02\/mblogo.jpg\",\"width\":250,\"height\":250,\"caption\":\"Meleg Baits\"},\"image\":{\"@id\":\"https:\/\/melegbait.com\/#\/schema\/logo\/image\/\"},\"sameAs\":[\"https:\/\/www.facebook.com\/MelegBait\"]}]}<\/script>\n<!-- \/ Yoast SEO plugin. -->","yoast_head_json":{"title":"Soft method mix-Sushi - Meleg bait","robots":{"index":"index","follow":"follow","max-snippet":"max-snippet:-1","max-image-preview":"max-image-preview:large","max-video-preview":"max-video-preview:-1"},"canonical":"https:\/\/melegbait.com\/en\/product\/soft-method-mix-sushi\/","og_locale":"en_GB","og_type":"article","og_title":"Soft method mix-Sushi - Meleg bait","og_description":"Soft Method Mix nastaje nakon mnogo zahteva ljudi koji su koristili na\u0161e Soft pelete, da napravimo ne\u0161to posebno za njih. Zadatak je bio da method mix bude pra\u0161kasta hrana, jednako atraktivna i vla\u017ena kao Soft Pellet.  Napravili smo hranu koja zaista brzo radi i pri tom ima \u010destice koje se podi\u017eu i koje se osloba\u0111aju u roku od 15 sekundi dok hrana po\u010dinje da se topi.  -Sushi je na\u0161 novi originalni jedinstveni ukus i aroma koju smo dobili pobolj\u0161anjem vise vrsta koncentrovanih aroma. Riba zaista reaguje instiktivno na jak signal posebne vrste ribljih aroma koje se nalaze u Sushi soft method mix. S obzirom da je blaga aroma na mesnoj bazi atraktivan je u zimskom i u letnjem periodu.","og_url":"https:\/\/melegbait.com\/en\/product\/soft-method-mix-sushi\/","og_site_name":"Meleg bait","article_publisher":"https:\/\/www.facebook.com\/MelegBait","article_modified_time":"2024-03-04T14:56:48+00:00","og_image":[{"width":850,"height":1133,"url":"https:\/\/melegbait.com\/wp-content\/uploads\/2021\/03\/A26E2148-C394-4BB7-AB06-25713084BBFE.jpeg","type":"image\/jpeg"}],"twitter_card":"summary_large_image","twitter_misc":{"Estimated reading time":"1 minute"},"schema":{"@context":"https:\/\/schema.org","@graph":[{"@type":"WebPage","@id":"https:\/\/melegbait.com\/product\/soft-method-mix-sushi\/","url":"https:\/\/melegbait.com\/product\/soft-method-mix-sushi\/","name":"Soft method mix-Sushi - Meleg bait","isPartOf":{"@id":"https:\/\/melegbait.com\/#website"},"primaryImageOfPage":{"@id":"https:\/\/melegbait.com\/product\/soft-method-mix-sushi\/#primaryimage"},"image":{"@id":"https:\/\/melegbait.com\/product\/soft-method-mix-sushi\/#primaryimage"},"thumbnailUrl":"https:\/\/melegbait.com\/wp-content\/uploads\/2021\/03\/A26E2148-C394-4BB7-AB06-25713084BBFE.jpeg","datePublished":"2021-03-22T12:20:33+00:00","dateModified":"2024-03-04T14:56:48+00:00","breadcrumb":{"@id":"https:\/\/melegbait.com\/product\/soft-method-mix-sushi\/#breadcrumb"},"inLanguage":"en-GB","potentialAction":[{"@type":"ReadAction","target":["https:\/\/melegbait.com\/product\/soft-method-mix-sushi\/"]}]},{"@type":"ImageObject","inLanguage":"en-GB","@id":"https:\/\/melegbait.com\/product\/soft-method-mix-sushi\/#primaryimage","url":"https:\/\/melegbait.com\/wp-content\/uploads\/2021\/03\/A26E2148-C394-4BB7-AB06-25713084BBFE.jpeg","contentUrl":"https:\/\/melegbait.com\/wp-content\/uploads\/2021\/03\/A26E2148-C394-4BB7-AB06-25713084BBFE.jpeg","width":850,"height":1133},{"@type":"BreadcrumbList","@id":"https:\/\/melegbait.com\/product\/soft-method-mix-sushi\/#breadcrumb","itemListElement":[{"@type":"ListItem","position":1,"name":"Home","item":"https:\/\/melegbait.com\/"},{"@type":"ListItem","position":2,"name":"Shop","item":"https:\/\/melegbait.com\/shop\/"},{"@type":"ListItem","position":3,"name":"Soft method mix-Sushi"}]},{"@type":"WebSite","@id":"https:\/\/melegbait.com\/#website","url":"https:\/\/melegbait.com\/","name":"Meleg bait","description":"Meleg bait","publisher":{"@id":"https:\/\/melegbait.com\/#organization"},"potentialAction":[{"@type":"SearchAction","target":{"@type":"EntryPoint","urlTemplate":"https:\/\/melegbait.com\/?s={search_term_string}"},"query-input":{"@type":"PropertyValueSpecification","valueRequired":true,"valueName":"search_term_string"}}],"inLanguage":"en-GB"},{"@type":"Organization","@id":"https:\/\/melegbait.com\/#organization","name":"Meleg Baits","url":"https:\/\/melegbait.com\/","logo":{"@type":"ImageObject","inLanguage":"en-GB","@id":"https:\/\/melegbait.com\/#\/schema\/logo\/image\/","url":"https:\/\/melegbait.com\/wp-content\/uploads\/2021\/02\/mblogo.jpg","contentUrl":"https:\/\/melegbait.com\/wp-content\/uploads\/2021\/02\/mblogo.jpg","width":250,"height":250,"caption":"Meleg Baits"},"image":{"@id":"https:\/\/melegbait.com\/#\/schema\/logo\/image\/"},"sameAs":["https:\/\/www.facebook.com\/MelegBait"]}]}},"_links":{"self":[{"href":"https:\/\/melegbait.com\/en\/wp-json\/wp\/v2\/product\/32358","targetHints":{"allow":["GET"]}}],"collection":[{"href":"https:\/\/melegbait.com\/en\/wp-json\/wp\/v2\/product"}],"about":[{"href":"https:\/\/melegbait.com\/en\/wp-json\/wp\/v2\/types\/product"}],"replies":[{"embeddable":true,"href":"https:\/\/melegbait.com\/en\/wp-json\/wp\/v2\/comments?post=32358"}],"wp:featuredmedia":[{"embeddable":true,"href":"https:\/\/melegbait.com\/en\/wp-json\/wp\/v2\/media\/32362"}],"wp:attachment":[{"href":"https:\/\/melegbait.com\/en\/wp-json\/wp\/v2\/media?parent=32358"}],"wp:term":[{"taxonomy":"product_brand","embeddable":true,"href":"https:\/\/melegbait.com\/en\/wp-json\/wp\/v2\/product_brand?post=32358"},{"taxonomy":"product_cat","embeddable":true,"href":"https:\/\/melegbait.com\/en\/wp-json\/wp\/v2\/product_cat?post=32358"},{"taxonomy":"product_tag","embeddable":true,"href":"https:\/\/melegbait.com\/en\/wp-json\/wp\/v2\/product_tag?post=32358"}],"curies":[{"name":"wp","href":"https:\/\/api.w.org\/{rel}","templated":true}]}}