{"id":32364,"date":"2021-03-22T13:29:32","date_gmt":"2021-03-22T12:29:32","guid":{"rendered":"https:\/\/melegbait.com\/?post_type=product&#038;p=32364"},"modified":"2024-03-04T15:56:29","modified_gmt":"2024-03-04T14:56:29","slug":"soft-method-mix-plankton","status":"publish","type":"product","link":"https:\/\/melegbait.com\/en\/product\/soft-method-mix-plankton\/","title":{"rendered":"Soft method mix &#8211; Plankton"},"content":{"rendered":"<p>Soft Method Mix is \u200b\u200bcreated after many requests from people who have used our Soft pellets, to make something special for them. The task was to make the method mix powdered food, as attractive and moist as Soft Pellet.\nWe made food that works really fast and at the same time has particles that rise and are released within 15 seconds until the food starts to melt.\n-Plankton is our new original unique taste and aroma that we got by improving several types of concentrated aromas. The fish reacts instinctively to a strong plankton signal in the soft method mix. Since it has a mild aroma on a meat basis, it is attractive in winter and summer.<\/p>","protected":false},"excerpt":{"rendered":"<p>Soft Method Mix nastaje nakon mnogo zahteva ljudi koji su koristili na\u0161e Soft pelete, da napravimo ne\u0161to posebno za njih. Zadatak je bio da method mix bude pra\u0161kasta hrana, jednako atraktivna i vla\u017ena kao Soft Pellet. Napravili smo hranu koja zaista brzo radi i pri tom ima \u010destice koje se podi\u017eu i koje se osloba\u0111aju [&hellip;]<\/p>","protected":false},"featured_media":32365,"comment_status":"open","ping_status":"closed","template":"","meta":{"_et_pb_use_builder":"","_et_pb_old_content":"","_et_gb_content_width":""},"product_brand":[],"product_cat":[15,47,49],"product_tag":[],"class_list":{"0":"post-32364","1":"product","2":"type-product","3":"status-publish","4":"has-post-thumbnail","6":"product_cat-uncategorized","7":"product_cat-feeder-i-match","8":"product_cat-soft-method-mix","10":"first","11":"instock","12":"taxable","13":"shipping-taxable","14":"purchasable","15":"product-type-simple"},"yoast_head":"<!-- This site is optimized with the Yoast SEO plugin v26.9 - https:\/\/yoast.com\/product\/yoast-seo-wordpress\/ -->\n<title>Soft method mix - Plankton - Meleg bait<\/title>\n<meta name=\"robots\" content=\"index, follow, max-snippet:-1, max-image-preview:large, max-video-preview:-1\" \/>\n<link rel=\"canonical\" href=\"https:\/\/melegbait.com\/en\/product\/soft-method-mix-plankton\/\" \/>\n<meta property=\"og:locale\" content=\"en_GB\" \/>\n<meta property=\"og:type\" content=\"article\" \/>\n<meta property=\"og:title\" content=\"Soft method mix - Plankton - Meleg bait\" \/>\n<meta property=\"og:description\" content=\"Soft Method Mix nastaje nakon mnogo zahteva ljudi koji su koristili na\u0161e Soft pelete, da napravimo ne\u0161to posebno za njih. Zadatak je bio da method mix bude pra\u0161kasta hrana, jednako atraktivna i vla\u017ena kao Soft Pellet. Napravili smo hranu koja zaista brzo radi i pri tom ima \u010destice koje se podi\u017eu i koje se osloba\u0111aju [&hellip;]\" \/>\n<meta property=\"og:url\" content=\"https:\/\/melegbait.com\/en\/product\/soft-method-mix-plankton\/\" \/>\n<meta property=\"og:site_name\" content=\"Meleg bait\" \/>\n<meta property=\"article:publisher\" content=\"https:\/\/www.facebook.com\/MelegBait\" \/>\n<meta property=\"article:modified_time\" content=\"2024-03-04T14:56:29+00:00\" \/>\n<meta property=\"og:image\" content=\"https:\/\/melegbait.com\/wp-content\/uploads\/2021\/03\/4D75C790-D33E-4E2E-A488-BC41B4957D6E.jpeg\" \/>\n\t<meta property=\"og:image:width\" content=\"731\" \/>\n\t<meta property=\"og:image:height\" content=\"1300\" \/>\n\t<meta property=\"og:image:type\" content=\"image\/jpeg\" \/>\n<meta name=\"twitter:card\" content=\"summary_large_image\" \/>\n<meta name=\"twitter:label1\" content=\"Estimated reading time\" \/>\n\t<meta name=\"twitter:data1\" content=\"1 minute\" \/>\n<script type=\"application\/ld+json\" class=\"yoast-schema-graph\">{\"@context\":\"https:\/\/schema.org\",\"@graph\":[{\"@type\":\"WebPage\",\"@id\":\"https:\/\/melegbait.com\/product\/soft-method-mix-plankton\/\",\"url\":\"https:\/\/melegbait.com\/product\/soft-method-mix-plankton\/\",\"name\":\"Soft method mix - Plankton - Meleg bait\",\"isPartOf\":{\"@id\":\"https:\/\/melegbait.com\/#website\"},\"primaryImageOfPage\":{\"@id\":\"https:\/\/melegbait.com\/product\/soft-method-mix-plankton\/#primaryimage\"},\"image\":{\"@id\":\"https:\/\/melegbait.com\/product\/soft-method-mix-plankton\/#primaryimage\"},\"thumbnailUrl\":\"https:\/\/melegbait.com\/wp-content\/uploads\/2021\/03\/4D75C790-D33E-4E2E-A488-BC41B4957D6E.jpeg\",\"datePublished\":\"2021-03-22T12:29:32+00:00\",\"dateModified\":\"2024-03-04T14:56:29+00:00\",\"breadcrumb\":{\"@id\":\"https:\/\/melegbait.com\/product\/soft-method-mix-plankton\/#breadcrumb\"},\"inLanguage\":\"en-GB\",\"potentialAction\":[{\"@type\":\"ReadAction\",\"target\":[\"https:\/\/melegbait.com\/product\/soft-method-mix-plankton\/\"]}]},{\"@type\":\"ImageObject\",\"inLanguage\":\"en-GB\",\"@id\":\"https:\/\/melegbait.com\/product\/soft-method-mix-plankton\/#primaryimage\",\"url\":\"https:\/\/melegbait.com\/wp-content\/uploads\/2021\/03\/4D75C790-D33E-4E2E-A488-BC41B4957D6E.jpeg\",\"contentUrl\":\"https:\/\/melegbait.com\/wp-content\/uploads\/2021\/03\/4D75C790-D33E-4E2E-A488-BC41B4957D6E.jpeg\",\"width\":731,\"height\":1300},{\"@type\":\"BreadcrumbList\",\"@id\":\"https:\/\/melegbait.com\/product\/soft-method-mix-plankton\/#breadcrumb\",\"itemListElement\":[{\"@type\":\"ListItem\",\"position\":1,\"name\":\"Home\",\"item\":\"https:\/\/melegbait.com\/\"},{\"@type\":\"ListItem\",\"position\":2,\"name\":\"Shop\",\"item\":\"https:\/\/melegbait.com\/shop\/\"},{\"@type\":\"ListItem\",\"position\":3,\"name\":\"Soft method mix &#8211; Plankton\"}]},{\"@type\":\"WebSite\",\"@id\":\"https:\/\/melegbait.com\/#website\",\"url\":\"https:\/\/melegbait.com\/\",\"name\":\"Meleg bait\",\"description\":\"Meleg bait\",\"publisher\":{\"@id\":\"https:\/\/melegbait.com\/#organization\"},\"potentialAction\":[{\"@type\":\"SearchAction\",\"target\":{\"@type\":\"EntryPoint\",\"urlTemplate\":\"https:\/\/melegbait.com\/?s={search_term_string}\"},\"query-input\":{\"@type\":\"PropertyValueSpecification\",\"valueRequired\":true,\"valueName\":\"search_term_string\"}}],\"inLanguage\":\"en-GB\"},{\"@type\":\"Organization\",\"@id\":\"https:\/\/melegbait.com\/#organization\",\"name\":\"Meleg Baits\",\"url\":\"https:\/\/melegbait.com\/\",\"logo\":{\"@type\":\"ImageObject\",\"inLanguage\":\"en-GB\",\"@id\":\"https:\/\/melegbait.com\/#\/schema\/logo\/image\/\",\"url\":\"https:\/\/melegbait.com\/wp-content\/uploads\/2021\/02\/mblogo.jpg\",\"contentUrl\":\"https:\/\/melegbait.com\/wp-content\/uploads\/2021\/02\/mblogo.jpg\",\"width\":250,\"height\":250,\"caption\":\"Meleg Baits\"},\"image\":{\"@id\":\"https:\/\/melegbait.com\/#\/schema\/logo\/image\/\"},\"sameAs\":[\"https:\/\/www.facebook.com\/MelegBait\"]}]}<\/script>\n<!-- \/ Yoast SEO plugin. -->","yoast_head_json":{"title":"Soft method mix - Plankton - Meleg bait","robots":{"index":"index","follow":"follow","max-snippet":"max-snippet:-1","max-image-preview":"max-image-preview:large","max-video-preview":"max-video-preview:-1"},"canonical":"https:\/\/melegbait.com\/en\/product\/soft-method-mix-plankton\/","og_locale":"en_GB","og_type":"article","og_title":"Soft method mix - Plankton - Meleg bait","og_description":"Soft Method Mix nastaje nakon mnogo zahteva ljudi koji su koristili na\u0161e Soft pelete, da napravimo ne\u0161to posebno za njih. Zadatak je bio da method mix bude pra\u0161kasta hrana, jednako atraktivna i vla\u017ena kao Soft Pellet. Napravili smo hranu koja zaista brzo radi i pri tom ima \u010destice koje se podi\u017eu i koje se osloba\u0111aju [&hellip;]","og_url":"https:\/\/melegbait.com\/en\/product\/soft-method-mix-plankton\/","og_site_name":"Meleg bait","article_publisher":"https:\/\/www.facebook.com\/MelegBait","article_modified_time":"2024-03-04T14:56:29+00:00","og_image":[{"width":731,"height":1300,"url":"https:\/\/melegbait.com\/wp-content\/uploads\/2021\/03\/4D75C790-D33E-4E2E-A488-BC41B4957D6E.jpeg","type":"image\/jpeg"}],"twitter_card":"summary_large_image","twitter_misc":{"Estimated reading time":"1 minute"},"schema":{"@context":"https:\/\/schema.org","@graph":[{"@type":"WebPage","@id":"https:\/\/melegbait.com\/product\/soft-method-mix-plankton\/","url":"https:\/\/melegbait.com\/product\/soft-method-mix-plankton\/","name":"Soft method mix - Plankton - Meleg bait","isPartOf":{"@id":"https:\/\/melegbait.com\/#website"},"primaryImageOfPage":{"@id":"https:\/\/melegbait.com\/product\/soft-method-mix-plankton\/#primaryimage"},"image":{"@id":"https:\/\/melegbait.com\/product\/soft-method-mix-plankton\/#primaryimage"},"thumbnailUrl":"https:\/\/melegbait.com\/wp-content\/uploads\/2021\/03\/4D75C790-D33E-4E2E-A488-BC41B4957D6E.jpeg","datePublished":"2021-03-22T12:29:32+00:00","dateModified":"2024-03-04T14:56:29+00:00","breadcrumb":{"@id":"https:\/\/melegbait.com\/product\/soft-method-mix-plankton\/#breadcrumb"},"inLanguage":"en-GB","potentialAction":[{"@type":"ReadAction","target":["https:\/\/melegbait.com\/product\/soft-method-mix-plankton\/"]}]},{"@type":"ImageObject","inLanguage":"en-GB","@id":"https:\/\/melegbait.com\/product\/soft-method-mix-plankton\/#primaryimage","url":"https:\/\/melegbait.com\/wp-content\/uploads\/2021\/03\/4D75C790-D33E-4E2E-A488-BC41B4957D6E.jpeg","contentUrl":"https:\/\/melegbait.com\/wp-content\/uploads\/2021\/03\/4D75C790-D33E-4E2E-A488-BC41B4957D6E.jpeg","width":731,"height":1300},{"@type":"BreadcrumbList","@id":"https:\/\/melegbait.com\/product\/soft-method-mix-plankton\/#breadcrumb","itemListElement":[{"@type":"ListItem","position":1,"name":"Home","item":"https:\/\/melegbait.com\/"},{"@type":"ListItem","position":2,"name":"Shop","item":"https:\/\/melegbait.com\/shop\/"},{"@type":"ListItem","position":3,"name":"Soft method mix &#8211; Plankton"}]},{"@type":"WebSite","@id":"https:\/\/melegbait.com\/#website","url":"https:\/\/melegbait.com\/","name":"Meleg bait","description":"Meleg bait","publisher":{"@id":"https:\/\/melegbait.com\/#organization"},"potentialAction":[{"@type":"SearchAction","target":{"@type":"EntryPoint","urlTemplate":"https:\/\/melegbait.com\/?s={search_term_string}"},"query-input":{"@type":"PropertyValueSpecification","valueRequired":true,"valueName":"search_term_string"}}],"inLanguage":"en-GB"},{"@type":"Organization","@id":"https:\/\/melegbait.com\/#organization","name":"Meleg Baits","url":"https:\/\/melegbait.com\/","logo":{"@type":"ImageObject","inLanguage":"en-GB","@id":"https:\/\/melegbait.com\/#\/schema\/logo\/image\/","url":"https:\/\/melegbait.com\/wp-content\/uploads\/2021\/02\/mblogo.jpg","contentUrl":"https:\/\/melegbait.com\/wp-content\/uploads\/2021\/02\/mblogo.jpg","width":250,"height":250,"caption":"Meleg Baits"},"image":{"@id":"https:\/\/melegbait.com\/#\/schema\/logo\/image\/"},"sameAs":["https:\/\/www.facebook.com\/MelegBait"]}]}},"_links":{"self":[{"href":"https:\/\/melegbait.com\/en\/wp-json\/wp\/v2\/product\/32364","targetHints":{"allow":["GET"]}}],"collection":[{"href":"https:\/\/melegbait.com\/en\/wp-json\/wp\/v2\/product"}],"about":[{"href":"https:\/\/melegbait.com\/en\/wp-json\/wp\/v2\/types\/product"}],"replies":[{"embeddable":true,"href":"https:\/\/melegbait.com\/en\/wp-json\/wp\/v2\/comments?post=32364"}],"wp:featuredmedia":[{"embeddable":true,"href":"https:\/\/melegbait.com\/en\/wp-json\/wp\/v2\/media\/32365"}],"wp:attachment":[{"href":"https:\/\/melegbait.com\/en\/wp-json\/wp\/v2\/media?parent=32364"}],"wp:term":[{"taxonomy":"product_brand","embeddable":true,"href":"https:\/\/melegbait.com\/en\/wp-json\/wp\/v2\/product_brand?post=32364"},{"taxonomy":"product_cat","embeddable":true,"href":"https:\/\/melegbait.com\/en\/wp-json\/wp\/v2\/product_cat?post=32364"},{"taxonomy":"product_tag","embeddable":true,"href":"https:\/\/melegbait.com\/en\/wp-json\/wp\/v2\/product_tag?post=32364"}],"curies":[{"name":"wp","href":"https:\/\/api.w.org\/{rel}","templated":true}]}}