{"id":32756,"date":"2022-04-01T20:36:14","date_gmt":"2022-04-01T19:36:14","guid":{"rendered":"https:\/\/melegbait.com\/?post_type=product&#038;p=32756"},"modified":"2023-07-06T14:21:07","modified_gmt":"2023-07-06T13:21:07","slug":"q-enzyme-boilie-f1-100g-kopiraj","status":"publish","type":"product","link":"https:\/\/melegbait.com\/en\/product\/q-enzyme-boilie-f1-100g-kopiraj\/","title":{"rendered":"Q Enzyme Boilie F1 100g"},"content":{"rendered":"<p>U na\u0161em istra\u017eiva\u010dkom centru se ne miruje. Najnovijim istra\u017eivanjem na\u0161eg tima do\u0161lo se do saznanja da velike ribe ne tra\u017ee samo hranu ve\u0107 i minerale i enzime. Testiranja dovela su do kompletne izmene recepata. Pod rukovodstvom Zorana Melega i Tony Mills-a upotrebom nove vrste biskvita, squid bra\u0161na, bra\u0161na rakova, vi\u0161e vrsta algi, livera koji u potpunosti prirodnog porekla, ribljih proteina na kojima su upravo njih dvojica radili, itd\u2026.. na tr\u017ei\u0161te smo izbacili novu Q Enzyme seriju boila koja je ekvivalent Freeze seriji boila, po kvalitetu komponenti, ali ne mora se dr\u017eati u zamrziva\u010du. To smo postigli komponentama i posebnom na\u010dinu termi\u010dke obrade i susenjem u strogo kontrolisanim uslovima. Odsutnost jaja podpomaze trajanju ovoga mamca. Preporu\u010dujemo ih takmi\u010darima.<br \/>\nIzradjuju se u sledecim aromama :<br \/>\nM1, Plum Shellfish (F1), Strawberry jam (J1), Banana (B1), Octopus Squid (Q1), Tutti Frutti Special (T1), Strawberry Fish (F2) I Frankfurt sausage (R1).<\/p>","protected":false},"excerpt":{"rendered":"<p>U na\u0161em istra\u017eiva\u010dkom centru se ne miruje. Najnovijim istra\u017eivanjem na\u0161eg tima do\u0161lo se do saznanja da velike ribe ne tra\u017ee samo hranu ve\u0107 i minerale i enzime. Testiranja dovela su do kompletne izmene recepata. Pod rukovodstvom Zorana Melega i Tony Mills-a upotrebom nove vrste biskvita, squid bra\u0161na, bra\u0161na rakova, vi\u0161e vrsta algi, livera koji u [&hellip;]<\/p>","protected":false},"featured_media":33727,"comment_status":"open","ping_status":"closed","template":"","meta":{"_et_pb_use_builder":"","_et_pb_old_content":"","_et_gb_content_width":""},"product_brand":[],"product_cat":[31,32],"product_tag":[],"class_list":{"0":"post-32756","1":"product","2":"type-product","3":"status-publish","4":"has-post-thumbnail","6":"product_cat-carp","7":"product_cat-boili","9":"first","10":"instock","11":"taxable","12":"shipping-taxable","13":"purchasable","14":"product-type-simple"},"yoast_head":"<!-- This site is optimized with the Yoast SEO plugin v26.9 - https:\/\/yoast.com\/product\/yoast-seo-wordpress\/ -->\n<title>Q Enzyme Boilie F1 100g - Meleg bait<\/title>\n<meta name=\"robots\" content=\"index, follow, max-snippet:-1, max-image-preview:large, max-video-preview:-1\" \/>\n<link rel=\"canonical\" href=\"https:\/\/melegbait.com\/en\/product\/q-enzyme-boilie-f1-100g-kopiraj\/\" \/>\n<meta property=\"og:locale\" content=\"en_GB\" \/>\n<meta property=\"og:type\" content=\"article\" \/>\n<meta property=\"og:title\" content=\"Q Enzyme Boilie F1 100g - Meleg bait\" \/>\n<meta property=\"og:description\" content=\"U na\u0161em istra\u017eiva\u010dkom centru se ne miruje. Najnovijim istra\u017eivanjem na\u0161eg tima do\u0161lo se do saznanja da velike ribe ne tra\u017ee samo hranu ve\u0107 i minerale i enzime. Testiranja dovela su do kompletne izmene recepata. Pod rukovodstvom Zorana Melega i Tony Mills-a upotrebom nove vrste biskvita, squid bra\u0161na, bra\u0161na rakova, vi\u0161e vrsta algi, livera koji u [&hellip;]\" \/>\n<meta property=\"og:url\" content=\"https:\/\/melegbait.com\/en\/product\/q-enzyme-boilie-f1-100g-kopiraj\/\" \/>\n<meta property=\"og:site_name\" content=\"Meleg bait\" \/>\n<meta property=\"article:publisher\" content=\"https:\/\/www.facebook.com\/MelegBait\" \/>\n<meta property=\"article:modified_time\" content=\"2023-07-06T13:21:07+00:00\" \/>\n<meta property=\"og:image\" content=\"https:\/\/melegbait.com\/wp-content\/uploads\/2022\/04\/IMG_4549.jpeg\" \/>\n\t<meta property=\"og:image:width\" content=\"1055\" \/>\n\t<meta property=\"og:image:height\" content=\"1300\" \/>\n\t<meta property=\"og:image:type\" content=\"image\/jpeg\" \/>\n<meta name=\"twitter:card\" content=\"summary_large_image\" \/>\n<meta name=\"twitter:label1\" content=\"Estimated reading time\" \/>\n\t<meta name=\"twitter:data1\" content=\"1 minute\" \/>\n<script type=\"application\/ld+json\" class=\"yoast-schema-graph\">{\"@context\":\"https:\/\/schema.org\",\"@graph\":[{\"@type\":\"WebPage\",\"@id\":\"https:\/\/melegbait.com\/product\/q-enzyme-boilie-f1-100g-kopiraj\/\",\"url\":\"https:\/\/melegbait.com\/product\/q-enzyme-boilie-f1-100g-kopiraj\/\",\"name\":\"Q Enzyme Boilie F1 100g - Meleg bait\",\"isPartOf\":{\"@id\":\"https:\/\/melegbait.com\/#website\"},\"primaryImageOfPage\":{\"@id\":\"https:\/\/melegbait.com\/product\/q-enzyme-boilie-f1-100g-kopiraj\/#primaryimage\"},\"image\":{\"@id\":\"https:\/\/melegbait.com\/product\/q-enzyme-boilie-f1-100g-kopiraj\/#primaryimage\"},\"thumbnailUrl\":\"https:\/\/melegbait.com\/wp-content\/uploads\/2022\/04\/IMG_4549.jpeg\",\"datePublished\":\"2022-04-01T19:36:14+00:00\",\"dateModified\":\"2023-07-06T13:21:07+00:00\",\"breadcrumb\":{\"@id\":\"https:\/\/melegbait.com\/product\/q-enzyme-boilie-f1-100g-kopiraj\/#breadcrumb\"},\"inLanguage\":\"en-GB\",\"potentialAction\":[{\"@type\":\"ReadAction\",\"target\":[\"https:\/\/melegbait.com\/product\/q-enzyme-boilie-f1-100g-kopiraj\/\"]}]},{\"@type\":\"ImageObject\",\"inLanguage\":\"en-GB\",\"@id\":\"https:\/\/melegbait.com\/product\/q-enzyme-boilie-f1-100g-kopiraj\/#primaryimage\",\"url\":\"https:\/\/melegbait.com\/wp-content\/uploads\/2022\/04\/IMG_4549.jpeg\",\"contentUrl\":\"https:\/\/melegbait.com\/wp-content\/uploads\/2022\/04\/IMG_4549.jpeg\",\"width\":1055,\"height\":1300},{\"@type\":\"BreadcrumbList\",\"@id\":\"https:\/\/melegbait.com\/product\/q-enzyme-boilie-f1-100g-kopiraj\/#breadcrumb\",\"itemListElement\":[{\"@type\":\"ListItem\",\"position\":1,\"name\":\"Home\",\"item\":\"https:\/\/melegbait.com\/\"},{\"@type\":\"ListItem\",\"position\":2,\"name\":\"Shop\",\"item\":\"https:\/\/melegbait.com\/shop\/\"},{\"@type\":\"ListItem\",\"position\":3,\"name\":\"Q Enzyme Boilie F1 100g\"}]},{\"@type\":\"WebSite\",\"@id\":\"https:\/\/melegbait.com\/#website\",\"url\":\"https:\/\/melegbait.com\/\",\"name\":\"Meleg bait\",\"description\":\"Meleg bait\",\"publisher\":{\"@id\":\"https:\/\/melegbait.com\/#organization\"},\"potentialAction\":[{\"@type\":\"SearchAction\",\"target\":{\"@type\":\"EntryPoint\",\"urlTemplate\":\"https:\/\/melegbait.com\/?s={search_term_string}\"},\"query-input\":{\"@type\":\"PropertyValueSpecification\",\"valueRequired\":true,\"valueName\":\"search_term_string\"}}],\"inLanguage\":\"en-GB\"},{\"@type\":\"Organization\",\"@id\":\"https:\/\/melegbait.com\/#organization\",\"name\":\"Meleg Baits\",\"url\":\"https:\/\/melegbait.com\/\",\"logo\":{\"@type\":\"ImageObject\",\"inLanguage\":\"en-GB\",\"@id\":\"https:\/\/melegbait.com\/#\/schema\/logo\/image\/\",\"url\":\"https:\/\/melegbait.com\/wp-content\/uploads\/2021\/02\/mblogo.jpg\",\"contentUrl\":\"https:\/\/melegbait.com\/wp-content\/uploads\/2021\/02\/mblogo.jpg\",\"width\":250,\"height\":250,\"caption\":\"Meleg Baits\"},\"image\":{\"@id\":\"https:\/\/melegbait.com\/#\/schema\/logo\/image\/\"},\"sameAs\":[\"https:\/\/www.facebook.com\/MelegBait\"]}]}<\/script>\n<!-- \/ Yoast SEO plugin. -->","yoast_head_json":{"title":"Q Enzyme Boilie F1 100g - Meleg bait","robots":{"index":"index","follow":"follow","max-snippet":"max-snippet:-1","max-image-preview":"max-image-preview:large","max-video-preview":"max-video-preview:-1"},"canonical":"https:\/\/melegbait.com\/en\/product\/q-enzyme-boilie-f1-100g-kopiraj\/","og_locale":"en_GB","og_type":"article","og_title":"Q Enzyme Boilie F1 100g - Meleg bait","og_description":"U na\u0161em istra\u017eiva\u010dkom centru se ne miruje. Najnovijim istra\u017eivanjem na\u0161eg tima do\u0161lo se do saznanja da velike ribe ne tra\u017ee samo hranu ve\u0107 i minerale i enzime. Testiranja dovela su do kompletne izmene recepata. Pod rukovodstvom Zorana Melega i Tony Mills-a upotrebom nove vrste biskvita, squid bra\u0161na, bra\u0161na rakova, vi\u0161e vrsta algi, livera koji u [&hellip;]","og_url":"https:\/\/melegbait.com\/en\/product\/q-enzyme-boilie-f1-100g-kopiraj\/","og_site_name":"Meleg bait","article_publisher":"https:\/\/www.facebook.com\/MelegBait","article_modified_time":"2023-07-06T13:21:07+00:00","og_image":[{"width":1055,"height":1300,"url":"https:\/\/melegbait.com\/wp-content\/uploads\/2022\/04\/IMG_4549.jpeg","type":"image\/jpeg"}],"twitter_card":"summary_large_image","twitter_misc":{"Estimated reading time":"1 minute"},"schema":{"@context":"https:\/\/schema.org","@graph":[{"@type":"WebPage","@id":"https:\/\/melegbait.com\/product\/q-enzyme-boilie-f1-100g-kopiraj\/","url":"https:\/\/melegbait.com\/product\/q-enzyme-boilie-f1-100g-kopiraj\/","name":"Q Enzyme Boilie F1 100g - Meleg bait","isPartOf":{"@id":"https:\/\/melegbait.com\/#website"},"primaryImageOfPage":{"@id":"https:\/\/melegbait.com\/product\/q-enzyme-boilie-f1-100g-kopiraj\/#primaryimage"},"image":{"@id":"https:\/\/melegbait.com\/product\/q-enzyme-boilie-f1-100g-kopiraj\/#primaryimage"},"thumbnailUrl":"https:\/\/melegbait.com\/wp-content\/uploads\/2022\/04\/IMG_4549.jpeg","datePublished":"2022-04-01T19:36:14+00:00","dateModified":"2023-07-06T13:21:07+00:00","breadcrumb":{"@id":"https:\/\/melegbait.com\/product\/q-enzyme-boilie-f1-100g-kopiraj\/#breadcrumb"},"inLanguage":"en-GB","potentialAction":[{"@type":"ReadAction","target":["https:\/\/melegbait.com\/product\/q-enzyme-boilie-f1-100g-kopiraj\/"]}]},{"@type":"ImageObject","inLanguage":"en-GB","@id":"https:\/\/melegbait.com\/product\/q-enzyme-boilie-f1-100g-kopiraj\/#primaryimage","url":"https:\/\/melegbait.com\/wp-content\/uploads\/2022\/04\/IMG_4549.jpeg","contentUrl":"https:\/\/melegbait.com\/wp-content\/uploads\/2022\/04\/IMG_4549.jpeg","width":1055,"height":1300},{"@type":"BreadcrumbList","@id":"https:\/\/melegbait.com\/product\/q-enzyme-boilie-f1-100g-kopiraj\/#breadcrumb","itemListElement":[{"@type":"ListItem","position":1,"name":"Home","item":"https:\/\/melegbait.com\/"},{"@type":"ListItem","position":2,"name":"Shop","item":"https:\/\/melegbait.com\/shop\/"},{"@type":"ListItem","position":3,"name":"Q Enzyme Boilie F1 100g"}]},{"@type":"WebSite","@id":"https:\/\/melegbait.com\/#website","url":"https:\/\/melegbait.com\/","name":"Meleg bait","description":"Meleg bait","publisher":{"@id":"https:\/\/melegbait.com\/#organization"},"potentialAction":[{"@type":"SearchAction","target":{"@type":"EntryPoint","urlTemplate":"https:\/\/melegbait.com\/?s={search_term_string}"},"query-input":{"@type":"PropertyValueSpecification","valueRequired":true,"valueName":"search_term_string"}}],"inLanguage":"en-GB"},{"@type":"Organization","@id":"https:\/\/melegbait.com\/#organization","name":"Meleg Baits","url":"https:\/\/melegbait.com\/","logo":{"@type":"ImageObject","inLanguage":"en-GB","@id":"https:\/\/melegbait.com\/#\/schema\/logo\/image\/","url":"https:\/\/melegbait.com\/wp-content\/uploads\/2021\/02\/mblogo.jpg","contentUrl":"https:\/\/melegbait.com\/wp-content\/uploads\/2021\/02\/mblogo.jpg","width":250,"height":250,"caption":"Meleg Baits"},"image":{"@id":"https:\/\/melegbait.com\/#\/schema\/logo\/image\/"},"sameAs":["https:\/\/www.facebook.com\/MelegBait"]}]}},"_links":{"self":[{"href":"https:\/\/melegbait.com\/en\/wp-json\/wp\/v2\/product\/32756","targetHints":{"allow":["GET"]}}],"collection":[{"href":"https:\/\/melegbait.com\/en\/wp-json\/wp\/v2\/product"}],"about":[{"href":"https:\/\/melegbait.com\/en\/wp-json\/wp\/v2\/types\/product"}],"replies":[{"embeddable":true,"href":"https:\/\/melegbait.com\/en\/wp-json\/wp\/v2\/comments?post=32756"}],"wp:featuredmedia":[{"embeddable":true,"href":"https:\/\/melegbait.com\/en\/wp-json\/wp\/v2\/media\/33727"}],"wp:attachment":[{"href":"https:\/\/melegbait.com\/en\/wp-json\/wp\/v2\/media?parent=32756"}],"wp:term":[{"taxonomy":"product_brand","embeddable":true,"href":"https:\/\/melegbait.com\/en\/wp-json\/wp\/v2\/product_brand?post=32756"},{"taxonomy":"product_cat","embeddable":true,"href":"https:\/\/melegbait.com\/en\/wp-json\/wp\/v2\/product_cat?post=32756"},{"taxonomy":"product_tag","embeddable":true,"href":"https:\/\/melegbait.com\/en\/wp-json\/wp\/v2\/product_tag?post=32756"}],"curies":[{"name":"wp","href":"https:\/\/api.w.org\/{rel}","templated":true}]}}