{"id":32860,"date":"2022-06-22T12:56:10","date_gmt":"2022-06-22T11:56:10","guid":{"rendered":"https:\/\/melegbait.com\/?post_type=product&#038;p=32860"},"modified":"2023-05-19T22:11:02","modified_gmt":"2023-05-19T21:11:02","slug":"csl-liquid-attractor","status":"publish","type":"product","link":"https:\/\/melegbait.com\/en\/product\/csl-liquid-attractor\/","title":{"rendered":"CSL Liquid Attractor"},"content":{"rendered":"<p>Our CSL Liquid differs from others on the market in that the others are made from old corn kernels and our Liquid from young sweet corn kernels. It contains completely different components and is not a product of nus products. Our CSL Liquid contains milk proteins and lactic acids. It has a very strong sweet corn smell and is full of natural sugar that is very sticky and when you pour the grains or pellets over them it sticks to them and doesn't wash off that easily. Carp recognize it by its smell and taste because this Liquid is made for feeding Carp.\nDosage: 15 to 30 ml per 1 kg of granules or pellets.\n15 to 30 ml of liquid per 1 kg of boili mix.<\/p>","protected":false},"excerpt":{"rendered":"<p>CSL Liquid<\/p>\n<p>Na\u0161 CSL Liquid se razlikuje od ostalih koji su prisutni na na\u0161em tr\u017ei\u0161tu zato \u0161to su ostali napravljeni od starog zrna kukuruza a na\u0161 Liquid od mladog zrna kukuruza \u0161e\u0107erca. On u sebi sadr\u017ei sasvim druga\u010dije komponente i nije proizvod nus proizvoda. Na\u0161 CSL Liquid u sebi sadr\u017ei mle\u010dne proteine i mle\u010dne kiseline. Ima izrazito jak miris kukuruza \u0161e\u0107erca i pun je prirodnog \u0161e\u0107era koji je jako lepljiv i kada prelijemo na\u0161e zrnevlje ili pelete jako se zalepi za njih i ne ispira se tako lako. \u0160aran ga prepoznaje i po mirisu i po ukusu jer je ovaj Liquid napravljen za ishranu \u0160arana.<\/p>\n<p>Doziranje: Na 1kg zrnevlja ili peleta ide pod 15 do 30 ml.<br \/>\nNa 1kg boili mixa od 15 do 30 ml liquida.<\/p>","protected":false},"featured_media":32853,"comment_status":"open","ping_status":"closed","template":"","meta":{"_et_pb_use_builder":"","_et_pb_old_content":"","_et_gb_content_width":""},"product_brand":[],"product_cat":[31,39,41,69,47],"product_tag":[],"class_list":{"0":"post-32860","1":"product","2":"type-product","3":"status-publish","4":"has-post-thumbnail","6":"product_cat-carp","7":"product_cat-likvidi","8":"product_cat-tecni-aditivi-amino-kiseline","9":"product_cat-ostalo","10":"product_cat-feeder-i-match","12":"first","13":"instock","14":"taxable","15":"shipping-taxable","16":"purchasable","17":"product-type-simple"},"yoast_head":"<!-- This site is optimized with the Yoast SEO plugin v26.9 - https:\/\/yoast.com\/product\/yoast-seo-wordpress\/ -->\n<title>CSL Liquid Attractor - Meleg bait<\/title>\n<meta name=\"robots\" content=\"index, follow, max-snippet:-1, max-image-preview:large, max-video-preview:-1\" \/>\n<link rel=\"canonical\" href=\"https:\/\/melegbait.com\/en\/product\/csl-liquid-attractor\/\" \/>\n<meta property=\"og:locale\" content=\"en_GB\" \/>\n<meta property=\"og:type\" content=\"article\" \/>\n<meta property=\"og:title\" content=\"CSL Liquid Attractor - Meleg bait\" \/>\n<meta property=\"og:description\" content=\"CSL Liquid  Na\u0161 CSL Liquid se razlikuje od ostalih koji su prisutni na na\u0161em tr\u017ei\u0161tu zato \u0161to su ostali napravljeni od starog zrna kukuruza a na\u0161 Liquid od mladog zrna kukuruza \u0161e\u0107erca. On u sebi sadr\u017ei sasvim druga\u010dije komponente i nije proizvod nus proizvoda. Na\u0161 CSL Liquid u sebi sadr\u017ei mle\u010dne proteine i mle\u010dne kiseline. Ima izrazito jak miris kukuruza \u0161e\u0107erca i pun je prirodnog \u0161e\u0107era koji je jako lepljiv i kada prelijemo na\u0161e zrnevlje ili pelete jako se zalepi za njih i ne ispira se tako lako. \u0160aran ga prepoznaje i po mirisu i po ukusu jer je ovaj Liquid napravljen za ishranu \u0160arana.  Doziranje: Na 1kg zrnevlja ili peleta ide pod 15 do 30 ml. Na 1kg boili mixa od 15 do 30 ml liquida.\" \/>\n<meta property=\"og:url\" content=\"https:\/\/melegbait.com\/en\/product\/csl-liquid-attractor\/\" \/>\n<meta property=\"og:site_name\" content=\"Meleg bait\" \/>\n<meta property=\"article:publisher\" content=\"https:\/\/www.facebook.com\/MelegBait\" \/>\n<meta property=\"article:modified_time\" content=\"2023-05-19T21:11:02+00:00\" \/>\n<meta property=\"og:image\" content=\"https:\/\/melegbait.com\/wp-content\/uploads\/2022\/06\/DBB9A9CC-0900-43BE-B4C9-93B3F2CAB805.jpeg\" \/>\n\t<meta property=\"og:image:width\" content=\"1125\" \/>\n\t<meta property=\"og:image:height\" content=\"1305\" \/>\n\t<meta property=\"og:image:type\" content=\"image\/jpeg\" \/>\n<meta name=\"twitter:card\" content=\"summary_large_image\" \/>\n<meta name=\"twitter:label1\" content=\"Estimated reading time\" \/>\n\t<meta name=\"twitter:data1\" content=\"1 minute\" \/>\n<script type=\"application\/ld+json\" class=\"yoast-schema-graph\">{\"@context\":\"https:\/\/schema.org\",\"@graph\":[{\"@type\":\"WebPage\",\"@id\":\"https:\/\/melegbait.com\/en\/product\/csl-liquid-attractor\/\",\"url\":\"https:\/\/melegbait.com\/en\/product\/csl-liquid-attractor\/\",\"name\":\"CSL Liquid Attractor - Meleg bait\",\"isPartOf\":{\"@id\":\"https:\/\/melegbait.com\/#website\"},\"primaryImageOfPage\":{\"@id\":\"https:\/\/melegbait.com\/en\/product\/csl-liquid-attractor\/#primaryimage\"},\"image\":{\"@id\":\"https:\/\/melegbait.com\/en\/product\/csl-liquid-attractor\/#primaryimage\"},\"thumbnailUrl\":\"https:\/\/melegbait.com\/wp-content\/uploads\/2022\/06\/DBB9A9CC-0900-43BE-B4C9-93B3F2CAB805.jpeg\",\"datePublished\":\"2022-06-22T11:56:10+00:00\",\"dateModified\":\"2023-05-19T21:11:02+00:00\",\"breadcrumb\":{\"@id\":\"https:\/\/melegbait.com\/en\/product\/csl-liquid-attractor\/#breadcrumb\"},\"inLanguage\":\"en-GB\",\"potentialAction\":[{\"@type\":\"ReadAction\",\"target\":[\"https:\/\/melegbait.com\/en\/product\/csl-liquid-attractor\/\"]}]},{\"@type\":\"ImageObject\",\"inLanguage\":\"en-GB\",\"@id\":\"https:\/\/melegbait.com\/en\/product\/csl-liquid-attractor\/#primaryimage\",\"url\":\"https:\/\/melegbait.com\/wp-content\/uploads\/2022\/06\/DBB9A9CC-0900-43BE-B4C9-93B3F2CAB805.jpeg\",\"contentUrl\":\"https:\/\/melegbait.com\/wp-content\/uploads\/2022\/06\/DBB9A9CC-0900-43BE-B4C9-93B3F2CAB805.jpeg\",\"width\":1125,\"height\":1305},{\"@type\":\"BreadcrumbList\",\"@id\":\"https:\/\/melegbait.com\/en\/product\/csl-liquid-attractor\/#breadcrumb\",\"itemListElement\":[{\"@type\":\"ListItem\",\"position\":1,\"name\":\"Home\",\"item\":\"https:\/\/melegbait.com\/\"},{\"@type\":\"ListItem\",\"position\":2,\"name\":\"Shop\",\"item\":\"https:\/\/melegbait.com\/shop\/\"},{\"@type\":\"ListItem\",\"position\":3,\"name\":\"CSL Liquid Attractor\"}]},{\"@type\":\"WebSite\",\"@id\":\"https:\/\/melegbait.com\/#website\",\"url\":\"https:\/\/melegbait.com\/\",\"name\":\"Meleg bait\",\"description\":\"Meleg bait\",\"publisher\":{\"@id\":\"https:\/\/melegbait.com\/#organization\"},\"potentialAction\":[{\"@type\":\"SearchAction\",\"target\":{\"@type\":\"EntryPoint\",\"urlTemplate\":\"https:\/\/melegbait.com\/?s={search_term_string}\"},\"query-input\":{\"@type\":\"PropertyValueSpecification\",\"valueRequired\":true,\"valueName\":\"search_term_string\"}}],\"inLanguage\":\"en-GB\"},{\"@type\":\"Organization\",\"@id\":\"https:\/\/melegbait.com\/#organization\",\"name\":\"Meleg Baits\",\"url\":\"https:\/\/melegbait.com\/\",\"logo\":{\"@type\":\"ImageObject\",\"inLanguage\":\"en-GB\",\"@id\":\"https:\/\/melegbait.com\/#\/schema\/logo\/image\/\",\"url\":\"https:\/\/melegbait.com\/wp-content\/uploads\/2021\/02\/mblogo.jpg\",\"contentUrl\":\"https:\/\/melegbait.com\/wp-content\/uploads\/2021\/02\/mblogo.jpg\",\"width\":250,\"height\":250,\"caption\":\"Meleg Baits\"},\"image\":{\"@id\":\"https:\/\/melegbait.com\/#\/schema\/logo\/image\/\"},\"sameAs\":[\"https:\/\/www.facebook.com\/MelegBait\"]}]}<\/script>\n<!-- \/ Yoast SEO plugin. -->","yoast_head_json":{"title":"CSL Liquid Attractor - Meleg bait","robots":{"index":"index","follow":"follow","max-snippet":"max-snippet:-1","max-image-preview":"max-image-preview:large","max-video-preview":"max-video-preview:-1"},"canonical":"https:\/\/melegbait.com\/en\/product\/csl-liquid-attractor\/","og_locale":"en_GB","og_type":"article","og_title":"CSL Liquid Attractor - Meleg bait","og_description":"CSL Liquid  Na\u0161 CSL Liquid se razlikuje od ostalih koji su prisutni na na\u0161em tr\u017ei\u0161tu zato \u0161to su ostali napravljeni od starog zrna kukuruza a na\u0161 Liquid od mladog zrna kukuruza \u0161e\u0107erca. On u sebi sadr\u017ei sasvim druga\u010dije komponente i nije proizvod nus proizvoda. Na\u0161 CSL Liquid u sebi sadr\u017ei mle\u010dne proteine i mle\u010dne kiseline. Ima izrazito jak miris kukuruza \u0161e\u0107erca i pun je prirodnog \u0161e\u0107era koji je jako lepljiv i kada prelijemo na\u0161e zrnevlje ili pelete jako se zalepi za njih i ne ispira se tako lako. \u0160aran ga prepoznaje i po mirisu i po ukusu jer je ovaj Liquid napravljen za ishranu \u0160arana.  Doziranje: Na 1kg zrnevlja ili peleta ide pod 15 do 30 ml. Na 1kg boili mixa od 15 do 30 ml liquida.","og_url":"https:\/\/melegbait.com\/en\/product\/csl-liquid-attractor\/","og_site_name":"Meleg bait","article_publisher":"https:\/\/www.facebook.com\/MelegBait","article_modified_time":"2023-05-19T21:11:02+00:00","og_image":[{"width":1125,"height":1305,"url":"https:\/\/melegbait.com\/wp-content\/uploads\/2022\/06\/DBB9A9CC-0900-43BE-B4C9-93B3F2CAB805.jpeg","type":"image\/jpeg"}],"twitter_card":"summary_large_image","twitter_misc":{"Estimated reading time":"1 minute"},"schema":{"@context":"https:\/\/schema.org","@graph":[{"@type":"WebPage","@id":"https:\/\/melegbait.com\/en\/product\/csl-liquid-attractor\/","url":"https:\/\/melegbait.com\/en\/product\/csl-liquid-attractor\/","name":"CSL Liquid Attractor - Meleg bait","isPartOf":{"@id":"https:\/\/melegbait.com\/#website"},"primaryImageOfPage":{"@id":"https:\/\/melegbait.com\/en\/product\/csl-liquid-attractor\/#primaryimage"},"image":{"@id":"https:\/\/melegbait.com\/en\/product\/csl-liquid-attractor\/#primaryimage"},"thumbnailUrl":"https:\/\/melegbait.com\/wp-content\/uploads\/2022\/06\/DBB9A9CC-0900-43BE-B4C9-93B3F2CAB805.jpeg","datePublished":"2022-06-22T11:56:10+00:00","dateModified":"2023-05-19T21:11:02+00:00","breadcrumb":{"@id":"https:\/\/melegbait.com\/en\/product\/csl-liquid-attractor\/#breadcrumb"},"inLanguage":"en-GB","potentialAction":[{"@type":"ReadAction","target":["https:\/\/melegbait.com\/en\/product\/csl-liquid-attractor\/"]}]},{"@type":"ImageObject","inLanguage":"en-GB","@id":"https:\/\/melegbait.com\/en\/product\/csl-liquid-attractor\/#primaryimage","url":"https:\/\/melegbait.com\/wp-content\/uploads\/2022\/06\/DBB9A9CC-0900-43BE-B4C9-93B3F2CAB805.jpeg","contentUrl":"https:\/\/melegbait.com\/wp-content\/uploads\/2022\/06\/DBB9A9CC-0900-43BE-B4C9-93B3F2CAB805.jpeg","width":1125,"height":1305},{"@type":"BreadcrumbList","@id":"https:\/\/melegbait.com\/en\/product\/csl-liquid-attractor\/#breadcrumb","itemListElement":[{"@type":"ListItem","position":1,"name":"Home","item":"https:\/\/melegbait.com\/"},{"@type":"ListItem","position":2,"name":"Shop","item":"https:\/\/melegbait.com\/shop\/"},{"@type":"ListItem","position":3,"name":"CSL Liquid Attractor"}]},{"@type":"WebSite","@id":"https:\/\/melegbait.com\/#website","url":"https:\/\/melegbait.com\/","name":"Meleg bait","description":"Meleg bait","publisher":{"@id":"https:\/\/melegbait.com\/#organization"},"potentialAction":[{"@type":"SearchAction","target":{"@type":"EntryPoint","urlTemplate":"https:\/\/melegbait.com\/?s={search_term_string}"},"query-input":{"@type":"PropertyValueSpecification","valueRequired":true,"valueName":"search_term_string"}}],"inLanguage":"en-GB"},{"@type":"Organization","@id":"https:\/\/melegbait.com\/#organization","name":"Meleg Baits","url":"https:\/\/melegbait.com\/","logo":{"@type":"ImageObject","inLanguage":"en-GB","@id":"https:\/\/melegbait.com\/#\/schema\/logo\/image\/","url":"https:\/\/melegbait.com\/wp-content\/uploads\/2021\/02\/mblogo.jpg","contentUrl":"https:\/\/melegbait.com\/wp-content\/uploads\/2021\/02\/mblogo.jpg","width":250,"height":250,"caption":"Meleg Baits"},"image":{"@id":"https:\/\/melegbait.com\/#\/schema\/logo\/image\/"},"sameAs":["https:\/\/www.facebook.com\/MelegBait"]}]}},"_links":{"self":[{"href":"https:\/\/melegbait.com\/en\/wp-json\/wp\/v2\/product\/32860","targetHints":{"allow":["GET"]}}],"collection":[{"href":"https:\/\/melegbait.com\/en\/wp-json\/wp\/v2\/product"}],"about":[{"href":"https:\/\/melegbait.com\/en\/wp-json\/wp\/v2\/types\/product"}],"replies":[{"embeddable":true,"href":"https:\/\/melegbait.com\/en\/wp-json\/wp\/v2\/comments?post=32860"}],"wp:featuredmedia":[{"embeddable":true,"href":"https:\/\/melegbait.com\/en\/wp-json\/wp\/v2\/media\/32853"}],"wp:attachment":[{"href":"https:\/\/melegbait.com\/en\/wp-json\/wp\/v2\/media?parent=32860"}],"wp:term":[{"taxonomy":"product_brand","embeddable":true,"href":"https:\/\/melegbait.com\/en\/wp-json\/wp\/v2\/product_brand?post=32860"},{"taxonomy":"product_cat","embeddable":true,"href":"https:\/\/melegbait.com\/en\/wp-json\/wp\/v2\/product_cat?post=32860"},{"taxonomy":"product_tag","embeddable":true,"href":"https:\/\/melegbait.com\/en\/wp-json\/wp\/v2\/product_tag?post=32860"}],"curies":[{"name":"wp","href":"https:\/\/api.w.org\/{rel}","templated":true}]}}