{"id":33208,"date":"2023-01-26T15:22:19","date_gmt":"2023-01-26T14:22:19","guid":{"rendered":"https:\/\/melegbait.com\/?post_type=product&#038;p=33208"},"modified":"2023-06-24T13:40:24","modified_gmt":"2023-06-24T12:40:24","slug":"pop-ups-bs","status":"publish","type":"product","link":"https:\/\/melegbait.com\/en\/product\/pop-ups-bs\/","title":{"rendered":"Pop Up&#8217;s &#8211; BS"},"content":{"rendered":"<p>Floating baits<br \/>\nDiameter: 10mm &amp; 14mm<\/p>","protected":false},"excerpt":{"rendered":"<p>Aroma BS &#8211; koktel svetlog vo\u0107a Pop Up`s boile nisu obi\u010dne dipovane boile nego su oboga\u0107ene i izaziva\u010dima. Meleg Bait Pop Up`s plutaju\u0107e 10mm I 14mm boile se izra\u0111uju od standardnog miksa sa dodatkom atraktora i komponenti koje omogu\u0107avaju \u201cplivanje\u201d boile. Ove Pop Up`s boile nisu izra\u017eeno plivaju\u0107e, ali samim prolaskom \u0161arana i minimalnim pomeranjem [&hellip;]<\/p>","protected":false},"featured_media":33211,"comment_status":"open","ping_status":"closed","template":"","meta":{"_et_pb_use_builder":"","_et_pb_old_content":"","_et_gb_content_width":""},"product_brand":[],"product_cat":[31,32,36],"product_tag":[],"class_list":{"0":"post-33208","1":"product","2":"type-product","3":"status-publish","4":"has-post-thumbnail","6":"product_cat-carp","7":"product_cat-boili","8":"product_cat-pop-up-boili","10":"first","11":"instock","12":"taxable","13":"shipping-taxable","14":"purchasable","15":"product-type-variable"},"yoast_head":"<!-- This site is optimized with the Yoast SEO plugin v26.9 - https:\/\/yoast.com\/product\/yoast-seo-wordpress\/ -->\n<title>Pop Up&#039;s - BS - Meleg bait<\/title>\n<meta name=\"robots\" content=\"index, follow, max-snippet:-1, max-image-preview:large, max-video-preview:-1\" \/>\n<link rel=\"canonical\" href=\"https:\/\/melegbait.com\/en\/product\/pop-ups-bs\/\" \/>\n<meta property=\"og:locale\" content=\"en_GB\" \/>\n<meta property=\"og:type\" content=\"article\" \/>\n<meta property=\"og:title\" content=\"Pop Up&#039;s - BS - Meleg bait\" \/>\n<meta property=\"og:description\" content=\"Aroma BS &#8211; koktel svetlog vo\u0107a Pop Up`s boile nisu obi\u010dne dipovane boile nego su oboga\u0107ene i izaziva\u010dima. Meleg Bait Pop Up`s plutaju\u0107e 10mm I 14mm boile se izra\u0111uju od standardnog miksa sa dodatkom atraktora i komponenti koje omogu\u0107avaju \u201cplivanje\u201d boile. Ove Pop Up`s boile nisu izra\u017eeno plivaju\u0107e, ali samim prolaskom \u0161arana i minimalnim pomeranjem [&hellip;]\" \/>\n<meta property=\"og:url\" content=\"https:\/\/melegbait.com\/en\/product\/pop-ups-bs\/\" \/>\n<meta property=\"og:site_name\" content=\"Meleg bait\" \/>\n<meta property=\"article:publisher\" content=\"https:\/\/www.facebook.com\/MelegBait\" \/>\n<meta property=\"article:modified_time\" content=\"2023-06-24T12:40:24+00:00\" \/>\n<meta property=\"og:image\" content=\"https:\/\/melegbait.com\/wp-content\/uploads\/2023\/01\/5DA4A16F-EDEA-412E-9345-8E63952DB9A9.png\" \/>\n\t<meta property=\"og:image:width\" content=\"426\" \/>\n\t<meta property=\"og:image:height\" content=\"530\" \/>\n\t<meta property=\"og:image:type\" content=\"image\/png\" \/>\n<meta name=\"twitter:card\" content=\"summary_large_image\" \/>\n<script type=\"application\/ld+json\" class=\"yoast-schema-graph\">{\"@context\":\"https:\/\/schema.org\",\"@graph\":[{\"@type\":\"WebPage\",\"@id\":\"https:\/\/melegbait.com\/product\/pop-ups-bs\/\",\"url\":\"https:\/\/melegbait.com\/product\/pop-ups-bs\/\",\"name\":\"Pop Up's - BS - Meleg bait\",\"isPartOf\":{\"@id\":\"https:\/\/melegbait.com\/#website\"},\"primaryImageOfPage\":{\"@id\":\"https:\/\/melegbait.com\/product\/pop-ups-bs\/#primaryimage\"},\"image\":{\"@id\":\"https:\/\/melegbait.com\/product\/pop-ups-bs\/#primaryimage\"},\"thumbnailUrl\":\"https:\/\/melegbait.com\/wp-content\/uploads\/2023\/01\/5DA4A16F-EDEA-412E-9345-8E63952DB9A9.png\",\"datePublished\":\"2023-01-26T14:22:19+00:00\",\"dateModified\":\"2023-06-24T12:40:24+00:00\",\"breadcrumb\":{\"@id\":\"https:\/\/melegbait.com\/product\/pop-ups-bs\/#breadcrumb\"},\"inLanguage\":\"en-GB\",\"potentialAction\":[{\"@type\":\"ReadAction\",\"target\":[\"https:\/\/melegbait.com\/product\/pop-ups-bs\/\"]}]},{\"@type\":\"ImageObject\",\"inLanguage\":\"en-GB\",\"@id\":\"https:\/\/melegbait.com\/product\/pop-ups-bs\/#primaryimage\",\"url\":\"https:\/\/melegbait.com\/wp-content\/uploads\/2023\/01\/5DA4A16F-EDEA-412E-9345-8E63952DB9A9.png\",\"contentUrl\":\"https:\/\/melegbait.com\/wp-content\/uploads\/2023\/01\/5DA4A16F-EDEA-412E-9345-8E63952DB9A9.png\",\"width\":426,\"height\":530},{\"@type\":\"BreadcrumbList\",\"@id\":\"https:\/\/melegbait.com\/product\/pop-ups-bs\/#breadcrumb\",\"itemListElement\":[{\"@type\":\"ListItem\",\"position\":1,\"name\":\"Home\",\"item\":\"https:\/\/melegbait.com\/\"},{\"@type\":\"ListItem\",\"position\":2,\"name\":\"Shop\",\"item\":\"https:\/\/melegbait.com\/shop\/\"},{\"@type\":\"ListItem\",\"position\":3,\"name\":\"Pop Up&#8217;s &#8211; BS\"}]},{\"@type\":\"WebSite\",\"@id\":\"https:\/\/melegbait.com\/#website\",\"url\":\"https:\/\/melegbait.com\/\",\"name\":\"Meleg bait\",\"description\":\"Meleg bait\",\"publisher\":{\"@id\":\"https:\/\/melegbait.com\/#organization\"},\"potentialAction\":[{\"@type\":\"SearchAction\",\"target\":{\"@type\":\"EntryPoint\",\"urlTemplate\":\"https:\/\/melegbait.com\/?s={search_term_string}\"},\"query-input\":{\"@type\":\"PropertyValueSpecification\",\"valueRequired\":true,\"valueName\":\"search_term_string\"}}],\"inLanguage\":\"en-GB\"},{\"@type\":\"Organization\",\"@id\":\"https:\/\/melegbait.com\/#organization\",\"name\":\"Meleg Baits\",\"url\":\"https:\/\/melegbait.com\/\",\"logo\":{\"@type\":\"ImageObject\",\"inLanguage\":\"en-GB\",\"@id\":\"https:\/\/melegbait.com\/#\/schema\/logo\/image\/\",\"url\":\"https:\/\/melegbait.com\/wp-content\/uploads\/2021\/02\/mblogo.jpg\",\"contentUrl\":\"https:\/\/melegbait.com\/wp-content\/uploads\/2021\/02\/mblogo.jpg\",\"width\":250,\"height\":250,\"caption\":\"Meleg Baits\"},\"image\":{\"@id\":\"https:\/\/melegbait.com\/#\/schema\/logo\/image\/\"},\"sameAs\":[\"https:\/\/www.facebook.com\/MelegBait\"]}]}<\/script>\n<!-- \/ Yoast SEO plugin. -->","yoast_head_json":{"title":"Pop Up's - BS - Meleg bait","robots":{"index":"index","follow":"follow","max-snippet":"max-snippet:-1","max-image-preview":"max-image-preview:large","max-video-preview":"max-video-preview:-1"},"canonical":"https:\/\/melegbait.com\/en\/product\/pop-ups-bs\/","og_locale":"en_GB","og_type":"article","og_title":"Pop Up's - BS - Meleg bait","og_description":"Aroma BS &#8211; koktel svetlog vo\u0107a Pop Up`s boile nisu obi\u010dne dipovane boile nego su oboga\u0107ene i izaziva\u010dima. Meleg Bait Pop Up`s plutaju\u0107e 10mm I 14mm boile se izra\u0111uju od standardnog miksa sa dodatkom atraktora i komponenti koje omogu\u0107avaju \u201cplivanje\u201d boile. Ove Pop Up`s boile nisu izra\u017eeno plivaju\u0107e, ali samim prolaskom \u0161arana i minimalnim pomeranjem [&hellip;]","og_url":"https:\/\/melegbait.com\/en\/product\/pop-ups-bs\/","og_site_name":"Meleg bait","article_publisher":"https:\/\/www.facebook.com\/MelegBait","article_modified_time":"2023-06-24T12:40:24+00:00","og_image":[{"width":426,"height":530,"url":"https:\/\/melegbait.com\/wp-content\/uploads\/2023\/01\/5DA4A16F-EDEA-412E-9345-8E63952DB9A9.png","type":"image\/png"}],"twitter_card":"summary_large_image","schema":{"@context":"https:\/\/schema.org","@graph":[{"@type":"WebPage","@id":"https:\/\/melegbait.com\/product\/pop-ups-bs\/","url":"https:\/\/melegbait.com\/product\/pop-ups-bs\/","name":"Pop Up's - BS - Meleg bait","isPartOf":{"@id":"https:\/\/melegbait.com\/#website"},"primaryImageOfPage":{"@id":"https:\/\/melegbait.com\/product\/pop-ups-bs\/#primaryimage"},"image":{"@id":"https:\/\/melegbait.com\/product\/pop-ups-bs\/#primaryimage"},"thumbnailUrl":"https:\/\/melegbait.com\/wp-content\/uploads\/2023\/01\/5DA4A16F-EDEA-412E-9345-8E63952DB9A9.png","datePublished":"2023-01-26T14:22:19+00:00","dateModified":"2023-06-24T12:40:24+00:00","breadcrumb":{"@id":"https:\/\/melegbait.com\/product\/pop-ups-bs\/#breadcrumb"},"inLanguage":"en-GB","potentialAction":[{"@type":"ReadAction","target":["https:\/\/melegbait.com\/product\/pop-ups-bs\/"]}]},{"@type":"ImageObject","inLanguage":"en-GB","@id":"https:\/\/melegbait.com\/product\/pop-ups-bs\/#primaryimage","url":"https:\/\/melegbait.com\/wp-content\/uploads\/2023\/01\/5DA4A16F-EDEA-412E-9345-8E63952DB9A9.png","contentUrl":"https:\/\/melegbait.com\/wp-content\/uploads\/2023\/01\/5DA4A16F-EDEA-412E-9345-8E63952DB9A9.png","width":426,"height":530},{"@type":"BreadcrumbList","@id":"https:\/\/melegbait.com\/product\/pop-ups-bs\/#breadcrumb","itemListElement":[{"@type":"ListItem","position":1,"name":"Home","item":"https:\/\/melegbait.com\/"},{"@type":"ListItem","position":2,"name":"Shop","item":"https:\/\/melegbait.com\/shop\/"},{"@type":"ListItem","position":3,"name":"Pop Up&#8217;s &#8211; BS"}]},{"@type":"WebSite","@id":"https:\/\/melegbait.com\/#website","url":"https:\/\/melegbait.com\/","name":"Meleg bait","description":"Meleg bait","publisher":{"@id":"https:\/\/melegbait.com\/#organization"},"potentialAction":[{"@type":"SearchAction","target":{"@type":"EntryPoint","urlTemplate":"https:\/\/melegbait.com\/?s={search_term_string}"},"query-input":{"@type":"PropertyValueSpecification","valueRequired":true,"valueName":"search_term_string"}}],"inLanguage":"en-GB"},{"@type":"Organization","@id":"https:\/\/melegbait.com\/#organization","name":"Meleg Baits","url":"https:\/\/melegbait.com\/","logo":{"@type":"ImageObject","inLanguage":"en-GB","@id":"https:\/\/melegbait.com\/#\/schema\/logo\/image\/","url":"https:\/\/melegbait.com\/wp-content\/uploads\/2021\/02\/mblogo.jpg","contentUrl":"https:\/\/melegbait.com\/wp-content\/uploads\/2021\/02\/mblogo.jpg","width":250,"height":250,"caption":"Meleg Baits"},"image":{"@id":"https:\/\/melegbait.com\/#\/schema\/logo\/image\/"},"sameAs":["https:\/\/www.facebook.com\/MelegBait"]}]}},"_links":{"self":[{"href":"https:\/\/melegbait.com\/en\/wp-json\/wp\/v2\/product\/33208","targetHints":{"allow":["GET"]}}],"collection":[{"href":"https:\/\/melegbait.com\/en\/wp-json\/wp\/v2\/product"}],"about":[{"href":"https:\/\/melegbait.com\/en\/wp-json\/wp\/v2\/types\/product"}],"replies":[{"embeddable":true,"href":"https:\/\/melegbait.com\/en\/wp-json\/wp\/v2\/comments?post=33208"}],"wp:featuredmedia":[{"embeddable":true,"href":"https:\/\/melegbait.com\/en\/wp-json\/wp\/v2\/media\/33211"}],"wp:attachment":[{"href":"https:\/\/melegbait.com\/en\/wp-json\/wp\/v2\/media?parent=33208"}],"wp:term":[{"taxonomy":"product_brand","embeddable":true,"href":"https:\/\/melegbait.com\/en\/wp-json\/wp\/v2\/product_brand?post=33208"},{"taxonomy":"product_cat","embeddable":true,"href":"https:\/\/melegbait.com\/en\/wp-json\/wp\/v2\/product_cat?post=33208"},{"taxonomy":"product_tag","embeddable":true,"href":"https:\/\/melegbait.com\/en\/wp-json\/wp\/v2\/product_tag?post=33208"}],"curies":[{"name":"wp","href":"https:\/\/api.w.org\/{rel}","templated":true}]}}