{"id":33262,"date":"2023-02-22T13:38:49","date_gmt":"2023-02-22T12:38:49","guid":{"rendered":"https:\/\/melegbait.com\/?post_type=product&#038;p=33262"},"modified":"2023-07-18T12:02:33","modified_gmt":"2023-07-18T11:02:33","slug":"fast-feed-pellet-fish","status":"publish","type":"product","link":"https:\/\/melegbait.com\/en\/product\/fast-feed-pellet-fish\/","title":{"rendered":"Fast Feed Pellet &#8211; Fish 5kg"},"content":{"rendered":"<p><span class=\"s1\">Godinama smo prou\u010davali i istra\u017eivali sta je potrebno ribolovcima da bi doveli brzo ribu na svoje mesto i zadr\u017eali je \u0161to du\u017ee. <\/span><span class=\"s1\">Obratite paznju da vas pelet ne bi trebao da bude ribnjacki namenjen za hranjenje odnosno za tov ribe vec mora da bude balansiran tako da ne zasiti ribu. Uvideli smo u okviru na\u0161eg podvodnog istra\u017eiva\u010dkog centra da mlade ribe mogu da jedu pelet sa 27% proteina i 7%masti, ali smo uvideli da veliki\/stariji \u0161arani nisu konzumirali konstanto pelet, jer su pojeli i oti\u0161li i nisu se vra\u0107ali. Iz tog razloga, krenuli smo u proizvodnju na\u0161eg peleta sa malim procentom proteina kako bi se riba manje zasitila, a samim time i vratila na mesto hranjenja, dodatkom na\u0161ih biskvita napravili smo povoljan i efikasan pelet koji smo nazvali Fast Feed Pellet. Sa sigurno\u0161\u0107u Vam tvrdimo da smo nakon 30 godina napravili jedinstven proizvod na tr\u017ei\u0161tu.<\/span><\/p>","protected":false},"excerpt":{"rendered":"<p>Godinama smo prou\u010davali i istra\u017eivali sta je potrebno ribolovcima da bi doveli brzo ribu na svoje mesto i zadr\u017eali je \u0161to du\u017ee. Obratite paznju da vas pelet ne bi trebao da bude ribnjacki namenjen za hranjenje odnosno za tov ribe vec mora da bude balansiran tako da ne zasiti ribu. Uvideli smo u okviru na\u0161eg [&hellip;]<\/p>","protected":false},"featured_media":33257,"comment_status":"open","ping_status":"closed","template":"","meta":{"_et_pb_use_builder":"","_et_pb_old_content":"","_et_gb_content_width":""},"product_brand":[],"product_cat":[31,44,47,50],"product_tag":[],"class_list":{"0":"post-33262","1":"product","2":"type-product","3":"status-publish","4":"has-post-thumbnail","6":"product_cat-carp","7":"product_cat-pellet","8":"product_cat-feeder-i-match","9":"product_cat-feeder-pellets","11":"first","12":"instock","13":"taxable","14":"shipping-taxable","15":"purchasable","16":"product-type-simple"},"yoast_head":"<!-- This site is optimized with the Yoast SEO plugin v26.9 - https:\/\/yoast.com\/product\/yoast-seo-wordpress\/ -->\n<title>Fast Feed Pellet - Fish 5kg - Meleg bait<\/title>\n<meta name=\"robots\" content=\"index, follow, max-snippet:-1, max-image-preview:large, max-video-preview:-1\" \/>\n<link rel=\"canonical\" href=\"https:\/\/melegbait.com\/en\/product\/fast-feed-pellet-fish\/\" \/>\n<meta property=\"og:locale\" content=\"en_GB\" \/>\n<meta property=\"og:type\" content=\"article\" \/>\n<meta property=\"og:title\" content=\"Fast Feed Pellet - Fish 5kg - Meleg bait\" \/>\n<meta property=\"og:description\" content=\"Godinama smo prou\u010davali i istra\u017eivali sta je potrebno ribolovcima da bi doveli brzo ribu na svoje mesto i zadr\u017eali je \u0161to du\u017ee. Obratite paznju da vas pelet ne bi trebao da bude ribnjacki namenjen za hranjenje odnosno za tov ribe vec mora da bude balansiran tako da ne zasiti ribu. Uvideli smo u okviru na\u0161eg [&hellip;]\" \/>\n<meta property=\"og:url\" content=\"https:\/\/melegbait.com\/en\/product\/fast-feed-pellet-fish\/\" \/>\n<meta property=\"og:site_name\" content=\"Meleg bait\" \/>\n<meta property=\"article:publisher\" content=\"https:\/\/www.facebook.com\/MelegBait\" \/>\n<meta property=\"article:modified_time\" content=\"2023-07-18T11:02:33+00:00\" \/>\n<meta property=\"og:image\" content=\"https:\/\/melegbait.com\/wp-content\/uploads\/2021\/01\/6CA2EFD4-61A7-4A2C-98F5-8AF0A89A6D29.jpeg\" \/>\n\t<meta property=\"og:image:width\" content=\"1125\" \/>\n\t<meta property=\"og:image:height\" content=\"1578\" \/>\n\t<meta property=\"og:image:type\" content=\"image\/jpeg\" \/>\n<meta name=\"twitter:card\" content=\"summary_large_image\" \/>\n<meta name=\"twitter:label1\" content=\"Estimated reading time\" \/>\n\t<meta name=\"twitter:data1\" content=\"1 minute\" \/>\n<script type=\"application\/ld+json\" class=\"yoast-schema-graph\">{\"@context\":\"https:\/\/schema.org\",\"@graph\":[{\"@type\":\"WebPage\",\"@id\":\"https:\/\/melegbait.com\/product\/fast-feed-pellet-fish\/\",\"url\":\"https:\/\/melegbait.com\/product\/fast-feed-pellet-fish\/\",\"name\":\"Fast Feed Pellet - Fish 5kg - Meleg bait\",\"isPartOf\":{\"@id\":\"https:\/\/melegbait.com\/#website\"},\"primaryImageOfPage\":{\"@id\":\"https:\/\/melegbait.com\/product\/fast-feed-pellet-fish\/#primaryimage\"},\"image\":{\"@id\":\"https:\/\/melegbait.com\/product\/fast-feed-pellet-fish\/#primaryimage\"},\"thumbnailUrl\":\"https:\/\/melegbait.com\/wp-content\/uploads\/2021\/01\/6CA2EFD4-61A7-4A2C-98F5-8AF0A89A6D29.jpeg\",\"datePublished\":\"2023-02-22T12:38:49+00:00\",\"dateModified\":\"2023-07-18T11:02:33+00:00\",\"breadcrumb\":{\"@id\":\"https:\/\/melegbait.com\/product\/fast-feed-pellet-fish\/#breadcrumb\"},\"inLanguage\":\"en-GB\",\"potentialAction\":[{\"@type\":\"ReadAction\",\"target\":[\"https:\/\/melegbait.com\/product\/fast-feed-pellet-fish\/\"]}]},{\"@type\":\"ImageObject\",\"inLanguage\":\"en-GB\",\"@id\":\"https:\/\/melegbait.com\/product\/fast-feed-pellet-fish\/#primaryimage\",\"url\":\"https:\/\/melegbait.com\/wp-content\/uploads\/2021\/01\/6CA2EFD4-61A7-4A2C-98F5-8AF0A89A6D29.jpeg\",\"contentUrl\":\"https:\/\/melegbait.com\/wp-content\/uploads\/2021\/01\/6CA2EFD4-61A7-4A2C-98F5-8AF0A89A6D29.jpeg\",\"width\":1125,\"height\":1578},{\"@type\":\"BreadcrumbList\",\"@id\":\"https:\/\/melegbait.com\/product\/fast-feed-pellet-fish\/#breadcrumb\",\"itemListElement\":[{\"@type\":\"ListItem\",\"position\":1,\"name\":\"Home\",\"item\":\"https:\/\/melegbait.com\/\"},{\"@type\":\"ListItem\",\"position\":2,\"name\":\"Shop\",\"item\":\"https:\/\/melegbait.com\/shop\/\"},{\"@type\":\"ListItem\",\"position\":3,\"name\":\"Fast Feed Pellet &#8211; Fish 5kg\"}]},{\"@type\":\"WebSite\",\"@id\":\"https:\/\/melegbait.com\/#website\",\"url\":\"https:\/\/melegbait.com\/\",\"name\":\"Meleg bait\",\"description\":\"Meleg bait\",\"publisher\":{\"@id\":\"https:\/\/melegbait.com\/#organization\"},\"potentialAction\":[{\"@type\":\"SearchAction\",\"target\":{\"@type\":\"EntryPoint\",\"urlTemplate\":\"https:\/\/melegbait.com\/?s={search_term_string}\"},\"query-input\":{\"@type\":\"PropertyValueSpecification\",\"valueRequired\":true,\"valueName\":\"search_term_string\"}}],\"inLanguage\":\"en-GB\"},{\"@type\":\"Organization\",\"@id\":\"https:\/\/melegbait.com\/#organization\",\"name\":\"Meleg Baits\",\"url\":\"https:\/\/melegbait.com\/\",\"logo\":{\"@type\":\"ImageObject\",\"inLanguage\":\"en-GB\",\"@id\":\"https:\/\/melegbait.com\/#\/schema\/logo\/image\/\",\"url\":\"https:\/\/melegbait.com\/wp-content\/uploads\/2021\/02\/mblogo.jpg\",\"contentUrl\":\"https:\/\/melegbait.com\/wp-content\/uploads\/2021\/02\/mblogo.jpg\",\"width\":250,\"height\":250,\"caption\":\"Meleg Baits\"},\"image\":{\"@id\":\"https:\/\/melegbait.com\/#\/schema\/logo\/image\/\"},\"sameAs\":[\"https:\/\/www.facebook.com\/MelegBait\"]}]}<\/script>\n<!-- \/ Yoast SEO plugin. -->","yoast_head_json":{"title":"Fast Feed Pellet - Fish 5kg - Meleg bait","robots":{"index":"index","follow":"follow","max-snippet":"max-snippet:-1","max-image-preview":"max-image-preview:large","max-video-preview":"max-video-preview:-1"},"canonical":"https:\/\/melegbait.com\/en\/product\/fast-feed-pellet-fish\/","og_locale":"en_GB","og_type":"article","og_title":"Fast Feed Pellet - Fish 5kg - Meleg bait","og_description":"Godinama smo prou\u010davali i istra\u017eivali sta je potrebno ribolovcima da bi doveli brzo ribu na svoje mesto i zadr\u017eali je \u0161to du\u017ee. Obratite paznju da vas pelet ne bi trebao da bude ribnjacki namenjen za hranjenje odnosno za tov ribe vec mora da bude balansiran tako da ne zasiti ribu. Uvideli smo u okviru na\u0161eg [&hellip;]","og_url":"https:\/\/melegbait.com\/en\/product\/fast-feed-pellet-fish\/","og_site_name":"Meleg bait","article_publisher":"https:\/\/www.facebook.com\/MelegBait","article_modified_time":"2023-07-18T11:02:33+00:00","og_image":[{"width":1125,"height":1578,"url":"https:\/\/melegbait.com\/wp-content\/uploads\/2021\/01\/6CA2EFD4-61A7-4A2C-98F5-8AF0A89A6D29.jpeg","type":"image\/jpeg"}],"twitter_card":"summary_large_image","twitter_misc":{"Estimated reading time":"1 minute"},"schema":{"@context":"https:\/\/schema.org","@graph":[{"@type":"WebPage","@id":"https:\/\/melegbait.com\/product\/fast-feed-pellet-fish\/","url":"https:\/\/melegbait.com\/product\/fast-feed-pellet-fish\/","name":"Fast Feed Pellet - Fish 5kg - Meleg bait","isPartOf":{"@id":"https:\/\/melegbait.com\/#website"},"primaryImageOfPage":{"@id":"https:\/\/melegbait.com\/product\/fast-feed-pellet-fish\/#primaryimage"},"image":{"@id":"https:\/\/melegbait.com\/product\/fast-feed-pellet-fish\/#primaryimage"},"thumbnailUrl":"https:\/\/melegbait.com\/wp-content\/uploads\/2021\/01\/6CA2EFD4-61A7-4A2C-98F5-8AF0A89A6D29.jpeg","datePublished":"2023-02-22T12:38:49+00:00","dateModified":"2023-07-18T11:02:33+00:00","breadcrumb":{"@id":"https:\/\/melegbait.com\/product\/fast-feed-pellet-fish\/#breadcrumb"},"inLanguage":"en-GB","potentialAction":[{"@type":"ReadAction","target":["https:\/\/melegbait.com\/product\/fast-feed-pellet-fish\/"]}]},{"@type":"ImageObject","inLanguage":"en-GB","@id":"https:\/\/melegbait.com\/product\/fast-feed-pellet-fish\/#primaryimage","url":"https:\/\/melegbait.com\/wp-content\/uploads\/2021\/01\/6CA2EFD4-61A7-4A2C-98F5-8AF0A89A6D29.jpeg","contentUrl":"https:\/\/melegbait.com\/wp-content\/uploads\/2021\/01\/6CA2EFD4-61A7-4A2C-98F5-8AF0A89A6D29.jpeg","width":1125,"height":1578},{"@type":"BreadcrumbList","@id":"https:\/\/melegbait.com\/product\/fast-feed-pellet-fish\/#breadcrumb","itemListElement":[{"@type":"ListItem","position":1,"name":"Home","item":"https:\/\/melegbait.com\/"},{"@type":"ListItem","position":2,"name":"Shop","item":"https:\/\/melegbait.com\/shop\/"},{"@type":"ListItem","position":3,"name":"Fast Feed Pellet &#8211; Fish 5kg"}]},{"@type":"WebSite","@id":"https:\/\/melegbait.com\/#website","url":"https:\/\/melegbait.com\/","name":"Meleg bait","description":"Meleg bait","publisher":{"@id":"https:\/\/melegbait.com\/#organization"},"potentialAction":[{"@type":"SearchAction","target":{"@type":"EntryPoint","urlTemplate":"https:\/\/melegbait.com\/?s={search_term_string}"},"query-input":{"@type":"PropertyValueSpecification","valueRequired":true,"valueName":"search_term_string"}}],"inLanguage":"en-GB"},{"@type":"Organization","@id":"https:\/\/melegbait.com\/#organization","name":"Meleg Baits","url":"https:\/\/melegbait.com\/","logo":{"@type":"ImageObject","inLanguage":"en-GB","@id":"https:\/\/melegbait.com\/#\/schema\/logo\/image\/","url":"https:\/\/melegbait.com\/wp-content\/uploads\/2021\/02\/mblogo.jpg","contentUrl":"https:\/\/melegbait.com\/wp-content\/uploads\/2021\/02\/mblogo.jpg","width":250,"height":250,"caption":"Meleg Baits"},"image":{"@id":"https:\/\/melegbait.com\/#\/schema\/logo\/image\/"},"sameAs":["https:\/\/www.facebook.com\/MelegBait"]}]}},"_links":{"self":[{"href":"https:\/\/melegbait.com\/en\/wp-json\/wp\/v2\/product\/33262","targetHints":{"allow":["GET"]}}],"collection":[{"href":"https:\/\/melegbait.com\/en\/wp-json\/wp\/v2\/product"}],"about":[{"href":"https:\/\/melegbait.com\/en\/wp-json\/wp\/v2\/types\/product"}],"replies":[{"embeddable":true,"href":"https:\/\/melegbait.com\/en\/wp-json\/wp\/v2\/comments?post=33262"}],"wp:featuredmedia":[{"embeddable":true,"href":"https:\/\/melegbait.com\/en\/wp-json\/wp\/v2\/media\/33257"}],"wp:attachment":[{"href":"https:\/\/melegbait.com\/en\/wp-json\/wp\/v2\/media?parent=33262"}],"wp:term":[{"taxonomy":"product_brand","embeddable":true,"href":"https:\/\/melegbait.com\/en\/wp-json\/wp\/v2\/product_brand?post=33262"},{"taxonomy":"product_cat","embeddable":true,"href":"https:\/\/melegbait.com\/en\/wp-json\/wp\/v2\/product_cat?post=33262"},{"taxonomy":"product_tag","embeddable":true,"href":"https:\/\/melegbait.com\/en\/wp-json\/wp\/v2\/product_tag?post=33262"}],"curies":[{"name":"wp","href":"https:\/\/api.w.org\/{rel}","templated":true}]}}