{"id":33832,"date":"2023-08-15T11:17:05","date_gmt":"2023-08-15T10:17:05","guid":{"rendered":"https:\/\/melegbait.com\/?post_type=product&#038;p=33832"},"modified":"2025-07-12T12:23:05","modified_gmt":"2025-07-12T11:23:05","slug":"enhancer-stimulator","status":"publish","type":"product","link":"https:\/\/melegbait.com\/en\/product\/enhancer-stimulator\/","title":{"rendered":"Enhancer Stimulator"},"content":{"rendered":"<p align=\"justify\">Enhancer Stimulator je atraktor sa\u010dinjen od prirodnih supstanci i suplemenata.<\/p>\n<p align=\"justify\">Ovaj prah \u010dini me\u0161avina dehidriranih aroma sa prirodnim zasla\u0111iva\u010dem. Enhancer je supstanca koja se sastoji od prirodnog zasla\u0111iva\u010da, atraktora, flavour-a, prirodnih okida\u010da biljnog porekla i enzima za varenje. Pored dodavanja u boili mikseve, mo\u017ee se kombinovati i sa partiklama, spod miksevima i ground bait-ovima. Na\u010din kori\u0161\u0107enja sa partiklama podrazumeva dodavanje u vodu, pre ili posle kuvanja, dok je voda jo\u0161 topla. Preporu\u010dujemo vremenski period \u010dekanja od 24h da bi partikle upile te\u010dnost sa sadr\u017eajem Enhancera. Doza Enhancer Stimulator-a na jedan kilogram boili miksa, partikla ili ground bait-a treba da je 7-15g (jedna kafena ka\u0161ika). Uz upotrebu sa partiklama, zrnevlje treba ostaviti da se natapa 24 sata u soku sa dodatkom Enhancer Stimulator-a. Pakovanje: 250g.<\/p>","protected":false},"excerpt":{"rendered":"<p>Enhancer Stimulator je atraktor sa\u010dinjen od prirodnih supstanci i suplemenata. Ovaj prah \u010dini me\u0161avina dehidriranih aroma sa prirodnim zasla\u0111iva\u010dem. Enhancer je supstanca koja se sastoji od prirodnog zasla\u0111iva\u010da, atraktora, flavour-a, prirodnih okida\u010da biljnog porekla i enzima za varenje. Pored dodavanja u boili mikseve, mo\u017ee se kombinovati i sa partiklama, spod miksevima i ground bait-ovima. Na\u010din [&hellip;]<\/p>","protected":false},"featured_media":35012,"comment_status":"open","ping_status":"closed","template":"","meta":{"_et_pb_use_builder":"","_et_pb_old_content":"","_et_gb_content_width":""},"product_brand":[],"product_cat":[31,40],"product_tag":[],"class_list":{"0":"post-33832","1":"product","2":"type-product","3":"status-publish","4":"has-post-thumbnail","6":"product_cat-carp","7":"product_cat-praskasti-aditivi","9":"first","10":"instock","11":"taxable","12":"shipping-taxable","13":"purchasable","14":"product-type-simple"},"yoast_head":"<!-- This site is optimized with the Yoast SEO plugin v26.9 - https:\/\/yoast.com\/product\/yoast-seo-wordpress\/ -->\n<title>Enhancer Stimulator - Meleg bait<\/title>\n<meta name=\"robots\" content=\"index, follow, max-snippet:-1, max-image-preview:large, max-video-preview:-1\" \/>\n<link rel=\"canonical\" href=\"https:\/\/melegbait.com\/en\/product\/enhancer-stimulator\/\" \/>\n<meta property=\"og:locale\" content=\"en_GB\" \/>\n<meta property=\"og:type\" content=\"article\" \/>\n<meta property=\"og:title\" content=\"Enhancer Stimulator - Meleg bait\" \/>\n<meta property=\"og:description\" content=\"Enhancer Stimulator je atraktor sa\u010dinjen od prirodnih supstanci i suplemenata. Ovaj prah \u010dini me\u0161avina dehidriranih aroma sa prirodnim zasla\u0111iva\u010dem. Enhancer je supstanca koja se sastoji od prirodnog zasla\u0111iva\u010da, atraktora, flavour-a, prirodnih okida\u010da biljnog porekla i enzima za varenje. Pored dodavanja u boili mikseve, mo\u017ee se kombinovati i sa partiklama, spod miksevima i ground bait-ovima. Na\u010din [&hellip;]\" \/>\n<meta property=\"og:url\" content=\"https:\/\/melegbait.com\/en\/product\/enhancer-stimulator\/\" \/>\n<meta property=\"og:site_name\" content=\"Meleg bait\" \/>\n<meta property=\"article:publisher\" content=\"https:\/\/www.facebook.com\/MelegBait\" \/>\n<meta property=\"article:modified_time\" content=\"2025-07-12T11:23:05+00:00\" \/>\n<meta property=\"og:image\" content=\"https:\/\/melegbait.com\/wp-content\/uploads\/2023\/08\/IMG_1071.jpeg\" \/>\n\t<meta property=\"og:image:width\" content=\"1150\" \/>\n\t<meta property=\"og:image:height\" content=\"1533\" \/>\n\t<meta property=\"og:image:type\" content=\"image\/jpeg\" \/>\n<meta name=\"twitter:card\" content=\"summary_large_image\" \/>\n<meta name=\"twitter:label1\" content=\"Estimated reading time\" \/>\n\t<meta name=\"twitter:data1\" content=\"1 minute\" \/>\n<script type=\"application\/ld+json\" class=\"yoast-schema-graph\">{\"@context\":\"https:\/\/schema.org\",\"@graph\":[{\"@type\":\"WebPage\",\"@id\":\"https:\/\/melegbait.com\/product\/enhancer-stimulator\/\",\"url\":\"https:\/\/melegbait.com\/product\/enhancer-stimulator\/\",\"name\":\"Enhancer Stimulator - Meleg bait\",\"isPartOf\":{\"@id\":\"https:\/\/melegbait.com\/#website\"},\"primaryImageOfPage\":{\"@id\":\"https:\/\/melegbait.com\/product\/enhancer-stimulator\/#primaryimage\"},\"image\":{\"@id\":\"https:\/\/melegbait.com\/product\/enhancer-stimulator\/#primaryimage\"},\"thumbnailUrl\":\"https:\/\/melegbait.com\/wp-content\/uploads\/2023\/08\/IMG_1071.jpeg\",\"datePublished\":\"2023-08-15T10:17:05+00:00\",\"dateModified\":\"2025-07-12T11:23:05+00:00\",\"breadcrumb\":{\"@id\":\"https:\/\/melegbait.com\/product\/enhancer-stimulator\/#breadcrumb\"},\"inLanguage\":\"en-GB\",\"potentialAction\":[{\"@type\":\"ReadAction\",\"target\":[\"https:\/\/melegbait.com\/product\/enhancer-stimulator\/\"]}]},{\"@type\":\"ImageObject\",\"inLanguage\":\"en-GB\",\"@id\":\"https:\/\/melegbait.com\/product\/enhancer-stimulator\/#primaryimage\",\"url\":\"https:\/\/melegbait.com\/wp-content\/uploads\/2023\/08\/IMG_1071.jpeg\",\"contentUrl\":\"https:\/\/melegbait.com\/wp-content\/uploads\/2023\/08\/IMG_1071.jpeg\",\"width\":1150,\"height\":1533},{\"@type\":\"BreadcrumbList\",\"@id\":\"https:\/\/melegbait.com\/product\/enhancer-stimulator\/#breadcrumb\",\"itemListElement\":[{\"@type\":\"ListItem\",\"position\":1,\"name\":\"Home\",\"item\":\"https:\/\/melegbait.com\/\"},{\"@type\":\"ListItem\",\"position\":2,\"name\":\"Shop\",\"item\":\"https:\/\/melegbait.com\/shop\/\"},{\"@type\":\"ListItem\",\"position\":3,\"name\":\"Enhancer Stimulator\"}]},{\"@type\":\"WebSite\",\"@id\":\"https:\/\/melegbait.com\/#website\",\"url\":\"https:\/\/melegbait.com\/\",\"name\":\"Meleg bait\",\"description\":\"Meleg bait\",\"publisher\":{\"@id\":\"https:\/\/melegbait.com\/#organization\"},\"potentialAction\":[{\"@type\":\"SearchAction\",\"target\":{\"@type\":\"EntryPoint\",\"urlTemplate\":\"https:\/\/melegbait.com\/?s={search_term_string}\"},\"query-input\":{\"@type\":\"PropertyValueSpecification\",\"valueRequired\":true,\"valueName\":\"search_term_string\"}}],\"inLanguage\":\"en-GB\"},{\"@type\":\"Organization\",\"@id\":\"https:\/\/melegbait.com\/#organization\",\"name\":\"Meleg Baits\",\"url\":\"https:\/\/melegbait.com\/\",\"logo\":{\"@type\":\"ImageObject\",\"inLanguage\":\"en-GB\",\"@id\":\"https:\/\/melegbait.com\/#\/schema\/logo\/image\/\",\"url\":\"https:\/\/melegbait.com\/wp-content\/uploads\/2021\/02\/mblogo.jpg\",\"contentUrl\":\"https:\/\/melegbait.com\/wp-content\/uploads\/2021\/02\/mblogo.jpg\",\"width\":250,\"height\":250,\"caption\":\"Meleg Baits\"},\"image\":{\"@id\":\"https:\/\/melegbait.com\/#\/schema\/logo\/image\/\"},\"sameAs\":[\"https:\/\/www.facebook.com\/MelegBait\"]}]}<\/script>\n<!-- \/ Yoast SEO plugin. -->","yoast_head_json":{"title":"Enhancer Stimulator - Meleg bait","robots":{"index":"index","follow":"follow","max-snippet":"max-snippet:-1","max-image-preview":"max-image-preview:large","max-video-preview":"max-video-preview:-1"},"canonical":"https:\/\/melegbait.com\/en\/product\/enhancer-stimulator\/","og_locale":"en_GB","og_type":"article","og_title":"Enhancer Stimulator - Meleg bait","og_description":"Enhancer Stimulator je atraktor sa\u010dinjen od prirodnih supstanci i suplemenata. Ovaj prah \u010dini me\u0161avina dehidriranih aroma sa prirodnim zasla\u0111iva\u010dem. Enhancer je supstanca koja se sastoji od prirodnog zasla\u0111iva\u010da, atraktora, flavour-a, prirodnih okida\u010da biljnog porekla i enzima za varenje. Pored dodavanja u boili mikseve, mo\u017ee se kombinovati i sa partiklama, spod miksevima i ground bait-ovima. Na\u010din [&hellip;]","og_url":"https:\/\/melegbait.com\/en\/product\/enhancer-stimulator\/","og_site_name":"Meleg bait","article_publisher":"https:\/\/www.facebook.com\/MelegBait","article_modified_time":"2025-07-12T11:23:05+00:00","og_image":[{"width":1150,"height":1533,"url":"https:\/\/melegbait.com\/wp-content\/uploads\/2023\/08\/IMG_1071.jpeg","type":"image\/jpeg"}],"twitter_card":"summary_large_image","twitter_misc":{"Estimated reading time":"1 minute"},"schema":{"@context":"https:\/\/schema.org","@graph":[{"@type":"WebPage","@id":"https:\/\/melegbait.com\/product\/enhancer-stimulator\/","url":"https:\/\/melegbait.com\/product\/enhancer-stimulator\/","name":"Enhancer Stimulator - Meleg bait","isPartOf":{"@id":"https:\/\/melegbait.com\/#website"},"primaryImageOfPage":{"@id":"https:\/\/melegbait.com\/product\/enhancer-stimulator\/#primaryimage"},"image":{"@id":"https:\/\/melegbait.com\/product\/enhancer-stimulator\/#primaryimage"},"thumbnailUrl":"https:\/\/melegbait.com\/wp-content\/uploads\/2023\/08\/IMG_1071.jpeg","datePublished":"2023-08-15T10:17:05+00:00","dateModified":"2025-07-12T11:23:05+00:00","breadcrumb":{"@id":"https:\/\/melegbait.com\/product\/enhancer-stimulator\/#breadcrumb"},"inLanguage":"en-GB","potentialAction":[{"@type":"ReadAction","target":["https:\/\/melegbait.com\/product\/enhancer-stimulator\/"]}]},{"@type":"ImageObject","inLanguage":"en-GB","@id":"https:\/\/melegbait.com\/product\/enhancer-stimulator\/#primaryimage","url":"https:\/\/melegbait.com\/wp-content\/uploads\/2023\/08\/IMG_1071.jpeg","contentUrl":"https:\/\/melegbait.com\/wp-content\/uploads\/2023\/08\/IMG_1071.jpeg","width":1150,"height":1533},{"@type":"BreadcrumbList","@id":"https:\/\/melegbait.com\/product\/enhancer-stimulator\/#breadcrumb","itemListElement":[{"@type":"ListItem","position":1,"name":"Home","item":"https:\/\/melegbait.com\/"},{"@type":"ListItem","position":2,"name":"Shop","item":"https:\/\/melegbait.com\/shop\/"},{"@type":"ListItem","position":3,"name":"Enhancer Stimulator"}]},{"@type":"WebSite","@id":"https:\/\/melegbait.com\/#website","url":"https:\/\/melegbait.com\/","name":"Meleg bait","description":"Meleg bait","publisher":{"@id":"https:\/\/melegbait.com\/#organization"},"potentialAction":[{"@type":"SearchAction","target":{"@type":"EntryPoint","urlTemplate":"https:\/\/melegbait.com\/?s={search_term_string}"},"query-input":{"@type":"PropertyValueSpecification","valueRequired":true,"valueName":"search_term_string"}}],"inLanguage":"en-GB"},{"@type":"Organization","@id":"https:\/\/melegbait.com\/#organization","name":"Meleg Baits","url":"https:\/\/melegbait.com\/","logo":{"@type":"ImageObject","inLanguage":"en-GB","@id":"https:\/\/melegbait.com\/#\/schema\/logo\/image\/","url":"https:\/\/melegbait.com\/wp-content\/uploads\/2021\/02\/mblogo.jpg","contentUrl":"https:\/\/melegbait.com\/wp-content\/uploads\/2021\/02\/mblogo.jpg","width":250,"height":250,"caption":"Meleg Baits"},"image":{"@id":"https:\/\/melegbait.com\/#\/schema\/logo\/image\/"},"sameAs":["https:\/\/www.facebook.com\/MelegBait"]}]}},"_links":{"self":[{"href":"https:\/\/melegbait.com\/en\/wp-json\/wp\/v2\/product\/33832","targetHints":{"allow":["GET"]}}],"collection":[{"href":"https:\/\/melegbait.com\/en\/wp-json\/wp\/v2\/product"}],"about":[{"href":"https:\/\/melegbait.com\/en\/wp-json\/wp\/v2\/types\/product"}],"replies":[{"embeddable":true,"href":"https:\/\/melegbait.com\/en\/wp-json\/wp\/v2\/comments?post=33832"}],"wp:featuredmedia":[{"embeddable":true,"href":"https:\/\/melegbait.com\/en\/wp-json\/wp\/v2\/media\/35012"}],"wp:attachment":[{"href":"https:\/\/melegbait.com\/en\/wp-json\/wp\/v2\/media?parent=33832"}],"wp:term":[{"taxonomy":"product_brand","embeddable":true,"href":"https:\/\/melegbait.com\/en\/wp-json\/wp\/v2\/product_brand?post=33832"},{"taxonomy":"product_cat","embeddable":true,"href":"https:\/\/melegbait.com\/en\/wp-json\/wp\/v2\/product_cat?post=33832"},{"taxonomy":"product_tag","embeddable":true,"href":"https:\/\/melegbait.com\/en\/wp-json\/wp\/v2\/product_tag?post=33832"}],"curies":[{"name":"wp","href":"https:\/\/api.w.org\/{rel}","templated":true}]}}