{"id":33964,"date":"2023-10-26T13:34:27","date_gmt":"2023-10-26T12:34:27","guid":{"rendered":"https:\/\/melegbait.com\/?post_type=product&#038;p=33964"},"modified":"2023-10-26T13:41:49","modified_gmt":"2023-10-26T12:41:49","slug":"wafters-8mm-mango","status":"publish","type":"product","link":"https:\/\/melegbait.com\/en\/product\/wafters-8mm-mango\/","title":{"rendered":"Wafters 8mm &#8211; Mango"},"content":{"rendered":"<p>Na napadnutim vodama (od strane ribolovaca), de\u0161ava se da \u0161aran po\u010dne da izbegava klasi\u010dne oblike mamaca. Tu na scenu stupa nas Wafter. Vizuelno druga\u010diji mo\u017ee vam doneti prednost u ribolovu. Izra\u0111en je od najkvalitetnijih sastojaka, koje ribi daju jasan signal da je to hrana. U njihovoj izradi koristimo samo prirodne sastojke koji stoprocentno ne \u0161tete ribi. Wafter je popularni mamac za method feeder ribolov. Specifi\u010dnost ovih peleta je ta da oni plivaju, ali veoma slabo tako da ne\u0107e podi\u0107i udicu sa dna ve\u0107 \u0107e samo vibrirati i lelujati na dnu izazivaju\u0107i ribu na akciju. Uz dodatak na\u0161ih flavoura sa atraktorima, dobili smo vrhunski kvalitet i odlican proizvod za feeder pecanje. Mango je nova visoko koncentrovana aroma.<\/p>\n<p>&nbsp;<\/p>","protected":false},"excerpt":{"rendered":"<p>Na napadnutim vodama (od strane ribolovaca), de\u0161ava se da \u0161aran po\u010dne da izbegava klasi\u010dne oblike mamaca. Tu na scenu stupa nas Wafter. Vizuelno druga\u010diji mo\u017ee vam doneti prednost u ribolovu. Izra\u0111en je od najkvalitetnijih sastojaka, koje ribi daju jasan signal da je to hrana. U njihovoj izradi koristimo samo prirodne sastojke koji stoprocentno ne \u0161tete [&hellip;]<\/p>","protected":false},"featured_media":33965,"comment_status":"open","ping_status":"closed","template":"","meta":{"_et_pb_use_builder":"","_et_pb_old_content":"","_et_gb_content_width":""},"product_brand":[],"product_cat":[47,51],"product_tag":[],"class_list":{"0":"post-33964","1":"product","2":"type-product","3":"status-publish","4":"has-post-thumbnail","6":"product_cat-feeder-i-match","7":"product_cat-wafters-8mm","9":"first","10":"instock","11":"taxable","12":"shipping-taxable","13":"purchasable","14":"product-type-simple"},"yoast_head":"<!-- This site is optimized with the Yoast SEO plugin v26.9 - https:\/\/yoast.com\/product\/yoast-seo-wordpress\/ -->\n<title>Wafters 8mm - Mango - Meleg bait<\/title>\n<meta name=\"robots\" content=\"index, follow, max-snippet:-1, max-image-preview:large, max-video-preview:-1\" \/>\n<link rel=\"canonical\" href=\"https:\/\/melegbait.com\/en\/product\/wafters-8mm-mango\/\" \/>\n<meta property=\"og:locale\" content=\"en_GB\" \/>\n<meta property=\"og:type\" content=\"article\" \/>\n<meta property=\"og:title\" content=\"Wafters 8mm - Mango - Meleg bait\" \/>\n<meta property=\"og:description\" content=\"Na napadnutim vodama (od strane ribolovaca), de\u0161ava se da \u0161aran po\u010dne da izbegava klasi\u010dne oblike mamaca. Tu na scenu stupa nas Wafter. Vizuelno druga\u010diji mo\u017ee vam doneti prednost u ribolovu. Izra\u0111en je od najkvalitetnijih sastojaka, koje ribi daju jasan signal da je to hrana. U njihovoj izradi koristimo samo prirodne sastojke koji stoprocentno ne \u0161tete [&hellip;]\" \/>\n<meta property=\"og:url\" content=\"https:\/\/melegbait.com\/en\/product\/wafters-8mm-mango\/\" \/>\n<meta property=\"og:site_name\" content=\"Meleg bait\" \/>\n<meta property=\"article:publisher\" content=\"https:\/\/www.facebook.com\/MelegBait\" \/>\n<meta property=\"article:modified_time\" content=\"2023-10-26T12:41:49+00:00\" \/>\n<meta property=\"og:image\" content=\"https:\/\/melegbait.com\/wp-content\/uploads\/2023\/10\/IMG_7479.jpeg\" \/>\n\t<meta property=\"og:image:width\" content=\"1150\" \/>\n\t<meta property=\"og:image:height\" content=\"1533\" \/>\n\t<meta property=\"og:image:type\" content=\"image\/jpeg\" \/>\n<meta name=\"twitter:card\" content=\"summary_large_image\" \/>\n<meta name=\"twitter:label1\" content=\"Estimated reading time\" \/>\n\t<meta name=\"twitter:data1\" content=\"1 minute\" \/>\n<script type=\"application\/ld+json\" class=\"yoast-schema-graph\">{\"@context\":\"https:\/\/schema.org\",\"@graph\":[{\"@type\":\"WebPage\",\"@id\":\"https:\/\/melegbait.com\/en\/product\/wafters-8mm-mango\/\",\"url\":\"https:\/\/melegbait.com\/en\/product\/wafters-8mm-mango\/\",\"name\":\"Wafters 8mm - Mango - Meleg bait\",\"isPartOf\":{\"@id\":\"https:\/\/melegbait.com\/#website\"},\"primaryImageOfPage\":{\"@id\":\"https:\/\/melegbait.com\/en\/product\/wafters-8mm-mango\/#primaryimage\"},\"image\":{\"@id\":\"https:\/\/melegbait.com\/en\/product\/wafters-8mm-mango\/#primaryimage\"},\"thumbnailUrl\":\"https:\/\/melegbait.com\/wp-content\/uploads\/2023\/10\/IMG_7479.jpeg\",\"datePublished\":\"2023-10-26T12:34:27+00:00\",\"dateModified\":\"2023-10-26T12:41:49+00:00\",\"breadcrumb\":{\"@id\":\"https:\/\/melegbait.com\/en\/product\/wafters-8mm-mango\/#breadcrumb\"},\"inLanguage\":\"en-GB\",\"potentialAction\":[{\"@type\":\"ReadAction\",\"target\":[\"https:\/\/melegbait.com\/en\/product\/wafters-8mm-mango\/\"]}]},{\"@type\":\"ImageObject\",\"inLanguage\":\"en-GB\",\"@id\":\"https:\/\/melegbait.com\/en\/product\/wafters-8mm-mango\/#primaryimage\",\"url\":\"https:\/\/melegbait.com\/wp-content\/uploads\/2023\/10\/IMG_7479.jpeg\",\"contentUrl\":\"https:\/\/melegbait.com\/wp-content\/uploads\/2023\/10\/IMG_7479.jpeg\",\"width\":1150,\"height\":1533},{\"@type\":\"BreadcrumbList\",\"@id\":\"https:\/\/melegbait.com\/en\/product\/wafters-8mm-mango\/#breadcrumb\",\"itemListElement\":[{\"@type\":\"ListItem\",\"position\":1,\"name\":\"Home\",\"item\":\"https:\/\/melegbait.com\/\"},{\"@type\":\"ListItem\",\"position\":2,\"name\":\"Shop\",\"item\":\"https:\/\/melegbait.com\/shop\/\"},{\"@type\":\"ListItem\",\"position\":3,\"name\":\"Wafters 8mm &#8211; Mango\"}]},{\"@type\":\"WebSite\",\"@id\":\"https:\/\/melegbait.com\/#website\",\"url\":\"https:\/\/melegbait.com\/\",\"name\":\"Meleg bait\",\"description\":\"Meleg bait\",\"publisher\":{\"@id\":\"https:\/\/melegbait.com\/#organization\"},\"potentialAction\":[{\"@type\":\"SearchAction\",\"target\":{\"@type\":\"EntryPoint\",\"urlTemplate\":\"https:\/\/melegbait.com\/?s={search_term_string}\"},\"query-input\":{\"@type\":\"PropertyValueSpecification\",\"valueRequired\":true,\"valueName\":\"search_term_string\"}}],\"inLanguage\":\"en-GB\"},{\"@type\":\"Organization\",\"@id\":\"https:\/\/melegbait.com\/#organization\",\"name\":\"Meleg Baits\",\"url\":\"https:\/\/melegbait.com\/\",\"logo\":{\"@type\":\"ImageObject\",\"inLanguage\":\"en-GB\",\"@id\":\"https:\/\/melegbait.com\/#\/schema\/logo\/image\/\",\"url\":\"https:\/\/melegbait.com\/wp-content\/uploads\/2021\/02\/mblogo.jpg\",\"contentUrl\":\"https:\/\/melegbait.com\/wp-content\/uploads\/2021\/02\/mblogo.jpg\",\"width\":250,\"height\":250,\"caption\":\"Meleg Baits\"},\"image\":{\"@id\":\"https:\/\/melegbait.com\/#\/schema\/logo\/image\/\"},\"sameAs\":[\"https:\/\/www.facebook.com\/MelegBait\"]}]}<\/script>\n<!-- \/ Yoast SEO plugin. -->","yoast_head_json":{"title":"Wafters 8mm - Mango - Meleg bait","robots":{"index":"index","follow":"follow","max-snippet":"max-snippet:-1","max-image-preview":"max-image-preview:large","max-video-preview":"max-video-preview:-1"},"canonical":"https:\/\/melegbait.com\/en\/product\/wafters-8mm-mango\/","og_locale":"en_GB","og_type":"article","og_title":"Wafters 8mm - Mango - Meleg bait","og_description":"Na napadnutim vodama (od strane ribolovaca), de\u0161ava se da \u0161aran po\u010dne da izbegava klasi\u010dne oblike mamaca. Tu na scenu stupa nas Wafter. Vizuelno druga\u010diji mo\u017ee vam doneti prednost u ribolovu. Izra\u0111en je od najkvalitetnijih sastojaka, koje ribi daju jasan signal da je to hrana. U njihovoj izradi koristimo samo prirodne sastojke koji stoprocentno ne \u0161tete [&hellip;]","og_url":"https:\/\/melegbait.com\/en\/product\/wafters-8mm-mango\/","og_site_name":"Meleg bait","article_publisher":"https:\/\/www.facebook.com\/MelegBait","article_modified_time":"2023-10-26T12:41:49+00:00","og_image":[{"width":1150,"height":1533,"url":"https:\/\/melegbait.com\/wp-content\/uploads\/2023\/10\/IMG_7479.jpeg","type":"image\/jpeg"}],"twitter_card":"summary_large_image","twitter_misc":{"Estimated reading time":"1 minute"},"schema":{"@context":"https:\/\/schema.org","@graph":[{"@type":"WebPage","@id":"https:\/\/melegbait.com\/en\/product\/wafters-8mm-mango\/","url":"https:\/\/melegbait.com\/en\/product\/wafters-8mm-mango\/","name":"Wafters 8mm - Mango - Meleg bait","isPartOf":{"@id":"https:\/\/melegbait.com\/#website"},"primaryImageOfPage":{"@id":"https:\/\/melegbait.com\/en\/product\/wafters-8mm-mango\/#primaryimage"},"image":{"@id":"https:\/\/melegbait.com\/en\/product\/wafters-8mm-mango\/#primaryimage"},"thumbnailUrl":"https:\/\/melegbait.com\/wp-content\/uploads\/2023\/10\/IMG_7479.jpeg","datePublished":"2023-10-26T12:34:27+00:00","dateModified":"2023-10-26T12:41:49+00:00","breadcrumb":{"@id":"https:\/\/melegbait.com\/en\/product\/wafters-8mm-mango\/#breadcrumb"},"inLanguage":"en-GB","potentialAction":[{"@type":"ReadAction","target":["https:\/\/melegbait.com\/en\/product\/wafters-8mm-mango\/"]}]},{"@type":"ImageObject","inLanguage":"en-GB","@id":"https:\/\/melegbait.com\/en\/product\/wafters-8mm-mango\/#primaryimage","url":"https:\/\/melegbait.com\/wp-content\/uploads\/2023\/10\/IMG_7479.jpeg","contentUrl":"https:\/\/melegbait.com\/wp-content\/uploads\/2023\/10\/IMG_7479.jpeg","width":1150,"height":1533},{"@type":"BreadcrumbList","@id":"https:\/\/melegbait.com\/en\/product\/wafters-8mm-mango\/#breadcrumb","itemListElement":[{"@type":"ListItem","position":1,"name":"Home","item":"https:\/\/melegbait.com\/"},{"@type":"ListItem","position":2,"name":"Shop","item":"https:\/\/melegbait.com\/shop\/"},{"@type":"ListItem","position":3,"name":"Wafters 8mm &#8211; Mango"}]},{"@type":"WebSite","@id":"https:\/\/melegbait.com\/#website","url":"https:\/\/melegbait.com\/","name":"Meleg bait","description":"Meleg bait","publisher":{"@id":"https:\/\/melegbait.com\/#organization"},"potentialAction":[{"@type":"SearchAction","target":{"@type":"EntryPoint","urlTemplate":"https:\/\/melegbait.com\/?s={search_term_string}"},"query-input":{"@type":"PropertyValueSpecification","valueRequired":true,"valueName":"search_term_string"}}],"inLanguage":"en-GB"},{"@type":"Organization","@id":"https:\/\/melegbait.com\/#organization","name":"Meleg Baits","url":"https:\/\/melegbait.com\/","logo":{"@type":"ImageObject","inLanguage":"en-GB","@id":"https:\/\/melegbait.com\/#\/schema\/logo\/image\/","url":"https:\/\/melegbait.com\/wp-content\/uploads\/2021\/02\/mblogo.jpg","contentUrl":"https:\/\/melegbait.com\/wp-content\/uploads\/2021\/02\/mblogo.jpg","width":250,"height":250,"caption":"Meleg Baits"},"image":{"@id":"https:\/\/melegbait.com\/#\/schema\/logo\/image\/"},"sameAs":["https:\/\/www.facebook.com\/MelegBait"]}]}},"_links":{"self":[{"href":"https:\/\/melegbait.com\/en\/wp-json\/wp\/v2\/product\/33964","targetHints":{"allow":["GET"]}}],"collection":[{"href":"https:\/\/melegbait.com\/en\/wp-json\/wp\/v2\/product"}],"about":[{"href":"https:\/\/melegbait.com\/en\/wp-json\/wp\/v2\/types\/product"}],"replies":[{"embeddable":true,"href":"https:\/\/melegbait.com\/en\/wp-json\/wp\/v2\/comments?post=33964"}],"wp:featuredmedia":[{"embeddable":true,"href":"https:\/\/melegbait.com\/en\/wp-json\/wp\/v2\/media\/33965"}],"wp:attachment":[{"href":"https:\/\/melegbait.com\/en\/wp-json\/wp\/v2\/media?parent=33964"}],"wp:term":[{"taxonomy":"product_brand","embeddable":true,"href":"https:\/\/melegbait.com\/en\/wp-json\/wp\/v2\/product_brand?post=33964"},{"taxonomy":"product_cat","embeddable":true,"href":"https:\/\/melegbait.com\/en\/wp-json\/wp\/v2\/product_cat?post=33964"},{"taxonomy":"product_tag","embeddable":true,"href":"https:\/\/melegbait.com\/en\/wp-json\/wp\/v2\/product_tag?post=33964"}],"curies":[{"name":"wp","href":"https:\/\/api.w.org\/{rel}","templated":true}]}}