{"id":34163,"date":"2024-04-11T14:35:35","date_gmt":"2024-04-11T13:35:35","guid":{"rendered":"https:\/\/melegbait.com\/?post_type=product&#038;p=34163"},"modified":"2024-04-11T14:46:56","modified_gmt":"2024-04-11T13:46:56","slug":"wafters-8mm-heaven-fruit","status":"publish","type":"product","link":"https:\/\/melegbait.com\/en\/product\/wafters-8mm-heaven-fruit\/","title":{"rendered":"Wafters 8mm &#8211; Heaven Fruit"},"content":{"rendered":"<p>Heaven Fruit &#8211; Rajsko voce do sada nista uporedivo nije postojalo ovoj nasoj aromi, mix od 11 vrsta voca ukljucujuci po prvi put i citruse neverovatno budi receptore kod ribe koji salju signale ribi da mora da proba nesto sto nije ni slicno imala priliku do sada.Na napadnutim vodama (od strane ribolovaca), de\u0161ava se da \u0161aran po\u010dne da izbegava klasi\u010dne oblike mamaca. Tu na scenu stupa nas Wafter. Vizuelno druga\u010diji mo\u017ee vam doneti prednost u ribolovu. Izra\u0111en je od najkvalitetnijih sastojaka, koje ribi daju jasan signal da je to hrana. U njihovoj izradi koristimo samo prirodne sastojke koji stoprocentno ne \u0161tete ribi. Wafter je popularni mamac za method feeder ribolov. Specifi\u010dnost ovih peleta je ta da oni plivaju, ali veoma slabo tako da ne\u0107e podi\u0107i udicu sa dna ve\u0107 \u0107e samo vibrirati i lelujati na dnu izazivaju\u0107i ribu na akciju. Uz dodatak na\u0161ih flavoura sa atraktorima, dobili smo vrhunski kvalitet.<\/p>","protected":false},"excerpt":{"rendered":"<p>Heaven Fruit &#8211; Rajsko voce do sada nista uporedivo nije postojalo ovoj nasoj aromi, mix od 11 vrsta voca ukljucujuci po prvi put i citruse neverovatno budi receptore kod ribe koji salju signale ribi da mora da proba nesto sto nije ni slicno imala priliku do sada.Na napadnutim vodama (od strane ribolovaca), de\u0161ava se da [&hellip;]<\/p>","protected":false},"featured_media":34164,"comment_status":"open","ping_status":"closed","template":"","meta":{"_et_pb_use_builder":"","_et_pb_old_content":"","_et_gb_content_width":""},"product_brand":[],"product_cat":[47,51],"product_tag":[],"class_list":{"0":"post-34163","1":"product","2":"type-product","3":"status-publish","4":"has-post-thumbnail","6":"product_cat-feeder-i-match","7":"product_cat-wafters-8mm","9":"first","10":"instock","11":"taxable","12":"shipping-taxable","13":"purchasable","14":"product-type-simple"},"yoast_head":"<!-- This site is optimized with the Yoast SEO plugin v26.9 - https:\/\/yoast.com\/product\/yoast-seo-wordpress\/ -->\n<title>Wafters 8mm - Heaven Fruit - Meleg bait<\/title>\n<meta name=\"robots\" content=\"index, follow, max-snippet:-1, max-image-preview:large, max-video-preview:-1\" \/>\n<link rel=\"canonical\" href=\"https:\/\/melegbait.com\/en\/product\/wafters-8mm-heaven-fruit\/\" \/>\n<meta property=\"og:locale\" content=\"en_GB\" \/>\n<meta property=\"og:type\" content=\"article\" \/>\n<meta property=\"og:title\" content=\"Wafters 8mm - Heaven Fruit - Meleg bait\" \/>\n<meta property=\"og:description\" content=\"Heaven Fruit &#8211; Rajsko voce do sada nista uporedivo nije postojalo ovoj nasoj aromi, mix od 11 vrsta voca ukljucujuci po prvi put i citruse neverovatno budi receptore kod ribe koji salju signale ribi da mora da proba nesto sto nije ni slicno imala priliku do sada.Na napadnutim vodama (od strane ribolovaca), de\u0161ava se da [&hellip;]\" \/>\n<meta property=\"og:url\" content=\"https:\/\/melegbait.com\/en\/product\/wafters-8mm-heaven-fruit\/\" \/>\n<meta property=\"og:site_name\" content=\"Meleg bait\" \/>\n<meta property=\"article:publisher\" content=\"https:\/\/www.facebook.com\/MelegBait\" \/>\n<meta property=\"article:modified_time\" content=\"2024-04-11T13:46:56+00:00\" \/>\n<meta property=\"og:image\" content=\"https:\/\/melegbait.com\/wp-content\/uploads\/2024\/04\/IMG_2140.jpeg\" \/>\n\t<meta property=\"og:image:width\" content=\"1150\" \/>\n\t<meta property=\"og:image:height\" content=\"1533\" \/>\n\t<meta property=\"og:image:type\" content=\"image\/jpeg\" \/>\n<meta name=\"twitter:card\" content=\"summary_large_image\" \/>\n<meta name=\"twitter:label1\" content=\"Estimated reading time\" \/>\n\t<meta name=\"twitter:data1\" content=\"2 minutes\" \/>\n<script type=\"application\/ld+json\" class=\"yoast-schema-graph\">{\"@context\":\"https:\/\/schema.org\",\"@graph\":[{\"@type\":\"WebPage\",\"@id\":\"https:\/\/melegbait.com\/product\/wafters-8mm-heaven-fruit\/\",\"url\":\"https:\/\/melegbait.com\/product\/wafters-8mm-heaven-fruit\/\",\"name\":\"Wafters 8mm - Heaven Fruit - Meleg bait\",\"isPartOf\":{\"@id\":\"https:\/\/melegbait.com\/#website\"},\"primaryImageOfPage\":{\"@id\":\"https:\/\/melegbait.com\/product\/wafters-8mm-heaven-fruit\/#primaryimage\"},\"image\":{\"@id\":\"https:\/\/melegbait.com\/product\/wafters-8mm-heaven-fruit\/#primaryimage\"},\"thumbnailUrl\":\"https:\/\/melegbait.com\/wp-content\/uploads\/2024\/04\/IMG_2140.jpeg\",\"datePublished\":\"2024-04-11T13:35:35+00:00\",\"dateModified\":\"2024-04-11T13:46:56+00:00\",\"breadcrumb\":{\"@id\":\"https:\/\/melegbait.com\/product\/wafters-8mm-heaven-fruit\/#breadcrumb\"},\"inLanguage\":\"en-GB\",\"potentialAction\":[{\"@type\":\"ReadAction\",\"target\":[\"https:\/\/melegbait.com\/product\/wafters-8mm-heaven-fruit\/\"]}]},{\"@type\":\"ImageObject\",\"inLanguage\":\"en-GB\",\"@id\":\"https:\/\/melegbait.com\/product\/wafters-8mm-heaven-fruit\/#primaryimage\",\"url\":\"https:\/\/melegbait.com\/wp-content\/uploads\/2024\/04\/IMG_2140.jpeg\",\"contentUrl\":\"https:\/\/melegbait.com\/wp-content\/uploads\/2024\/04\/IMG_2140.jpeg\",\"width\":1150,\"height\":1533},{\"@type\":\"BreadcrumbList\",\"@id\":\"https:\/\/melegbait.com\/product\/wafters-8mm-heaven-fruit\/#breadcrumb\",\"itemListElement\":[{\"@type\":\"ListItem\",\"position\":1,\"name\":\"Home\",\"item\":\"https:\/\/melegbait.com\/\"},{\"@type\":\"ListItem\",\"position\":2,\"name\":\"Shop\",\"item\":\"https:\/\/melegbait.com\/shop\/\"},{\"@type\":\"ListItem\",\"position\":3,\"name\":\"Wafters 8mm &#8211; Heaven Fruit\"}]},{\"@type\":\"WebSite\",\"@id\":\"https:\/\/melegbait.com\/#website\",\"url\":\"https:\/\/melegbait.com\/\",\"name\":\"Meleg bait\",\"description\":\"Meleg bait\",\"publisher\":{\"@id\":\"https:\/\/melegbait.com\/#organization\"},\"potentialAction\":[{\"@type\":\"SearchAction\",\"target\":{\"@type\":\"EntryPoint\",\"urlTemplate\":\"https:\/\/melegbait.com\/?s={search_term_string}\"},\"query-input\":{\"@type\":\"PropertyValueSpecification\",\"valueRequired\":true,\"valueName\":\"search_term_string\"}}],\"inLanguage\":\"en-GB\"},{\"@type\":\"Organization\",\"@id\":\"https:\/\/melegbait.com\/#organization\",\"name\":\"Meleg Baits\",\"url\":\"https:\/\/melegbait.com\/\",\"logo\":{\"@type\":\"ImageObject\",\"inLanguage\":\"en-GB\",\"@id\":\"https:\/\/melegbait.com\/#\/schema\/logo\/image\/\",\"url\":\"https:\/\/melegbait.com\/wp-content\/uploads\/2021\/02\/mblogo.jpg\",\"contentUrl\":\"https:\/\/melegbait.com\/wp-content\/uploads\/2021\/02\/mblogo.jpg\",\"width\":250,\"height\":250,\"caption\":\"Meleg Baits\"},\"image\":{\"@id\":\"https:\/\/melegbait.com\/#\/schema\/logo\/image\/\"},\"sameAs\":[\"https:\/\/www.facebook.com\/MelegBait\"]}]}<\/script>\n<!-- \/ Yoast SEO plugin. -->","yoast_head_json":{"title":"Wafters 8mm - Heaven Fruit - Meleg bait","robots":{"index":"index","follow":"follow","max-snippet":"max-snippet:-1","max-image-preview":"max-image-preview:large","max-video-preview":"max-video-preview:-1"},"canonical":"https:\/\/melegbait.com\/en\/product\/wafters-8mm-heaven-fruit\/","og_locale":"en_GB","og_type":"article","og_title":"Wafters 8mm - Heaven Fruit - Meleg bait","og_description":"Heaven Fruit &#8211; Rajsko voce do sada nista uporedivo nije postojalo ovoj nasoj aromi, mix od 11 vrsta voca ukljucujuci po prvi put i citruse neverovatno budi receptore kod ribe koji salju signale ribi da mora da proba nesto sto nije ni slicno imala priliku do sada.Na napadnutim vodama (od strane ribolovaca), de\u0161ava se da [&hellip;]","og_url":"https:\/\/melegbait.com\/en\/product\/wafters-8mm-heaven-fruit\/","og_site_name":"Meleg bait","article_publisher":"https:\/\/www.facebook.com\/MelegBait","article_modified_time":"2024-04-11T13:46:56+00:00","og_image":[{"width":1150,"height":1533,"url":"https:\/\/melegbait.com\/wp-content\/uploads\/2024\/04\/IMG_2140.jpeg","type":"image\/jpeg"}],"twitter_card":"summary_large_image","twitter_misc":{"Estimated reading time":"2 minutes"},"schema":{"@context":"https:\/\/schema.org","@graph":[{"@type":"WebPage","@id":"https:\/\/melegbait.com\/product\/wafters-8mm-heaven-fruit\/","url":"https:\/\/melegbait.com\/product\/wafters-8mm-heaven-fruit\/","name":"Wafters 8mm - Heaven Fruit - Meleg bait","isPartOf":{"@id":"https:\/\/melegbait.com\/#website"},"primaryImageOfPage":{"@id":"https:\/\/melegbait.com\/product\/wafters-8mm-heaven-fruit\/#primaryimage"},"image":{"@id":"https:\/\/melegbait.com\/product\/wafters-8mm-heaven-fruit\/#primaryimage"},"thumbnailUrl":"https:\/\/melegbait.com\/wp-content\/uploads\/2024\/04\/IMG_2140.jpeg","datePublished":"2024-04-11T13:35:35+00:00","dateModified":"2024-04-11T13:46:56+00:00","breadcrumb":{"@id":"https:\/\/melegbait.com\/product\/wafters-8mm-heaven-fruit\/#breadcrumb"},"inLanguage":"en-GB","potentialAction":[{"@type":"ReadAction","target":["https:\/\/melegbait.com\/product\/wafters-8mm-heaven-fruit\/"]}]},{"@type":"ImageObject","inLanguage":"en-GB","@id":"https:\/\/melegbait.com\/product\/wafters-8mm-heaven-fruit\/#primaryimage","url":"https:\/\/melegbait.com\/wp-content\/uploads\/2024\/04\/IMG_2140.jpeg","contentUrl":"https:\/\/melegbait.com\/wp-content\/uploads\/2024\/04\/IMG_2140.jpeg","width":1150,"height":1533},{"@type":"BreadcrumbList","@id":"https:\/\/melegbait.com\/product\/wafters-8mm-heaven-fruit\/#breadcrumb","itemListElement":[{"@type":"ListItem","position":1,"name":"Home","item":"https:\/\/melegbait.com\/"},{"@type":"ListItem","position":2,"name":"Shop","item":"https:\/\/melegbait.com\/shop\/"},{"@type":"ListItem","position":3,"name":"Wafters 8mm &#8211; Heaven Fruit"}]},{"@type":"WebSite","@id":"https:\/\/melegbait.com\/#website","url":"https:\/\/melegbait.com\/","name":"Meleg bait","description":"Meleg bait","publisher":{"@id":"https:\/\/melegbait.com\/#organization"},"potentialAction":[{"@type":"SearchAction","target":{"@type":"EntryPoint","urlTemplate":"https:\/\/melegbait.com\/?s={search_term_string}"},"query-input":{"@type":"PropertyValueSpecification","valueRequired":true,"valueName":"search_term_string"}}],"inLanguage":"en-GB"},{"@type":"Organization","@id":"https:\/\/melegbait.com\/#organization","name":"Meleg Baits","url":"https:\/\/melegbait.com\/","logo":{"@type":"ImageObject","inLanguage":"en-GB","@id":"https:\/\/melegbait.com\/#\/schema\/logo\/image\/","url":"https:\/\/melegbait.com\/wp-content\/uploads\/2021\/02\/mblogo.jpg","contentUrl":"https:\/\/melegbait.com\/wp-content\/uploads\/2021\/02\/mblogo.jpg","width":250,"height":250,"caption":"Meleg Baits"},"image":{"@id":"https:\/\/melegbait.com\/#\/schema\/logo\/image\/"},"sameAs":["https:\/\/www.facebook.com\/MelegBait"]}]}},"_links":{"self":[{"href":"https:\/\/melegbait.com\/en\/wp-json\/wp\/v2\/product\/34163","targetHints":{"allow":["GET"]}}],"collection":[{"href":"https:\/\/melegbait.com\/en\/wp-json\/wp\/v2\/product"}],"about":[{"href":"https:\/\/melegbait.com\/en\/wp-json\/wp\/v2\/types\/product"}],"replies":[{"embeddable":true,"href":"https:\/\/melegbait.com\/en\/wp-json\/wp\/v2\/comments?post=34163"}],"wp:featuredmedia":[{"embeddable":true,"href":"https:\/\/melegbait.com\/en\/wp-json\/wp\/v2\/media\/34164"}],"wp:attachment":[{"href":"https:\/\/melegbait.com\/en\/wp-json\/wp\/v2\/media?parent=34163"}],"wp:term":[{"taxonomy":"product_brand","embeddable":true,"href":"https:\/\/melegbait.com\/en\/wp-json\/wp\/v2\/product_brand?post=34163"},{"taxonomy":"product_cat","embeddable":true,"href":"https:\/\/melegbait.com\/en\/wp-json\/wp\/v2\/product_cat?post=34163"},{"taxonomy":"product_tag","embeddable":true,"href":"https:\/\/melegbait.com\/en\/wp-json\/wp\/v2\/product_tag?post=34163"}],"curies":[{"name":"wp","href":"https:\/\/api.w.org\/{rel}","templated":true}]}}