{"id":34176,"date":"2024-04-16T14:38:19","date_gmt":"2024-04-16T13:38:19","guid":{"rendered":"https:\/\/melegbait.com\/?post_type=product&#038;p=34176"},"modified":"2024-04-16T21:37:55","modified_gmt":"2024-04-16T20:37:55","slug":"trigger-drops-monster-pineapple","status":"publish","type":"product","link":"https:\/\/melegbait.com\/en\/product\/trigger-drops-monster-pineapple\/","title":{"rendered":"Trigger Drops &#8211; Monster Pineapple"},"content":{"rendered":"<p>Monster Pineapple &#8211; idealno balansirani mix Ananasa i Mesno zacinskih aroma Kombinacija attracta sa talinskim zasla\u0111iva\u010dem uz prirodni izaziva\u010d gladi i poznate arome Meleg Baits-a. Gustinu dipa smo regulisali sa mle\u010dnim proteinima uz specijalne efekte dima. Ve\u0107a gustina ovog dipa omogu\u0107ava da svega par kapi istog ode i na 7 m dubine, a da se ne spere. Koristi za premazivanje boila, u kombinaciji sa pva kesicama i za partikle. Proizvodimo ih u aromama: M1, Banana, Pineapple, Tutti Frutti Special, Zebra Mussel, Frankfurt Sausage, Strawberry Jam, Plum Shellfish, Octopus Squid, White Chocolate, Wild Rose, Garlic, Cheeser, Strawberry Lotus, Mango, Heaven Fruit\u2026<\/p>","protected":false},"excerpt":{"rendered":"<p>Monster Pineapple &#8211; idealno balansirani mix Ananasa i Mesno zacinskih aroma Kombinacija attracta sa talinskim zasla\u0111iva\u010dem uz prirodni izaziva\u010d gladi i poznate arome Meleg Baits-a. Gustinu dipa smo regulisali sa mle\u010dnim proteinima uz specijalne efekte dima. Ve\u0107a gustina ovog dipa omogu\u0107ava da svega par kapi istog ode i na 7 m dubine, a da se [&hellip;]<\/p>","protected":false},"featured_media":34186,"comment_status":"open","ping_status":"closed","template":"","meta":{"_et_pb_use_builder":"","_et_pb_old_content":"","_et_gb_content_width":""},"product_brand":[],"product_cat":[47,53],"product_tag":[],"class_list":{"0":"post-34176","1":"product","2":"type-product","3":"status-publish","4":"has-post-thumbnail","6":"product_cat-feeder-i-match","7":"product_cat-trigger-drops","9":"first","10":"instock","11":"taxable","12":"shipping-taxable","13":"purchasable","14":"product-type-simple"},"yoast_head":"<!-- This site is optimized with the Yoast SEO plugin v26.9 - https:\/\/yoast.com\/product\/yoast-seo-wordpress\/ -->\n<title>Trigger Drops - Monster Pineapple - Meleg bait<\/title>\n<meta name=\"robots\" content=\"index, follow, max-snippet:-1, max-image-preview:large, max-video-preview:-1\" \/>\n<link rel=\"canonical\" href=\"https:\/\/melegbait.com\/en\/product\/trigger-drops-monster-pineapple\/\" \/>\n<meta property=\"og:locale\" content=\"en_GB\" \/>\n<meta property=\"og:type\" content=\"article\" \/>\n<meta property=\"og:title\" content=\"Trigger Drops - Monster Pineapple - Meleg bait\" \/>\n<meta property=\"og:description\" content=\"Monster Pineapple &#8211; idealno balansirani mix Ananasa i Mesno zacinskih aroma Kombinacija attracta sa talinskim zasla\u0111iva\u010dem uz prirodni izaziva\u010d gladi i poznate arome Meleg Baits-a. Gustinu dipa smo regulisali sa mle\u010dnim proteinima uz specijalne efekte dima. Ve\u0107a gustina ovog dipa omogu\u0107ava da svega par kapi istog ode i na 7 m dubine, a da se [&hellip;]\" \/>\n<meta property=\"og:url\" content=\"https:\/\/melegbait.com\/en\/product\/trigger-drops-monster-pineapple\/\" \/>\n<meta property=\"og:site_name\" content=\"Meleg bait\" \/>\n<meta property=\"article:publisher\" content=\"https:\/\/www.facebook.com\/MelegBait\" \/>\n<meta property=\"article:modified_time\" content=\"2024-04-16T20:37:55+00:00\" \/>\n<meta property=\"og:image\" content=\"https:\/\/melegbait.com\/wp-content\/uploads\/2024\/04\/IMG_2449-4.jpeg\" \/>\n\t<meta property=\"og:image:width\" content=\"916\" \/>\n\t<meta property=\"og:image:height\" content=\"1282\" \/>\n\t<meta property=\"og:image:type\" content=\"image\/jpeg\" \/>\n<meta name=\"twitter:card\" content=\"summary_large_image\" \/>\n<meta name=\"twitter:label1\" content=\"Estimated reading time\" \/>\n\t<meta name=\"twitter:data1\" content=\"1 minute\" \/>\n<script type=\"application\/ld+json\" class=\"yoast-schema-graph\">{\"@context\":\"https:\/\/schema.org\",\"@graph\":[{\"@type\":\"WebPage\",\"@id\":\"https:\/\/melegbait.com\/product\/trigger-drops-monster-pineapple\/\",\"url\":\"https:\/\/melegbait.com\/product\/trigger-drops-monster-pineapple\/\",\"name\":\"Trigger Drops - Monster Pineapple - Meleg bait\",\"isPartOf\":{\"@id\":\"https:\/\/melegbait.com\/#website\"},\"primaryImageOfPage\":{\"@id\":\"https:\/\/melegbait.com\/product\/trigger-drops-monster-pineapple\/#primaryimage\"},\"image\":{\"@id\":\"https:\/\/melegbait.com\/product\/trigger-drops-monster-pineapple\/#primaryimage\"},\"thumbnailUrl\":\"https:\/\/melegbait.com\/wp-content\/uploads\/2024\/04\/IMG_2449-4.jpeg\",\"datePublished\":\"2024-04-16T13:38:19+00:00\",\"dateModified\":\"2024-04-16T20:37:55+00:00\",\"breadcrumb\":{\"@id\":\"https:\/\/melegbait.com\/product\/trigger-drops-monster-pineapple\/#breadcrumb\"},\"inLanguage\":\"en-GB\",\"potentialAction\":[{\"@type\":\"ReadAction\",\"target\":[\"https:\/\/melegbait.com\/product\/trigger-drops-monster-pineapple\/\"]}]},{\"@type\":\"ImageObject\",\"inLanguage\":\"en-GB\",\"@id\":\"https:\/\/melegbait.com\/product\/trigger-drops-monster-pineapple\/#primaryimage\",\"url\":\"https:\/\/melegbait.com\/wp-content\/uploads\/2024\/04\/IMG_2449-4.jpeg\",\"contentUrl\":\"https:\/\/melegbait.com\/wp-content\/uploads\/2024\/04\/IMG_2449-4.jpeg\",\"width\":916,\"height\":1282},{\"@type\":\"BreadcrumbList\",\"@id\":\"https:\/\/melegbait.com\/product\/trigger-drops-monster-pineapple\/#breadcrumb\",\"itemListElement\":[{\"@type\":\"ListItem\",\"position\":1,\"name\":\"Home\",\"item\":\"https:\/\/melegbait.com\/\"},{\"@type\":\"ListItem\",\"position\":2,\"name\":\"Shop\",\"item\":\"https:\/\/melegbait.com\/shop\/\"},{\"@type\":\"ListItem\",\"position\":3,\"name\":\"Trigger Drops &#8211; Monster Pineapple\"}]},{\"@type\":\"WebSite\",\"@id\":\"https:\/\/melegbait.com\/#website\",\"url\":\"https:\/\/melegbait.com\/\",\"name\":\"Meleg bait\",\"description\":\"Meleg bait\",\"publisher\":{\"@id\":\"https:\/\/melegbait.com\/#organization\"},\"potentialAction\":[{\"@type\":\"SearchAction\",\"target\":{\"@type\":\"EntryPoint\",\"urlTemplate\":\"https:\/\/melegbait.com\/?s={search_term_string}\"},\"query-input\":{\"@type\":\"PropertyValueSpecification\",\"valueRequired\":true,\"valueName\":\"search_term_string\"}}],\"inLanguage\":\"en-GB\"},{\"@type\":\"Organization\",\"@id\":\"https:\/\/melegbait.com\/#organization\",\"name\":\"Meleg Baits\",\"url\":\"https:\/\/melegbait.com\/\",\"logo\":{\"@type\":\"ImageObject\",\"inLanguage\":\"en-GB\",\"@id\":\"https:\/\/melegbait.com\/#\/schema\/logo\/image\/\",\"url\":\"https:\/\/melegbait.com\/wp-content\/uploads\/2021\/02\/mblogo.jpg\",\"contentUrl\":\"https:\/\/melegbait.com\/wp-content\/uploads\/2021\/02\/mblogo.jpg\",\"width\":250,\"height\":250,\"caption\":\"Meleg Baits\"},\"image\":{\"@id\":\"https:\/\/melegbait.com\/#\/schema\/logo\/image\/\"},\"sameAs\":[\"https:\/\/www.facebook.com\/MelegBait\"]}]}<\/script>\n<!-- \/ Yoast SEO plugin. -->","yoast_head_json":{"title":"Trigger Drops - Monster Pineapple - Meleg bait","robots":{"index":"index","follow":"follow","max-snippet":"max-snippet:-1","max-image-preview":"max-image-preview:large","max-video-preview":"max-video-preview:-1"},"canonical":"https:\/\/melegbait.com\/en\/product\/trigger-drops-monster-pineapple\/","og_locale":"en_GB","og_type":"article","og_title":"Trigger Drops - Monster Pineapple - Meleg bait","og_description":"Monster Pineapple &#8211; idealno balansirani mix Ananasa i Mesno zacinskih aroma Kombinacija attracta sa talinskim zasla\u0111iva\u010dem uz prirodni izaziva\u010d gladi i poznate arome Meleg Baits-a. Gustinu dipa smo regulisali sa mle\u010dnim proteinima uz specijalne efekte dima. Ve\u0107a gustina ovog dipa omogu\u0107ava da svega par kapi istog ode i na 7 m dubine, a da se [&hellip;]","og_url":"https:\/\/melegbait.com\/en\/product\/trigger-drops-monster-pineapple\/","og_site_name":"Meleg bait","article_publisher":"https:\/\/www.facebook.com\/MelegBait","article_modified_time":"2024-04-16T20:37:55+00:00","og_image":[{"width":916,"height":1282,"url":"https:\/\/melegbait.com\/wp-content\/uploads\/2024\/04\/IMG_2449-4.jpeg","type":"image\/jpeg"}],"twitter_card":"summary_large_image","twitter_misc":{"Estimated reading time":"1 minute"},"schema":{"@context":"https:\/\/schema.org","@graph":[{"@type":"WebPage","@id":"https:\/\/melegbait.com\/product\/trigger-drops-monster-pineapple\/","url":"https:\/\/melegbait.com\/product\/trigger-drops-monster-pineapple\/","name":"Trigger Drops - Monster Pineapple - Meleg bait","isPartOf":{"@id":"https:\/\/melegbait.com\/#website"},"primaryImageOfPage":{"@id":"https:\/\/melegbait.com\/product\/trigger-drops-monster-pineapple\/#primaryimage"},"image":{"@id":"https:\/\/melegbait.com\/product\/trigger-drops-monster-pineapple\/#primaryimage"},"thumbnailUrl":"https:\/\/melegbait.com\/wp-content\/uploads\/2024\/04\/IMG_2449-4.jpeg","datePublished":"2024-04-16T13:38:19+00:00","dateModified":"2024-04-16T20:37:55+00:00","breadcrumb":{"@id":"https:\/\/melegbait.com\/product\/trigger-drops-monster-pineapple\/#breadcrumb"},"inLanguage":"en-GB","potentialAction":[{"@type":"ReadAction","target":["https:\/\/melegbait.com\/product\/trigger-drops-monster-pineapple\/"]}]},{"@type":"ImageObject","inLanguage":"en-GB","@id":"https:\/\/melegbait.com\/product\/trigger-drops-monster-pineapple\/#primaryimage","url":"https:\/\/melegbait.com\/wp-content\/uploads\/2024\/04\/IMG_2449-4.jpeg","contentUrl":"https:\/\/melegbait.com\/wp-content\/uploads\/2024\/04\/IMG_2449-4.jpeg","width":916,"height":1282},{"@type":"BreadcrumbList","@id":"https:\/\/melegbait.com\/product\/trigger-drops-monster-pineapple\/#breadcrumb","itemListElement":[{"@type":"ListItem","position":1,"name":"Home","item":"https:\/\/melegbait.com\/"},{"@type":"ListItem","position":2,"name":"Shop","item":"https:\/\/melegbait.com\/shop\/"},{"@type":"ListItem","position":3,"name":"Trigger Drops &#8211; Monster Pineapple"}]},{"@type":"WebSite","@id":"https:\/\/melegbait.com\/#website","url":"https:\/\/melegbait.com\/","name":"Meleg bait","description":"Meleg bait","publisher":{"@id":"https:\/\/melegbait.com\/#organization"},"potentialAction":[{"@type":"SearchAction","target":{"@type":"EntryPoint","urlTemplate":"https:\/\/melegbait.com\/?s={search_term_string}"},"query-input":{"@type":"PropertyValueSpecification","valueRequired":true,"valueName":"search_term_string"}}],"inLanguage":"en-GB"},{"@type":"Organization","@id":"https:\/\/melegbait.com\/#organization","name":"Meleg Baits","url":"https:\/\/melegbait.com\/","logo":{"@type":"ImageObject","inLanguage":"en-GB","@id":"https:\/\/melegbait.com\/#\/schema\/logo\/image\/","url":"https:\/\/melegbait.com\/wp-content\/uploads\/2021\/02\/mblogo.jpg","contentUrl":"https:\/\/melegbait.com\/wp-content\/uploads\/2021\/02\/mblogo.jpg","width":250,"height":250,"caption":"Meleg Baits"},"image":{"@id":"https:\/\/melegbait.com\/#\/schema\/logo\/image\/"},"sameAs":["https:\/\/www.facebook.com\/MelegBait"]}]}},"_links":{"self":[{"href":"https:\/\/melegbait.com\/en\/wp-json\/wp\/v2\/product\/34176","targetHints":{"allow":["GET"]}}],"collection":[{"href":"https:\/\/melegbait.com\/en\/wp-json\/wp\/v2\/product"}],"about":[{"href":"https:\/\/melegbait.com\/en\/wp-json\/wp\/v2\/types\/product"}],"replies":[{"embeddable":true,"href":"https:\/\/melegbait.com\/en\/wp-json\/wp\/v2\/comments?post=34176"}],"wp:featuredmedia":[{"embeddable":true,"href":"https:\/\/melegbait.com\/en\/wp-json\/wp\/v2\/media\/34186"}],"wp:attachment":[{"href":"https:\/\/melegbait.com\/en\/wp-json\/wp\/v2\/media?parent=34176"}],"wp:term":[{"taxonomy":"product_brand","embeddable":true,"href":"https:\/\/melegbait.com\/en\/wp-json\/wp\/v2\/product_brand?post=34176"},{"taxonomy":"product_cat","embeddable":true,"href":"https:\/\/melegbait.com\/en\/wp-json\/wp\/v2\/product_cat?post=34176"},{"taxonomy":"product_tag","embeddable":true,"href":"https:\/\/melegbait.com\/en\/wp-json\/wp\/v2\/product_tag?post=34176"}],"curies":[{"name":"wp","href":"https:\/\/api.w.org\/{rel}","templated":true}]}}